{"id":1661,"date":"2016-07-04T10:37:04","date_gmt":"2016-07-04T10:37:04","guid":{"rendered":"http:\/\/www.scoalababel.ro\/preview\/?page_id=1661"},"modified":"2023-05-20T07:11:55","modified_gmt":"2023-05-20T07:11:55","slug":"cum-ne-poti-fi-alaturi","status":"publish","type":"page","link":"https:\/\/www.scoalababel.ro\/en\/povestea-noastra\/cum-ne-poti-fi-alaturi\/","title":{"rendered":"How can you support us"},"content":{"rendered":"<p>[vc_row layout=&#8221;boxed&#8221; css=&#8221;.vc_custom_1467629738494{background-color: #ffffff !important;}&#8221;][vc_column][vc_column_text]<span style=\"font-weight: 400;\">We are hoping to involve as many people as possible for the cause of quality education for every child in Romania.<\/span><br \/>\n<span style=\"font-weight: 400;\">We are open to dialogue with anyone interested in supporting this cause. Let\u2019s connect and see what we can co-create.\u00a0<\/span><br \/>\n<span style=\"font-weight: 400;\">We strongly believe that in this way we can start making together, as communities, the changes that are needed for future generations.\u00a0<\/span><\/p>\n<p><span style=\"font-weight: 400;\">You can choose to support Babel School, the civic initiative of parents in Timisoara, to develop and inspire more and more communities in Romania. <\/span><\/p>\n<p><span style=\"font-weight: 400;\">You can do this by: <\/span><\/p>\n<h4><strong><b>Donating money (as an individual)<\/b><\/strong><\/h4>\n<p><span style=\"font-weight: 400;\">You can use the following details for a bank transfer in the Association account:<\/span><br \/>\n<span style=\"font-weight: 400;\">Asocia\u021bia P\u0103rin\u021bi \u00een dialog<\/span><br \/>\n<span style=\"font-weight: 400;\">CIF: RO 3597418<\/span><br \/>\n<span style=\"font-weight: 400;\">RO74BTRLRONCRT053275220<\/span><br \/>\n<span style=\"font-weight: 400;\">Banca Transilvania<\/span><br \/>\n<span style=\"font-weight: 400;\">It\u2019s important to mention \u201cDona\u021bie\u201d (and only this word, which means \u201cdonation\u201d) in the section about the details of the bank transfer. <\/span><\/p>\n<h4><strong><b>Sponsorship (as a company)<\/b><\/strong><\/h4>\n<p><span style=\"font-weight: 400;\">If you want to sponsor us, we can provide a sponsorship contract (our NGO is on the list of approved organizations by ANAF. This means that the sponsorship can be deducted within 20% of profit tax) Please write an email to <\/span><a href=\"mailto:contact@scoalababel.ro\"><span style=\"font-weight: 400;\">contact@scoalababel.ro<\/span><\/a><span style=\"font-weight: 400;\"> for more details.\u00a0<\/span><\/p>\n<h4><b>Donating educational resources and materials<\/b><\/h4>\n<p><span style=\"font-weight: 400;\">Right now, the following are very useful to us:<\/span><\/p>\n<ul>\n<li><span style=\"font-weight: 400;\">functional laptops<\/span><\/li>\n<li><span style=\"font-weight: 400;\">books, in Romanian, for children<\/span><\/li>\n<li><span style=\"font-weight: 400;\">boardgames for children<\/span><\/li>\n<li><span style=\"font-weight: 400;\">pallets, materials and tools for building in MakerSpace\u00a0<\/span><\/li>\n<\/ul>\n<p><span style=\"font-weight: 400;\">For further details you can contact us at: <a href=\"mailto:anna.matei@scoalababel.ro\">anna.matei@scoalababel.ro<\/a>.<\/span><\/p>\n<h4><strong><b>How else can you support our school?<\/b><\/strong><\/h4>\n<ul>\n<li><span style=\"font-weight: 400;\">Offering your expertise as a trainer working with adults (you could do workshops for teachers\/parents)<\/span><\/li>\n<li><span style=\"font-weight: 400;\">Offering your experience in an area you\u2019re passionate about (workshops for children)<\/span><\/li>\n<li><span style=\"font-weight: 400;\">Offering us support in fundraising and communication campaigns<\/span><\/li>\n<\/ul>\n<p><span style=\"font-weight: 400;\">You can contact as at: <\/span><a href=\"mailto:luminita.nica@scoalababel.ro\"><span style=\"font-weight: 400;\">luminita.nica@scoalababel.ro.<\/span><\/a>[\/vc_column_text][\/vc_column][\/vc_row]<\/p>\n","protected":false},"excerpt":{"rendered":"<p>[vc_row layout=&#8221;boxed&#8221; css=&#8221;.vc_custom_1467629738494{background-color: #ffffff !important;}&#8221;][vc_column][vc_column_text]We are hoping to involve as many people as possible for the cause of quality education for every child in Romania. We are open to dialogue with anyone interested in supporting this cause. Let\u2019s connect and see what we can co-create.\u00a0 We strongly believe that in this way we can start [&hellip;]<\/p>\n","protected":false},"author":1,"featured_media":0,"parent":1654,"menu_order":70,"comment_status":"closed","ping_status":"closed","template":"","meta":{"footnotes":""},"class_list":["post-1661","page","type-page","status-publish","hentry"],"yoast_head":"<!-- This site is optimized with the Yoast SEO plugin v27.6 - https:\/\/yoast.com\/product\/yoast-seo-wordpress\/ -->\n<title>\u0218coala Primar\u0103 Babel, Timi\u0219oara - Sus\u021bine proiectul<\/title>\n<meta name=\"description\" content=\"Sus\u021bine proiectul. Ne bucur\u0103m dac\u0103 reu\u0219im s\u0103 mobiliz\u0103m \u0219i mai mult\u0103 lume \u00een acest demers sau \u00een ini\u021biative similare \u0219i r\u0103m\u00e2nem deschi\u0219i la dialog cu oricine\" \/>\n<meta name=\"robots\" content=\"index, follow, max-snippet:-1, max-image-preview:large, max-video-preview:-1\" \/>\n<link rel=\"canonical\" href=\"https:\/\/www.scoalababel.ro\/en\/povestea-noastra\/cum-ne-poti-fi-alaturi\/\" \/>\n<meta property=\"og:locale\" content=\"en_US\" \/>\n<meta property=\"og:locale:alternate\" content=\"ro_RO\" \/>\n<meta property=\"og:type\" content=\"article\" \/>\n<meta property=\"og:title\" content=\"\u0218coala Primar\u0103 Babel, Timi\u0219oara - Sus\u021bine proiectul\" \/>\n<meta property=\"og:description\" content=\"Sus\u021bine proiectul. Ne bucur\u0103m dac\u0103 reu\u0219im s\u0103 mobiliz\u0103m \u0219i mai mult\u0103 lume \u00een acest demers sau \u00een ini\u021biative similare \u0219i r\u0103m\u00e2nem deschi\u0219i la dialog cu oricine\" \/>\n<meta property=\"og:url\" content=\"https:\/\/www.scoalababel.ro\/en\/povestea-noastra\/cum-ne-poti-fi-alaturi\/\" \/>\n<meta property=\"og:site_name\" content=\"\u0218coala Babel\" \/>\n<meta property=\"article:publisher\" content=\"https:\/\/www.facebook.com\/scoalababel\/\" \/>\n<meta property=\"article:modified_time\" content=\"2023-05-20T07:11:55+00:00\" \/>\n<meta name=\"twitter:card\" content=\"summary_large_image\" \/>\n<meta name=\"twitter:label1\" content=\"Est. reading time\" \/>\n\t<meta name=\"twitter:data1\" content=\"2 minutes\" \/>\n<script type=\"application\/ld+json\" class=\"yoast-schema-graph\">{\"@context\":\"https:\\\/\\\/schema.org\",\"@graph\":[{\"@type\":\"WebPage\",\"@id\":\"https:\\\/\\\/www.scoalababel.ro\\\/povestea-noastra\\\/cum-ne-poti-fi-alaturi\\\/\",\"url\":\"https:\\\/\\\/www.scoalababel.ro\\\/povestea-noastra\\\/cum-ne-poti-fi-alaturi\\\/\",\"name\":\"\u0218coala Primar\u0103 Babel, Timi\u0219oara - Sus\u021bine proiectul\",\"isPartOf\":{\"@id\":\"https:\\\/\\\/www.scoalababel.ro\\\/#website\"},\"datePublished\":\"2016-07-04T10:37:04+00:00\",\"dateModified\":\"2023-05-20T07:11:55+00:00\",\"description\":\"Sus\u021bine proiectul. Ne bucur\u0103m dac\u0103 reu\u0219im s\u0103 mobiliz\u0103m \u0219i mai mult\u0103 lume \u00een acest demers sau \u00een ini\u021biative similare \u0219i r\u0103m\u00e2nem deschi\u0219i la dialog cu oricine\",\"breadcrumb\":{\"@id\":\"https:\\\/\\\/www.scoalababel.ro\\\/povestea-noastra\\\/cum-ne-poti-fi-alaturi\\\/#breadcrumb\"},\"inLanguage\":\"en-US\",\"potentialAction\":[{\"@type\":\"ReadAction\",\"target\":[\"https:\\\/\\\/www.scoalababel.ro\\\/povestea-noastra\\\/cum-ne-poti-fi-alaturi\\\/\"]}]},{\"@type\":\"BreadcrumbList\",\"@id\":\"https:\\\/\\\/www.scoalababel.ro\\\/povestea-noastra\\\/cum-ne-poti-fi-alaturi\\\/#breadcrumb\",\"itemListElement\":[{\"@type\":\"ListItem\",\"position\":1,\"name\":\"Home\",\"item\":\"https:\\\/\\\/www.scoalababel.ro\\\/\"},{\"@type\":\"ListItem\",\"position\":2,\"name\":\"Povestea noastr\u0103\",\"item\":\"https:\\\/\\\/www.scoalababel.ro\\\/povestea-noastra\\\/\"},{\"@type\":\"ListItem\",\"position\":3,\"name\":\"Cum ne po\u021bi fi al\u0103turi\"}]},{\"@type\":\"WebSite\",\"@id\":\"https:\\\/\\\/www.scoalababel.ro\\\/#website\",\"url\":\"https:\\\/\\\/www.scoalababel.ro\\\/\",\"name\":\"\u0218coala Babel\",\"description\":\"\u0218coala Babel\",\"potentialAction\":[{\"@type\":\"SearchAction\",\"target\":{\"@type\":\"EntryPoint\",\"urlTemplate\":\"https:\\\/\\\/www.scoalababel.ro\\\/?s={search_term_string}\"},\"query-input\":{\"@type\":\"PropertyValueSpecification\",\"valueRequired\":true,\"valueName\":\"search_term_string\"}}],\"inLanguage\":\"en-US\"}]}<\/script>\n<!-- \/ Yoast SEO plugin. -->","yoast_head_json":{"title":"\u0218coala Primar\u0103 Babel, Timi\u0219oara - Sus\u021bine proiectul","description":"Sus\u021bine proiectul. Ne bucur\u0103m dac\u0103 reu\u0219im s\u0103 mobiliz\u0103m \u0219i mai mult\u0103 lume \u00een acest demers sau \u00een ini\u021biative similare \u0219i r\u0103m\u00e2nem deschi\u0219i la dialog cu oricine","robots":{"index":"index","follow":"follow","max-snippet":"max-snippet:-1","max-image-preview":"max-image-preview:large","max-video-preview":"max-video-preview:-1"},"canonical":"https:\/\/www.scoalababel.ro\/en\/povestea-noastra\/cum-ne-poti-fi-alaturi\/","og_locale":"en_US","og_type":"article","og_title":"\u0218coala Primar\u0103 Babel, Timi\u0219oara - Sus\u021bine proiectul","og_description":"Sus\u021bine proiectul. Ne bucur\u0103m dac\u0103 reu\u0219im s\u0103 mobiliz\u0103m \u0219i mai mult\u0103 lume \u00een acest demers sau \u00een ini\u021biative similare \u0219i r\u0103m\u00e2nem deschi\u0219i la dialog cu oricine","og_url":"https:\/\/www.scoalababel.ro\/en\/povestea-noastra\/cum-ne-poti-fi-alaturi\/","og_site_name":"\u0218coala Babel","article_publisher":"https:\/\/www.facebook.com\/scoalababel\/","article_modified_time":"2023-05-20T07:11:55+00:00","twitter_card":"summary_large_image","twitter_misc":{"Est. reading time":"2 minutes"},"schema":{"@context":"https:\/\/schema.org","@graph":[{"@type":"WebPage","@id":"https:\/\/www.scoalababel.ro\/povestea-noastra\/cum-ne-poti-fi-alaturi\/","url":"https:\/\/www.scoalababel.ro\/povestea-noastra\/cum-ne-poti-fi-alaturi\/","name":"\u0218coala Primar\u0103 Babel, Timi\u0219oara - Sus\u021bine proiectul","isPartOf":{"@id":"https:\/\/www.scoalababel.ro\/#website"},"datePublished":"2016-07-04T10:37:04+00:00","dateModified":"2023-05-20T07:11:55+00:00","description":"Sus\u021bine proiectul. Ne bucur\u0103m dac\u0103 reu\u0219im s\u0103 mobiliz\u0103m \u0219i mai mult\u0103 lume \u00een acest demers sau \u00een ini\u021biative similare \u0219i r\u0103m\u00e2nem deschi\u0219i la dialog cu oricine","breadcrumb":{"@id":"https:\/\/www.scoalababel.ro\/povestea-noastra\/cum-ne-poti-fi-alaturi\/#breadcrumb"},"inLanguage":"en-US","potentialAction":[{"@type":"ReadAction","target":["https:\/\/www.scoalababel.ro\/povestea-noastra\/cum-ne-poti-fi-alaturi\/"]}]},{"@type":"BreadcrumbList","@id":"https:\/\/www.scoalababel.ro\/povestea-noastra\/cum-ne-poti-fi-alaturi\/#breadcrumb","itemListElement":[{"@type":"ListItem","position":1,"name":"Home","item":"https:\/\/www.scoalababel.ro\/"},{"@type":"ListItem","position":2,"name":"Povestea noastr\u0103","item":"https:\/\/www.scoalababel.ro\/povestea-noastra\/"},{"@type":"ListItem","position":3,"name":"Cum ne po\u021bi fi al\u0103turi"}]},{"@type":"WebSite","@id":"https:\/\/www.scoalababel.ro\/#website","url":"https:\/\/www.scoalababel.ro\/","name":"\u0218coala Babel","description":"\u0218coala Babel","potentialAction":[{"@type":"SearchAction","target":{"@type":"EntryPoint","urlTemplate":"https:\/\/www.scoalababel.ro\/?s={search_term_string}"},"query-input":{"@type":"PropertyValueSpecification","valueRequired":true,"valueName":"search_term_string"}}],"inLanguage":"en-US"}]}},"_links":{"self":[{"href":"https:\/\/www.scoalababel.ro\/en\/wp-json\/wp\/v2\/pages\/1661","targetHints":{"allow":["GET"]}}],"collection":[{"href":"https:\/\/www.scoalababel.ro\/en\/wp-json\/wp\/v2\/pages"}],"about":[{"href":"https:\/\/www.scoalababel.ro\/en\/wp-json\/wp\/v2\/types\/page"}],"author":[{"embeddable":true,"href":"https:\/\/www.scoalababel.ro\/en\/wp-json\/wp\/v2\/users\/1"}],"replies":[{"embeddable":true,"href":"https:\/\/www.scoalababel.ro\/en\/wp-json\/wp\/v2\/comments?post=1661"}],"version-history":[{"count":34,"href":"https:\/\/www.scoalababel.ro\/en\/wp-json\/wp\/v2\/pages\/1661\/revisions"}],"predecessor-version":[{"id":5296,"href":"https:\/\/www.scoalababel.ro\/en\/wp-json\/wp\/v2\/pages\/1661\/revisions\/5296"}],"up":[{"embeddable":true,"href":"https:\/\/www.scoalababel.ro\/en\/wp-json\/wp\/v2\/pages\/1654"}],"wp:attachment":[{"href":"https:\/\/www.scoalababel.ro\/en\/wp-json\/wp\/v2\/media?parent=1661"}],"curies":[{"name":"wp","href":"https:\/\/api.w.org\/{rel}","templated":true}]}}