{"id":1684,"date":"2016-07-04T11:48:07","date_gmt":"2016-07-04T11:48:07","guid":{"rendered":"http:\/\/www.scoalababel.ro\/preview\/?page_id=1684"},"modified":"2020-09-28T13:16:22","modified_gmt":"2020-09-28T13:16:22","slug":"cum-lucram-cu-copiii","status":"publish","type":"page","link":"https:\/\/www.scoalababel.ro\/en\/despre-scoala\/cum-lucram-cu-copiii\/","title":{"rendered":"How we work with children"},"content":{"rendered":"<p>[vc_row][vc_column][vc_empty_space][\/vc_column][\/vc_row][vc_row][vc_column][vc_single_image image=&#8221;3409&#8243; img_size=&#8221;large&#8221; alignment=&#8221;center&#8221;][\/vc_column][\/vc_row][vc_row][vc_column][vc_empty_space][\/vc_column][\/vc_row][vc_row][vc_column][vc_column_text]<strong><b>We develop competences<\/b><\/strong><br \/>\nThe entire learning process is centered around developing children\u2019s competencies. They learn step by step in order to do more and more in the world that surrounds them.<br \/>\nThrough practical experiences and project-based activities, students investigate and experiment, ask questions and apply what they learn. The role of the teacher is to create circumstances in which children can develop their competencies, to track the progress of every child and to offer support when and where it is needed.<\/p>\n<p><strong><b>We focus on the process<\/b><\/strong><br \/>\nThe entire learning process is centered around developing children\u2019s competencies. They learn step by step in order to do more and more in the world that surrounds them.<br \/>\nThrough practical experiences and project-based activities, students investigate and experiment, ask questions and apply what they learn. The role of the teacher is to create circumstances in which children can develop their competencies, to track the progress of every child and to offer support when and where it is needed.<\/p>\n<p><strong><b>We cultivate passion and responsibility<\/b><\/strong><br \/>\n<span style=\"font-weight: 400;\">We want to bring in front of the students people that model, through their own example, the idea of involvement and passion for different areas of life. Teachers passionate about learning, artists that look after the beauty of the world, gardeners respectful towards nature, engineers and doctors passionate about finding solutions. Many times, parents passionate about a certain field join the teachers, as they are invited to share their passion.\u00a0 <\/span><\/p>\n<p><a href=\"https:\/\/www.scoalababel.ro\/en\/povestea-noastra\/echipa\/\" target=\"_blank\" rel=\"noopener noreferrer\"><span style=\"font-weight: 400;\">Get to know more about our team of teachers <\/span><\/a>[\/vc_column_text][\/vc_column][\/vc_row]<\/p>\n","protected":false},"excerpt":{"rendered":"<p>[vc_row][vc_column][vc_empty_space][\/vc_column][\/vc_row][vc_row][vc_column][vc_single_image image=&#8221;3409&#8243; img_size=&#8221;large&#8221; alignment=&#8221;center&#8221;][\/vc_column][\/vc_row][vc_row][vc_column][vc_empty_space][\/vc_column][\/vc_row][vc_row][vc_column][vc_column_text]We develop competences The entire learning process is centered around developing children\u2019s competencies. They learn step by step in order to do more and more in the world that surrounds them. Through practical experiences and project-based activities, students investigate and experiment, ask questions and apply what they learn. The role of the [&hellip;]<\/p>\n","protected":false},"author":1,"featured_media":0,"parent":1701,"menu_order":20,"comment_status":"closed","ping_status":"closed","template":"","meta":{"footnotes":""},"class_list":["post-1684","page","type-page","status-publish","hentry"],"yoast_head":"<!-- This site is optimized with the Yoast SEO plugin v27.6 - https:\/\/yoast.com\/product\/yoast-seo-wordpress\/ -->\n<title>\u0218coala Primar\u0103 Babel, Timi\u0219oara - Cum lucr\u0103m cu copiii<\/title>\n<meta name=\"description\" content=\"Cum lucr\u0103m cu copiii. \u00centregul program de \u00eenv\u0103\u021bare este g\u00e2ndit \u00een jurul dezvolt\u0103rii competen\u021belor copilului. \u00cenv\u0103\u021b\u0103m pas cu pas pentru a face tot mai multe\" \/>\n<meta name=\"robots\" content=\"index, follow, max-snippet:-1, max-image-preview:large, max-video-preview:-1\" \/>\n<link rel=\"canonical\" href=\"https:\/\/www.scoalababel.ro\/en\/despre-scoala\/cum-lucram-cu-copiii\/\" \/>\n<meta property=\"og:locale\" content=\"en_US\" \/>\n<meta property=\"og:locale:alternate\" content=\"ro_RO\" \/>\n<meta property=\"og:type\" content=\"article\" \/>\n<meta property=\"og:title\" content=\"\u0218coala Primar\u0103 Babel, Timi\u0219oara - Cum lucr\u0103m cu copiii\" \/>\n<meta property=\"og:description\" content=\"Cum lucr\u0103m cu copiii. \u00centregul program de \u00eenv\u0103\u021bare este g\u00e2ndit \u00een jurul dezvolt\u0103rii competen\u021belor copilului. \u00cenv\u0103\u021b\u0103m pas cu pas pentru a face tot mai multe\" \/>\n<meta property=\"og:url\" content=\"https:\/\/www.scoalababel.ro\/en\/despre-scoala\/cum-lucram-cu-copiii\/\" \/>\n<meta property=\"og:site_name\" content=\"\u0218coala Babel\" \/>\n<meta property=\"article:publisher\" content=\"https:\/\/www.facebook.com\/scoalababel\/\" \/>\n<meta property=\"article:modified_time\" content=\"2020-09-28T13:16:22+00:00\" \/>\n<meta name=\"twitter:card\" content=\"summary_large_image\" \/>\n<meta name=\"twitter:label1\" content=\"Est. reading time\" \/>\n\t<meta name=\"twitter:data1\" content=\"2 minutes\" \/>\n<script type=\"application\/ld+json\" class=\"yoast-schema-graph\">{\"@context\":\"https:\\\/\\\/schema.org\",\"@graph\":[{\"@type\":\"WebPage\",\"@id\":\"https:\\\/\\\/www.scoalababel.ro\\\/despre-scoala\\\/cum-lucram-cu-copiii\\\/\",\"url\":\"https:\\\/\\\/www.scoalababel.ro\\\/despre-scoala\\\/cum-lucram-cu-copiii\\\/\",\"name\":\"\u0218coala Primar\u0103 Babel, Timi\u0219oara - Cum lucr\u0103m cu copiii\",\"isPartOf\":{\"@id\":\"https:\\\/\\\/www.scoalababel.ro\\\/#website\"},\"datePublished\":\"2016-07-04T11:48:07+00:00\",\"dateModified\":\"2020-09-28T13:16:22+00:00\",\"description\":\"Cum lucr\u0103m cu copiii. \u00centregul program de \u00eenv\u0103\u021bare este g\u00e2ndit \u00een jurul dezvolt\u0103rii competen\u021belor copilului. \u00cenv\u0103\u021b\u0103m pas cu pas pentru a face tot mai multe\",\"breadcrumb\":{\"@id\":\"https:\\\/\\\/www.scoalababel.ro\\\/despre-scoala\\\/cum-lucram-cu-copiii\\\/#breadcrumb\"},\"inLanguage\":\"en-US\",\"potentialAction\":[{\"@type\":\"ReadAction\",\"target\":[\"https:\\\/\\\/www.scoalababel.ro\\\/despre-scoala\\\/cum-lucram-cu-copiii\\\/\"]}]},{\"@type\":\"BreadcrumbList\",\"@id\":\"https:\\\/\\\/www.scoalababel.ro\\\/despre-scoala\\\/cum-lucram-cu-copiii\\\/#breadcrumb\",\"itemListElement\":[{\"@type\":\"ListItem\",\"position\":1,\"name\":\"Home\",\"item\":\"https:\\\/\\\/www.scoalababel.ro\\\/\"},{\"@type\":\"ListItem\",\"position\":2,\"name\":\"Despre \u0219coal\u0103\",\"item\":\"https:\\\/\\\/www.scoalababel.ro\\\/despre-scoala\\\/\"},{\"@type\":\"ListItem\",\"position\":3,\"name\":\"Cum lucr\u0103m cu copiii\"}]},{\"@type\":\"WebSite\",\"@id\":\"https:\\\/\\\/www.scoalababel.ro\\\/#website\",\"url\":\"https:\\\/\\\/www.scoalababel.ro\\\/\",\"name\":\"\u0218coala Babel\",\"description\":\"\u0218coala Babel\",\"potentialAction\":[{\"@type\":\"SearchAction\",\"target\":{\"@type\":\"EntryPoint\",\"urlTemplate\":\"https:\\\/\\\/www.scoalababel.ro\\\/?s={search_term_string}\"},\"query-input\":{\"@type\":\"PropertyValueSpecification\",\"valueRequired\":true,\"valueName\":\"search_term_string\"}}],\"inLanguage\":\"en-US\"}]}<\/script>\n<!-- \/ Yoast SEO plugin. -->","yoast_head_json":{"title":"\u0218coala Primar\u0103 Babel, Timi\u0219oara - Cum lucr\u0103m cu copiii","description":"Cum lucr\u0103m cu copiii. \u00centregul program de \u00eenv\u0103\u021bare este g\u00e2ndit \u00een jurul dezvolt\u0103rii competen\u021belor copilului. \u00cenv\u0103\u021b\u0103m pas cu pas pentru a face tot mai multe","robots":{"index":"index","follow":"follow","max-snippet":"max-snippet:-1","max-image-preview":"max-image-preview:large","max-video-preview":"max-video-preview:-1"},"canonical":"https:\/\/www.scoalababel.ro\/en\/despre-scoala\/cum-lucram-cu-copiii\/","og_locale":"en_US","og_type":"article","og_title":"\u0218coala Primar\u0103 Babel, Timi\u0219oara - Cum lucr\u0103m cu copiii","og_description":"Cum lucr\u0103m cu copiii. \u00centregul program de \u00eenv\u0103\u021bare este g\u00e2ndit \u00een jurul dezvolt\u0103rii competen\u021belor copilului. \u00cenv\u0103\u021b\u0103m pas cu pas pentru a face tot mai multe","og_url":"https:\/\/www.scoalababel.ro\/en\/despre-scoala\/cum-lucram-cu-copiii\/","og_site_name":"\u0218coala Babel","article_publisher":"https:\/\/www.facebook.com\/scoalababel\/","article_modified_time":"2020-09-28T13:16:22+00:00","twitter_card":"summary_large_image","twitter_misc":{"Est. reading time":"2 minutes"},"schema":{"@context":"https:\/\/schema.org","@graph":[{"@type":"WebPage","@id":"https:\/\/www.scoalababel.ro\/despre-scoala\/cum-lucram-cu-copiii\/","url":"https:\/\/www.scoalababel.ro\/despre-scoala\/cum-lucram-cu-copiii\/","name":"\u0218coala Primar\u0103 Babel, Timi\u0219oara - Cum lucr\u0103m cu copiii","isPartOf":{"@id":"https:\/\/www.scoalababel.ro\/#website"},"datePublished":"2016-07-04T11:48:07+00:00","dateModified":"2020-09-28T13:16:22+00:00","description":"Cum lucr\u0103m cu copiii. \u00centregul program de \u00eenv\u0103\u021bare este g\u00e2ndit \u00een jurul dezvolt\u0103rii competen\u021belor copilului. \u00cenv\u0103\u021b\u0103m pas cu pas pentru a face tot mai multe","breadcrumb":{"@id":"https:\/\/www.scoalababel.ro\/despre-scoala\/cum-lucram-cu-copiii\/#breadcrumb"},"inLanguage":"en-US","potentialAction":[{"@type":"ReadAction","target":["https:\/\/www.scoalababel.ro\/despre-scoala\/cum-lucram-cu-copiii\/"]}]},{"@type":"BreadcrumbList","@id":"https:\/\/www.scoalababel.ro\/despre-scoala\/cum-lucram-cu-copiii\/#breadcrumb","itemListElement":[{"@type":"ListItem","position":1,"name":"Home","item":"https:\/\/www.scoalababel.ro\/"},{"@type":"ListItem","position":2,"name":"Despre \u0219coal\u0103","item":"https:\/\/www.scoalababel.ro\/despre-scoala\/"},{"@type":"ListItem","position":3,"name":"Cum lucr\u0103m cu copiii"}]},{"@type":"WebSite","@id":"https:\/\/www.scoalababel.ro\/#website","url":"https:\/\/www.scoalababel.ro\/","name":"\u0218coala Babel","description":"\u0218coala Babel","potentialAction":[{"@type":"SearchAction","target":{"@type":"EntryPoint","urlTemplate":"https:\/\/www.scoalababel.ro\/?s={search_term_string}"},"query-input":{"@type":"PropertyValueSpecification","valueRequired":true,"valueName":"search_term_string"}}],"inLanguage":"en-US"}]}},"_links":{"self":[{"href":"https:\/\/www.scoalababel.ro\/en\/wp-json\/wp\/v2\/pages\/1684","targetHints":{"allow":["GET"]}}],"collection":[{"href":"https:\/\/www.scoalababel.ro\/en\/wp-json\/wp\/v2\/pages"}],"about":[{"href":"https:\/\/www.scoalababel.ro\/en\/wp-json\/wp\/v2\/types\/page"}],"author":[{"embeddable":true,"href":"https:\/\/www.scoalababel.ro\/en\/wp-json\/wp\/v2\/users\/1"}],"replies":[{"embeddable":true,"href":"https:\/\/www.scoalababel.ro\/en\/wp-json\/wp\/v2\/comments?post=1684"}],"version-history":[{"count":7,"href":"https:\/\/www.scoalababel.ro\/en\/wp-json\/wp\/v2\/pages\/1684\/revisions"}],"predecessor-version":[{"id":3871,"href":"https:\/\/www.scoalababel.ro\/en\/wp-json\/wp\/v2\/pages\/1684\/revisions\/3871"}],"up":[{"embeddable":true,"href":"https:\/\/www.scoalababel.ro\/en\/wp-json\/wp\/v2\/pages\/1701"}],"wp:attachment":[{"href":"https:\/\/www.scoalababel.ro\/en\/wp-json\/wp\/v2\/media?parent=1684"}],"curies":[{"name":"wp","href":"https:\/\/api.w.org\/{rel}","templated":true}]}}