{"id":1687,"date":"2016-07-04T11:49:33","date_gmt":"2016-07-04T11:49:33","guid":{"rendered":"http:\/\/www.scoalababel.ro\/preview\/?page_id=1687"},"modified":"2020-09-28T13:20:19","modified_gmt":"2020-09-28T13:20:19","slug":"cum-si-ce-evaluam","status":"publish","type":"page","link":"https:\/\/www.scoalababel.ro\/en\/despre-scoala\/cum-si-ce-evaluam\/","title":{"rendered":"How and what do we evaluate"},"content":{"rendered":"<p>[vc_row][vc_column][vc_column_text]<span style=\"font-weight: 400;\">Because developing competences is what we have in mind, evaluation plays a key role, but a role that is completely different from labeling, conditioning,, comparing and motivating students through punishment and reward.<\/span><\/p>\n<p><span style=\"font-weight: 400;\">Any little progress or effort towards growth is seen and celebrated. The Babel Teacher has strategies for identifying what the student can do, rather than what he\/she can not do. The teacher knows what is the zone of proximal development of every child.<\/span>[\/vc_column_text][\/vc_column][\/vc_row][vc_row][vc_column][vc_empty_space][\/vc_column][\/vc_row][vc_row][vc_column][vc_single_image image=&#8221;3404&#8243; img_size=&#8221;large&#8221; alignment=&#8221;center&#8221;][\/vc_column][\/vc_row][vc_row][vc_column][vc_empty_space][\/vc_column][\/vc_row][vc_row][vc_column][vc_column_text]<b>Independent work and direct observation<\/b><br \/>\n<span style=\"font-weight: 400;\">Contract work and project-based work are both times when the student can work independently (alone or in a group). During this time the teacher notices students\u2019 initiatives, their concrete actions, attitudes and abilities. Thus, the feedback is personalized, given at the right moment and has a goal of helping each child develop in situations that prepare him for life outside of school. Our feedback includes hints and suggestions to improve not only subject-related competences but also communication, collaboration and critical thinking skills. <\/span><\/p>\n<p><strong><b>Self-evaluation and peer feedback<\/b><\/strong><br \/>\n<span style=\"font-weight: 400;\">Not only do teachers learn to observe every step made on the way to competence. Children are often asked to appreciate and evaluate their own progress, but also to observe positive actions of their peers.<\/span><\/p>\n<p><b>Formative and summative evaluation<\/b><br \/>\n<span style=\"font-weight: 400;\">Until 4th grade, marks are expressed as letters and are\u00a0 the result of formative evaluation, showing the progress made, the involvement, perseverance and the attitude regarding learning.\u00a0<\/span><br \/>\n<span style=\"font-weight: 400;\">Starting with 5th grade, we use a process of formative but also summative assessment on every , showing the acquired level of the competences we are aiming to obtain. The team of teachers has designed clear standards of performance so that students can understand and participate in the evaluation process. They can furthermore set their own objectives upon the completion of any assessment.\u00a0\u00a0\u00a0<\/span><br \/>\n<span style=\"font-weight: 400;\">Our students participate in all the national evaluations and also, if they choose to, they take international exams like Cambridge (for English), OSD (for German) or DELE (for Spanish). Our team of teachers includes current or former Cambridge, OSD or International Baccalaureate examiners. <\/span>[\/vc_column_text][\/vc_column][\/vc_row]<\/p>\n","protected":false},"excerpt":{"rendered":"<p>[vc_row][vc_column][vc_column_text]Because developing competences is what we have in mind, evaluation plays a key role, but a role that is completely different from labeling, conditioning,, comparing and motivating students through punishment and reward. Any little progress or effort towards growth is seen and celebrated. The Babel Teacher has strategies for identifying what the student can do, [&hellip;]<\/p>\n","protected":false},"author":1,"featured_media":0,"parent":1701,"menu_order":30,"comment_status":"closed","ping_status":"closed","template":"","meta":{"footnotes":""},"class_list":["post-1687","page","type-page","status-publish","hentry"],"yoast_head":"<!-- This site is optimized with the Yoast SEO plugin v27.5 - https:\/\/yoast.com\/product\/yoast-seo-wordpress\/ -->\n<title>\u0218coala Primar\u0103 Babel, Timi\u0219oara - Cum \u0219i ce evalu\u0103m<\/title>\n<meta name=\"description\" content=\"Cum \u0219i ce evalu\u0103m - Pentru c\u0103 ne propunem s\u0103 dezvolt\u0103m competen\u021be, evaluarea joac\u0103 un rol esen\u021bial, dar cu totul diferit de catalogare, compara\u021bie,\" \/>\n<meta name=\"robots\" content=\"index, follow, max-snippet:-1, max-image-preview:large, max-video-preview:-1\" \/>\n<link rel=\"canonical\" href=\"https:\/\/www.scoalababel.ro\/en\/despre-scoala\/cum-si-ce-evaluam\/\" \/>\n<meta property=\"og:locale\" content=\"en_US\" \/>\n<meta property=\"og:locale:alternate\" content=\"ro_RO\" \/>\n<meta property=\"og:type\" content=\"article\" \/>\n<meta property=\"og:title\" content=\"\u0218coala Primar\u0103 Babel, Timi\u0219oara - Cum \u0219i ce evalu\u0103m\" \/>\n<meta property=\"og:description\" content=\"Cum \u0219i ce evalu\u0103m - Pentru c\u0103 ne propunem s\u0103 dezvolt\u0103m competen\u021be, evaluarea joac\u0103 un rol esen\u021bial, dar cu totul diferit de catalogare, compara\u021bie,\" \/>\n<meta property=\"og:url\" content=\"https:\/\/www.scoalababel.ro\/en\/despre-scoala\/cum-si-ce-evaluam\/\" \/>\n<meta property=\"og:site_name\" content=\"\u0218coala Babel\" \/>\n<meta property=\"article:publisher\" content=\"https:\/\/www.facebook.com\/scoalababel\/\" \/>\n<meta property=\"article:modified_time\" content=\"2020-09-28T13:20:19+00:00\" \/>\n<meta name=\"twitter:card\" content=\"summary_large_image\" \/>\n<meta name=\"twitter:label1\" content=\"Est. reading time\" \/>\n\t<meta name=\"twitter:data1\" content=\"2 minutes\" \/>\n<script type=\"application\/ld+json\" class=\"yoast-schema-graph\">{\"@context\":\"https:\\\/\\\/schema.org\",\"@graph\":[{\"@type\":\"WebPage\",\"@id\":\"https:\\\/\\\/www.scoalababel.ro\\\/despre-scoala\\\/cum-si-ce-evaluam\\\/\",\"url\":\"https:\\\/\\\/www.scoalababel.ro\\\/despre-scoala\\\/cum-si-ce-evaluam\\\/\",\"name\":\"\u0218coala Primar\u0103 Babel, Timi\u0219oara - Cum \u0219i ce evalu\u0103m\",\"isPartOf\":{\"@id\":\"https:\\\/\\\/www.scoalababel.ro\\\/#website\"},\"datePublished\":\"2016-07-04T11:49:33+00:00\",\"dateModified\":\"2020-09-28T13:20:19+00:00\",\"description\":\"Cum \u0219i ce evalu\u0103m - Pentru c\u0103 ne propunem s\u0103 dezvolt\u0103m competen\u021be, evaluarea joac\u0103 un rol esen\u021bial, dar cu totul diferit de catalogare, compara\u021bie,\",\"breadcrumb\":{\"@id\":\"https:\\\/\\\/www.scoalababel.ro\\\/despre-scoala\\\/cum-si-ce-evaluam\\\/#breadcrumb\"},\"inLanguage\":\"en-US\",\"potentialAction\":[{\"@type\":\"ReadAction\",\"target\":[\"https:\\\/\\\/www.scoalababel.ro\\\/despre-scoala\\\/cum-si-ce-evaluam\\\/\"]}]},{\"@type\":\"BreadcrumbList\",\"@id\":\"https:\\\/\\\/www.scoalababel.ro\\\/despre-scoala\\\/cum-si-ce-evaluam\\\/#breadcrumb\",\"itemListElement\":[{\"@type\":\"ListItem\",\"position\":1,\"name\":\"Home\",\"item\":\"https:\\\/\\\/www.scoalababel.ro\\\/\"},{\"@type\":\"ListItem\",\"position\":2,\"name\":\"Despre \u0219coal\u0103\",\"item\":\"https:\\\/\\\/www.scoalababel.ro\\\/despre-scoala\\\/\"},{\"@type\":\"ListItem\",\"position\":3,\"name\":\"Cum \u0219i ce evalu\u0103m\"}]},{\"@type\":\"WebSite\",\"@id\":\"https:\\\/\\\/www.scoalababel.ro\\\/#website\",\"url\":\"https:\\\/\\\/www.scoalababel.ro\\\/\",\"name\":\"\u0218coala Babel\",\"description\":\"\u0218coala Babel\",\"potentialAction\":[{\"@type\":\"SearchAction\",\"target\":{\"@type\":\"EntryPoint\",\"urlTemplate\":\"https:\\\/\\\/www.scoalababel.ro\\\/?s={search_term_string}\"},\"query-input\":{\"@type\":\"PropertyValueSpecification\",\"valueRequired\":true,\"valueName\":\"search_term_string\"}}],\"inLanguage\":\"en-US\"}]}<\/script>\n<!-- \/ Yoast SEO plugin. -->","yoast_head_json":{"title":"\u0218coala Primar\u0103 Babel, Timi\u0219oara - Cum \u0219i ce evalu\u0103m","description":"Cum \u0219i ce evalu\u0103m - Pentru c\u0103 ne propunem s\u0103 dezvolt\u0103m competen\u021be, evaluarea joac\u0103 un rol esen\u021bial, dar cu totul diferit de catalogare, compara\u021bie,","robots":{"index":"index","follow":"follow","max-snippet":"max-snippet:-1","max-image-preview":"max-image-preview:large","max-video-preview":"max-video-preview:-1"},"canonical":"https:\/\/www.scoalababel.ro\/en\/despre-scoala\/cum-si-ce-evaluam\/","og_locale":"en_US","og_type":"article","og_title":"\u0218coala Primar\u0103 Babel, Timi\u0219oara - Cum \u0219i ce evalu\u0103m","og_description":"Cum \u0219i ce evalu\u0103m - Pentru c\u0103 ne propunem s\u0103 dezvolt\u0103m competen\u021be, evaluarea joac\u0103 un rol esen\u021bial, dar cu totul diferit de catalogare, compara\u021bie,","og_url":"https:\/\/www.scoalababel.ro\/en\/despre-scoala\/cum-si-ce-evaluam\/","og_site_name":"\u0218coala Babel","article_publisher":"https:\/\/www.facebook.com\/scoalababel\/","article_modified_time":"2020-09-28T13:20:19+00:00","twitter_card":"summary_large_image","twitter_misc":{"Est. reading time":"2 minutes"},"schema":{"@context":"https:\/\/schema.org","@graph":[{"@type":"WebPage","@id":"https:\/\/www.scoalababel.ro\/despre-scoala\/cum-si-ce-evaluam\/","url":"https:\/\/www.scoalababel.ro\/despre-scoala\/cum-si-ce-evaluam\/","name":"\u0218coala Primar\u0103 Babel, Timi\u0219oara - Cum \u0219i ce evalu\u0103m","isPartOf":{"@id":"https:\/\/www.scoalababel.ro\/#website"},"datePublished":"2016-07-04T11:49:33+00:00","dateModified":"2020-09-28T13:20:19+00:00","description":"Cum \u0219i ce evalu\u0103m - Pentru c\u0103 ne propunem s\u0103 dezvolt\u0103m competen\u021be, evaluarea joac\u0103 un rol esen\u021bial, dar cu totul diferit de catalogare, compara\u021bie,","breadcrumb":{"@id":"https:\/\/www.scoalababel.ro\/despre-scoala\/cum-si-ce-evaluam\/#breadcrumb"},"inLanguage":"en-US","potentialAction":[{"@type":"ReadAction","target":["https:\/\/www.scoalababel.ro\/despre-scoala\/cum-si-ce-evaluam\/"]}]},{"@type":"BreadcrumbList","@id":"https:\/\/www.scoalababel.ro\/despre-scoala\/cum-si-ce-evaluam\/#breadcrumb","itemListElement":[{"@type":"ListItem","position":1,"name":"Home","item":"https:\/\/www.scoalababel.ro\/"},{"@type":"ListItem","position":2,"name":"Despre \u0219coal\u0103","item":"https:\/\/www.scoalababel.ro\/despre-scoala\/"},{"@type":"ListItem","position":3,"name":"Cum \u0219i ce evalu\u0103m"}]},{"@type":"WebSite","@id":"https:\/\/www.scoalababel.ro\/#website","url":"https:\/\/www.scoalababel.ro\/","name":"\u0218coala Babel","description":"\u0218coala Babel","potentialAction":[{"@type":"SearchAction","target":{"@type":"EntryPoint","urlTemplate":"https:\/\/www.scoalababel.ro\/?s={search_term_string}"},"query-input":{"@type":"PropertyValueSpecification","valueRequired":true,"valueName":"search_term_string"}}],"inLanguage":"en-US"}]}},"_links":{"self":[{"href":"https:\/\/www.scoalababel.ro\/en\/wp-json\/wp\/v2\/pages\/1687","targetHints":{"allow":["GET"]}}],"collection":[{"href":"https:\/\/www.scoalababel.ro\/en\/wp-json\/wp\/v2\/pages"}],"about":[{"href":"https:\/\/www.scoalababel.ro\/en\/wp-json\/wp\/v2\/types\/page"}],"author":[{"embeddable":true,"href":"https:\/\/www.scoalababel.ro\/en\/wp-json\/wp\/v2\/users\/1"}],"replies":[{"embeddable":true,"href":"https:\/\/www.scoalababel.ro\/en\/wp-json\/wp\/v2\/comments?post=1687"}],"version-history":[{"count":5,"href":"https:\/\/www.scoalababel.ro\/en\/wp-json\/wp\/v2\/pages\/1687\/revisions"}],"predecessor-version":[{"id":3873,"href":"https:\/\/www.scoalababel.ro\/en\/wp-json\/wp\/v2\/pages\/1687\/revisions\/3873"}],"up":[{"embeddable":true,"href":"https:\/\/www.scoalababel.ro\/en\/wp-json\/wp\/v2\/pages\/1701"}],"wp:attachment":[{"href":"https:\/\/www.scoalababel.ro\/en\/wp-json\/wp\/v2\/media?parent=1687"}],"curies":[{"name":"wp","href":"https:\/\/api.w.org\/{rel}","templated":true}]}}