{"id":1694,"date":"2016-07-04T12:14:18","date_gmt":"2016-07-04T12:14:18","guid":{"rendered":"http:\/\/www.scoalababel.ro\/preview\/?page_id=1694"},"modified":"2020-10-07T10:22:38","modified_gmt":"2020-10-07T10:22:38","slug":"echipa","status":"publish","type":"page","link":"https:\/\/www.scoalababel.ro\/en\/povestea-noastra\/echipa\/","title":{"rendered":"Team"},"content":{"rendered":"<p>[vc_row][vc_column]<div class=\"cupid-introduction left \" ><h3>Academic <b>team<\/b><\/h3><p>We know that the people of the school are those that make life beautiful and rich day by day. Babel School is just the right context for them to do their magic. We are extremely grateful and proud of our team who make Babel School happen. <\/p><\/div>[\/vc_column][\/vc_row][vc_row][vc_column]<div class=\"cupid-our-staffs  \" >\n                           <div class=\"row\">\n                            <div class=\"owl-carousel\" data-plugin-options='{\"items\" : 5,\"itemsDesktop\" : [1199,3],\"pagination\": false, \"autoPlay\": true}'><div class=\"our-staffs-item\">\n                                <div class=\"our-staffs-image\"><a href=\"https:\/\/www.scoalababel.ro\/en\/echipa\/anca-horvath\/\" title=\"Anca Horvath\" ><img loading=\"lazy\" decoding=\"async\" width=\"600\" height=\"600\" src=\"https:\/\/www.scoalababel.ro\/wp-content\/uploads\/2019\/10\/AncaHorvath-2024-1.jpg\" class=\"attachment-full  img-circle size-full  img-circle\" alt=\"Anca Horvath\" title=\"Anca Horvath\" \/><\/a><\/div>\n                                <a class=\"our-staffs-name\" href=\"https:\/\/www.scoalababel.ro\/en\/echipa\/anca-horvath\/\" title=\"Anca Horvath\" >Anca Horvath<\/a>\n                                <p>\u00cenv\u0103\u021b\u0103tor<\/p><\/div><div class=\"our-staffs-item\">\n                                <div class=\"our-staffs-image\"><a href=\"https:\/\/www.scoalababel.ro\/en\/echipa\/daniela-doru-rusu\/\" title=\"Daniela Doru-Rusu\" ><img loading=\"lazy\" decoding=\"async\" width=\"2500\" height=\"2500\" src=\"https:\/\/www.scoalababel.ro\/wp-content\/uploads\/2019\/10\/Daniela-Doru-Rusu.jpg\" class=\"attachment-full  img-circle size-full  img-circle\" alt=\"Daniela Doru-Rusu\" title=\"Daniela Doru-Rusu\" \/><\/a><\/div>\n                                <a class=\"our-staffs-name\" href=\"https:\/\/www.scoalababel.ro\/en\/echipa\/daniela-doru-rusu\/\" title=\"Daniela Doru-Rusu\" >Daniela Doru-Rusu<\/a>\n                                <p>Dirigint\u0103<\/p><\/div><div class=\"our-staffs-item\">\n                                <div class=\"our-staffs-image\"><a href=\"https:\/\/www.scoalababel.ro\/en\/echipa\/ioana-dragan\/\" title=\"Ioana Dr\u0103gan\" ><img loading=\"lazy\" decoding=\"async\" width=\"1000\" height=\"1000\" src=\"https:\/\/www.scoalababel.ro\/wp-content\/uploads\/2019\/10\/Ioana-Dra\u0306gan-1.jpg\" class=\"attachment-full  img-circle size-full  img-circle\" alt=\"Ioana Dr\u0103gan\" title=\"Ioana Dr\u0103gan\" \/><\/a><\/div>\n                                <a class=\"our-staffs-name\" href=\"https:\/\/www.scoalababel.ro\/en\/echipa\/ioana-dragan\/\" title=\"Ioana Dr\u0103gan\" >Ioana Dr\u0103gan<\/a>\n                                <p>\u00cenv\u0103\u021b\u0103tor<\/p><\/div><div class=\"our-staffs-item\">\n                                <div class=\"our-staffs-image\"><a href=\"https:\/\/www.scoalababel.ro\/en\/echipa\/diana-semenescu\/\" title=\"Diana Semenescu\" ><img loading=\"lazy\" decoding=\"async\" width=\"2500\" height=\"2500\" src=\"https:\/\/www.scoalababel.ro\/wp-content\/uploads\/2019\/10\/Diana-Semenescu.jpg\" class=\"attachment-full  img-circle size-full  img-circle\" alt=\"Diana Semenescu\" title=\"Diana Semenescu\" \/><\/a><\/div>\n                                <a class=\"our-staffs-name\" href=\"https:\/\/www.scoalababel.ro\/en\/echipa\/diana-semenescu\/\" title=\"Diana Semenescu\" >Diana Semenescu<\/a>\n                                <p>\u00cenv\u0103\u021b\u0103tor<\/p><\/div><div class=\"our-staffs-item\">\n                                <div class=\"our-staffs-image\"><a href=\"https:\/\/www.scoalababel.ro\/en\/echipa\/claudia-goldan\/\" title=\"Claudia Goldan\" ><img loading=\"lazy\" decoding=\"async\" width=\"2500\" height=\"2500\" src=\"https:\/\/www.scoalababel.ro\/wp-content\/uploads\/2019\/10\/Claudia-Goldan.jpg\" class=\"attachment-full  img-circle size-full  img-circle\" alt=\"Claudia Goldan\" title=\"Claudia Goldan\" \/><\/a><\/div>\n                                <a class=\"our-staffs-name\" href=\"https:\/\/www.scoalababel.ro\/en\/echipa\/claudia-goldan\/\" title=\"Claudia Goldan\" >Claudia Goldan<\/a>\n                                <p>\u00cenv\u0103\u021b\u0103tor<\/p><\/div><div class=\"our-staffs-item\">\n                                <div class=\"our-staffs-image\"><a href=\"https:\/\/www.scoalababel.ro\/en\/echipa\/monica-diaconu\/\" title=\"Monica Diaconu\" ><img loading=\"lazy\" decoding=\"async\" width=\"1065\" height=\"1065\" src=\"https:\/\/www.scoalababel.ro\/wp-content\/uploads\/2019\/10\/MonicaDiaconu-2024.jpg\" class=\"attachment-full  img-circle size-full  img-circle\" alt=\"Monica Diaconu\" title=\"Monica Diaconu\" \/><\/a><\/div>\n                                <a class=\"our-staffs-name\" href=\"https:\/\/www.scoalababel.ro\/en\/echipa\/monica-diaconu\/\" title=\"Monica Diaconu\" >Monica Diaconu<\/a>\n                                <p>Coordonare academic\u0103, \u00cenv\u0103\u021b\u0103tor, Profesor Limba englez\u0103<\/p><\/div><div class=\"our-staffs-item\">\n                                <div class=\"our-staffs-image\"><a href=\"https:\/\/www.scoalababel.ro\/en\/echipa\/anca-uzun\/\" title=\"Anca Uzun\" ><img loading=\"lazy\" decoding=\"async\" width=\"2500\" height=\"2500\" src=\"https:\/\/www.scoalababel.ro\/wp-content\/uploads\/2019\/10\/Anca-Uzun.jpg\" class=\"attachment-full  img-circle size-full  img-circle\" alt=\"Anca Uzun\" title=\"Anca Uzun\" \/><\/a><\/div>\n                                <a class=\"our-staffs-name\" href=\"https:\/\/www.scoalababel.ro\/en\/echipa\/anca-uzun\/\" title=\"Anca Uzun\" >Anca Uzun<\/a>\n                                <p>Dirigint\u0103 &amp; Consilier educa\u021bional<\/p><\/div><div class=\"our-staffs-item\">\n                                <div class=\"our-staffs-image\"><a href=\"https:\/\/www.scoalababel.ro\/en\/echipa\/ioana-iacob\/\" title=\"Ioana Iacob\" ><img loading=\"lazy\" decoding=\"async\" width=\"1536\" height=\"1537\" src=\"https:\/\/www.scoalababel.ro\/wp-content\/uploads\/2019\/10\/Ioana-Iacob-1.jpg\" class=\"attachment-full  img-circle size-full  img-circle\" alt=\"Ioana Iacob\" title=\"Ioana Iacob\" \/><\/a><\/div>\n                                <a class=\"our-staffs-name\" href=\"https:\/\/www.scoalababel.ro\/en\/echipa\/ioana-iacob\/\" title=\"Ioana Iacob\" >Ioana Iacob<\/a>\n                                <p>Profesor de limba \u0219i literatura rom\u00e2n\u0103<\/p><\/div><div class=\"our-staffs-item\">\n                                <div class=\"our-staffs-image\"><a href=\"https:\/\/www.scoalababel.ro\/en\/echipa\/cristina-stanimir\/\" title=\"Cristina Stanimir\" ><img loading=\"lazy\" decoding=\"async\" width=\"2500\" height=\"2500\" src=\"https:\/\/www.scoalababel.ro\/wp-content\/uploads\/2019\/10\/Cristina-Stanimir.jpg\" class=\"attachment-full  img-circle size-full  img-circle\" alt=\"Cristina Stanimir\" title=\"Cristina Stanimir\" \/><\/a><\/div>\n                                <a class=\"our-staffs-name\" href=\"https:\/\/www.scoalababel.ro\/en\/echipa\/cristina-stanimir\/\" title=\"Cristina Stanimir\" >Cristina Stanimir<\/a>\n                                <p>Profesor de matematic\u0103<\/p><\/div><div class=\"our-staffs-item\">\n                                <div class=\"our-staffs-image\"><a href=\"https:\/\/www.scoalababel.ro\/en\/echipa\/andreea-holban-radutiu\/\" title=\"Andreea Holban-R\u0103du\u021biu\" ><img loading=\"lazy\" decoding=\"async\" width=\"2500\" height=\"2500\" src=\"https:\/\/www.scoalababel.ro\/wp-content\/uploads\/2019\/10\/Andreea-Holban-Ra\u0306dut\u0326iu.jpg\" class=\"attachment-full  img-circle size-full  img-circle\" alt=\"Andreea Holban-R\u0103du\u021biu\" title=\"Andreea Holban-R\u0103du\u021biu\" \/><\/a><\/div>\n                                <a class=\"our-staffs-name\" href=\"https:\/\/www.scoalababel.ro\/en\/echipa\/andreea-holban-radutiu\/\" title=\"Andreea Holban-R\u0103du\u021biu\" >Andreea Holban-R\u0103du\u021biu<\/a>\n                                <p>Profesor de limba englez\u0103<\/p><\/div><div class=\"our-staffs-item\">\n                                <div class=\"our-staffs-image\"><a href=\"https:\/\/www.scoalababel.ro\/en\/echipa\/dana-marcu\/\" title=\"Dana Marcu\" ><img loading=\"lazy\" decoding=\"async\" width=\"730\" height=\"730\" src=\"https:\/\/www.scoalababel.ro\/wp-content\/uploads\/2019\/10\/Dana-Marcu.jpg\" class=\"attachment-full  img-circle size-full  img-circle\" alt=\"Dana Marcu\" title=\"Dana Marcu\" \/><\/a><\/div>\n                                <a class=\"our-staffs-name\" href=\"https:\/\/www.scoalababel.ro\/en\/echipa\/dana-marcu\/\" title=\"Dana Marcu\" >Dana Marcu<\/a>\n                                <p>Profesor de limba spaniol\u0103<\/p><\/div><div class=\"our-staffs-item\">\n                                <div class=\"our-staffs-image\"><a href=\"https:\/\/www.scoalababel.ro\/en\/echipa\/manuela-murariu\/\" title=\"Manuela Murariu\" ><img loading=\"lazy\" decoding=\"async\" width=\"1091\" height=\"1091\" src=\"https:\/\/www.scoalababel.ro\/wp-content\/uploads\/2019\/10\/Manuela-Murariu.jpg\" class=\"attachment-full  img-circle size-full  img-circle\" alt=\"Manuela Murariu\" title=\"Manuela Murariu\" \/><\/a><\/div>\n                                <a class=\"our-staffs-name\" href=\"https:\/\/www.scoalababel.ro\/en\/echipa\/manuela-murariu\/\" title=\"Manuela Murariu\" >Manuela Murariu<\/a>\n                                <p>Dirigint\u0103, Profesor de limba german\u0103<\/p><\/div><div class=\"our-staffs-item\">\n                                <div class=\"our-staffs-image\"><a href=\"https:\/\/www.scoalababel.ro\/en\/echipa\/adriana-balaj\/\" title=\"Adriana B\u0103laj\" ><img loading=\"lazy\" decoding=\"async\" width=\"1364\" height=\"1364\" src=\"https:\/\/www.scoalababel.ro\/wp-content\/uploads\/2019\/10\/AdrianaBalaj-2024.jpg\" class=\"attachment-full  img-circle size-full  img-circle\" alt=\"Adriana B\u0103laj\" title=\"Adriana B\u0103laj\" \/><\/a><\/div>\n                                <a class=\"our-staffs-name\" href=\"https:\/\/www.scoalababel.ro\/en\/echipa\/adriana-balaj\/\" title=\"Adriana B\u0103laj\" >Adriana B\u0103laj<\/a>\n                                <p>Profesor de istorie<\/p><\/div><div class=\"our-staffs-item\">\n                                <div class=\"our-staffs-image\"><a href=\"https:\/\/www.scoalababel.ro\/en\/echipa\/mariana-faur\/\" title=\"Mariana Faur\" ><img loading=\"lazy\" decoding=\"async\" width=\"2010\" height=\"2015\" src=\"https:\/\/www.scoalababel.ro\/wp-content\/uploads\/2019\/10\/Mariana-Faur.jpg\" class=\"attachment-full  img-circle size-full  img-circle\" alt=\"Mariana Faur\" title=\"Mariana Faur\" \/><\/a><\/div>\n                                <a class=\"our-staffs-name\" href=\"https:\/\/www.scoalababel.ro\/en\/echipa\/mariana-faur\/\" title=\"Mariana Faur\" >Mariana Faur<\/a>\n                                <p>Profesor de biologie<\/p><\/div><div class=\"our-staffs-item\">\n                                <div class=\"our-staffs-image\"><a href=\"https:\/\/www.scoalababel.ro\/en\/echipa\/diana-rotaru\/\" title=\"Diana Rotaru\" ><img loading=\"lazy\" decoding=\"async\" width=\"1362\" height=\"1362\" src=\"https:\/\/www.scoalababel.ro\/wp-content\/uploads\/2019\/10\/Diana-Rotaru-1.jpg\" class=\"attachment-full  img-circle size-full  img-circle\" alt=\"Diana Rotaru\" title=\"Diana Rotaru\" \/><\/a><\/div>\n                                <a class=\"our-staffs-name\" href=\"https:\/\/www.scoalababel.ro\/en\/echipa\/diana-rotaru\/\" title=\"Diana Rotaru\" >Diana Rotaru<\/a>\n                                <p>Profesor de fizic\u0103<\/p><\/div><div class=\"our-staffs-item\">\n                                <div class=\"our-staffs-image\"><a href=\"https:\/\/www.scoalababel.ro\/en\/echipa\/jay-thorne\/\" title=\"Jay Thorne\" ><img loading=\"lazy\" decoding=\"async\" width=\"1195\" height=\"1195\" src=\"https:\/\/www.scoalababel.ro\/wp-content\/uploads\/2019\/10\/Jay-Thorne.jpg\" class=\"attachment-full  img-circle size-full  img-circle\" alt=\"Jay Thorne\" title=\"Jay Thorne\" \/><\/a><\/div>\n                                <a class=\"our-staffs-name\" href=\"https:\/\/www.scoalababel.ro\/en\/echipa\/jay-thorne\/\" title=\"Jay Thorne\" >Jay Thorne<\/a>\n                                <p>Profesor de tehnologie<\/p><\/div><div class=\"our-staffs-item\">\n                                <div class=\"our-staffs-image\"><a href=\"https:\/\/www.scoalababel.ro\/en\/echipa\/brigita-almasi\/\" title=\"Brigita Alma\u0219i\" ><img loading=\"lazy\" decoding=\"async\" width=\"2500\" height=\"2500\" src=\"https:\/\/www.scoalababel.ro\/wp-content\/uploads\/2019\/10\/Brigita-Almas\u0326i.jpg\" class=\"attachment-full  img-circle size-full  img-circle\" alt=\"Brigita Alma\u0219i\" title=\"Brigita Alma\u0219i\" \/><\/a><\/div>\n                                <a class=\"our-staffs-name\" href=\"https:\/\/www.scoalababel.ro\/en\/echipa\/brigita-almasi\/\" title=\"Brigita Alma\u0219i\" >Brigita Alma\u0219i<\/a>\n                                <p>Profesor de arte<\/p><\/div><div class=\"our-staffs-item\">\n                                <div class=\"our-staffs-image\"><a href=\"https:\/\/www.scoalababel.ro\/en\/echipa\/carla-banu\/\" title=\"Carla Banu\" ><img loading=\"lazy\" decoding=\"async\" width=\"1800\" height=\"1800\" src=\"https:\/\/www.scoalababel.ro\/wp-content\/uploads\/2019\/10\/Carla-Banu.jpg\" class=\"attachment-full  img-circle size-full  img-circle\" alt=\"Carla Banu\" title=\"Carla Banu\" \/><\/a><\/div>\n                                <a class=\"our-staffs-name\" href=\"https:\/\/www.scoalababel.ro\/en\/echipa\/carla-banu\/\" title=\"Carla Banu\" >Carla Banu<\/a>\n                                <p>Bibliotecar<\/p><\/div><div class=\"our-staffs-item\">\n                                <div class=\"our-staffs-image\"><a href=\"https:\/\/www.scoalababel.ro\/en\/echipa\/carina-sirbu\/\" title=\"Carina S\u00eerbu\" ><img loading=\"lazy\" decoding=\"async\" width=\"959\" height=\"960\" src=\"https:\/\/www.scoalababel.ro\/wp-content\/uploads\/2021\/10\/Carina-Sarbu.jpg\" class=\"attachment-full  img-circle size-full  img-circle\" alt=\"Carina S\u00eerbu\" title=\"Carina S\u00eerbu\" \/><\/a><\/div>\n                                <a class=\"our-staffs-name\" href=\"https:\/\/www.scoalababel.ro\/en\/echipa\/carina-sirbu\/\" title=\"Carina S\u00eerbu\" >Carina S\u00eerbu<\/a>\n                                <p>\u00cenv\u0103\u021b\u0103tor<\/p><\/div><div class=\"our-staffs-item\">\n                                <div class=\"our-staffs-image\"><a href=\"https:\/\/www.scoalababel.ro\/en\/echipa\/andrei-nicolescu\/\" title=\"Andrei Nicolescu\" ><img loading=\"lazy\" decoding=\"async\" width=\"1197\" height=\"1197\" src=\"https:\/\/www.scoalababel.ro\/wp-content\/uploads\/2021\/10\/Andrei-Nicolescu.jpg\" class=\"attachment-full  img-circle size-full  img-circle\" alt=\"Andrei Nicolescu\" title=\"Andrei Nicolescu\" \/><\/a><\/div>\n                                <a class=\"our-staffs-name\" href=\"https:\/\/www.scoalababel.ro\/en\/echipa\/andrei-nicolescu\/\" title=\"Andrei Nicolescu\" >Andrei Nicolescu<\/a>\n                                <p>Facilitator afterschool<\/p><\/div><div class=\"our-staffs-item\">\n                                <div class=\"our-staffs-image\"><a href=\"https:\/\/www.scoalababel.ro\/en\/echipa\/dennis-radosav\/\" title=\"Dennis Radosav\" ><img loading=\"lazy\" decoding=\"async\" width=\"2642\" height=\"2641\" src=\"https:\/\/www.scoalababel.ro\/wp-content\/uploads\/2021\/11\/dennis.jpg\" class=\"attachment-full  img-circle size-full  img-circle\" alt=\"Dennis Radosav\" title=\"Dennis Radosav\" \/><\/a><\/div>\n                                <a class=\"our-staffs-name\" href=\"https:\/\/www.scoalababel.ro\/en\/echipa\/dennis-radosav\/\" title=\"Dennis Radosav\" >Dennis Radosav<\/a>\n                                <p>Profesor de educa\u021bie fizic\u0103<\/p><\/div><\/div>\n                        <\/div>\n                     <\/div>[\/vc_column][\/vc_row]<\/p>\n","protected":false},"excerpt":{"rendered":"<p>[vc_row][vc_column][\/vc_column][\/vc_row][vc_row][vc_column][\/vc_column][\/vc_row]<\/p>\n","protected":false},"author":1,"featured_media":0,"parent":1654,"menu_order":40,"comment_status":"closed","ping_status":"closed","template":"","meta":{"footnotes":""},"class_list":["post-1694","page","type-page","status-publish","hentry"],"yoast_head":"<!-- This site is optimized with the Yoast SEO plugin v27.6 - https:\/\/yoast.com\/product\/yoast-seo-wordpress\/ -->\n<title>\u0218coala Primar\u0103 Babel, Timi\u0219oara - Echipa de profesori<\/title>\n<meta name=\"description\" content=\"Echipa de profesori. \u0218tim c\u0103 orice loc prinde via\u021b\u0103 datorit\u0103 oamenilor. Ne bucur\u0103m s\u0103 v\u0103 prezent\u0103m o echip\u0103 de profesioni\u0219ti \u00een educa\u021bie ce au decis s\u0103\" \/>\n<meta name=\"robots\" content=\"index, follow, max-snippet:-1, max-image-preview:large, max-video-preview:-1\" \/>\n<link rel=\"canonical\" href=\"https:\/\/www.scoalababel.ro\/en\/povestea-noastra\/echipa\/\" \/>\n<meta property=\"og:locale\" content=\"en_US\" \/>\n<meta property=\"og:locale:alternate\" content=\"ro_RO\" \/>\n<meta property=\"og:type\" content=\"article\" \/>\n<meta property=\"og:title\" content=\"\u0218coala Primar\u0103 Babel, Timi\u0219oara - Echipa de profesori\" \/>\n<meta property=\"og:description\" content=\"Echipa de profesori. \u0218tim c\u0103 orice loc prinde via\u021b\u0103 datorit\u0103 oamenilor. Ne bucur\u0103m s\u0103 v\u0103 prezent\u0103m o echip\u0103 de profesioni\u0219ti \u00een educa\u021bie ce au decis s\u0103\" \/>\n<meta property=\"og:url\" content=\"https:\/\/www.scoalababel.ro\/en\/echipa\/dennis-radosav\/\" \/>\n<meta property=\"og:site_name\" content=\"\u0218coala Babel\" \/>\n<meta property=\"article:publisher\" content=\"https:\/\/www.facebook.com\/scoalababel\/\" \/>\n<meta property=\"article:modified_time\" content=\"2020-10-07T10:22:38+00:00\" \/>\n<meta name=\"twitter:card\" content=\"summary_large_image\" \/>\n<script type=\"application\/ld+json\" class=\"yoast-schema-graph\">{\"@context\":\"https:\\\/\\\/schema.org\",\"@graph\":[{\"@type\":\"WebPage\",\"@id\":\"https:\\\/\\\/www.scoalababel.ro\\\/povestea-noastra\\\/echipa\\\/\",\"url\":\"https:\\\/\\\/www.scoalababel.ro\\\/povestea-noastra\\\/echipa\\\/\",\"name\":\"\u0218coala Primar\u0103 Babel, Timi\u0219oara - Echipa de profesori\",\"isPartOf\":{\"@id\":\"https:\\\/\\\/www.scoalababel.ro\\\/#website\"},\"datePublished\":\"2016-07-04T12:14:18+00:00\",\"dateModified\":\"2020-10-07T10:22:38+00:00\",\"description\":\"Echipa de profesori. \u0218tim c\u0103 orice loc prinde via\u021b\u0103 datorit\u0103 oamenilor. Ne bucur\u0103m s\u0103 v\u0103 prezent\u0103m o echip\u0103 de profesioni\u0219ti \u00een educa\u021bie ce au decis s\u0103\",\"breadcrumb\":{\"@id\":\"https:\\\/\\\/www.scoalababel.ro\\\/povestea-noastra\\\/echipa\\\/#breadcrumb\"},\"inLanguage\":\"en-US\",\"potentialAction\":[{\"@type\":\"ReadAction\",\"target\":[\"https:\\\/\\\/www.scoalababel.ro\\\/povestea-noastra\\\/echipa\\\/\"]}]},{\"@type\":\"BreadcrumbList\",\"@id\":\"https:\\\/\\\/www.scoalababel.ro\\\/povestea-noastra\\\/echipa\\\/#breadcrumb\",\"itemListElement\":[{\"@type\":\"ListItem\",\"position\":1,\"name\":\"Home\",\"item\":\"https:\\\/\\\/www.scoalababel.ro\\\/\"},{\"@type\":\"ListItem\",\"position\":2,\"name\":\"Povestea noastr\u0103\",\"item\":\"https:\\\/\\\/www.scoalababel.ro\\\/povestea-noastra\\\/\"},{\"@type\":\"ListItem\",\"position\":3,\"name\":\"Echipa\"}]},{\"@type\":\"WebSite\",\"@id\":\"https:\\\/\\\/www.scoalababel.ro\\\/#website\",\"url\":\"https:\\\/\\\/www.scoalababel.ro\\\/\",\"name\":\"\u0218coala Babel\",\"description\":\"\u0218coala Babel\",\"potentialAction\":[{\"@type\":\"SearchAction\",\"target\":{\"@type\":\"EntryPoint\",\"urlTemplate\":\"https:\\\/\\\/www.scoalababel.ro\\\/?s={search_term_string}\"},\"query-input\":{\"@type\":\"PropertyValueSpecification\",\"valueRequired\":true,\"valueName\":\"search_term_string\"}}],\"inLanguage\":\"en-US\"}]}<\/script>\n<!-- \/ Yoast SEO plugin. -->","yoast_head_json":{"title":"\u0218coala Primar\u0103 Babel, Timi\u0219oara - Echipa de profesori","description":"Echipa de profesori. \u0218tim c\u0103 orice loc prinde via\u021b\u0103 datorit\u0103 oamenilor. Ne bucur\u0103m s\u0103 v\u0103 prezent\u0103m o echip\u0103 de profesioni\u0219ti \u00een educa\u021bie ce au decis s\u0103","robots":{"index":"index","follow":"follow","max-snippet":"max-snippet:-1","max-image-preview":"max-image-preview:large","max-video-preview":"max-video-preview:-1"},"canonical":"https:\/\/www.scoalababel.ro\/en\/povestea-noastra\/echipa\/","og_locale":"en_US","og_type":"article","og_title":"\u0218coala Primar\u0103 Babel, Timi\u0219oara - Echipa de profesori","og_description":"Echipa de profesori. \u0218tim c\u0103 orice loc prinde via\u021b\u0103 datorit\u0103 oamenilor. Ne bucur\u0103m s\u0103 v\u0103 prezent\u0103m o echip\u0103 de profesioni\u0219ti \u00een educa\u021bie ce au decis s\u0103","og_url":"https:\/\/www.scoalababel.ro\/en\/echipa\/dennis-radosav\/","og_site_name":"\u0218coala Babel","article_publisher":"https:\/\/www.facebook.com\/scoalababel\/","article_modified_time":"2020-10-07T10:22:38+00:00","twitter_card":"summary_large_image","schema":{"@context":"https:\/\/schema.org","@graph":[{"@type":"WebPage","@id":"https:\/\/www.scoalababel.ro\/povestea-noastra\/echipa\/","url":"https:\/\/www.scoalababel.ro\/povestea-noastra\/echipa\/","name":"\u0218coala Primar\u0103 Babel, Timi\u0219oara - Echipa de profesori","isPartOf":{"@id":"https:\/\/www.scoalababel.ro\/#website"},"datePublished":"2016-07-04T12:14:18+00:00","dateModified":"2020-10-07T10:22:38+00:00","description":"Echipa de profesori. \u0218tim c\u0103 orice loc prinde via\u021b\u0103 datorit\u0103 oamenilor. Ne bucur\u0103m s\u0103 v\u0103 prezent\u0103m o echip\u0103 de profesioni\u0219ti \u00een educa\u021bie ce au decis s\u0103","breadcrumb":{"@id":"https:\/\/www.scoalababel.ro\/povestea-noastra\/echipa\/#breadcrumb"},"inLanguage":"en-US","potentialAction":[{"@type":"ReadAction","target":["https:\/\/www.scoalababel.ro\/povestea-noastra\/echipa\/"]}]},{"@type":"BreadcrumbList","@id":"https:\/\/www.scoalababel.ro\/povestea-noastra\/echipa\/#breadcrumb","itemListElement":[{"@type":"ListItem","position":1,"name":"Home","item":"https:\/\/www.scoalababel.ro\/"},{"@type":"ListItem","position":2,"name":"Povestea noastr\u0103","item":"https:\/\/www.scoalababel.ro\/povestea-noastra\/"},{"@type":"ListItem","position":3,"name":"Echipa"}]},{"@type":"WebSite","@id":"https:\/\/www.scoalababel.ro\/#website","url":"https:\/\/www.scoalababel.ro\/","name":"\u0218coala Babel","description":"\u0218coala Babel","potentialAction":[{"@type":"SearchAction","target":{"@type":"EntryPoint","urlTemplate":"https:\/\/www.scoalababel.ro\/?s={search_term_string}"},"query-input":{"@type":"PropertyValueSpecification","valueRequired":true,"valueName":"search_term_string"}}],"inLanguage":"en-US"}]}},"_links":{"self":[{"href":"https:\/\/www.scoalababel.ro\/en\/wp-json\/wp\/v2\/pages\/1694","targetHints":{"allow":["GET"]}}],"collection":[{"href":"https:\/\/www.scoalababel.ro\/en\/wp-json\/wp\/v2\/pages"}],"about":[{"href":"https:\/\/www.scoalababel.ro\/en\/wp-json\/wp\/v2\/types\/page"}],"author":[{"embeddable":true,"href":"https:\/\/www.scoalababel.ro\/en\/wp-json\/wp\/v2\/users\/1"}],"replies":[{"embeddable":true,"href":"https:\/\/www.scoalababel.ro\/en\/wp-json\/wp\/v2\/comments?post=1694"}],"version-history":[{"count":38,"href":"https:\/\/www.scoalababel.ro\/en\/wp-json\/wp\/v2\/pages\/1694\/revisions"}],"predecessor-version":[{"id":3919,"href":"https:\/\/www.scoalababel.ro\/en\/wp-json\/wp\/v2\/pages\/1694\/revisions\/3919"}],"up":[{"embeddable":true,"href":"https:\/\/www.scoalababel.ro\/en\/wp-json\/wp\/v2\/pages\/1654"}],"wp:attachment":[{"href":"https:\/\/www.scoalababel.ro\/en\/wp-json\/wp\/v2\/media?parent=1694"}],"curies":[{"name":"wp","href":"https:\/\/api.w.org\/{rel}","templated":true}]}}