{"id":1851,"date":"2016-07-05T09:07:06","date_gmt":"2016-07-05T09:07:06","guid":{"rendered":"http:\/\/www.scoalababel.ro\/preview\/?page_id=1851"},"modified":"2020-10-15T12:39:51","modified_gmt":"2020-10-15T12:39:51","slug":"ce-ne-dorim","status":"publish","type":"page","link":"https:\/\/www.scoalababel.ro\/en\/povestea-noastra\/ce-ne-dorim\/","title":{"rendered":"What do we want to accomplish"},"content":{"rendered":"<p>[vc_row layout=&#8221;boxed&#8221;][vc_column][vc_column_text]<em><span style=\"font-weight: 400;\">An educational ecosystem where children find support, guidance and inspiration.<\/span><\/em><br \/>\n<em><span style=\"font-weight: 400;\">A school where teachers have the space to be creative and parents can co-create.<\/span><\/em><br \/>\n<em><span style=\"font-weight: 400;\">A place where children develop their potential.<\/span><\/em>[\/vc_column_text][\/vc_column][\/vc_row][vc_row][vc_column][vc_empty_space][\/vc_column][\/vc_row][vc_row][vc_column][vc_single_image image=&#8221;3387&#8243; img_size=&#8221;large&#8221; alignment=&#8221;center&#8221;][\/vc_column][\/vc_row][vc_row][vc_column][vc_empty_space][\/vc_column][\/vc_row][vc_row layout=&#8221;boxed&#8221;][vc_column][vc_column_text]<span style=\"font-weight: 400;\">We create and nurture an environment rich in experiences, where children develop life skills suitable in the local and global circumstances. We want, through innovative methods, to support them to participate with joy, courage and care to the world that surrounds them.<\/span><\/p>\n<p><span style=\"font-weight: 400;\">We measure the wellbeing and the involvement of children in the learning process as close as we monitor the learning results. Together (teachers &#8211; parents &#8211; children) we find solutions to reach our goals connected both to process (how do we learn?) and results (what do we learn?).<\/span>[\/vc_column_text][\/vc_column][\/vc_row][vc_row][vc_column][vc_empty_space][\/vc_column][\/vc_row][vc_row layout=&#8221;boxed&#8221;][vc_column][vc_column_text]<span style=\"font-weight: 400;\">Adults and children, we all develop throughout the experiences that we have together, the problems we solve and the access to learning communities from all around the world.<\/span><\/p>\n<p><span style=\"font-weight: 400;\">And when we feel we can give back to other communities or schools, we do it with love and care, hoping that every kid, every parent and every teacher can end up loving school. <\/span>[\/vc_column_text][\/vc_column][\/vc_row]<\/p>\n","protected":false},"excerpt":{"rendered":"<p>[vc_row layout=&#8221;boxed&#8221;][vc_column][vc_column_text]An educational ecosystem where children find support, guidance and inspiration. A school where teachers have the space to be creative and parents can co-create. A place where children develop their potential.[\/vc_column_text][\/vc_column][\/vc_row][vc_row][vc_column][vc_empty_space][\/vc_column][\/vc_row][vc_row][vc_column][vc_single_image image=&#8221;3387&#8243; img_size=&#8221;large&#8221; alignment=&#8221;center&#8221;][\/vc_column][\/vc_row][vc_row][vc_column][vc_empty_space][\/vc_column][\/vc_row][vc_row layout=&#8221;boxed&#8221;][vc_column][vc_column_text]We create and nurture an environment rich in experiences, where children develop life skills suitable in the local and global [&hellip;]<\/p>\n","protected":false},"author":1,"featured_media":0,"parent":1654,"menu_order":10,"comment_status":"closed","ping_status":"closed","template":"","meta":{"footnotes":""},"class_list":["post-1851","page","type-page","status-publish","hentry"],"yoast_head":"<!-- This site is optimized with the Yoast SEO plugin v27.6 - https:\/\/yoast.com\/product\/yoast-seo-wordpress\/ -->\n<title>\u0218coala Primar\u0103 Babel, Timi\u0219oara. Ce ne dorim?<\/title>\n<meta name=\"description\" content=\"Ce ne dorim? Un ecosistem educa\u021bional \u00een care copiii g\u0103sesc sprijin, \u00eendrumare \u0219i inspira\u021bie. O \u0219coal\u0103 unde profesorii sunt creativi \u0219i p\u0103rin\u021bii au spa\u021biu\" \/>\n<meta name=\"robots\" content=\"index, follow, max-snippet:-1, max-image-preview:large, max-video-preview:-1\" \/>\n<link rel=\"canonical\" href=\"https:\/\/www.scoalababel.ro\/en\/povestea-noastra\/ce-ne-dorim\/\" \/>\n<meta property=\"og:locale\" content=\"en_US\" \/>\n<meta property=\"og:locale:alternate\" content=\"ro_RO\" \/>\n<meta property=\"og:type\" content=\"article\" \/>\n<meta property=\"og:title\" content=\"\u0218coala Primar\u0103 Babel, Timi\u0219oara. Ce ne dorim?\" \/>\n<meta property=\"og:description\" content=\"Ce ne dorim? Un ecosistem educa\u021bional \u00een care copiii g\u0103sesc sprijin, \u00eendrumare \u0219i inspira\u021bie. O \u0219coal\u0103 unde profesorii sunt creativi \u0219i p\u0103rin\u021bii au spa\u021biu\" \/>\n<meta property=\"og:url\" content=\"https:\/\/www.scoalababel.ro\/en\/povestea-noastra\/ce-ne-dorim\/\" \/>\n<meta property=\"og:site_name\" content=\"\u0218coala Babel\" \/>\n<meta property=\"article:publisher\" content=\"https:\/\/www.facebook.com\/scoalababel\/\" \/>\n<meta property=\"article:modified_time\" content=\"2020-10-15T12:39:51+00:00\" \/>\n<meta name=\"twitter:card\" content=\"summary_large_image\" \/>\n<meta name=\"twitter:label1\" content=\"Est. reading time\" \/>\n\t<meta name=\"twitter:data1\" content=\"1 minute\" \/>\n<script type=\"application\/ld+json\" class=\"yoast-schema-graph\">{\"@context\":\"https:\\\/\\\/schema.org\",\"@graph\":[{\"@type\":\"WebPage\",\"@id\":\"https:\\\/\\\/www.scoalababel.ro\\\/povestea-noastra\\\/ce-ne-dorim\\\/\",\"url\":\"https:\\\/\\\/www.scoalababel.ro\\\/povestea-noastra\\\/ce-ne-dorim\\\/\",\"name\":\"\u0218coala Primar\u0103 Babel, Timi\u0219oara. Ce ne dorim?\",\"isPartOf\":{\"@id\":\"https:\\\/\\\/www.scoalababel.ro\\\/#website\"},\"datePublished\":\"2016-07-05T09:07:06+00:00\",\"dateModified\":\"2020-10-15T12:39:51+00:00\",\"description\":\"Ce ne dorim? Un ecosistem educa\u021bional \u00een care copiii g\u0103sesc sprijin, \u00eendrumare \u0219i inspira\u021bie. O \u0219coal\u0103 unde profesorii sunt creativi \u0219i p\u0103rin\u021bii au spa\u021biu\",\"breadcrumb\":{\"@id\":\"https:\\\/\\\/www.scoalababel.ro\\\/povestea-noastra\\\/ce-ne-dorim\\\/#breadcrumb\"},\"inLanguage\":\"en-US\",\"potentialAction\":[{\"@type\":\"ReadAction\",\"target\":[\"https:\\\/\\\/www.scoalababel.ro\\\/povestea-noastra\\\/ce-ne-dorim\\\/\"]}]},{\"@type\":\"BreadcrumbList\",\"@id\":\"https:\\\/\\\/www.scoalababel.ro\\\/povestea-noastra\\\/ce-ne-dorim\\\/#breadcrumb\",\"itemListElement\":[{\"@type\":\"ListItem\",\"position\":1,\"name\":\"Home\",\"item\":\"https:\\\/\\\/www.scoalababel.ro\\\/\"},{\"@type\":\"ListItem\",\"position\":2,\"name\":\"Povestea noastr\u0103\",\"item\":\"https:\\\/\\\/www.scoalababel.ro\\\/povestea-noastra\\\/\"},{\"@type\":\"ListItem\",\"position\":3,\"name\":\"Ce ne dorim?\"}]},{\"@type\":\"WebSite\",\"@id\":\"https:\\\/\\\/www.scoalababel.ro\\\/#website\",\"url\":\"https:\\\/\\\/www.scoalababel.ro\\\/\",\"name\":\"\u0218coala Babel\",\"description\":\"\u0218coala Babel\",\"potentialAction\":[{\"@type\":\"SearchAction\",\"target\":{\"@type\":\"EntryPoint\",\"urlTemplate\":\"https:\\\/\\\/www.scoalababel.ro\\\/?s={search_term_string}\"},\"query-input\":{\"@type\":\"PropertyValueSpecification\",\"valueRequired\":true,\"valueName\":\"search_term_string\"}}],\"inLanguage\":\"en-US\"}]}<\/script>\n<!-- \/ Yoast SEO plugin. -->","yoast_head_json":{"title":"\u0218coala Primar\u0103 Babel, Timi\u0219oara. Ce ne dorim?","description":"Ce ne dorim? Un ecosistem educa\u021bional \u00een care copiii g\u0103sesc sprijin, \u00eendrumare \u0219i inspira\u021bie. O \u0219coal\u0103 unde profesorii sunt creativi \u0219i p\u0103rin\u021bii au spa\u021biu","robots":{"index":"index","follow":"follow","max-snippet":"max-snippet:-1","max-image-preview":"max-image-preview:large","max-video-preview":"max-video-preview:-1"},"canonical":"https:\/\/www.scoalababel.ro\/en\/povestea-noastra\/ce-ne-dorim\/","og_locale":"en_US","og_type":"article","og_title":"\u0218coala Primar\u0103 Babel, Timi\u0219oara. Ce ne dorim?","og_description":"Ce ne dorim? Un ecosistem educa\u021bional \u00een care copiii g\u0103sesc sprijin, \u00eendrumare \u0219i inspira\u021bie. O \u0219coal\u0103 unde profesorii sunt creativi \u0219i p\u0103rin\u021bii au spa\u021biu","og_url":"https:\/\/www.scoalababel.ro\/en\/povestea-noastra\/ce-ne-dorim\/","og_site_name":"\u0218coala Babel","article_publisher":"https:\/\/www.facebook.com\/scoalababel\/","article_modified_time":"2020-10-15T12:39:51+00:00","twitter_card":"summary_large_image","twitter_misc":{"Est. reading time":"1 minute"},"schema":{"@context":"https:\/\/schema.org","@graph":[{"@type":"WebPage","@id":"https:\/\/www.scoalababel.ro\/povestea-noastra\/ce-ne-dorim\/","url":"https:\/\/www.scoalababel.ro\/povestea-noastra\/ce-ne-dorim\/","name":"\u0218coala Primar\u0103 Babel, Timi\u0219oara. Ce ne dorim?","isPartOf":{"@id":"https:\/\/www.scoalababel.ro\/#website"},"datePublished":"2016-07-05T09:07:06+00:00","dateModified":"2020-10-15T12:39:51+00:00","description":"Ce ne dorim? Un ecosistem educa\u021bional \u00een care copiii g\u0103sesc sprijin, \u00eendrumare \u0219i inspira\u021bie. O \u0219coal\u0103 unde profesorii sunt creativi \u0219i p\u0103rin\u021bii au spa\u021biu","breadcrumb":{"@id":"https:\/\/www.scoalababel.ro\/povestea-noastra\/ce-ne-dorim\/#breadcrumb"},"inLanguage":"en-US","potentialAction":[{"@type":"ReadAction","target":["https:\/\/www.scoalababel.ro\/povestea-noastra\/ce-ne-dorim\/"]}]},{"@type":"BreadcrumbList","@id":"https:\/\/www.scoalababel.ro\/povestea-noastra\/ce-ne-dorim\/#breadcrumb","itemListElement":[{"@type":"ListItem","position":1,"name":"Home","item":"https:\/\/www.scoalababel.ro\/"},{"@type":"ListItem","position":2,"name":"Povestea noastr\u0103","item":"https:\/\/www.scoalababel.ro\/povestea-noastra\/"},{"@type":"ListItem","position":3,"name":"Ce ne dorim?"}]},{"@type":"WebSite","@id":"https:\/\/www.scoalababel.ro\/#website","url":"https:\/\/www.scoalababel.ro\/","name":"\u0218coala Babel","description":"\u0218coala Babel","potentialAction":[{"@type":"SearchAction","target":{"@type":"EntryPoint","urlTemplate":"https:\/\/www.scoalababel.ro\/?s={search_term_string}"},"query-input":{"@type":"PropertyValueSpecification","valueRequired":true,"valueName":"search_term_string"}}],"inLanguage":"en-US"}]}},"_links":{"self":[{"href":"https:\/\/www.scoalababel.ro\/en\/wp-json\/wp\/v2\/pages\/1851","targetHints":{"allow":["GET"]}}],"collection":[{"href":"https:\/\/www.scoalababel.ro\/en\/wp-json\/wp\/v2\/pages"}],"about":[{"href":"https:\/\/www.scoalababel.ro\/en\/wp-json\/wp\/v2\/types\/page"}],"author":[{"embeddable":true,"href":"https:\/\/www.scoalababel.ro\/en\/wp-json\/wp\/v2\/users\/1"}],"replies":[{"embeddable":true,"href":"https:\/\/www.scoalababel.ro\/en\/wp-json\/wp\/v2\/comments?post=1851"}],"version-history":[{"count":11,"href":"https:\/\/www.scoalababel.ro\/en\/wp-json\/wp\/v2\/pages\/1851\/revisions"}],"predecessor-version":[{"id":4032,"href":"https:\/\/www.scoalababel.ro\/en\/wp-json\/wp\/v2\/pages\/1851\/revisions\/4032"}],"up":[{"embeddable":true,"href":"https:\/\/www.scoalababel.ro\/en\/wp-json\/wp\/v2\/pages\/1654"}],"wp:attachment":[{"href":"https:\/\/www.scoalababel.ro\/en\/wp-json\/wp\/v2\/media?parent=1851"}],"curies":[{"name":"wp","href":"https:\/\/api.w.org\/{rel}","templated":true}]}}