{"id":2520,"date":"2018-01-08T15:27:34","date_gmt":"2018-01-08T15:27:34","guid":{"rendered":"http:\/\/www.scoalababel.ro\/?page_id=2520"},"modified":"2022-12-20T08:55:01","modified_gmt":"2022-12-20T08:55:01","slug":"proiecte","status":"publish","type":"page","link":"https:\/\/www.scoalababel.ro\/en\/comunitate\/proiecte\/","title":{"rendered":"Projects"},"content":{"rendered":"<p>[vc_row][vc_column][vc_column_text]<strong>Design-thinking workshop for kids at FOR makerspace &#8211; <\/strong><a href=\"https:\/\/f-o-r.ro\/2021\/02\/02\/atelier-design-thinking-pentru-copii-la-for-makerspace\/\" target=\"_blank\" rel=\"noopener noreferrer\">https:\/\/f-o-r.ro\/2021\/02\/02\/atelier-design-thinking-pentru-copii-la-for-makerspace\/<\/a><\/p>\n<p><strong>&#8220;P\u0103durea mea&#8221; Project. Babel Forest<\/strong> &#8211; <a href=\"https:\/\/www.scoalababel.ro\/comunitate\/proiecte\/padurea-mea-padurea-babel\/\" target=\"_blank\" rel=\"noopener noreferrer\">https:\/\/www.scoalababel.ro\/comunitate\/proiecte\/padurea-mea-padurea-babel\/<\/a><\/p>\n<p><strong>Good Deeds Ambasador for Timi\u0219oara part of the campaign Autism 24h <\/strong>&#8211; <a href=\"https:\/\/www.facebook.com\/events\/347409329765872\" target=\"_blank\" rel=\"noopener noreferrer\">https:\/\/www.facebook.com\/events\/347409329765872<\/a><\/p>\n<p><strong>Profesorescu &#8211; Cultivating Experiential Learning &#8211; <\/strong><a href=\"https:\/\/www.scoalababel.ro\/comunitate\/proiecte\/profesorescu-24-29-aug\/\" target=\"_blank\" rel=\"noopener noreferrer\">https:\/\/www.scoalababel.ro\/comunitate\/proiecte\/profesorescu-24-29-aug\/\u00a0<\/a><\/p>\n<p><strong>Online study group \u2013 Relationships based on empathy, in school &#8211; <\/strong><a href=\"https:\/\/www.scoalababel.ro\/comunitate\/proiecte\/relatii-bazate-pe-empatie-in-scoala\/\" target=\"_blank\" rel=\"noopener noreferrer\">https:\/\/www.scoalababel.ro\/comunitate\/proiecte\/relatii-bazate-pe-empatie-in-scoala\/<\/a><\/p>\n<p><strong>SEED 2020<\/strong> &#8211; <a href=\"https:\/\/www.scoalababel.ro\/comunitate\/proiecte\/saptamana-europeana-a-educatiei-democratice-editia-a-iii-a-2020\/\" target=\"_blank\" rel=\"noopener noreferrer\">https:\/\/www.scoalababel.ro\/comunitate\/proiecte\/saptamana-europeana-a-educatiei-democratice-editia-a-iii-a-2020\/\u00a0<\/a><\/p>\n<p><strong>SEED 2019<\/strong> &#8211; <a href=\"http:\/\/www.scoalababel.ro\/sustin-educatia\/saptamana-europeana-educatiei-democratice-editia-ii-2019\/\">http:\/\/www.scoalababel.ro\/sustin-educatia\/saptamana-europeana-educatiei-democratice-editia-ii-2019\/<\/a><\/p>\n<p><strong>Maker Squad<\/strong>, through \u0218tiin\u021bescu program &#8211; <a href=\"http:\/\/www.scoalababel.ro\/programul-stiintescu\/\">http:\/\/www.scoalababel.ro\/programul-stiintescu\/<\/a><\/p>\n<p><strong>Launching MakerSpace<\/strong>, project Timotion &#8211; <a href=\"http:\/\/www.scoalababel.ro\/sustin-educatia\/timotion\/\">http:\/\/www.scoalababel.ro\/sustin-educatia\/timotion\/<\/a>[\/vc_column_text][\/vc_column][\/vc_row]<\/p>\n","protected":false},"excerpt":{"rendered":"<p>[vc_row][vc_column][vc_column_text]Design-thinking workshop for kids at FOR makerspace &#8211; https:\/\/f-o-r.ro\/2021\/02\/02\/atelier-design-thinking-pentru-copii-la-for-makerspace\/ &#8220;P\u0103durea mea&#8221; Project. Babel Forest &#8211; https:\/\/www.scoalababel.ro\/comunitate\/proiecte\/padurea-mea-padurea-babel\/ Good Deeds Ambasador for Timi\u0219oara part of the campaign Autism 24h &#8211; https:\/\/www.facebook.com\/events\/347409329765872 Profesorescu &#8211; Cultivating Experiential Learning &#8211; https:\/\/www.scoalababel.ro\/comunitate\/proiecte\/profesorescu-24-29-aug\/\u00a0 Online study group \u2013 Relationships based on empathy, in school &#8211; https:\/\/www.scoalababel.ro\/comunitate\/proiecte\/relatii-bazate-pe-empatie-in-scoala\/ SEED 2020 &#8211; https:\/\/www.scoalababel.ro\/comunitate\/proiecte\/saptamana-europeana-a-educatiei-democratice-editia-a-iii-a-2020\/\u00a0 SEED 2019 &#8211; [&hellip;]<\/p>\n","protected":false},"author":3,"featured_media":0,"parent":3064,"menu_order":20,"comment_status":"closed","ping_status":"closed","template":"","meta":{"footnotes":""},"class_list":["post-2520","page","type-page","status-publish","hentry"],"yoast_head":"<!-- This site is optimized with the Yoast SEO plugin v27.5 - https:\/\/yoast.com\/product\/yoast-seo-wordpress\/ -->\n<title>Sus\u021bin educa\u021bia. Sus\u021bin \u0218coala Babel - ateliere de dezvoltare personal\u0103<\/title>\n<meta name=\"description\" content=\"Sus\u021bin educa\u021bia. Sus\u021bin \u0218coala Babel. V\u0103 invit\u0103m, \u00eencep\u00e2nd din februarie 2018, la o nou\u0103 serie de ateliere de dezvoltare personal\u0103 adresate adul\u021bilor.\" \/>\n<meta name=\"robots\" content=\"index, follow, max-snippet:-1, max-image-preview:large, max-video-preview:-1\" \/>\n<link rel=\"canonical\" href=\"https:\/\/www.scoalababel.ro\/en\/comunitate\/proiecte\/\" \/>\n<meta property=\"og:locale\" content=\"en_US\" \/>\n<meta property=\"og:locale:alternate\" content=\"ro_RO\" \/>\n<meta property=\"og:type\" content=\"article\" \/>\n<meta property=\"og:title\" content=\"Sus\u021bin educa\u021bia. Sus\u021bin \u0218coala Babel - ateliere de dezvoltare personal\u0103\" \/>\n<meta property=\"og:description\" content=\"Sus\u021bin educa\u021bia. Sus\u021bin \u0218coala Babel. V\u0103 invit\u0103m, \u00eencep\u00e2nd din februarie 2018, la o nou\u0103 serie de ateliere de dezvoltare personal\u0103 adresate adul\u021bilor.\" \/>\n<meta property=\"og:url\" content=\"https:\/\/www.scoalababel.ro\/en\/comunitate\/proiecte\/\" \/>\n<meta property=\"og:site_name\" content=\"\u0218coala Babel\" \/>\n<meta property=\"article:publisher\" content=\"https:\/\/www.facebook.com\/scoalababel\/\" \/>\n<meta property=\"article:modified_time\" content=\"2022-12-20T08:55:01+00:00\" \/>\n<meta property=\"og:image\" content=\"https:\/\/www.scoalababel.ro\/wp-content\/uploads\/2021\/10\/proiecte-1.jpg\" \/>\n\t<meta property=\"og:image:width\" content=\"1007\" \/>\n\t<meta property=\"og:image:height\" content=\"738\" \/>\n\t<meta property=\"og:image:type\" content=\"image\/jpeg\" \/>\n<meta name=\"twitter:card\" content=\"summary_large_image\" \/>\n<meta name=\"twitter:label1\" content=\"Est. reading time\" \/>\n\t<meta name=\"twitter:data1\" content=\"1 minute\" \/>\n<script type=\"application\/ld+json\" class=\"yoast-schema-graph\">{\"@context\":\"https:\\\/\\\/schema.org\",\"@graph\":[{\"@type\":\"WebPage\",\"@id\":\"https:\\\/\\\/www.scoalababel.ro\\\/comunitate\\\/proiecte\\\/\",\"url\":\"https:\\\/\\\/www.scoalababel.ro\\\/comunitate\\\/proiecte\\\/\",\"name\":\"Sus\u021bin educa\u021bia. Sus\u021bin \u0218coala Babel - ateliere de dezvoltare personal\u0103\",\"isPartOf\":{\"@id\":\"https:\\\/\\\/www.scoalababel.ro\\\/#website\"},\"datePublished\":\"2018-01-08T15:27:34+00:00\",\"dateModified\":\"2022-12-20T08:55:01+00:00\",\"description\":\"Sus\u021bin educa\u021bia. Sus\u021bin \u0218coala Babel. V\u0103 invit\u0103m, \u00eencep\u00e2nd din februarie 2018, la o nou\u0103 serie de ateliere de dezvoltare personal\u0103 adresate adul\u021bilor.\",\"breadcrumb\":{\"@id\":\"https:\\\/\\\/www.scoalababel.ro\\\/comunitate\\\/proiecte\\\/#breadcrumb\"},\"inLanguage\":\"en-US\",\"potentialAction\":[{\"@type\":\"ReadAction\",\"target\":[\"https:\\\/\\\/www.scoalababel.ro\\\/comunitate\\\/proiecte\\\/\"]}]},{\"@type\":\"BreadcrumbList\",\"@id\":\"https:\\\/\\\/www.scoalababel.ro\\\/comunitate\\\/proiecte\\\/#breadcrumb\",\"itemListElement\":[{\"@type\":\"ListItem\",\"position\":1,\"name\":\"Home\",\"item\":\"https:\\\/\\\/www.scoalababel.ro\\\/\"},{\"@type\":\"ListItem\",\"position\":2,\"name\":\"Comunitate\",\"item\":\"https:\\\/\\\/www.scoalababel.ro\\\/comunitate\\\/\"},{\"@type\":\"ListItem\",\"position\":3,\"name\":\"Proiecte\"}]},{\"@type\":\"WebSite\",\"@id\":\"https:\\\/\\\/www.scoalababel.ro\\\/#website\",\"url\":\"https:\\\/\\\/www.scoalababel.ro\\\/\",\"name\":\"\u0218coala Babel\",\"description\":\"\u0218coala Babel\",\"potentialAction\":[{\"@type\":\"SearchAction\",\"target\":{\"@type\":\"EntryPoint\",\"urlTemplate\":\"https:\\\/\\\/www.scoalababel.ro\\\/?s={search_term_string}\"},\"query-input\":{\"@type\":\"PropertyValueSpecification\",\"valueRequired\":true,\"valueName\":\"search_term_string\"}}],\"inLanguage\":\"en-US\"}]}<\/script>\n<!-- \/ Yoast SEO plugin. -->","yoast_head_json":{"title":"Sus\u021bin educa\u021bia. Sus\u021bin \u0218coala Babel - ateliere de dezvoltare personal\u0103","description":"Sus\u021bin educa\u021bia. Sus\u021bin \u0218coala Babel. V\u0103 invit\u0103m, \u00eencep\u00e2nd din februarie 2018, la o nou\u0103 serie de ateliere de dezvoltare personal\u0103 adresate adul\u021bilor.","robots":{"index":"index","follow":"follow","max-snippet":"max-snippet:-1","max-image-preview":"max-image-preview:large","max-video-preview":"max-video-preview:-1"},"canonical":"https:\/\/www.scoalababel.ro\/en\/comunitate\/proiecte\/","og_locale":"en_US","og_type":"article","og_title":"Sus\u021bin educa\u021bia. Sus\u021bin \u0218coala Babel - ateliere de dezvoltare personal\u0103","og_description":"Sus\u021bin educa\u021bia. Sus\u021bin \u0218coala Babel. V\u0103 invit\u0103m, \u00eencep\u00e2nd din februarie 2018, la o nou\u0103 serie de ateliere de dezvoltare personal\u0103 adresate adul\u021bilor.","og_url":"https:\/\/www.scoalababel.ro\/en\/comunitate\/proiecte\/","og_site_name":"\u0218coala Babel","article_publisher":"https:\/\/www.facebook.com\/scoalababel\/","article_modified_time":"2022-12-20T08:55:01+00:00","og_image":[{"width":1007,"height":738,"url":"https:\/\/www.scoalababel.ro\/wp-content\/uploads\/2021\/10\/proiecte-1.jpg","type":"image\/jpeg"}],"twitter_card":"summary_large_image","twitter_misc":{"Est. reading time":"1 minute"},"schema":{"@context":"https:\/\/schema.org","@graph":[{"@type":"WebPage","@id":"https:\/\/www.scoalababel.ro\/comunitate\/proiecte\/","url":"https:\/\/www.scoalababel.ro\/comunitate\/proiecte\/","name":"Sus\u021bin educa\u021bia. Sus\u021bin \u0218coala Babel - ateliere de dezvoltare personal\u0103","isPartOf":{"@id":"https:\/\/www.scoalababel.ro\/#website"},"datePublished":"2018-01-08T15:27:34+00:00","dateModified":"2022-12-20T08:55:01+00:00","description":"Sus\u021bin educa\u021bia. Sus\u021bin \u0218coala Babel. V\u0103 invit\u0103m, \u00eencep\u00e2nd din februarie 2018, la o nou\u0103 serie de ateliere de dezvoltare personal\u0103 adresate adul\u021bilor.","breadcrumb":{"@id":"https:\/\/www.scoalababel.ro\/comunitate\/proiecte\/#breadcrumb"},"inLanguage":"en-US","potentialAction":[{"@type":"ReadAction","target":["https:\/\/www.scoalababel.ro\/comunitate\/proiecte\/"]}]},{"@type":"BreadcrumbList","@id":"https:\/\/www.scoalababel.ro\/comunitate\/proiecte\/#breadcrumb","itemListElement":[{"@type":"ListItem","position":1,"name":"Home","item":"https:\/\/www.scoalababel.ro\/"},{"@type":"ListItem","position":2,"name":"Comunitate","item":"https:\/\/www.scoalababel.ro\/comunitate\/"},{"@type":"ListItem","position":3,"name":"Proiecte"}]},{"@type":"WebSite","@id":"https:\/\/www.scoalababel.ro\/#website","url":"https:\/\/www.scoalababel.ro\/","name":"\u0218coala Babel","description":"\u0218coala Babel","potentialAction":[{"@type":"SearchAction","target":{"@type":"EntryPoint","urlTemplate":"https:\/\/www.scoalababel.ro\/?s={search_term_string}"},"query-input":{"@type":"PropertyValueSpecification","valueRequired":true,"valueName":"search_term_string"}}],"inLanguage":"en-US"}]}},"_links":{"self":[{"href":"https:\/\/www.scoalababel.ro\/en\/wp-json\/wp\/v2\/pages\/2520","targetHints":{"allow":["GET"]}}],"collection":[{"href":"https:\/\/www.scoalababel.ro\/en\/wp-json\/wp\/v2\/pages"}],"about":[{"href":"https:\/\/www.scoalababel.ro\/en\/wp-json\/wp\/v2\/types\/page"}],"author":[{"embeddable":true,"href":"https:\/\/www.scoalababel.ro\/en\/wp-json\/wp\/v2\/users\/3"}],"replies":[{"embeddable":true,"href":"https:\/\/www.scoalababel.ro\/en\/wp-json\/wp\/v2\/comments?post=2520"}],"version-history":[{"count":40,"href":"https:\/\/www.scoalababel.ro\/en\/wp-json\/wp\/v2\/pages\/2520\/revisions"}],"predecessor-version":[{"id":5182,"href":"https:\/\/www.scoalababel.ro\/en\/wp-json\/wp\/v2\/pages\/2520\/revisions\/5182"}],"up":[{"embeddable":true,"href":"https:\/\/www.scoalababel.ro\/en\/wp-json\/wp\/v2\/pages\/3064"}],"wp:attachment":[{"href":"https:\/\/www.scoalababel.ro\/en\/wp-json\/wp\/v2\/media?parent=2520"}],"curies":[{"name":"wp","href":"https:\/\/api.w.org\/{rel}","templated":true}]}}