{"id":254,"date":"2015-03-03T09:43:53","date_gmt":"2015-03-03T09:43:53","guid":{"rendered":"http:\/\/themes.g5plus.net\/cupid\/?page_id=254"},"modified":"2023-08-22T11:02:12","modified_gmt":"2023-08-22T11:02:12","slug":"ia-legatura-cu-noi","status":"publish","type":"page","link":"https:\/\/www.scoalababel.ro\/en\/contact\/ia-legatura-cu-noi\/","title":{"rendered":"How you can reach us"},"content":{"rendered":"<p>[vc_row][vc_column][vc_column_text css=&#8221;.vc_custom_1601377916984{margin-bottom: 20px !important;}&#8221;]<span style=\"font-weight: 400;\">You can write us an email at <\/span><a href=\"mailto:contact@scoalababel.ro\"><span style=\"font-weight: 400;\">contact@scoalababel.ro<\/span><\/a><span style=\"font-weight: 400;\"> or you can contact us according to what you need.<\/span>[\/vc_column_text][\/vc_column][\/vc_row][vc_row][vc_column width=&#8221;1\/2&#8243;][vc_column_text]<strong><b>Regarding admission at our school<\/b><\/strong><br \/>\nAnna Matei, Administrator<br \/>\n<a href=\"mailto:anna.matei@scoalababel.ro\">contact@scoalababel.ro<\/a><\/p>\n<p><strong><b>Regarding extracurricular activities<\/b><\/strong><br \/>\nClara Pongor, <span style=\"font-weight: 400;\">Secretary &#038; Coordinator of Extracurricular activities and the Join Learning Program <\/span><br \/>\n<a href=\"mailto:clara.pongor@scoalababel.ro\">clara.pongor@scoalababel.ro<\/a><\/p>\n<p><strong><b>Regarding the Afterschool Program<\/b><\/strong><br \/>\nLumini\u021ba Nica, <span style=\"font-weight: 400;\">Afterschool Program Coordinator &#038; Partnerships<\/span><br \/>\n<a href=\"mailto:luminita.nica@scoalababel.ro\">luminita.nica@scoalababel.ro<\/a><\/p>\n<p>&nbsp;<\/p>\n<p>[\/vc_column_text][\/vc_column][vc_column width=&#8221;1\/2&#8243;][vc_column_text]<strong><b>For the library<\/b><\/strong><br \/>\nCarla Banu, <span style=\"font-weight: 400;\">Librarian<\/span><br \/>\n<a href=\"mailto:carla.banu@scoalababel.ro\">carla.banu@scoalababel.ro<\/a><\/p>\n<p><strong><b>For proposing workshops and courses for children and adults<\/b><\/strong><br \/>\nLumini\u021ba Nica, Afterschool Program <span style=\"font-weight: 400;\">Coordinator &#038; Partnerships<\/span><br \/>\n<a href=\"mailto:luminita.nica@scoalababel.ro\">luminita.nica@scoalababel.ro<\/a><\/p>\n<p><strong><b>For events dedicated to the parents community<\/b><\/strong><br \/>\nAnca Uzun, <span style=\"font-weight: 400;\">Education Counselor <\/span><br \/>\n<a href=\"mailto:anca.uzun@scoalababel.ro\">anca.uzun@scoalababel.ro<\/a><\/p>\n<p><strong><b>For relationship with media, sponsors and events<\/b><\/strong><br \/>\nAna Fi\u021b, <span style=\"font-weight: 400;\">Communication Coordinator <\/span><br \/>\n<a href=\"mailto:ana.fit@scoalababel.ro\">ana.fit@scoalababel.ro<\/a>[\/vc_column_text][\/vc_column][\/vc_row][vc_row css=&#8221;.vc_custom_1568813383592{background-color: #ffffff !important;}&#8221; parallax_style=&#8221;none&#8221; parallax_scroll_effect=&#8221;fixed&#8221; el_class=&#8221;bg-content-box cupid-margin-bottom-125&#8243;][vc_column]\n<div class=\"wpcf7 no-js\" id=\"wpcf7-f272-o1\" lang=\"en-US\" dir=\"ltr\" data-wpcf7-id=\"272\">\n<div class=\"screen-reader-response\"><p role=\"status\" aria-live=\"polite\" aria-atomic=\"true\"><\/p> <ul><\/ul><\/div>\n<form action=\"\/en\/wp-json\/wp\/v2\/pages\/254#wpcf7-f272-o1\" method=\"post\" class=\"wpcf7-form init\" aria-label=\"Contact form\" novalidate=\"novalidate\" data-status=\"init\">\n<fieldset class=\"hidden-fields-container\"><input type=\"hidden\" name=\"_wpcf7\" value=\"272\" \/><input type=\"hidden\" name=\"_wpcf7_version\" value=\"6.1.5\" \/><input type=\"hidden\" name=\"_wpcf7_locale\" value=\"en_US\" \/><input type=\"hidden\" name=\"_wpcf7_unit_tag\" value=\"wpcf7-f272-o1\" \/><input type=\"hidden\" name=\"_wpcf7_container_post\" value=\"0\" \/><input type=\"hidden\" name=\"_wpcf7_posted_data_hash\" value=\"\" \/><input type=\"hidden\" name=\"lang\" value=\"en\" \/><input type=\"hidden\" name=\"_wpcf7_recaptcha_response\" value=\"\" \/>\n<\/fieldset>\n<div class=\"row contact-form-contact-us row\">\n\t<div class=\"col-md-2 col-sm-12 contact-form-contact-us-left\">\n\t\t<h3>Trimite-ne un mesaj\n\t\t<\/h3>\n\t\t<p>Please send us your message when you need help.\n\t\t<\/p>\n\t<\/div>\n\t<div class=\"col-md-10 col-sm-12 contact-form-contact-us-right\">\n\t\t<div class=\"row\">\n\t\t\t<div class=\"col-md-6 col-sm-12 contact-form-input\">\n\t\t\t\t<p><span class=\"wpcf7-form-control-wrap\" data-name=\"your-name\"><input size=\"40\" maxlength=\"400\" class=\"wpcf7-form-control wpcf7-text wpcf7-validates-as-required\" id=\"your-name\" aria-required=\"true\" aria-invalid=\"false\" placeholder=\"Nume*\" value=\"\" type=\"text\" name=\"your-name\" \/><\/span>\n\t\t\t\t<\/p>\n\t\t\t<\/div>\n\t\t\t<div class=\"col-md-6 col-sm-12 contact-form-input\">\n\t\t\t\t<p><span class=\"wpcf7-form-control-wrap\" data-name=\"your-email\"><input size=\"40\" maxlength=\"400\" class=\"wpcf7-form-control wpcf7-email wpcf7-validates-as-required wpcf7-text wpcf7-validates-as-email\" id=\"your-email\" aria-required=\"true\" aria-invalid=\"false\" placeholder=\"Adres\u0103 E-mail*\" value=\"\" type=\"email\" name=\"your-email\" \/><\/span>\n\t\t\t\t<\/p>\n\t\t\t<\/div>\n\t\t\t<div class=\"col-md-12 col-sm-12 contact-form-input\">\n\t\t\t\t<p><span class=\"wpcf7-form-control-wrap\" data-name=\"your-message\"><textarea cols=\"4\" rows=\"10\" maxlength=\"2000\" class=\"wpcf7-form-control wpcf7-textarea wpcf7-validates-as-required\" id=\"your-message\" aria-required=\"true\" aria-invalid=\"false\" placeholder=\"Mesaj...*\" name=\"your-message\"><\/textarea><\/span><span id=\"wpcf7-69d29240ba0f4-wrapper\" class=\"wpcf7-form-control-wrap honeypot-527-wrap\" style=\"display:none !important; visibility:hidden !important;\"><label for=\"wpcf7-69d29240ba0f4-field\" class=\"hp-message\">Please leave this field empty.<\/label><input id=\"wpcf7-69d29240ba0f4-field\"  class=\"wpcf7-form-control wpcf7-text\" type=\"text\" name=\"honeypot-527\" value=\"\" size=\"40\" tabindex=\"-1\" autocomplete=\"new-password\" \/><\/span>\n\t\t\t\t<\/p>\n\t\t\t<\/div>\n\t\t\t<div class=\"col-md-6 col-sm-12 contact-form-input\">\n\t\t\t\t<div id=\"cf7sr-69d29240babac\" class=\"cf7sr-g-recaptcha\" data-theme=\"light\" data-type=\"image\" data-size=\"normal\" data-sitekey=\"6LcVr7sUAAAAANGOO9wpf3JHiKwxtKTxbbyFyk__\"><\/div><span class=\"wpcf7-form-control-wrap cf7sr-recaptcha\" data-name=\"cf7sr-recaptcha\"><input type=\"hidden\" name=\"cf7sr-recaptcha\" value=\"\" class=\"wpcf7-form-control\"><\/span>\n\t\t\t\t<\/p>\n\t\t\t<\/div>\n\t\t\t<div class=\"col-md-6 col-sm-12 contact-form-submit\">\n\t\t\t\t<p><input class=\"wpcf7-form-control wpcf7-submit has-spinner cupid-button button-sm\" id=\"submit\" type=\"submit\" value=\"Timite\" \/>\n\t\t\t\t<\/p>\n\t\t\t<\/div>\n\t\t<\/div>\n\t<\/div>\n<\/div><div class=\"wpcf7-response-output\" aria-hidden=\"true\"><\/div>\n<\/form>\n<\/div>\n[\/vc_column][\/vc_row][vc_row el_class=&#8221;cupid-margin-bottom-80&#8243; parallax_style=&#8221;none&#8221; parallax_scroll_effect=&#8221;fixed&#8221;][vc_column][vc_gmaps link=&#8221;#E-8_JTNDaWZyYW1lJTIwc3JjJTNEJTIyaHR0cHMlM0ElMkYlMkZ3d3cuZ29vZ2xlLmNvbSUyRm1hcHMlMkZlbWJlZCUzRnBiJTNEJTIxMW0xOCUyMTFtMTIlMjExbTMlMjExZDI3ODQuMjI0ODY4OTQ4NTc0JTIxMmQyMS4yNDUwNDQ1MTExMjg5NjclMjEzZDQ1Ljc0NjYzNzY2NTYxODg2JTIxMm0zJTIxMWYwJTIxMmYwJTIxM2YwJTIxM20yJTIxMWkxMDI0JTIxMmk3NjglMjE0ZjEzLjElMjEzbTMlMjExbTIlMjExczB4NDc0NTVkOGIwNjQ5MGRhZCUyNTNBMHg5NWNlMGUyZTVjYWMwNDEyJTIxMnNTY29hbGElMjUyMEJhYmVsJTIxNWUwJTIxM20yJTIxMXNlbiUyMTJzcm8lMjE0djE1NjgwMzM1NTI5MDIlMjE1bTIlMjExc2VuJTIxMnNybyUyMiUyMHdpZHRoJTNEJTIyNjAwJTIyJTIwaGVpZ2h0JTNEJTIyNDUwJTIyJTIwZnJhbWVib3JkZXIlM0QlMjIwJTIyJTIwc3R5bGUlM0QlMjJib3JkZXIlM0EwJTNCJTIyJTIwYWxsb3dmdWxsc2NyZWVuJTNEJTIyJTIyJTNFJTNDJTJGaWZyYW1lJTNF&#8221; size=&#8221;500&#8243;][\/vc_column][\/vc_row]<\/p>\n","protected":false},"excerpt":{"rendered":"<p>[vc_row][vc_column][vc_column_text css=&#8221;.vc_custom_1601377916984{margin-bottom: 20px !important;}&#8221;]You can write us an email at contact@scoalababel.ro or you can contact us according to what you need.[\/vc_column_text][\/vc_column][\/vc_row][vc_row][vc_column width=&#8221;1\/2&#8243;][vc_column_text]Regarding admission at our school Anna Matei, Administrator contact@scoalababel.ro Regarding extracurricular activities Clara Pongor, Secretary &#038; Coordinator of Extracurricular activities and the Join Learning Program clara.pongor@scoalababel.ro Regarding the Afterschool Program Lumini\u021ba Nica, Afterschool Program [&hellip;]<\/p>\n","protected":false},"author":1,"featured_media":0,"parent":3060,"menu_order":20,"comment_status":"closed","ping_status":"closed","template":"","meta":{"footnotes":""},"class_list":["post-254","page","type-page","status-publish","hentry"],"yoast_head":"<!-- This site is optimized with the Yoast SEO plugin v27.3 - https:\/\/yoast.com\/product\/yoast-seo-wordpress\/ -->\n<title>\u0218coala Primar\u0103 Babel. Contacteaz\u0103-ne!<\/title>\n<meta name=\"description\" content=\"Contacteaz\u0103-ne! Ne g\u0103se\u0219ti la adresa: Splaiul Tudor Vladimirescu, nr. 9, Timi\u0219oara \u0219i r\u0103spundem cu drag la nr. 0256\/244.404, e-mail: contact@scoalababel.ro\" \/>\n<meta name=\"robots\" content=\"index, follow, max-snippet:-1, max-image-preview:large, max-video-preview:-1\" \/>\n<link rel=\"canonical\" href=\"https:\/\/www.scoalababel.ro\/en\/contact\/ia-legatura-cu-noi\/\" \/>\n<meta property=\"og:locale\" content=\"en_US\" \/>\n<meta property=\"og:locale:alternate\" content=\"ro_RO\" \/>\n<meta property=\"og:type\" content=\"article\" \/>\n<meta property=\"og:title\" content=\"\u0218coala Primar\u0103 Babel. Contacteaz\u0103-ne!\" \/>\n<meta property=\"og:description\" content=\"Contacteaz\u0103-ne! Ne g\u0103se\u0219ti la adresa: Splaiul Tudor Vladimirescu, nr. 9, Timi\u0219oara \u0219i r\u0103spundem cu drag la nr. 0256\/244.404, e-mail: contact@scoalababel.ro\" \/>\n<meta property=\"og:url\" content=\"https:\/\/www.scoalababel.ro\/en\/contact\/ia-legatura-cu-noi\/\" \/>\n<meta property=\"og:site_name\" content=\"\u0218coala Babel\" \/>\n<meta property=\"article:publisher\" content=\"https:\/\/www.facebook.com\/scoalababel\/\" \/>\n<meta property=\"article:modified_time\" content=\"2023-08-22T11:02:12+00:00\" \/>\n<meta name=\"twitter:card\" content=\"summary_large_image\" \/>\n<meta name=\"twitter:label1\" content=\"Est. reading time\" \/>\n\t<meta name=\"twitter:data1\" content=\"1 minute\" \/>\n<script type=\"application\/ld+json\" class=\"yoast-schema-graph\">{\"@context\":\"https:\\\/\\\/schema.org\",\"@graph\":[{\"@type\":\"WebPage\",\"@id\":\"https:\\\/\\\/www.scoalababel.ro\\\/contact\\\/ia-legatura-cu-noi\\\/\",\"url\":\"https:\\\/\\\/www.scoalababel.ro\\\/contact\\\/ia-legatura-cu-noi\\\/\",\"name\":\"\u0218coala Primar\u0103 Babel. Contacteaz\u0103-ne!\",\"isPartOf\":{\"@id\":\"https:\\\/\\\/www.scoalababel.ro\\\/#website\"},\"datePublished\":\"2015-03-03T09:43:53+00:00\",\"dateModified\":\"2023-08-22T11:02:12+00:00\",\"description\":\"Contacteaz\u0103-ne! Ne g\u0103se\u0219ti la adresa: Splaiul Tudor Vladimirescu, nr. 9, Timi\u0219oara \u0219i r\u0103spundem cu drag la nr. 0256\\\/244.404, e-mail: contact@scoalababel.ro\",\"breadcrumb\":{\"@id\":\"https:\\\/\\\/www.scoalababel.ro\\\/contact\\\/ia-legatura-cu-noi\\\/#breadcrumb\"},\"inLanguage\":\"en-US\",\"potentialAction\":[{\"@type\":\"ReadAction\",\"target\":[\"https:\\\/\\\/www.scoalababel.ro\\\/contact\\\/ia-legatura-cu-noi\\\/\"]}]},{\"@type\":\"BreadcrumbList\",\"@id\":\"https:\\\/\\\/www.scoalababel.ro\\\/contact\\\/ia-legatura-cu-noi\\\/#breadcrumb\",\"itemListElement\":[{\"@type\":\"ListItem\",\"position\":1,\"name\":\"Home\",\"item\":\"https:\\\/\\\/www.scoalababel.ro\\\/\"},{\"@type\":\"ListItem\",\"position\":2,\"name\":\"Contact\",\"item\":\"https:\\\/\\\/www.scoalababel.ro\\\/contact\\\/\"},{\"@type\":\"ListItem\",\"position\":3,\"name\":\"Ia leg\u0103tura cu noi\"}]},{\"@type\":\"WebSite\",\"@id\":\"https:\\\/\\\/www.scoalababel.ro\\\/#website\",\"url\":\"https:\\\/\\\/www.scoalababel.ro\\\/\",\"name\":\"\u0218coala Babel\",\"description\":\"\u0218coala Babel\",\"potentialAction\":[{\"@type\":\"SearchAction\",\"target\":{\"@type\":\"EntryPoint\",\"urlTemplate\":\"https:\\\/\\\/www.scoalababel.ro\\\/?s={search_term_string}\"},\"query-input\":{\"@type\":\"PropertyValueSpecification\",\"valueRequired\":true,\"valueName\":\"search_term_string\"}}],\"inLanguage\":\"en-US\"}]}<\/script>\n<!-- \/ Yoast SEO plugin. -->","yoast_head_json":{"title":"\u0218coala Primar\u0103 Babel. Contacteaz\u0103-ne!","description":"Contacteaz\u0103-ne! Ne g\u0103se\u0219ti la adresa: Splaiul Tudor Vladimirescu, nr. 9, Timi\u0219oara \u0219i r\u0103spundem cu drag la nr. 0256\/244.404, e-mail: contact@scoalababel.ro","robots":{"index":"index","follow":"follow","max-snippet":"max-snippet:-1","max-image-preview":"max-image-preview:large","max-video-preview":"max-video-preview:-1"},"canonical":"https:\/\/www.scoalababel.ro\/en\/contact\/ia-legatura-cu-noi\/","og_locale":"en_US","og_type":"article","og_title":"\u0218coala Primar\u0103 Babel. Contacteaz\u0103-ne!","og_description":"Contacteaz\u0103-ne! Ne g\u0103se\u0219ti la adresa: Splaiul Tudor Vladimirescu, nr. 9, Timi\u0219oara \u0219i r\u0103spundem cu drag la nr. 0256\/244.404, e-mail: contact@scoalababel.ro","og_url":"https:\/\/www.scoalababel.ro\/en\/contact\/ia-legatura-cu-noi\/","og_site_name":"\u0218coala Babel","article_publisher":"https:\/\/www.facebook.com\/scoalababel\/","article_modified_time":"2023-08-22T11:02:12+00:00","twitter_card":"summary_large_image","twitter_misc":{"Est. reading time":"1 minute"},"schema":{"@context":"https:\/\/schema.org","@graph":[{"@type":"WebPage","@id":"https:\/\/www.scoalababel.ro\/contact\/ia-legatura-cu-noi\/","url":"https:\/\/www.scoalababel.ro\/contact\/ia-legatura-cu-noi\/","name":"\u0218coala Primar\u0103 Babel. Contacteaz\u0103-ne!","isPartOf":{"@id":"https:\/\/www.scoalababel.ro\/#website"},"datePublished":"2015-03-03T09:43:53+00:00","dateModified":"2023-08-22T11:02:12+00:00","description":"Contacteaz\u0103-ne! Ne g\u0103se\u0219ti la adresa: Splaiul Tudor Vladimirescu, nr. 9, Timi\u0219oara \u0219i r\u0103spundem cu drag la nr. 0256\/244.404, e-mail: contact@scoalababel.ro","breadcrumb":{"@id":"https:\/\/www.scoalababel.ro\/contact\/ia-legatura-cu-noi\/#breadcrumb"},"inLanguage":"en-US","potentialAction":[{"@type":"ReadAction","target":["https:\/\/www.scoalababel.ro\/contact\/ia-legatura-cu-noi\/"]}]},{"@type":"BreadcrumbList","@id":"https:\/\/www.scoalababel.ro\/contact\/ia-legatura-cu-noi\/#breadcrumb","itemListElement":[{"@type":"ListItem","position":1,"name":"Home","item":"https:\/\/www.scoalababel.ro\/"},{"@type":"ListItem","position":2,"name":"Contact","item":"https:\/\/www.scoalababel.ro\/contact\/"},{"@type":"ListItem","position":3,"name":"Ia leg\u0103tura cu noi"}]},{"@type":"WebSite","@id":"https:\/\/www.scoalababel.ro\/#website","url":"https:\/\/www.scoalababel.ro\/","name":"\u0218coala Babel","description":"\u0218coala Babel","potentialAction":[{"@type":"SearchAction","target":{"@type":"EntryPoint","urlTemplate":"https:\/\/www.scoalababel.ro\/?s={search_term_string}"},"query-input":{"@type":"PropertyValueSpecification","valueRequired":true,"valueName":"search_term_string"}}],"inLanguage":"en-US"}]}},"_links":{"self":[{"href":"https:\/\/www.scoalababel.ro\/en\/wp-json\/wp\/v2\/pages\/254","targetHints":{"allow":["GET"]}}],"collection":[{"href":"https:\/\/www.scoalababel.ro\/en\/wp-json\/wp\/v2\/pages"}],"about":[{"href":"https:\/\/www.scoalababel.ro\/en\/wp-json\/wp\/v2\/types\/page"}],"author":[{"embeddable":true,"href":"https:\/\/www.scoalababel.ro\/en\/wp-json\/wp\/v2\/users\/1"}],"replies":[{"embeddable":true,"href":"https:\/\/www.scoalababel.ro\/en\/wp-json\/wp\/v2\/comments?post=254"}],"version-history":[{"count":35,"href":"https:\/\/www.scoalababel.ro\/en\/wp-json\/wp\/v2\/pages\/254\/revisions"}],"predecessor-version":[{"id":5461,"href":"https:\/\/www.scoalababel.ro\/en\/wp-json\/wp\/v2\/pages\/254\/revisions\/5461"}],"up":[{"embeddable":true,"href":"https:\/\/www.scoalababel.ro\/en\/wp-json\/wp\/v2\/pages\/3060"}],"wp:attachment":[{"href":"https:\/\/www.scoalababel.ro\/en\/wp-json\/wp\/v2\/media?parent=254"}],"curies":[{"name":"wp","href":"https:\/\/api.w.org\/{rel}","templated":true}]}}