{"id":2669,"date":"2018-05-17T12:15:01","date_gmt":"2018-05-17T12:15:01","guid":{"rendered":"http:\/\/www.scoalababel.ro\/?page_id=2669"},"modified":"2018-05-17T12:15:01","modified_gmt":"2018-05-17T12:15:01","slug":"scoala-babel-creste","status":"publish","type":"page","link":"https:\/\/www.scoalababel.ro\/en\/comunitate\/proiecte\/scoala-babel-creste\/","title":{"rendered":"\u0218coala Babel cre\u0219te!"},"content":{"rendered":"<p>[vc_row][vc_column][vc_column_text]<\/p>\n<p style=\"text-align: justify;\">Avem ve\u0219ti bune pentru to\u021bi p\u0103rin\u021bii ce doresc s\u0103 \u00eenceap\u0103 un nou drum din septembrie 2018 al\u0103turi de copiii lor &#8211; <strong>\u0218coala Babel cre\u0219te!<\/strong><\/p>\n<p style=\"text-align: justify;\">V\u0103 propunem dou\u0103 seri de informare &#8211;\u00a0dedicate\u00a0ciclului primar \u0219i gimnazial\u00a0(clasa a V-a) \u0219i\u00a0v\u0103 a\u0219tept\u0103m cu drag la noul sediu al \u0218colii Babel, Str. 1 Decembrie 1918,\u00a0nr. 93. Iar dac\u0103 sunte\u021bi deja parte a comunit\u0103\u021bii noastre, ajuta\u021bi-ne s\u0103 d\u0103m vestea mai departe!<\/p>\n<p>Pentru participarea la evenimente v\u0103 rug\u0103m s\u0103 completa\u021bi acest <strong><em><a title=\"Formular de inscriere\" href=\"https:\/\/goo.gl\/forms\/rQ2MvTd2q0fDObSo1\" target=\"_blank\" data-cke-saved-href=\"https:\/\/goo.gl\/forms\/rQ2MvTd2q0fDObSo1\">formular\u00a0de \u00eenscriere<\/a><\/em>.<\/strong><\/p>\n<p>[\/vc_column_text][vc_empty_space][\/vc_column][\/vc_row][vc_row][vc_column][vc_single_image image=&#8221;2670&#8243; img_size=&#8221;large&#8221; alignment=&#8221;center&#8221;][\/vc_column][\/vc_row][vc_row][vc_column][vc_empty_space][vc_column_text]<\/p>\n<p style=\"text-align: justify;\">\u0218coala Primar\u0103 Babel este rezultatul\u00a0colabor\u0103rii\u00a0\u0219i dialogului \u00eentre copii, profesori, p\u0103rin\u021bi \u0219i comunitate. \u00cen acest moment finaliz\u0103m procesul de construire a echipei de profesori pentru gimnaziu \u0219i este o bucurie pentru noi s\u0103 v\u0103 prezent\u0103m acest nou\u00a0proiect!<\/p>\n<p>[\/vc_column_text][\/vc_column][\/vc_row]<\/p>\n","protected":false},"excerpt":{"rendered":"<p>[vc_row][vc_column][vc_column_text] Avem ve\u0219ti bune pentru to\u021bi p\u0103rin\u021bii ce doresc s\u0103 \u00eenceap\u0103 un nou drum din septembrie 2018 al\u0103turi de copiii lor &#8211; \u0218coala Babel cre\u0219te! V\u0103 propunem dou\u0103 seri de informare &#8211;\u00a0dedicate\u00a0ciclului primar \u0219i gimnazial\u00a0(clasa a V-a) \u0219i\u00a0v\u0103 a\u0219tept\u0103m cu drag la noul sediu al \u0218colii Babel, Str. 1 Decembrie 1918,\u00a0nr. 93. Iar dac\u0103 sunte\u021bi [&hellip;]<\/p>\n","protected":false},"author":3,"featured_media":0,"parent":2520,"menu_order":0,"comment_status":"closed","ping_status":"closed","template":"","meta":{"footnotes":""},"class_list":["post-2669","page","type-page","status-publish","hentry"],"yoast_head":"<!-- This site is optimized with the Yoast SEO plugin v27.5 - https:\/\/yoast.com\/product\/yoast-seo-wordpress\/ -->\n<title>\u0218coala Babel cre\u0219te! - \u0218coala Babel<\/title>\n<meta name=\"robots\" content=\"index, follow, max-snippet:-1, max-image-preview:large, max-video-preview:-1\" \/>\n<link rel=\"canonical\" href=\"https:\/\/www.scoalababel.ro\/en\/comunitate\/proiecte\/scoala-babel-creste\/\" \/>\n<meta property=\"og:locale\" content=\"en_US\" \/>\n<meta property=\"og:locale:alternate\" content=\"ro_RO\" \/>\n<meta property=\"og:type\" content=\"article\" \/>\n<meta property=\"og:title\" content=\"\u0218coala Babel cre\u0219te! - \u0218coala Babel\" \/>\n<meta property=\"og:description\" content=\"[vc_row][vc_column][vc_column_text] Avem ve\u0219ti bune pentru to\u021bi p\u0103rin\u021bii ce doresc s\u0103 \u00eenceap\u0103 un nou drum din septembrie 2018 al\u0103turi de copiii lor &#8211; \u0218coala Babel cre\u0219te! V\u0103 propunem dou\u0103 seri de informare &#8211;\u00a0dedicate\u00a0ciclului primar \u0219i gimnazial\u00a0(clasa a V-a) \u0219i\u00a0v\u0103 a\u0219tept\u0103m cu drag la noul sediu al \u0218colii Babel, Str. 1 Decembrie 1918,\u00a0nr. 93. Iar dac\u0103 sunte\u021bi [&hellip;]\" \/>\n<meta property=\"og:url\" content=\"https:\/\/www.scoalababel.ro\/en\/comunitate\/proiecte\/scoala-babel-creste\/\" \/>\n<meta property=\"og:site_name\" content=\"\u0218coala Babel\" \/>\n<meta property=\"article:publisher\" content=\"https:\/\/www.facebook.com\/scoalababel\/\" \/>\n<meta name=\"twitter:card\" content=\"summary_large_image\" \/>\n<meta name=\"twitter:label1\" content=\"Est. reading time\" \/>\n\t<meta name=\"twitter:data1\" content=\"1 minute\" \/>\n<script type=\"application\/ld+json\" class=\"yoast-schema-graph\">{\"@context\":\"https:\\\/\\\/schema.org\",\"@graph\":[{\"@type\":\"WebPage\",\"@id\":\"https:\\\/\\\/www.scoalababel.ro\\\/comunitate\\\/proiecte\\\/scoala-babel-creste\\\/\",\"url\":\"https:\\\/\\\/www.scoalababel.ro\\\/comunitate\\\/proiecte\\\/scoala-babel-creste\\\/\",\"name\":\"\u0218coala Babel cre\u0219te! - \u0218coala Babel\",\"isPartOf\":{\"@id\":\"https:\\\/\\\/www.scoalababel.ro\\\/#website\"},\"datePublished\":\"2018-05-17T12:15:01+00:00\",\"breadcrumb\":{\"@id\":\"https:\\\/\\\/www.scoalababel.ro\\\/comunitate\\\/proiecte\\\/scoala-babel-creste\\\/#breadcrumb\"},\"inLanguage\":\"en-US\",\"potentialAction\":[{\"@type\":\"ReadAction\",\"target\":[\"https:\\\/\\\/www.scoalababel.ro\\\/comunitate\\\/proiecte\\\/scoala-babel-creste\\\/\"]}]},{\"@type\":\"BreadcrumbList\",\"@id\":\"https:\\\/\\\/www.scoalababel.ro\\\/comunitate\\\/proiecte\\\/scoala-babel-creste\\\/#breadcrumb\",\"itemListElement\":[{\"@type\":\"ListItem\",\"position\":1,\"name\":\"Home\",\"item\":\"https:\\\/\\\/www.scoalababel.ro\\\/\"},{\"@type\":\"ListItem\",\"position\":2,\"name\":\"Comunitate\",\"item\":\"https:\\\/\\\/www.scoalababel.ro\\\/comunitate\\\/\"},{\"@type\":\"ListItem\",\"position\":3,\"name\":\"Proiecte\",\"item\":\"https:\\\/\\\/www.scoalababel.ro\\\/comunitate\\\/proiecte\\\/\"},{\"@type\":\"ListItem\",\"position\":4,\"name\":\"\u0218coala Babel cre\u0219te!\"}]},{\"@type\":\"WebSite\",\"@id\":\"https:\\\/\\\/www.scoalababel.ro\\\/#website\",\"url\":\"https:\\\/\\\/www.scoalababel.ro\\\/\",\"name\":\"\u0218coala Babel\",\"description\":\"\u0218coala Babel\",\"potentialAction\":[{\"@type\":\"SearchAction\",\"target\":{\"@type\":\"EntryPoint\",\"urlTemplate\":\"https:\\\/\\\/www.scoalababel.ro\\\/?s={search_term_string}\"},\"query-input\":{\"@type\":\"PropertyValueSpecification\",\"valueRequired\":true,\"valueName\":\"search_term_string\"}}],\"inLanguage\":\"en-US\"}]}<\/script>\n<!-- \/ Yoast SEO plugin. -->","yoast_head_json":{"title":"\u0218coala Babel cre\u0219te! - \u0218coala Babel","robots":{"index":"index","follow":"follow","max-snippet":"max-snippet:-1","max-image-preview":"max-image-preview:large","max-video-preview":"max-video-preview:-1"},"canonical":"https:\/\/www.scoalababel.ro\/en\/comunitate\/proiecte\/scoala-babel-creste\/","og_locale":"en_US","og_type":"article","og_title":"\u0218coala Babel cre\u0219te! - \u0218coala Babel","og_description":"[vc_row][vc_column][vc_column_text] Avem ve\u0219ti bune pentru to\u021bi p\u0103rin\u021bii ce doresc s\u0103 \u00eenceap\u0103 un nou drum din septembrie 2018 al\u0103turi de copiii lor &#8211; \u0218coala Babel cre\u0219te! V\u0103 propunem dou\u0103 seri de informare &#8211;\u00a0dedicate\u00a0ciclului primar \u0219i gimnazial\u00a0(clasa a V-a) \u0219i\u00a0v\u0103 a\u0219tept\u0103m cu drag la noul sediu al \u0218colii Babel, Str. 1 Decembrie 1918,\u00a0nr. 93. Iar dac\u0103 sunte\u021bi [&hellip;]","og_url":"https:\/\/www.scoalababel.ro\/en\/comunitate\/proiecte\/scoala-babel-creste\/","og_site_name":"\u0218coala Babel","article_publisher":"https:\/\/www.facebook.com\/scoalababel\/","twitter_card":"summary_large_image","twitter_misc":{"Est. reading time":"1 minute"},"schema":{"@context":"https:\/\/schema.org","@graph":[{"@type":"WebPage","@id":"https:\/\/www.scoalababel.ro\/comunitate\/proiecte\/scoala-babel-creste\/","url":"https:\/\/www.scoalababel.ro\/comunitate\/proiecte\/scoala-babel-creste\/","name":"\u0218coala Babel cre\u0219te! - \u0218coala Babel","isPartOf":{"@id":"https:\/\/www.scoalababel.ro\/#website"},"datePublished":"2018-05-17T12:15:01+00:00","breadcrumb":{"@id":"https:\/\/www.scoalababel.ro\/comunitate\/proiecte\/scoala-babel-creste\/#breadcrumb"},"inLanguage":"en-US","potentialAction":[{"@type":"ReadAction","target":["https:\/\/www.scoalababel.ro\/comunitate\/proiecte\/scoala-babel-creste\/"]}]},{"@type":"BreadcrumbList","@id":"https:\/\/www.scoalababel.ro\/comunitate\/proiecte\/scoala-babel-creste\/#breadcrumb","itemListElement":[{"@type":"ListItem","position":1,"name":"Home","item":"https:\/\/www.scoalababel.ro\/"},{"@type":"ListItem","position":2,"name":"Comunitate","item":"https:\/\/www.scoalababel.ro\/comunitate\/"},{"@type":"ListItem","position":3,"name":"Proiecte","item":"https:\/\/www.scoalababel.ro\/comunitate\/proiecte\/"},{"@type":"ListItem","position":4,"name":"\u0218coala Babel cre\u0219te!"}]},{"@type":"WebSite","@id":"https:\/\/www.scoalababel.ro\/#website","url":"https:\/\/www.scoalababel.ro\/","name":"\u0218coala Babel","description":"\u0218coala Babel","potentialAction":[{"@type":"SearchAction","target":{"@type":"EntryPoint","urlTemplate":"https:\/\/www.scoalababel.ro\/?s={search_term_string}"},"query-input":{"@type":"PropertyValueSpecification","valueRequired":true,"valueName":"search_term_string"}}],"inLanguage":"en-US"}]}},"_links":{"self":[{"href":"https:\/\/www.scoalababel.ro\/en\/wp-json\/wp\/v2\/pages\/2669","targetHints":{"allow":["GET"]}}],"collection":[{"href":"https:\/\/www.scoalababel.ro\/en\/wp-json\/wp\/v2\/pages"}],"about":[{"href":"https:\/\/www.scoalababel.ro\/en\/wp-json\/wp\/v2\/types\/page"}],"author":[{"embeddable":true,"href":"https:\/\/www.scoalababel.ro\/en\/wp-json\/wp\/v2\/users\/3"}],"replies":[{"embeddable":true,"href":"https:\/\/www.scoalababel.ro\/en\/wp-json\/wp\/v2\/comments?post=2669"}],"version-history":[{"count":2,"href":"https:\/\/www.scoalababel.ro\/en\/wp-json\/wp\/v2\/pages\/2669\/revisions"}],"predecessor-version":[{"id":2672,"href":"https:\/\/www.scoalababel.ro\/en\/wp-json\/wp\/v2\/pages\/2669\/revisions\/2672"}],"up":[{"embeddable":true,"href":"https:\/\/www.scoalababel.ro\/en\/wp-json\/wp\/v2\/pages\/2520"}],"wp:attachment":[{"href":"https:\/\/www.scoalababel.ro\/en\/wp-json\/wp\/v2\/media?parent=2669"}],"curies":[{"name":"wp","href":"https:\/\/api.w.org\/{rel}","templated":true}]}}