{"id":2692,"date":"2018-06-07T10:27:43","date_gmt":"2018-06-07T10:27:43","guid":{"rendered":"http:\/\/www.scoalababel.ro\/?page_id=2692"},"modified":"2019-09-09T13:29:00","modified_gmt":"2019-09-09T13:29:00","slug":"programul-stiintescu","status":"publish","type":"page","link":"https:\/\/www.scoalababel.ro\/en\/programul-stiintescu\/","title":{"rendered":"MAKERS SQUAD, prin programul \u0218tiin\u021bescu"},"content":{"rendered":"<p>[vc_row][vc_column][vc_column_text]<\/p>\n<h3><a href=\"http:\/\/www.scoalababel.ro\/sustin-educatia\/timotion\/\"><strong>Makerspace@scoalababel<\/strong><\/a><\/h3>\n<p>prezint\u0103<\/p>\n<h3 style=\"text-align: center;\"><span style=\"color: #800080;\">MAKERS SQUAD<\/span><\/h3>\n<h3><\/h3>\n<p>[\/vc_column_text][\/vc_column][\/vc_row][vc_row][vc_column][vc_cta h2=&#8221;&#8221; h4=&#8221;Prima \u0219coal\u0103 de var\u0103 de \u0219tiin\u021be \u0219i tehnologie pentru copiii cu idei din Timi\u0219oara&#8221; txt_align=&#8221;center&#8221;]<\/p>\n<p style=\"text-align: center;\"><strong>\u00ce\u021bi plac experimentele, proiectele personale, robotica? Ai \u00eentre 9 \u0219i 12 ani?<\/strong><\/p>\n<p style=\"text-align: center;\">Vino al\u0103turi de <strong>Alin<\/strong>, <strong>Octavia<\/strong> si <strong>Jay<\/strong>, mentorii \u0218tiintescu,\u00a0s\u0103 dai via\u021b\u0103 proiectelor tale\u00a0\u00een\u00a0<span style=\"color: #800080;\"><strong>Makerspace@scoalababel<\/strong><\/span><strong>!<\/strong><\/p>\n<p>[\/vc_cta][\/vc_column][\/vc_row][vc_row][vc_column][vc_column_text]<\/p>\n<p style=\"text-align: justify;\">Acces gratuit prin <strong><a href=\"http:\/\/stiintescu.ro\/\">Fondul \u0218tiin\u021bescu,<\/a>\u00a0<\/strong>program de finan\u021bare pentru proiecte educa\u021bionale al <a href=\"https:\/\/ffcr.ro\/\">FFCR (Federa\u021bia Funda\u021biilor Comunitare din Romania)<\/a>, \u00een parteneriat cu <a href=\"http:\/\/www.rafonline.org\/\">Romanian &#8211; American Foundation<\/a>.<\/p>\n<p style=\"text-align: center;\"><strong>9-20 iulie<\/strong><br \/>\n<strong>\u0218coala Babel<\/strong><\/p>\n<p style=\"text-align: center;\">\u00a0Timi\u0219oara, Str.1 Decembrie 1918, nr.93<\/p>\n<p>[\/vc_column_text][\/vc_column][\/vc_row][vc_row][vc_column][vc_cta h2=&#8221;&#8221; h4=&#8221;Parola de intrare in Makerspace&#8221; txt_align=&#8221;center&#8221;]<\/p>\n<p style=\"text-align: center;\">Realizeaz\u0103 un <span style=\"color: #800080;\"><strong>poster\/video\/text<\/strong> <\/span>\u00een care s\u0103 r\u0103spunzi la \u00eentreb\u0103rile:<\/p>\n<p style=\"text-align: center;\"><span style=\"color: #800080;\"><strong>Ce \u021bi-ar pl\u0103cea s\u0103 inventezi pentru a face via\u021ba mai frumoas\u0103?\u00a0<\/strong><\/span><span style=\"color: #800080;\"><strong>Ce ai avea nevoie\u00a0pentru a putea face asta?<\/strong><\/span><\/p>\n<p style=\"text-align: center;\">Trimite-ne r\u0103spunsul p\u00e2n\u0103 \u00een <strong>25 iunie<\/strong>\u00a0pe adresa de email <strong><em>contact@scoalababel.ro<\/em><\/strong> \u0219i vei primi parola de intrare.<\/p>\n<p style=\"text-align: center;\">Locurile \u00een\u00a0Makers Squad sunt limitate (20)! \u00censcrierea la atelier este condi\u021bionat\u0103 de participarea la ambele s\u0103pt\u0103m\u00e2ni de activit\u0103\u021bi.<\/p>\n<p>[\/vc_cta][\/vc_column][\/vc_row]<\/p>\n","protected":false},"excerpt":{"rendered":"<p>[vc_row][vc_column][vc_column_text] Makerspace@scoalababel prezint\u0103 MAKERS SQUAD [\/vc_column_text][\/vc_column][\/vc_row][vc_row][vc_column][vc_cta h2=&#8221;&#8221; h4=&#8221;Prima \u0219coal\u0103 de var\u0103 de \u0219tiin\u021be \u0219i tehnologie pentru copiii cu idei din Timi\u0219oara&#8221; txt_align=&#8221;center&#8221;] \u00ce\u021bi plac experimentele, proiectele personale, robotica? Ai \u00eentre 9 \u0219i 12 ani? Vino al\u0103turi de Alin, Octavia si Jay, mentorii \u0218tiintescu,\u00a0s\u0103 dai via\u021b\u0103 proiectelor tale\u00a0\u00een\u00a0Makerspace@scoalababel! [\/vc_cta][\/vc_column][\/vc_row][vc_row][vc_column][vc_column_text] Acces gratuit prin Fondul \u0218tiin\u021bescu,\u00a0program de finan\u021bare [&hellip;]<\/p>\n","protected":false},"author":3,"featured_media":0,"parent":0,"menu_order":300,"comment_status":"closed","ping_status":"closed","template":"","meta":{"footnotes":""},"class_list":["post-2692","page","type-page","status-publish","hentry"],"yoast_head":"<!-- This site is optimized with the Yoast SEO plugin v27.5 - https:\/\/yoast.com\/product\/yoast-seo-wordpress\/ -->\n<title>MAKERS SQUAD - Tehnologie \u0219i inventic\u0103, prin programul \u0218tiin\u021bescu<\/title>\n<meta name=\"description\" content=\"\u00ce\u021bi plac experimentele, tehnologia, robotica? Vino al\u0103turi de mentorii \u0218tiintescu s\u0103 dai via\u021b\u0103 proiectelor tale \u00een Makerspace@scoalababel!\" \/>\n<meta name=\"robots\" content=\"index, follow, max-snippet:-1, max-image-preview:large, max-video-preview:-1\" \/>\n<link rel=\"canonical\" href=\"https:\/\/www.scoalababel.ro\/en\/programul-stiintescu\/\" \/>\n<meta property=\"og:locale\" content=\"en_US\" \/>\n<meta property=\"og:locale:alternate\" content=\"ro_RO\" \/>\n<meta property=\"og:type\" content=\"article\" \/>\n<meta property=\"og:title\" content=\"MAKERS SQUAD - Tehnologie \u0219i inventic\u0103, prin programul \u0218tiin\u021bescu\" \/>\n<meta property=\"og:description\" content=\"\u00ce\u021bi plac experimentele, tehnologia, robotica? Vino al\u0103turi de mentorii \u0218tiintescu s\u0103 dai via\u021b\u0103 proiectelor tale \u00een Makerspace@scoalababel!\" \/>\n<meta property=\"og:url\" content=\"https:\/\/www.scoalababel.ro\/en\/programul-stiintescu\/\" \/>\n<meta property=\"og:site_name\" content=\"\u0218coala Babel\" \/>\n<meta property=\"article:publisher\" content=\"https:\/\/www.facebook.com\/scoalababel\/\" \/>\n<meta property=\"article:modified_time\" content=\"2019-09-09T13:29:00+00:00\" \/>\n<meta name=\"twitter:card\" content=\"summary_large_image\" \/>\n<meta name=\"twitter:label1\" content=\"Est. reading time\" \/>\n\t<meta name=\"twitter:data1\" content=\"1 minute\" \/>\n<script type=\"application\/ld+json\" class=\"yoast-schema-graph\">{\"@context\":\"https:\\\/\\\/schema.org\",\"@graph\":[{\"@type\":\"WebPage\",\"@id\":\"https:\\\/\\\/www.scoalababel.ro\\\/programul-stiintescu\\\/\",\"url\":\"https:\\\/\\\/www.scoalababel.ro\\\/programul-stiintescu\\\/\",\"name\":\"MAKERS SQUAD - Tehnologie \u0219i inventic\u0103, prin programul \u0218tiin\u021bescu\",\"isPartOf\":{\"@id\":\"https:\\\/\\\/www.scoalababel.ro\\\/#website\"},\"datePublished\":\"2018-06-07T10:27:43+00:00\",\"dateModified\":\"2019-09-09T13:29:00+00:00\",\"description\":\"\u00ce\u021bi plac experimentele, tehnologia, robotica? Vino al\u0103turi de mentorii \u0218tiintescu s\u0103 dai via\u021b\u0103 proiectelor tale \u00een Makerspace@scoalababel!\",\"breadcrumb\":{\"@id\":\"https:\\\/\\\/www.scoalababel.ro\\\/programul-stiintescu\\\/#breadcrumb\"},\"inLanguage\":\"en-US\",\"potentialAction\":[{\"@type\":\"ReadAction\",\"target\":[\"https:\\\/\\\/www.scoalababel.ro\\\/programul-stiintescu\\\/\"]}]},{\"@type\":\"BreadcrumbList\",\"@id\":\"https:\\\/\\\/www.scoalababel.ro\\\/programul-stiintescu\\\/#breadcrumb\",\"itemListElement\":[{\"@type\":\"ListItem\",\"position\":1,\"name\":\"Home\",\"item\":\"https:\\\/\\\/www.scoalababel.ro\\\/\"},{\"@type\":\"ListItem\",\"position\":2,\"name\":\"MAKERS SQUAD, prin programul \u0218tiin\u021bescu\"}]},{\"@type\":\"WebSite\",\"@id\":\"https:\\\/\\\/www.scoalababel.ro\\\/#website\",\"url\":\"https:\\\/\\\/www.scoalababel.ro\\\/\",\"name\":\"\u0218coala Babel\",\"description\":\"\u0218coala Babel\",\"potentialAction\":[{\"@type\":\"SearchAction\",\"target\":{\"@type\":\"EntryPoint\",\"urlTemplate\":\"https:\\\/\\\/www.scoalababel.ro\\\/?s={search_term_string}\"},\"query-input\":{\"@type\":\"PropertyValueSpecification\",\"valueRequired\":true,\"valueName\":\"search_term_string\"}}],\"inLanguage\":\"en-US\"}]}<\/script>\n<!-- \/ Yoast SEO plugin. -->","yoast_head_json":{"title":"MAKERS SQUAD - Tehnologie \u0219i inventic\u0103, prin programul \u0218tiin\u021bescu","description":"\u00ce\u021bi plac experimentele, tehnologia, robotica? Vino al\u0103turi de mentorii \u0218tiintescu s\u0103 dai via\u021b\u0103 proiectelor tale \u00een Makerspace@scoalababel!","robots":{"index":"index","follow":"follow","max-snippet":"max-snippet:-1","max-image-preview":"max-image-preview:large","max-video-preview":"max-video-preview:-1"},"canonical":"https:\/\/www.scoalababel.ro\/en\/programul-stiintescu\/","og_locale":"en_US","og_type":"article","og_title":"MAKERS SQUAD - Tehnologie \u0219i inventic\u0103, prin programul \u0218tiin\u021bescu","og_description":"\u00ce\u021bi plac experimentele, tehnologia, robotica? Vino al\u0103turi de mentorii \u0218tiintescu s\u0103 dai via\u021b\u0103 proiectelor tale \u00een Makerspace@scoalababel!","og_url":"https:\/\/www.scoalababel.ro\/en\/programul-stiintescu\/","og_site_name":"\u0218coala Babel","article_publisher":"https:\/\/www.facebook.com\/scoalababel\/","article_modified_time":"2019-09-09T13:29:00+00:00","twitter_card":"summary_large_image","twitter_misc":{"Est. reading time":"1 minute"},"schema":{"@context":"https:\/\/schema.org","@graph":[{"@type":"WebPage","@id":"https:\/\/www.scoalababel.ro\/programul-stiintescu\/","url":"https:\/\/www.scoalababel.ro\/programul-stiintescu\/","name":"MAKERS SQUAD - Tehnologie \u0219i inventic\u0103, prin programul \u0218tiin\u021bescu","isPartOf":{"@id":"https:\/\/www.scoalababel.ro\/#website"},"datePublished":"2018-06-07T10:27:43+00:00","dateModified":"2019-09-09T13:29:00+00:00","description":"\u00ce\u021bi plac experimentele, tehnologia, robotica? Vino al\u0103turi de mentorii \u0218tiintescu s\u0103 dai via\u021b\u0103 proiectelor tale \u00een Makerspace@scoalababel!","breadcrumb":{"@id":"https:\/\/www.scoalababel.ro\/programul-stiintescu\/#breadcrumb"},"inLanguage":"en-US","potentialAction":[{"@type":"ReadAction","target":["https:\/\/www.scoalababel.ro\/programul-stiintescu\/"]}]},{"@type":"BreadcrumbList","@id":"https:\/\/www.scoalababel.ro\/programul-stiintescu\/#breadcrumb","itemListElement":[{"@type":"ListItem","position":1,"name":"Home","item":"https:\/\/www.scoalababel.ro\/"},{"@type":"ListItem","position":2,"name":"MAKERS SQUAD, prin programul \u0218tiin\u021bescu"}]},{"@type":"WebSite","@id":"https:\/\/www.scoalababel.ro\/#website","url":"https:\/\/www.scoalababel.ro\/","name":"\u0218coala Babel","description":"\u0218coala Babel","potentialAction":[{"@type":"SearchAction","target":{"@type":"EntryPoint","urlTemplate":"https:\/\/www.scoalababel.ro\/?s={search_term_string}"},"query-input":{"@type":"PropertyValueSpecification","valueRequired":true,"valueName":"search_term_string"}}],"inLanguage":"en-US"}]}},"_links":{"self":[{"href":"https:\/\/www.scoalababel.ro\/en\/wp-json\/wp\/v2\/pages\/2692","targetHints":{"allow":["GET"]}}],"collection":[{"href":"https:\/\/www.scoalababel.ro\/en\/wp-json\/wp\/v2\/pages"}],"about":[{"href":"https:\/\/www.scoalababel.ro\/en\/wp-json\/wp\/v2\/types\/page"}],"author":[{"embeddable":true,"href":"https:\/\/www.scoalababel.ro\/en\/wp-json\/wp\/v2\/users\/3"}],"replies":[{"embeddable":true,"href":"https:\/\/www.scoalababel.ro\/en\/wp-json\/wp\/v2\/comments?post=2692"}],"version-history":[{"count":11,"href":"https:\/\/www.scoalababel.ro\/en\/wp-json\/wp\/v2\/pages\/2692\/revisions"}],"predecessor-version":[{"id":2705,"href":"https:\/\/www.scoalababel.ro\/en\/wp-json\/wp\/v2\/pages\/2692\/revisions\/2705"}],"wp:attachment":[{"href":"https:\/\/www.scoalababel.ro\/en\/wp-json\/wp\/v2\/media?parent=2692"}],"curies":[{"name":"wp","href":"https:\/\/api.w.org\/{rel}","templated":true}]}}