{"id":2808,"date":"2018-09-06T17:54:58","date_gmt":"2018-09-06T17:54:58","guid":{"rendered":"http:\/\/www.scoalababel.ro\/?page_id=2808"},"modified":"2019-09-09T13:19:48","modified_gmt":"2019-09-09T13:19:48","slug":"scoala-babel-join-learning","status":"publish","type":"page","link":"https:\/\/www.scoalababel.ro\/en\/comunitate\/proiecte\/scoala-babel-join-learning\/","title":{"rendered":"Join Learning! \u0218coala Babel deschide programul de limbi str\u0103ine pentru copii"},"content":{"rendered":"<p>[vc_row][vc_column][vc_single_image image=&#8221;2818&#8243; img_size=&#8221;large&#8221; alignment=&#8221;center&#8221; onclick=&#8221;img_link_large&#8221;][\/vc_column][\/vc_row][vc_row][vc_column][vc_empty_space height=&#8221;30px&#8221;][vc_text_separator title=&#8221;\u0218coala Babel deschide programul de limbi str\u0103ine pentru copii!&#8221; color=&#8221;white&#8221; style=&#8221;shadow&#8221; border_width=&#8221;5&#8243;][vc_empty_space height=&#8221;30px&#8221;][\/vc_column][\/vc_row][vc_row][vc_column][vc_message message_box_color=&#8221;grey&#8221;]<\/p>\n<div style=\"text-align: center;\">\n<p><span style=\"color: #006699;\"><strong>Limba Olandez\u0103 &#8211; din 22 octombrie<\/strong><\/span><\/p>\n<div>E\u0219ti licean, student sau adult?<\/div>\n<div>Accep\u021bi provocarea unei experien\u021be intense de \u00eenv\u0103\u021bare, cu rezultate vizibile \u00een fiecare s\u0103pt\u0103m\u00e2n\u0103?<\/div>\n<div>Te a\u0219tept\u0103m la <strong>\u0218coala Babel<\/strong>, locul unde inspira\u021bia olandez\u0103 reinventeaz\u0103 \u00eenv\u0103\u021barea.<\/div>\n<div><\/div>\n<div>Cursul este dedicat \u00eencep\u0103torilor, cu v\u00e2rsta de cel pu\u021bin 16 ani.<\/div>\n<div><\/div>\n<div>Orar: <strong>\u00cen fiecare luni 17.00-19.00<\/strong><\/div>\n<div>Cost: <strong>200 RON\/4 \u0219edin\u021be<\/strong><\/div>\n<div>Elevi, studen\u021bi: <strong>150 RON\/4 \u0219edin\u021be\u00a0<\/strong><\/div>\n<div><\/div>\n<div>Condi\u021bie de participare: <strong>disponibilitate studiu individual cel pu\u021bin 4 ore\/s\u0103pt\u0103m\u00e2n\u0103<\/strong><\/div>\n<\/div>\n<p>[\/vc_message][vc_message message_box_color=&#8221;grey&#8221;]<\/p>\n<div style=\"text-align: center;\">\n<p><span style=\"color: #006699;\"><strong>English Makers <\/strong><\/span><br \/>\n<strong>8-10 ani, 11-14 ani<\/strong><\/p>\n<p>Engleza cu vorbitor nativ (<a href=\"http:\/\/www.scoalababel.ro\/echipa-de-profesori\/jay-thorne\/\" target=\"_blank\" rel=\"noopener noreferrer\">Jay Thorne<\/a>, Maria Cooper), prin proiecte creative \u0219i conversa\u021bie.<\/p>\n<p>Orar:<strong> Luni 16.00-18.00 (8-10 ani)<br \/>\nJoi 16.00-18.00 (11-14 ani)<\/strong><\/p>\n<\/div>\n<p>[\/vc_message][vc_message message_box_color=&#8221;grey&#8221;]<\/p>\n<div style=\"text-align: center;\">\n<div><strong><span style=\"color: #006699;\">Cambridge Masters<\/span> <\/strong><br \/>\n<strong>12-17 ani <\/strong><\/div>\n<\/div>\n<p style=\"text-align: center;\">Cursuri ce dezvolt\u0103 abilit\u0103\u021bile de comunicare scris\u0103 \u0219i oral\u0103 conform standardelor examenelor Cambridge de nivel B1, B2 \u0219i C1.<\/p>\n<p style=\"text-align: center;\">Profesori cu experien\u021b\u0103 \u00een preg\u0103tirea pentru examenele Cambridge<br \/>\n(<a href=\"http:\/\/www.scoalababel.ro\/echipa-de-profesori\/mihaela-damian\/\">Mihaela Damian<\/a>, <a href=\"http:\/\/www.scoalababel.ro\/echipa-de-profesori\/andreea-holban-radutiu\/\">Andreea Holban R\u0103du\u021biu<\/a>, <a href=\"http:\/\/www.scoalababel.ro\/echipa-de-profesori\/carmen-cotuna\/\">Carmen Cotuna<\/a>).<\/p>\n<p style=\"text-align: center;\">Orar:<strong> Luni 16.00-18.00 (PET, nivel B1)<br \/>\nMiercuri 16.00-18.00 (FCE, nivel B2)<br \/>\nJoi 16.00-18.00 (CAE, nivel C1)<\/strong><\/p>\n<p>[\/vc_message][vc_message message_box_color=&#8221;grey&#8221;]<\/p>\n<div style=\"text-align: center;\"><span style=\"color: #006699;\"><strong>Germana Creativ\u0103 cu vorbitor nativ \/ Kreativ sein auf Deutsch mit Muttersprachler<\/strong><\/span><\/div>\n<div style=\"text-align: center;\"><strong>6-9 ani<\/strong><\/div>\n<p style=\"text-align: center;\">Curs de comunicare \u00een limba german\u0103, folosind metodele \u00eenv\u0103\u021b\u0103rii experien\u021biale.<\/p>\n<p style=\"text-align: center;\">Moritz Rittmeyer, expert \u00een educa\u021bie social\u0103, trainer de educa\u021bie \u00een natur\u0103 \u0219i pasionat de muzic\u0103, \u00eei a\u0219teapt\u0103 pe copii s\u0103 \u00eenve\u021be \u0219i s\u0103 exerseze limba german\u0103 \u00eentr-un mod creativ \u0219i eficient, de la g\u0103tit br<span class=\"text_exposed_show\">io\u0219e, la jocuri, sport \u0219i c\u00e2ntece<\/span>.<\/p>\n<p style=\"text-align: center;\">Orar:<strong> Miercuri 17.00-19.00<\/strong><\/p>\n<p style=\"text-align: center;\">Cost: <strong>235 RON\/lun\u0103<\/strong><\/p>\n<p>[\/vc_message][\/vc_column][\/vc_row][vc_row][vc_column][vc_column_text]<strong>\u00censcrierile se vor face \u00een perioada 11 &#8211; 21 septembrie 2018.<\/strong><br \/>\nCursurile vor debuta \u00een<strong> 24 septembrie<\/strong> la sediul \u0218colii Babel, <a href=\"https:\/\/maps.google.com\/?q=Timi%C8%99oara,+Str.+1+Decembrie+1918,+Nr.+93&amp;entry=gmail&amp;source=g\">Timi\u0219oara, Str. 1 Decembrie 1918, Nr. 93<\/a>.<br \/>\nInforma\u021bii suplimentare la <strong><a href=\"mailto:contact@scoalababel.ro\" target=\"_blank\" rel=\"noopener noreferrer\">contact@scoalababel.ro<\/a><\/strong>\u00a0sau la tel. <strong>0256 244 400<\/strong>.[\/vc_column_text][\/vc_column][\/vc_row][vc_row][vc_column][vc_empty_space][vc_message message_box_color=&#8221;grey&#8221; icon_fontawesome=&#8221;fa fa-gift&#8221;]<\/p>\n<p style=\"text-align: center;\"><strong><span style=\"color: #006699;\">Pre\u021bul cursurilor: 235 RON \/ lun\u0103.<\/span><\/strong><br \/>\n<strong><span style=\"color: #006699;\">Reduceri de 10% pentru fra\u021bi \u0219i fo\u0219ti cursan\u021bi Babel Center.<\/span><\/strong><\/p>\n<p>[\/vc_message][\/vc_column][\/vc_row]<\/p>\n","protected":false},"excerpt":{"rendered":"<p>[vc_row][vc_column][vc_single_image image=&#8221;2818&#8243; img_size=&#8221;large&#8221; alignment=&#8221;center&#8221; onclick=&#8221;img_link_large&#8221;][\/vc_column][\/vc_row][vc_row][vc_column][vc_empty_space height=&#8221;30px&#8221;][vc_text_separator title=&#8221;\u0218coala Babel deschide programul de limbi str\u0103ine pentru copii!&#8221; color=&#8221;white&#8221; style=&#8221;shadow&#8221; border_width=&#8221;5&#8243;][vc_empty_space height=&#8221;30px&#8221;][\/vc_column][\/vc_row][vc_row][vc_column][vc_message message_box_color=&#8221;grey&#8221;] Limba Olandez\u0103 &#8211; din 22 octombrie E\u0219ti licean, student sau adult? Accep\u021bi provocarea unei experien\u021be intense de \u00eenv\u0103\u021bare, cu rezultate vizibile \u00een fiecare s\u0103pt\u0103m\u00e2n\u0103? Te a\u0219tept\u0103m la \u0218coala Babel, locul unde inspira\u021bia olandez\u0103 reinventeaz\u0103 \u00eenv\u0103\u021barea. [&hellip;]<\/p>\n","protected":false},"author":3,"featured_media":0,"parent":2520,"menu_order":0,"comment_status":"closed","ping_status":"closed","template":"","meta":{"footnotes":""},"class_list":["post-2808","page","type-page","status-publish","hentry"],"yoast_head":"<!-- This site is optimized with the Yoast SEO plugin v27.5 - https:\/\/yoast.com\/product\/yoast-seo-wordpress\/ -->\n<title>Join Learning! \u0218coala Babel deschide programul de limbi str\u0103ine pentru copii!<\/title>\n<meta name=\"description\" content=\"Join Learning @ scoalababel! Cursuri de limbi str\u0103ine pentru copii: English Makers (cu vorbitori nativi), Cambridge Masters, Germana creativ\u0103.\" \/>\n<meta name=\"robots\" content=\"index, follow, max-snippet:-1, max-image-preview:large, max-video-preview:-1\" \/>\n<link rel=\"canonical\" href=\"https:\/\/www.scoalababel.ro\/en\/comunitate\/proiecte\/scoala-babel-join-learning\/\" \/>\n<meta property=\"og:locale\" content=\"en_US\" \/>\n<meta property=\"og:locale:alternate\" content=\"ro_RO\" \/>\n<meta property=\"og:type\" content=\"article\" \/>\n<meta property=\"og:title\" content=\"Join Learning! \u0218coala Babel deschide programul de limbi str\u0103ine pentru copii!\" \/>\n<meta property=\"og:description\" content=\"Join Learning @ scoalababel! Cursuri de limbi str\u0103ine pentru copii: English Makers (cu vorbitori nativi), Cambridge Masters, Germana creativ\u0103.\" \/>\n<meta property=\"og:url\" content=\"https:\/\/www.scoalababel.ro\/en\/comunitate\/proiecte\/scoala-babel-join-learning\/\" \/>\n<meta property=\"og:site_name\" content=\"\u0218coala Babel\" \/>\n<meta property=\"article:publisher\" content=\"https:\/\/www.facebook.com\/scoalababel\/\" \/>\n<meta property=\"article:modified_time\" content=\"2019-09-09T13:19:48+00:00\" \/>\n<meta name=\"twitter:card\" content=\"summary_large_image\" \/>\n<meta name=\"twitter:label1\" content=\"Est. reading time\" \/>\n\t<meta name=\"twitter:data1\" content=\"2 minutes\" \/>\n<script type=\"application\/ld+json\" class=\"yoast-schema-graph\">{\"@context\":\"https:\\\/\\\/schema.org\",\"@graph\":[{\"@type\":\"WebPage\",\"@id\":\"https:\\\/\\\/www.scoalababel.ro\\\/comunitate\\\/proiecte\\\/scoala-babel-join-learning\\\/\",\"url\":\"https:\\\/\\\/www.scoalababel.ro\\\/comunitate\\\/proiecte\\\/scoala-babel-join-learning\\\/\",\"name\":\"Join Learning! \u0218coala Babel deschide programul de limbi str\u0103ine pentru copii!\",\"isPartOf\":{\"@id\":\"https:\\\/\\\/www.scoalababel.ro\\\/#website\"},\"datePublished\":\"2018-09-06T17:54:58+00:00\",\"dateModified\":\"2019-09-09T13:19:48+00:00\",\"description\":\"Join Learning @ scoalababel! Cursuri de limbi str\u0103ine pentru copii: English Makers (cu vorbitori nativi), Cambridge Masters, Germana creativ\u0103.\",\"breadcrumb\":{\"@id\":\"https:\\\/\\\/www.scoalababel.ro\\\/comunitate\\\/proiecte\\\/scoala-babel-join-learning\\\/#breadcrumb\"},\"inLanguage\":\"en-US\",\"potentialAction\":[{\"@type\":\"ReadAction\",\"target\":[\"https:\\\/\\\/www.scoalababel.ro\\\/comunitate\\\/proiecte\\\/scoala-babel-join-learning\\\/\"]}]},{\"@type\":\"BreadcrumbList\",\"@id\":\"https:\\\/\\\/www.scoalababel.ro\\\/comunitate\\\/proiecte\\\/scoala-babel-join-learning\\\/#breadcrumb\",\"itemListElement\":[{\"@type\":\"ListItem\",\"position\":1,\"name\":\"Home\",\"item\":\"https:\\\/\\\/www.scoalababel.ro\\\/\"},{\"@type\":\"ListItem\",\"position\":2,\"name\":\"Comunitate\",\"item\":\"https:\\\/\\\/www.scoalababel.ro\\\/comunitate\\\/\"},{\"@type\":\"ListItem\",\"position\":3,\"name\":\"Proiecte\",\"item\":\"https:\\\/\\\/www.scoalababel.ro\\\/comunitate\\\/proiecte\\\/\"},{\"@type\":\"ListItem\",\"position\":4,\"name\":\"Join Learning! \u0218coala Babel deschide programul de limbi str\u0103ine pentru copii\"}]},{\"@type\":\"WebSite\",\"@id\":\"https:\\\/\\\/www.scoalababel.ro\\\/#website\",\"url\":\"https:\\\/\\\/www.scoalababel.ro\\\/\",\"name\":\"\u0218coala Babel\",\"description\":\"\u0218coala Babel\",\"potentialAction\":[{\"@type\":\"SearchAction\",\"target\":{\"@type\":\"EntryPoint\",\"urlTemplate\":\"https:\\\/\\\/www.scoalababel.ro\\\/?s={search_term_string}\"},\"query-input\":{\"@type\":\"PropertyValueSpecification\",\"valueRequired\":true,\"valueName\":\"search_term_string\"}}],\"inLanguage\":\"en-US\"}]}<\/script>\n<!-- \/ Yoast SEO plugin. -->","yoast_head_json":{"title":"Join Learning! \u0218coala Babel deschide programul de limbi str\u0103ine pentru copii!","description":"Join Learning @ scoalababel! Cursuri de limbi str\u0103ine pentru copii: English Makers (cu vorbitori nativi), Cambridge Masters, Germana creativ\u0103.","robots":{"index":"index","follow":"follow","max-snippet":"max-snippet:-1","max-image-preview":"max-image-preview:large","max-video-preview":"max-video-preview:-1"},"canonical":"https:\/\/www.scoalababel.ro\/en\/comunitate\/proiecte\/scoala-babel-join-learning\/","og_locale":"en_US","og_type":"article","og_title":"Join Learning! \u0218coala Babel deschide programul de limbi str\u0103ine pentru copii!","og_description":"Join Learning @ scoalababel! Cursuri de limbi str\u0103ine pentru copii: English Makers (cu vorbitori nativi), Cambridge Masters, Germana creativ\u0103.","og_url":"https:\/\/www.scoalababel.ro\/en\/comunitate\/proiecte\/scoala-babel-join-learning\/","og_site_name":"\u0218coala Babel","article_publisher":"https:\/\/www.facebook.com\/scoalababel\/","article_modified_time":"2019-09-09T13:19:48+00:00","twitter_card":"summary_large_image","twitter_misc":{"Est. reading time":"2 minutes"},"schema":{"@context":"https:\/\/schema.org","@graph":[{"@type":"WebPage","@id":"https:\/\/www.scoalababel.ro\/comunitate\/proiecte\/scoala-babel-join-learning\/","url":"https:\/\/www.scoalababel.ro\/comunitate\/proiecte\/scoala-babel-join-learning\/","name":"Join Learning! \u0218coala Babel deschide programul de limbi str\u0103ine pentru copii!","isPartOf":{"@id":"https:\/\/www.scoalababel.ro\/#website"},"datePublished":"2018-09-06T17:54:58+00:00","dateModified":"2019-09-09T13:19:48+00:00","description":"Join Learning @ scoalababel! Cursuri de limbi str\u0103ine pentru copii: English Makers (cu vorbitori nativi), Cambridge Masters, Germana creativ\u0103.","breadcrumb":{"@id":"https:\/\/www.scoalababel.ro\/comunitate\/proiecte\/scoala-babel-join-learning\/#breadcrumb"},"inLanguage":"en-US","potentialAction":[{"@type":"ReadAction","target":["https:\/\/www.scoalababel.ro\/comunitate\/proiecte\/scoala-babel-join-learning\/"]}]},{"@type":"BreadcrumbList","@id":"https:\/\/www.scoalababel.ro\/comunitate\/proiecte\/scoala-babel-join-learning\/#breadcrumb","itemListElement":[{"@type":"ListItem","position":1,"name":"Home","item":"https:\/\/www.scoalababel.ro\/"},{"@type":"ListItem","position":2,"name":"Comunitate","item":"https:\/\/www.scoalababel.ro\/comunitate\/"},{"@type":"ListItem","position":3,"name":"Proiecte","item":"https:\/\/www.scoalababel.ro\/comunitate\/proiecte\/"},{"@type":"ListItem","position":4,"name":"Join Learning! \u0218coala Babel deschide programul de limbi str\u0103ine pentru copii"}]},{"@type":"WebSite","@id":"https:\/\/www.scoalababel.ro\/#website","url":"https:\/\/www.scoalababel.ro\/","name":"\u0218coala Babel","description":"\u0218coala Babel","potentialAction":[{"@type":"SearchAction","target":{"@type":"EntryPoint","urlTemplate":"https:\/\/www.scoalababel.ro\/?s={search_term_string}"},"query-input":{"@type":"PropertyValueSpecification","valueRequired":true,"valueName":"search_term_string"}}],"inLanguage":"en-US"}]}},"_links":{"self":[{"href":"https:\/\/www.scoalababel.ro\/en\/wp-json\/wp\/v2\/pages\/2808","targetHints":{"allow":["GET"]}}],"collection":[{"href":"https:\/\/www.scoalababel.ro\/en\/wp-json\/wp\/v2\/pages"}],"about":[{"href":"https:\/\/www.scoalababel.ro\/en\/wp-json\/wp\/v2\/types\/page"}],"author":[{"embeddable":true,"href":"https:\/\/www.scoalababel.ro\/en\/wp-json\/wp\/v2\/users\/3"}],"replies":[{"embeddable":true,"href":"https:\/\/www.scoalababel.ro\/en\/wp-json\/wp\/v2\/comments?post=2808"}],"version-history":[{"count":17,"href":"https:\/\/www.scoalababel.ro\/en\/wp-json\/wp\/v2\/pages\/2808\/revisions"}],"predecessor-version":[{"id":3059,"href":"https:\/\/www.scoalababel.ro\/en\/wp-json\/wp\/v2\/pages\/2808\/revisions\/3059"}],"up":[{"embeddable":true,"href":"https:\/\/www.scoalababel.ro\/en\/wp-json\/wp\/v2\/pages\/2520"}],"wp:attachment":[{"href":"https:\/\/www.scoalababel.ro\/en\/wp-json\/wp\/v2\/media?parent=2808"}],"curies":[{"name":"wp","href":"https:\/\/api.w.org\/{rel}","templated":true}]}}