{"id":3009,"date":"2019-08-29T07:24:57","date_gmt":"2019-08-29T07:24:57","guid":{"rendered":"http:\/\/www.scoalababel.ro\/?page_id=3009"},"modified":"2019-08-29T09:16:19","modified_gmt":"2019-08-29T09:16:19","slug":"intel-sprijina-digitalizarea-la-scoala-babel","status":"publish","type":"page","link":"https:\/\/www.scoalababel.ro\/en\/comunitate\/proiecte\/intel-sprijina-digitalizarea-la-scoala-babel\/","title":{"rendered":"Intel sprijin\u0103 digitalizarea la \u0218coala Babel"},"content":{"rendered":"<p>[vc_row][vc_column][vc_column_text]<span style=\"font-weight: 400;\">La \u0218coala Babel vedem \u00een fiecare zi poten\u021bialul copiilor de ast\u0103zi. Ei sunt viitorii lideri, ingineri, educatori, activi\u0219ti sau arti\u0219ti. Ei sunt cei care vor g\u0103si solu\u021bii pentru provoc\u0103rile complexe cu care se va confrunta societatea \u00eentr-o lume ce va ar\u0103ta foarte diferit peste 20 de ani.<\/span>[\/vc_column_text][\/vc_column][\/vc_row][vc_row][vc_column][vc_empty_space][\/vc_column][\/vc_row][vc_row][vc_column][vc_single_image image=&#8221;3017&#8243; img_size=&#8221;full&#8221; alignment=&#8221;center&#8221;][\/vc_column][\/vc_row][vc_row][vc_column][vc_empty_space][vc_column_text]Pentru a-i preg\u0103ti c\u00e2t mai bine pentru acest viitor, digitalizarea e o component\u0103 cheie \u00een procesul de educa\u021bie:<\/p>\n<ul>\n<li><strong>Favorizeaz\u0103 exprimarea creativit\u0103\u021bii \u0219i punerea \u00een practic\u0103 a ideilor<\/strong><\/li>\n<\/ul>\n<p><span style=\"font-weight: 400;\">Programarea unor mici aplica\u021bii, crearea de con\u021binut online, editarea foto-video, crearea de site-uri \u0219i de jocuri (folosind Scratch, HTML and CSS), tip\u0103rirea 3D reprezint\u0103 activit\u0103\u021bi stimulante care \u00eemplinesc nevoile copiilor pentru auto-exprimare \u0219i contribu\u021bie.<\/span>[\/vc_column_text][\/vc_column][\/vc_row][vc_row][vc_column][vc_empty_space][vc_column_text]<\/p>\n<ul>\n<li><strong>Sprijin\u0103 \u00eenv\u0103\u021barea prin colaborare \u0219i comunicarea deschis\u0103<\/strong><\/li>\n<\/ul>\n<p><span style=\"font-weight: 400;\">Cadrele didactice \u0219i elevii lucreaz\u0103 \u00eempreun\u0103, vin cu idei, g\u0103sesc solu\u021bii, primesc feedback clar ajut\u00e2ndu-se de instrumente precum Google Classroom. \u0218coala Babel folose\u0219te Google Classrom \u00een procesul de \u00eenv\u0103\u021bare \u0219i evaluare la nivel gimnazial.<\/span>[\/vc_column_text][\/vc_column][\/vc_row][vc_row][vc_column][vc_empty_space][vc_column_text]<\/p>\n<ul>\n<li><strong>Faciliteaz\u0103 parteneriatele interna\u021bionale<\/strong><\/li>\n<\/ul>\n<p><span style=\"font-weight: 400;\">\u0218coala Babel e parte dintr-un proiect interna\u021bional al\u0103turi de alte trei \u0219coli din Olanda, Suedia \u0219i Turcia. \u00cen cadrul acestui parteneriat profesorii \u0219i elevii vor colabora folosind platforma online E-twinning. Vor putea face astfel schimb de idei \u0219i ini\u021bia proiecte pe care s\u0103 le deruleze \u00eempreun\u0103 \u00een ciuda distan\u021bei.<\/span>[\/vc_column_text][\/vc_column][\/vc_row][vc_row][vc_column][vc_single_image image=&#8221;3016&#8243; img_size=&#8221;full&#8221; alignment=&#8221;center&#8221;][\/vc_column][\/vc_row][vc_row][vc_column][vc_cta h2=&#8221;&#8221; color=&#8221;sky&#8221;]<span style=\"font-weight: 400;\">Ne bucur\u0103m s\u0103 anun\u021b\u0103m c\u0103 \u00een demersul nostru ne este al\u0103turi compania Intel. Aceasta a ales s\u0103 ne sprijine oferind \u0219colii echipamente IT \u00een valoare de 5.000 euro. <\/span>[\/vc_cta][\/vc_column][\/vc_row][vc_row][vc_column][vc_single_image image=&#8221;3018&#8243; img_size=&#8221;full&#8221; alignment=&#8221;center&#8221;][\/vc_column][\/vc_row][vc_row][vc_column][vc_empty_space][vc_column_text]<span style=\"font-weight: 400;\">Compania aduce mai aproape experien\u021be ale viitorului cu ajutorul tehnologiei, folose\u0219te numeroase inova\u021bii tehnice pentru a adresa provoc\u0103ri globale. Po\u021bi afla mai multe vizit\u00e2ndu-le site-ul: <\/span><a href=\"http:\/\/www.intel.com\"><span style=\"font-weight: 400;\">www.intel.com<\/span><\/a><span style=\"font-weight: 400;\">.<\/span><\/p>\n<p><span style=\"font-weight: 400;\">Mul\u021bumim, Intel!<\/span>[\/vc_column_text][\/vc_column][\/vc_row][vc_row][vc_column][\/vc_column][\/vc_row]<\/p>\n","protected":false},"excerpt":{"rendered":"<p>[vc_row][vc_column][vc_column_text]La \u0218coala Babel vedem \u00een fiecare zi poten\u021bialul copiilor de ast\u0103zi. Ei sunt viitorii lideri, ingineri, educatori, activi\u0219ti sau arti\u0219ti. Ei sunt cei care vor g\u0103si solu\u021bii pentru provoc\u0103rile complexe cu care se va confrunta societatea \u00eentr-o lume ce va ar\u0103ta foarte diferit peste 20 de ani.[\/vc_column_text][\/vc_column][\/vc_row][vc_row][vc_column][vc_empty_space][\/vc_column][\/vc_row][vc_row][vc_column][vc_single_image image=&#8221;3017&#8243; img_size=&#8221;full&#8221; alignment=&#8221;center&#8221;][\/vc_column][\/vc_row][vc_row][vc_column][vc_empty_space][vc_column_text]Pentru a-i preg\u0103ti c\u00e2t mai bine [&hellip;]<\/p>\n","protected":false},"author":8,"featured_media":0,"parent":2520,"menu_order":1,"comment_status":"closed","ping_status":"closed","template":"","meta":{"footnotes":""},"class_list":["post-3009","page","type-page","status-publish","hentry"],"yoast_head":"<!-- This site is optimized with the Yoast SEO plugin v27.5 - https:\/\/yoast.com\/product\/yoast-seo-wordpress\/ -->\n<title>Intel sprijin\u0103 digitalizarea la \u0218coala Babel - \u0218coala Babel<\/title>\n<meta name=\"robots\" content=\"index, follow, max-snippet:-1, max-image-preview:large, max-video-preview:-1\" \/>\n<link rel=\"canonical\" href=\"https:\/\/www.scoalababel.ro\/en\/comunitate\/proiecte\/intel-sprijina-digitalizarea-la-scoala-babel\/\" \/>\n<meta property=\"og:locale\" content=\"en_US\" \/>\n<meta property=\"og:locale:alternate\" content=\"ro_RO\" \/>\n<meta property=\"og:type\" content=\"article\" \/>\n<meta property=\"og:title\" content=\"Intel sprijin\u0103 digitalizarea la \u0218coala Babel - \u0218coala Babel\" \/>\n<meta property=\"og:description\" content=\"[vc_row][vc_column][vc_column_text]La \u0218coala Babel vedem \u00een fiecare zi poten\u021bialul copiilor de ast\u0103zi. Ei sunt viitorii lideri, ingineri, educatori, activi\u0219ti sau arti\u0219ti. Ei sunt cei care vor g\u0103si solu\u021bii pentru provoc\u0103rile complexe cu care se va confrunta societatea \u00eentr-o lume ce va ar\u0103ta foarte diferit peste 20 de ani.[\/vc_column_text][\/vc_column][\/vc_row][vc_row][vc_column][vc_empty_space][\/vc_column][\/vc_row][vc_row][vc_column][vc_single_image image=&#8221;3017&#8243; img_size=&#8221;full&#8221; alignment=&#8221;center&#8221;][\/vc_column][\/vc_row][vc_row][vc_column][vc_empty_space][vc_column_text]Pentru a-i preg\u0103ti c\u00e2t mai bine [&hellip;]\" \/>\n<meta property=\"og:url\" content=\"https:\/\/www.scoalababel.ro\/en\/comunitate\/proiecte\/intel-sprijina-digitalizarea-la-scoala-babel\/\" \/>\n<meta property=\"og:site_name\" content=\"\u0218coala Babel\" \/>\n<meta property=\"article:publisher\" content=\"https:\/\/www.facebook.com\/scoalababel\/\" \/>\n<meta property=\"article:modified_time\" content=\"2019-08-29T09:16:19+00:00\" \/>\n<meta name=\"twitter:card\" content=\"summary_large_image\" \/>\n<meta name=\"twitter:label1\" content=\"Est. reading time\" \/>\n\t<meta name=\"twitter:data1\" content=\"2 minutes\" \/>\n<script type=\"application\/ld+json\" class=\"yoast-schema-graph\">{\"@context\":\"https:\\\/\\\/schema.org\",\"@graph\":[{\"@type\":\"WebPage\",\"@id\":\"https:\\\/\\\/www.scoalababel.ro\\\/en\\\/comunitate\\\/proiecte\\\/intel-sprijina-digitalizarea-la-scoala-babel\\\/\",\"url\":\"https:\\\/\\\/www.scoalababel.ro\\\/en\\\/comunitate\\\/proiecte\\\/intel-sprijina-digitalizarea-la-scoala-babel\\\/\",\"name\":\"Intel sprijin\u0103 digitalizarea la \u0218coala Babel - \u0218coala Babel\",\"isPartOf\":{\"@id\":\"https:\\\/\\\/www.scoalababel.ro\\\/#website\"},\"datePublished\":\"2019-08-29T07:24:57+00:00\",\"dateModified\":\"2019-08-29T09:16:19+00:00\",\"breadcrumb\":{\"@id\":\"https:\\\/\\\/www.scoalababel.ro\\\/en\\\/comunitate\\\/proiecte\\\/intel-sprijina-digitalizarea-la-scoala-babel\\\/#breadcrumb\"},\"inLanguage\":\"en-US\",\"potentialAction\":[{\"@type\":\"ReadAction\",\"target\":[\"https:\\\/\\\/www.scoalababel.ro\\\/en\\\/comunitate\\\/proiecte\\\/intel-sprijina-digitalizarea-la-scoala-babel\\\/\"]}]},{\"@type\":\"BreadcrumbList\",\"@id\":\"https:\\\/\\\/www.scoalababel.ro\\\/en\\\/comunitate\\\/proiecte\\\/intel-sprijina-digitalizarea-la-scoala-babel\\\/#breadcrumb\",\"itemListElement\":[{\"@type\":\"ListItem\",\"position\":1,\"name\":\"Home\",\"item\":\"https:\\\/\\\/www.scoalababel.ro\\\/\"},{\"@type\":\"ListItem\",\"position\":2,\"name\":\"Comunitate\",\"item\":\"https:\\\/\\\/www.scoalababel.ro\\\/comunitate\\\/\"},{\"@type\":\"ListItem\",\"position\":3,\"name\":\"Proiecte\",\"item\":\"https:\\\/\\\/www.scoalababel.ro\\\/comunitate\\\/proiecte\\\/\"},{\"@type\":\"ListItem\",\"position\":4,\"name\":\"Intel sprijin\u0103 digitalizarea la \u0218coala Babel\"}]},{\"@type\":\"WebSite\",\"@id\":\"https:\\\/\\\/www.scoalababel.ro\\\/#website\",\"url\":\"https:\\\/\\\/www.scoalababel.ro\\\/\",\"name\":\"\u0218coala Babel\",\"description\":\"\u0218coala Babel\",\"potentialAction\":[{\"@type\":\"SearchAction\",\"target\":{\"@type\":\"EntryPoint\",\"urlTemplate\":\"https:\\\/\\\/www.scoalababel.ro\\\/?s={search_term_string}\"},\"query-input\":{\"@type\":\"PropertyValueSpecification\",\"valueRequired\":true,\"valueName\":\"search_term_string\"}}],\"inLanguage\":\"en-US\"}]}<\/script>\n<!-- \/ Yoast SEO plugin. -->","yoast_head_json":{"title":"Intel sprijin\u0103 digitalizarea la \u0218coala Babel - \u0218coala Babel","robots":{"index":"index","follow":"follow","max-snippet":"max-snippet:-1","max-image-preview":"max-image-preview:large","max-video-preview":"max-video-preview:-1"},"canonical":"https:\/\/www.scoalababel.ro\/en\/comunitate\/proiecte\/intel-sprijina-digitalizarea-la-scoala-babel\/","og_locale":"en_US","og_type":"article","og_title":"Intel sprijin\u0103 digitalizarea la \u0218coala Babel - \u0218coala Babel","og_description":"[vc_row][vc_column][vc_column_text]La \u0218coala Babel vedem \u00een fiecare zi poten\u021bialul copiilor de ast\u0103zi. Ei sunt viitorii lideri, ingineri, educatori, activi\u0219ti sau arti\u0219ti. Ei sunt cei care vor g\u0103si solu\u021bii pentru provoc\u0103rile complexe cu care se va confrunta societatea \u00eentr-o lume ce va ar\u0103ta foarte diferit peste 20 de ani.[\/vc_column_text][\/vc_column][\/vc_row][vc_row][vc_column][vc_empty_space][\/vc_column][\/vc_row][vc_row][vc_column][vc_single_image image=&#8221;3017&#8243; img_size=&#8221;full&#8221; alignment=&#8221;center&#8221;][\/vc_column][\/vc_row][vc_row][vc_column][vc_empty_space][vc_column_text]Pentru a-i preg\u0103ti c\u00e2t mai bine [&hellip;]","og_url":"https:\/\/www.scoalababel.ro\/en\/comunitate\/proiecte\/intel-sprijina-digitalizarea-la-scoala-babel\/","og_site_name":"\u0218coala Babel","article_publisher":"https:\/\/www.facebook.com\/scoalababel\/","article_modified_time":"2019-08-29T09:16:19+00:00","twitter_card":"summary_large_image","twitter_misc":{"Est. reading time":"2 minutes"},"schema":{"@context":"https:\/\/schema.org","@graph":[{"@type":"WebPage","@id":"https:\/\/www.scoalababel.ro\/en\/comunitate\/proiecte\/intel-sprijina-digitalizarea-la-scoala-babel\/","url":"https:\/\/www.scoalababel.ro\/en\/comunitate\/proiecte\/intel-sprijina-digitalizarea-la-scoala-babel\/","name":"Intel sprijin\u0103 digitalizarea la \u0218coala Babel - \u0218coala Babel","isPartOf":{"@id":"https:\/\/www.scoalababel.ro\/#website"},"datePublished":"2019-08-29T07:24:57+00:00","dateModified":"2019-08-29T09:16:19+00:00","breadcrumb":{"@id":"https:\/\/www.scoalababel.ro\/en\/comunitate\/proiecte\/intel-sprijina-digitalizarea-la-scoala-babel\/#breadcrumb"},"inLanguage":"en-US","potentialAction":[{"@type":"ReadAction","target":["https:\/\/www.scoalababel.ro\/en\/comunitate\/proiecte\/intel-sprijina-digitalizarea-la-scoala-babel\/"]}]},{"@type":"BreadcrumbList","@id":"https:\/\/www.scoalababel.ro\/en\/comunitate\/proiecte\/intel-sprijina-digitalizarea-la-scoala-babel\/#breadcrumb","itemListElement":[{"@type":"ListItem","position":1,"name":"Home","item":"https:\/\/www.scoalababel.ro\/"},{"@type":"ListItem","position":2,"name":"Comunitate","item":"https:\/\/www.scoalababel.ro\/comunitate\/"},{"@type":"ListItem","position":3,"name":"Proiecte","item":"https:\/\/www.scoalababel.ro\/comunitate\/proiecte\/"},{"@type":"ListItem","position":4,"name":"Intel sprijin\u0103 digitalizarea la \u0218coala Babel"}]},{"@type":"WebSite","@id":"https:\/\/www.scoalababel.ro\/#website","url":"https:\/\/www.scoalababel.ro\/","name":"\u0218coala Babel","description":"\u0218coala Babel","potentialAction":[{"@type":"SearchAction","target":{"@type":"EntryPoint","urlTemplate":"https:\/\/www.scoalababel.ro\/?s={search_term_string}"},"query-input":{"@type":"PropertyValueSpecification","valueRequired":true,"valueName":"search_term_string"}}],"inLanguage":"en-US"}]}},"_links":{"self":[{"href":"https:\/\/www.scoalababel.ro\/en\/wp-json\/wp\/v2\/pages\/3009","targetHints":{"allow":["GET"]}}],"collection":[{"href":"https:\/\/www.scoalababel.ro\/en\/wp-json\/wp\/v2\/pages"}],"about":[{"href":"https:\/\/www.scoalababel.ro\/en\/wp-json\/wp\/v2\/types\/page"}],"author":[{"embeddable":true,"href":"https:\/\/www.scoalababel.ro\/en\/wp-json\/wp\/v2\/users\/8"}],"replies":[{"embeddable":true,"href":"https:\/\/www.scoalababel.ro\/en\/wp-json\/wp\/v2\/comments?post=3009"}],"version-history":[{"count":4,"href":"https:\/\/www.scoalababel.ro\/en\/wp-json\/wp\/v2\/pages\/3009\/revisions"}],"predecessor-version":[{"id":3013,"href":"https:\/\/www.scoalababel.ro\/en\/wp-json\/wp\/v2\/pages\/3009\/revisions\/3013"}],"up":[{"embeddable":true,"href":"https:\/\/www.scoalababel.ro\/en\/wp-json\/wp\/v2\/pages\/2520"}],"wp:attachment":[{"href":"https:\/\/www.scoalababel.ro\/en\/wp-json\/wp\/v2\/media?parent=3009"}],"curies":[{"name":"wp","href":"https:\/\/api.w.org\/{rel}","templated":true}]}}