{"id":3025,"date":"2019-09-04T12:48:16","date_gmt":"2019-09-04T12:48:16","guid":{"rendered":"http:\/\/www.scoalababel.ro\/?page_id=3025"},"modified":"2019-09-05T12:17:18","modified_gmt":"2019-09-05T12:17:18","slug":"incepe-english-makers-cu-jay","status":"publish","type":"page","link":"https:\/\/www.scoalababel.ro\/en\/comunitate\/proiecte\/incepe-english-makers-cu-jay\/","title":{"rendered":"\u00cencepe English Makers cu Jay"},"content":{"rendered":"<p>[vc_row][vc_column][vc_single_image image=&#8221;3035&#8243; img_size=&#8221;large&#8221;][\/vc_column][\/vc_row][vc_row][vc_column][vc_empty_space][\/vc_column][\/vc_row][vc_row][vc_column][vc_column_text]<\/p>\n<h4><span style=\"font-weight: 400;\">Engleza cu Jay Thorne, vorbitor nativ , prin proiecte creative \u0219i conversa\u021bie.<\/span><\/h4>\n<p><span style=\"font-weight: 400;\">Fiecare copil va avea ocazia s\u0103 dea glas propriei imagina\u021bii, s\u0103 confec\u021bioneze, s\u0103 me\u0219tereasc\u0103, s\u0103 experimenteze.<\/span><\/p>\n<p><span style=\"font-weight: 400;\">Zicala \u201cnu \u0219tii ce po\u021bi s\u0103 faci p\u00e2n\u0103 c\u00e2nd nu \u00eencerci\u201d e cheie \u00een toate activit\u0103\u021bile desf\u0103\u0219urate \u00een MakerSpace, fie c\u0103 e vorba de crafting, construit, multimedia, design sau alte proiecte creative.<\/span>[\/vc_column_text][\/vc_column][\/vc_row][vc_row][vc_column][vc_empty_space][\/vc_column][\/vc_row][vc_row][vc_column][vc_single_image image=&#8221;3029&#8243; img_size=&#8221;large&#8221;][\/vc_column][\/vc_row][vc_row][vc_column][vc_empty_space][\/vc_column][\/vc_row][vc_row][vc_column][vc_column_text]Programul se desf\u0103\u0219oar\u0103 integral \u00een limba englez\u0103 \u0219i este coordonat de c\u0103tre Jay Thorne. Vorbitor nativ de limba englez\u0103, cet\u0103\u021bean britanic, Jay are o experien\u021b\u0103 de peste 18 ani \u00een domeniul educa\u021biei. Copiii apreciaz\u0103 deschiderea lui, calmul \u0219i sim\u021bul umorului. Cu fiecare sesiune ei \u00ee\u0219i dezvolt\u0103 vocabularul, \u00ee\u0219i exerseaz\u0103 pronun\u021bia \u0219i \u00eenva\u021b\u0103 numeroase expresii prin implicare creativ\u0103.<\/p>\n<p>Cursul este atipic \u0219i nu se compar\u0103 cu un curs standard de limba englez\u0103: nu are o program\u0103 anume, nu urm\u0103re\u0219te atingerea unui anumit nivel la finalul anului, nu este o abordare academic\u0103, ci una pragmatic\u0103, de zi cu zi.<\/p>\n<p>Pentru toate aceste motive \u0219i multe altele, English Makers e unul dintre cele mai \u00eendr\u0103gite \u0219i longevive programe ale \u0218colii Babel.[\/vc_column_text][\/vc_column][\/vc_row][vc_row][vc_column][vc_empty_space][\/vc_column][\/vc_row][vc_row][vc_column][vc_single_image image=&#8221;3030&#8243; img_size=&#8221;large&#8221;][\/vc_column][\/vc_row][vc_row][vc_column][vc_empty_space][\/vc_column][\/vc_row][vc_row][vc_column][vc_column_text]Num\u0103rul maxim de participan\u021bi este de 12 copii la grupa de v\u00e2rst\u0103 8-10 ani \u0219i de 15 copii la grupa de v\u00e2rst\u0103 11-14 ani.<br \/>\nCursul are o durat\u0103 de 10 luni, pe perioada vacan\u021belor \u0219colare nu se sus\u021bine cursul.<br \/>\nFiecare grup\u0103 are dedicat\u0103 o anumit\u0103 zi a s\u0103pt\u0103m\u00e2nii, aceast\u0103 zi se p\u0103streaz\u0103 pe parcursul celor 10 luni.<\/p>\n<p>Orar<br \/>\nLuni, 16:30-18:30 (8-10 ani)<br \/>\nJoi, 16:30-18:30 (8-10 ani)<br \/>\nMarti, 16:30-18:30 (11-14 ani)<\/p>\n<p>Cost: 275 Ron\/4 \u0219edin\u021be.[\/vc_column_text][\/vc_column][\/vc_row][vc_row][vc_column][vc_empty_space][\/vc_column][\/vc_row][vc_row][vc_column][vc_btn title=&#8221;Completeaz\u0103 formularul de \u00eenscriere&#8221; color=&#8221;info&#8221; align=&#8221;center&#8221; link=&#8221;url:https%3A%2F%2Fbit.ly%2F2lxf50s||target:%20_blank&#8221;][\/vc_column][\/vc_row]<\/p>\n","protected":false},"excerpt":{"rendered":"<p>[vc_row][vc_column][vc_single_image image=&#8221;3035&#8243; img_size=&#8221;large&#8221;][\/vc_column][\/vc_row][vc_row][vc_column][vc_empty_space][\/vc_column][\/vc_row][vc_row][vc_column][vc_column_text] Engleza cu Jay Thorne, vorbitor nativ , prin proiecte creative \u0219i conversa\u021bie. Fiecare copil va avea ocazia s\u0103 dea glas propriei imagina\u021bii, s\u0103 confec\u021bioneze, s\u0103 me\u0219tereasc\u0103, s\u0103 experimenteze. Zicala \u201cnu \u0219tii ce po\u021bi s\u0103 faci p\u00e2n\u0103 c\u00e2nd nu \u00eencerci\u201d e cheie \u00een toate activit\u0103\u021bile desf\u0103\u0219urate \u00een MakerSpace, fie c\u0103 e vorba de [&hellip;]<\/p>\n","protected":false},"author":8,"featured_media":0,"parent":2520,"menu_order":0,"comment_status":"closed","ping_status":"closed","template":"","meta":{"footnotes":""},"class_list":["post-3025","page","type-page","status-publish","hentry"],"yoast_head":"<!-- This site is optimized with the Yoast SEO plugin v27.5 - https:\/\/yoast.com\/product\/yoast-seo-wordpress\/ -->\n<title>\u00cencepe English Makers cu Jay - \u0218coala Babel<\/title>\n<meta name=\"robots\" content=\"index, follow, max-snippet:-1, max-image-preview:large, max-video-preview:-1\" \/>\n<link rel=\"canonical\" href=\"https:\/\/www.scoalababel.ro\/en\/comunitate\/proiecte\/incepe-english-makers-cu-jay\/\" \/>\n<meta property=\"og:locale\" content=\"en_US\" \/>\n<meta property=\"og:locale:alternate\" content=\"ro_RO\" \/>\n<meta property=\"og:type\" content=\"article\" \/>\n<meta property=\"og:title\" content=\"\u00cencepe English Makers cu Jay - \u0218coala Babel\" \/>\n<meta property=\"og:description\" content=\"[vc_row][vc_column][vc_single_image image=&#8221;3035&#8243; img_size=&#8221;large&#8221;][\/vc_column][\/vc_row][vc_row][vc_column][vc_empty_space][\/vc_column][\/vc_row][vc_row][vc_column][vc_column_text] Engleza cu Jay Thorne, vorbitor nativ , prin proiecte creative \u0219i conversa\u021bie. Fiecare copil va avea ocazia s\u0103 dea glas propriei imagina\u021bii, s\u0103 confec\u021bioneze, s\u0103 me\u0219tereasc\u0103, s\u0103 experimenteze. Zicala \u201cnu \u0219tii ce po\u021bi s\u0103 faci p\u00e2n\u0103 c\u00e2nd nu \u00eencerci\u201d e cheie \u00een toate activit\u0103\u021bile desf\u0103\u0219urate \u00een MakerSpace, fie c\u0103 e vorba de [&hellip;]\" \/>\n<meta property=\"og:url\" content=\"https:\/\/www.scoalababel.ro\/en\/comunitate\/proiecte\/incepe-english-makers-cu-jay\/\" \/>\n<meta property=\"og:site_name\" content=\"\u0218coala Babel\" \/>\n<meta property=\"article:publisher\" content=\"https:\/\/www.facebook.com\/scoalababel\/\" \/>\n<meta property=\"article:modified_time\" content=\"2019-09-05T12:17:18+00:00\" \/>\n<meta name=\"twitter:card\" content=\"summary_large_image\" \/>\n<meta name=\"twitter:label1\" content=\"Est. reading time\" \/>\n\t<meta name=\"twitter:data1\" content=\"2 minutes\" \/>\n<script type=\"application\/ld+json\" class=\"yoast-schema-graph\">{\"@context\":\"https:\\\/\\\/schema.org\",\"@graph\":[{\"@type\":\"WebPage\",\"@id\":\"https:\\\/\\\/www.scoalababel.ro\\\/comunitate\\\/proiecte\\\/incepe-english-makers-cu-jay\\\/\",\"url\":\"https:\\\/\\\/www.scoalababel.ro\\\/comunitate\\\/proiecte\\\/incepe-english-makers-cu-jay\\\/\",\"name\":\"\u00cencepe English Makers cu Jay - \u0218coala Babel\",\"isPartOf\":{\"@id\":\"https:\\\/\\\/www.scoalababel.ro\\\/#website\"},\"datePublished\":\"2019-09-04T12:48:16+00:00\",\"dateModified\":\"2019-09-05T12:17:18+00:00\",\"breadcrumb\":{\"@id\":\"https:\\\/\\\/www.scoalababel.ro\\\/comunitate\\\/proiecte\\\/incepe-english-makers-cu-jay\\\/#breadcrumb\"},\"inLanguage\":\"en-US\",\"potentialAction\":[{\"@type\":\"ReadAction\",\"target\":[\"https:\\\/\\\/www.scoalababel.ro\\\/comunitate\\\/proiecte\\\/incepe-english-makers-cu-jay\\\/\"]}]},{\"@type\":\"BreadcrumbList\",\"@id\":\"https:\\\/\\\/www.scoalababel.ro\\\/comunitate\\\/proiecte\\\/incepe-english-makers-cu-jay\\\/#breadcrumb\",\"itemListElement\":[{\"@type\":\"ListItem\",\"position\":1,\"name\":\"Home\",\"item\":\"https:\\\/\\\/www.scoalababel.ro\\\/\"},{\"@type\":\"ListItem\",\"position\":2,\"name\":\"Comunitate\",\"item\":\"https:\\\/\\\/www.scoalababel.ro\\\/comunitate\\\/\"},{\"@type\":\"ListItem\",\"position\":3,\"name\":\"Proiecte\",\"item\":\"https:\\\/\\\/www.scoalababel.ro\\\/comunitate\\\/proiecte\\\/\"},{\"@type\":\"ListItem\",\"position\":4,\"name\":\"\u00cencepe English Makers cu Jay\"}]},{\"@type\":\"WebSite\",\"@id\":\"https:\\\/\\\/www.scoalababel.ro\\\/#website\",\"url\":\"https:\\\/\\\/www.scoalababel.ro\\\/\",\"name\":\"\u0218coala Babel\",\"description\":\"\u0218coala Babel\",\"potentialAction\":[{\"@type\":\"SearchAction\",\"target\":{\"@type\":\"EntryPoint\",\"urlTemplate\":\"https:\\\/\\\/www.scoalababel.ro\\\/?s={search_term_string}\"},\"query-input\":{\"@type\":\"PropertyValueSpecification\",\"valueRequired\":true,\"valueName\":\"search_term_string\"}}],\"inLanguage\":\"en-US\"}]}<\/script>\n<!-- \/ Yoast SEO plugin. -->","yoast_head_json":{"title":"\u00cencepe English Makers cu Jay - \u0218coala Babel","robots":{"index":"index","follow":"follow","max-snippet":"max-snippet:-1","max-image-preview":"max-image-preview:large","max-video-preview":"max-video-preview:-1"},"canonical":"https:\/\/www.scoalababel.ro\/en\/comunitate\/proiecte\/incepe-english-makers-cu-jay\/","og_locale":"en_US","og_type":"article","og_title":"\u00cencepe English Makers cu Jay - \u0218coala Babel","og_description":"[vc_row][vc_column][vc_single_image image=&#8221;3035&#8243; img_size=&#8221;large&#8221;][\/vc_column][\/vc_row][vc_row][vc_column][vc_empty_space][\/vc_column][\/vc_row][vc_row][vc_column][vc_column_text] Engleza cu Jay Thorne, vorbitor nativ , prin proiecte creative \u0219i conversa\u021bie. Fiecare copil va avea ocazia s\u0103 dea glas propriei imagina\u021bii, s\u0103 confec\u021bioneze, s\u0103 me\u0219tereasc\u0103, s\u0103 experimenteze. Zicala \u201cnu \u0219tii ce po\u021bi s\u0103 faci p\u00e2n\u0103 c\u00e2nd nu \u00eencerci\u201d e cheie \u00een toate activit\u0103\u021bile desf\u0103\u0219urate \u00een MakerSpace, fie c\u0103 e vorba de [&hellip;]","og_url":"https:\/\/www.scoalababel.ro\/en\/comunitate\/proiecte\/incepe-english-makers-cu-jay\/","og_site_name":"\u0218coala Babel","article_publisher":"https:\/\/www.facebook.com\/scoalababel\/","article_modified_time":"2019-09-05T12:17:18+00:00","twitter_card":"summary_large_image","twitter_misc":{"Est. reading time":"2 minutes"},"schema":{"@context":"https:\/\/schema.org","@graph":[{"@type":"WebPage","@id":"https:\/\/www.scoalababel.ro\/comunitate\/proiecte\/incepe-english-makers-cu-jay\/","url":"https:\/\/www.scoalababel.ro\/comunitate\/proiecte\/incepe-english-makers-cu-jay\/","name":"\u00cencepe English Makers cu Jay - \u0218coala Babel","isPartOf":{"@id":"https:\/\/www.scoalababel.ro\/#website"},"datePublished":"2019-09-04T12:48:16+00:00","dateModified":"2019-09-05T12:17:18+00:00","breadcrumb":{"@id":"https:\/\/www.scoalababel.ro\/comunitate\/proiecte\/incepe-english-makers-cu-jay\/#breadcrumb"},"inLanguage":"en-US","potentialAction":[{"@type":"ReadAction","target":["https:\/\/www.scoalababel.ro\/comunitate\/proiecte\/incepe-english-makers-cu-jay\/"]}]},{"@type":"BreadcrumbList","@id":"https:\/\/www.scoalababel.ro\/comunitate\/proiecte\/incepe-english-makers-cu-jay\/#breadcrumb","itemListElement":[{"@type":"ListItem","position":1,"name":"Home","item":"https:\/\/www.scoalababel.ro\/"},{"@type":"ListItem","position":2,"name":"Comunitate","item":"https:\/\/www.scoalababel.ro\/comunitate\/"},{"@type":"ListItem","position":3,"name":"Proiecte","item":"https:\/\/www.scoalababel.ro\/comunitate\/proiecte\/"},{"@type":"ListItem","position":4,"name":"\u00cencepe English Makers cu Jay"}]},{"@type":"WebSite","@id":"https:\/\/www.scoalababel.ro\/#website","url":"https:\/\/www.scoalababel.ro\/","name":"\u0218coala Babel","description":"\u0218coala Babel","potentialAction":[{"@type":"SearchAction","target":{"@type":"EntryPoint","urlTemplate":"https:\/\/www.scoalababel.ro\/?s={search_term_string}"},"query-input":{"@type":"PropertyValueSpecification","valueRequired":true,"valueName":"search_term_string"}}],"inLanguage":"en-US"}]}},"_links":{"self":[{"href":"https:\/\/www.scoalababel.ro\/en\/wp-json\/wp\/v2\/pages\/3025","targetHints":{"allow":["GET"]}}],"collection":[{"href":"https:\/\/www.scoalababel.ro\/en\/wp-json\/wp\/v2\/pages"}],"about":[{"href":"https:\/\/www.scoalababel.ro\/en\/wp-json\/wp\/v2\/types\/page"}],"author":[{"embeddable":true,"href":"https:\/\/www.scoalababel.ro\/en\/wp-json\/wp\/v2\/users\/8"}],"replies":[{"embeddable":true,"href":"https:\/\/www.scoalababel.ro\/en\/wp-json\/wp\/v2\/comments?post=3025"}],"version-history":[{"count":6,"href":"https:\/\/www.scoalababel.ro\/en\/wp-json\/wp\/v2\/pages\/3025\/revisions"}],"predecessor-version":[{"id":3036,"href":"https:\/\/www.scoalababel.ro\/en\/wp-json\/wp\/v2\/pages\/3025\/revisions\/3036"}],"up":[{"embeddable":true,"href":"https:\/\/www.scoalababel.ro\/en\/wp-json\/wp\/v2\/pages\/2520"}],"wp:attachment":[{"href":"https:\/\/www.scoalababel.ro\/en\/wp-json\/wp\/v2\/media?parent=3025"}],"curies":[{"name":"wp","href":"https:\/\/api.w.org\/{rel}","templated":true}]}}