{"id":3084,"date":"2019-09-09T18:28:39","date_gmt":"2019-09-09T18:28:39","guid":{"rendered":"http:\/\/www.scoalababel.ro\/?page_id=3084"},"modified":"2025-12-15T14:09:40","modified_gmt":"2025-12-15T14:09:40","slug":"inscriere","status":"publish","type":"page","link":"https:\/\/www.scoalababel.ro\/en\/despre-scoala\/inscriere\/","title":{"rendered":"\u00censcriere"},"content":{"rendered":"<p>[vc_row][vc_column][vc_column_text]<\/p>\n<h1><b>\u00censcrieri \u00een clasa preg\u0103titoare an \u0219colar 2026\/2027<\/b><\/h1>\n<p>Care este procesul de \u00eenscriere, pe scurt?<\/p>\n<ol>\n<li><a href=\"https:\/\/docs.google.com\/forms\/d\/e\/1FAIpQLSffmdxOFv2Oy3CC8cGqxhQ-Sxiy0-Z_RLs3BmsfnWEqUv3sgw\/viewform?usp=dialog\" target=\"_blank\" rel=\"noopener noreferrer\">Seara P\u0103rin\u021bilor &#8211; <strong>29 ianuarie 2026<\/strong><\/a><\/li>\n<li>\u00cent\u00e2lnire fa\u021b\u0103 \u00een fa\u021b\u0103 cu mama \u0219i tat\u0103l viitorului elev \u0219i reprezentan\u021bi ai \u0219colii Babel<\/li>\n<li>Perioada de deliberare<\/li>\n<li>Anun\u021barea listei provizorii cu elevii care continu\u0103 procesul de \u00eenscriere + lista de a\u0219teptare<\/li>\n<li>Ateliere p\u0103rinte-copil<\/li>\n<li>Semnarea contractelor<\/li>\n<\/ol>\n<p>Ce trebuie s\u0103 \u0219tii despre Babel \u0218coal\u0103+Liceu?<\/p>\n<ol>\n<li><a href=\"#profil\">Profilul p\u0103rintelui<\/a><\/li>\n<li><a href=\"#program\">Programul \u0219colii<\/a><\/li>\n<li><a href=\"#afterschool\">Programul afterschool<\/a><\/li>\n<li><a href=\"#optionale\">Programul de ateliere op\u021bionale<\/a><\/li>\n<li><a href=\"#proces\">Procesul de \u00eenscriere la Babel \u0218coal\u0103+Liceu<\/a><\/li>\n<li><a href=\"#contact\">Contact<\/a><\/li>\n<\/ol>\n<p>[\/vc_column_text][vc_empty_space][\/vc_column][\/vc_row][vc_row el_id=&#8221;profil&#8221;][vc_column][vc_column_text]<\/p>\n<h2><strong>Profilul p\u0103rintelui al c\u0103rui copil se dezvolt\u0103 \u00een armonie la \u0218coala Babel\u00a0<\/strong><\/h2>\n<div>\n<ul>\n<li><span class=\"JsGRdQ\">este cons\u0326tient de rolul esent\u0326ial al familiei \u00een dezvoltarea copilului (se conecteaza\u0306 la experient\u0326a copilului ascult\u00e2ndu-l, accepta\u0306 necondit\u0326ionat persoana acestuia, respecta\u0306 nevoile propriului copil);<\/span><\/li>\n<li><span class=\"JsGRdQ\">este dispus sa\u0306 accepte s\u0326i sa\u0306 discute cu copilul despre toata\u0306 gama de emot\u0326ii, ale sale s\u0326i ale copilului;<\/span><\/li>\n<li><span class=\"JsGRdQ\">e implicat \u00eentr-un proces propriu de dezvoltare personala\u0306 s\u0326i \u00eenva\u0306t\u0326are;<\/span><\/li>\n<li><span class=\"JsGRdQ\">depune toate eforturile pentru a ment\u0326ine o relat\u0326ie de colaborare s\u0326i ca\u0306utare de solut\u0326ii ala\u0306turi de s\u0326coala\u0306;<\/span><\/li>\n<li><span class=\"JsGRdQ\">\u00ees\u0326i asuma\u0306 o relat\u0326ie de co-responsabilitate ala\u0306turi de cadrele didactice pentru starea de bine s\u0326i implicarea copilului \u00een cadrul s\u0326colii, va\u0306z\u00e2nd dincolo de roluri formale (client-furnizor-produs).<\/span><\/li>\n<\/ul>\n<p class=\"_04xlpA direction-ltr align-start para-style-body\"><span class=\"JsGRdQ\">Astfel, el cultiva\u0306 aceleas\u0326i valori ce sunt asumate de \u00eentreg personalul s\u0326colii s\u0326i de proiectul S\u0326coala Babel: \u00eenva\u0306t\u0326are la puterea experient\u0326ei, colabora\u0306rii, empatiei s\u0326i curiozita\u0306t\u0326ii.<\/span><\/p>\n<p>&nbsp;<\/p>\n<\/div>\n<h2>Te \u00eentrebi dac\u0103 \u0218coala Babel e potrivit\u0103 pentru tine \u0219i copilul t\u0103u?<\/h2>\n<p>Te invit\u0103m s\u0103 cite\u0219ti <a href=\"https:\/\/www.scoalababel.ro\/wp-content\/uploads\/2023\/12\/Profilul-Parintelui_Babel-S\u0326coala\u0306Liceu.pdf\" target=\"_blank\" rel=\"noopener noreferrer\">bro\u0219ura noastr\u0103<\/a>, te va ajuta s\u0103-\u021bi faci o idee mai bun\u0103.<\/p>\n<div>\n<p class=\"_04xlpA direction-ltr align-start para-style-body\"><span class=\"JsGRdQ\">Act\u0326iuni s\u0326i valori ce nu ajuta\u0306 la dezvoltarea armonioasa\u0306 a copilului la S\u0326coala Babel:<\/span><\/p>\n<p class=\"_04xlpA direction-ltr align-start para-style-body\"><span class=\"JsGRdQ\">1. Folosirea unui sistem de pedepse s\u0326i recompense \u00een cadrul familiei ca metoda\u0306 de obt\u0326inere a comportamentelor dorite.<\/span><\/p>\n<p class=\"_04xlpA direction-ltr align-start para-style-body\"><span class=\"JsGRdQ\">2. Existent\u0326a unei ierarhii a nevoilor \u00een familie (fie doar nevoile adult\u0326ilor conteaza\u0306, fie doar nevoile copiilor conteaza\u0306).<\/span><\/p>\n<p class=\"_04xlpA direction-ltr align-start para-style-body\"><span class=\"JsGRdQ\">3. Folosirea violent\u0326ei fizice sau verbale \u00een situat\u0326ii de conflict.<\/span><\/p>\n<p class=\"_04xlpA direction-ltr align-start para-style-body\"><span class=\"JsGRdQ\">4. Compararea copiilor proprii cu alt\u0326i copii, accentul pe competit\u0326ie s\u0326i rezultate exprimate sub forma\u0306 de ierarhie.<\/span><\/p>\n<\/div>\n<p>[\/vc_column_text][vc_empty_space][vc_single_image image=&#8221;5677&#8243; img_size=&#8221;full&#8221;][vc_empty_space][\/vc_column][\/vc_row][vc_row el_id=&#8221;program&#8221;][vc_column][vc_column_text]<\/p>\n<h2 class=\"_04xlpA direction-ltr align-start para-style-body\"><span class=\"JsGRdQ\">Programul \u0218colii Babel<\/span><\/h2>\n<p class=\"_04xlpA direction-ltr align-start para-style-body\"><span class=\"JsGRdQ\">8:30-13:45 \u2013 clasa prega\u0306titoare<br \/>\n<\/span><span class=\"JsGRdQ\">8:30-13:45 \u2013 clasa I<br \/>\n<\/span><span class=\"JsGRdQ\">8:30-13:15 \u2013 clasa a II-a<br \/>\n<\/span>8:30-13:30 \u2013 clasa a III-a, clasa a IV-a<br \/>\n8:30-14:05 \u2013 clasa a V-a<br \/>\n8:30-15:05 \u2013 clasa a VI-a, clasa a VII-a, clasa a VIII-a<\/p>\n<p class=\"_04xlpA direction-ltr align-start para-style-body\"><span class=\"JsGRdQ\">Se respecta\u0306 calendarul Ministerului Educat\u0326iei Nat\u0326ionale, planul de \u00eenva\u0306t\u0326a\u0306m\u00e2nt (numa\u0306r de ore s\u0326i materii). \u00cen plus fat\u0326a\u0306 de curriculum nat\u0326ional, S\u0326coala Babel ofera\u0306 o ora\u0306 adi\u021bional\u0103 de limba engleza\u0306 cu vorbitor nativ.<\/span><\/p>\n<p>[\/vc_column_text][vc_empty_space][\/vc_column][\/vc_row][vc_row el_id=&#8221;afterschool&#8221;][vc_column][vc_column_text]<\/p>\n<h2 class=\"_04xlpA direction-ltr align-start para-style-body\"><strong><span class=\"JsGRdQ\">Programul de afterschool<\/span><\/strong><\/h2>\n<p class=\"_04xlpA direction-ltr align-start para-style-body\"><span class=\"JsGRdQ\">Dupa\u0306 terminarea programului de \u0219coal\u0103, se poate opta pentru programul de afterschool.<\/span><\/p>\n<p class=\"_04xlpA direction-ltr align-start para-style-body\"><span class=\"JsGRdQ\">Acesta cuprinde supraveghere, pr\u00e2nz, joc liber, activit\u0103\u021bi de \u00eenv\u0103\u021bare non-formal\u0103, or\u0103 de lectur\u0103.<\/span><\/p>\n<p>[\/vc_column_text][vc_empty_space][vc_single_image image=&#8221;5673&#8243; img_size=&#8221;large&#8221;][vc_empty_space][\/vc_column][\/vc_row][vc_row el_id=&#8221;optionale&#8221;][vc_column][vc_column_text]<\/p>\n<h2 class=\"_04xlpA direction-ltr align-start para-style-body\"><span class=\"JsGRdQ\">Programul de ateliere op\u021bionale<\/span><\/h2>\n<p class=\"_04xlpA direction-ltr align-start para-style-body\"><span class=\"JsGRdQ\">\u0218coala ofer\u0103, ala\u0306turi de specialis\u0326ti, un\u00a0<a href=\"https:\/\/www.scoalababel.ro\/join-learning\/\" target=\"_blank\" rel=\"noopener noreferrer\">program de ateliere<\/a>\u00a0pe diferite arii de interes s\u0326i pasiune ale copiilor (sport, arte, tehnologie, muzica\u0306, teatru, circ, social media).<\/span><\/p>\n<p class=\"_04xlpA direction-ltr align-start para-style-body\"><span class=\"JsGRdQ\">Aceste ateliere se achita\u0306 lunar.<\/span><\/p>\n<p>[\/vc_column_text][vc_empty_space][vc_single_image image=&#8221;5674&#8243; img_size=&#8221;large&#8221;][vc_empty_space][\/vc_column][\/vc_row][vc_row el_id=&#8221;proces&#8221;][vc_column][vc_column_text]<\/p>\n<div>\n<h2 class=\"_04xlpA direction-ltr align-start para-style-body\"><span class=\"JsGRdQ\">Proces \u00eenscriere:<\/span><\/h2>\n<p class=\"_04xlpA direction-ltr align-start para-style-body\"><span class=\"JsGRdQ\">Procesul de \u00eenscriere debuteaz\u0103 cu <strong>Seara Pa\u0306rint\u0326ilor,<\/strong>\u00a0<strong>29 ianuarie 2026, ora 18:00, <a href=\"https:\/\/docs.google.com\/forms\/d\/e\/1FAIpQLSffmdxOFv2Oy3CC8cGqxhQ-Sxiy0-Z_RLs3BmsfnWEqUv3sgw\/viewform?usp=dialog\" target=\"_blank\" rel=\"noopener noreferrer\">la care v\u0103 invit\u0103m s\u0103 v\u0103 \u00eenscrie\u021bi aici<\/a>.<\/strong><\/span><img loading=\"lazy\" decoding=\"async\" class=\"size-full wp-image-14638 alignnone\" src=\"https:\/\/www.scoalababel.ro\/wp-content\/uploads\/2025\/12\/pregatitoare-2026-2027.jpg\" alt=\"\" width=\"1000\" height=\"500\" srcset=\"https:\/\/www.scoalababel.ro\/wp-content\/uploads\/2025\/12\/pregatitoare-2026-2027.jpg 1000w, https:\/\/www.scoalababel.ro\/wp-content\/uploads\/2025\/12\/pregatitoare-2026-2027-300x150.jpg 300w, https:\/\/www.scoalababel.ro\/wp-content\/uploads\/2025\/12\/pregatitoare-2026-2027-768x384.jpg 768w\" sizes=\"auto, (max-width: 1000px) 100vw, 1000px\" \/><\/p>\n<p class=\"_04xlpA direction-ltr align-start para-style-body\">Pentru a continua procesul sunt necesari urma\u0306torii pas\u0326i, \u00een cazul \u00een care considerat\u0326i ca\u0306 profilul pa\u0306rintelui descris mai sus, se potrives\u0326te.<\/p>\n<ol>\n<li>Participarea la Seara P\u0103rin\u021bilor &#8211; 29 ianuarie<\/li>\n<li>Participarea ambilor pa\u0306rint\u0326i la o discut\u0326ie de cunoas\u0326tere cu reprezentan\u021bi ai \u0219colii Babel <span class=\"OYPEnA font-feature-liga-off font-feature-clig-off font-feature-calt-off text-decoration-none text-strikethrough-none\">(clasa preg\u0103titoare).<\/span><\/li>\n<li>Perioada de deliberare<\/li>\n<li>Anun\u021barea listei provizorii cu elevii care continu\u0103 procesul de \u00eenscriere + lista de a\u0219teptare<\/li>\n<li>Ateliere p\u0103rinte-copil<\/li>\n<li>Semnarea unui contract, achitarea taxei de \u00eenscriere \u0219i depozit \u2013 contravaloarea a trei rate din taxa de \u0219colarizare (care se va deduce din taxa de \u0219colarizare anual\u0103)<\/li>\n<li>Completarea online a cererii de \u00eenscriere conform calendarului de \u00eenscriere anun\u021bat de Ministerul Educa\u021biei.<\/li>\n<li>Participarea (cel put\u0326in un membru al familiei) la cursurile oferite de <a href=\"https:\/\/www.facebook.com\/groups\/1203919740980150\" target=\"_blank\" rel=\"noopener noreferrer\">Centrul pentru Formare \u00een \u00cenv\u0103\u021bare Experien\u021bial\u0103<\/a>:<\/li>\n<\/ol>\n<ul>\n<li><span class=\"OYPEnA font-feature-liga-off font-feature-clig-off font-feature-calt-off text-decoration-none text-strikethrough-none\">Curs introductiv \u00een Comunicarea Nonviolent\u0103<\/span><span class=\"OYPEnA font-feature-liga-off font-feature-clig-off font-feature-calt-off text-decoration-none text-strikethrough-none\"> (50% reducere pentru p\u0103rin\u021bii copiilor \u00eenscri\u0219i \u00een anul \u0219colar 2026\/2027)<\/span><\/li>\n<li><span class=\"OYPEnA font-feature-liga-off font-feature-clig-off font-feature-calt-off text-decoration-none text-strikethrough-none\">Cum s\u0103 \u00een\u021belegi \u0219i s\u0103 sus\u021bii dezvoltarea copilului t\u0103u?<\/span><span class=\"OYPEnA font-feature-liga-off font-feature-clig-off font-feature-calt-off text-decoration-none text-strikethrough-none\"> (50% reducere pentru p\u0103rin\u021bii copiilor \u00eenscri\u0219i \u00een anul \u0219colar 2026\/2027)<\/span><\/li>\n<\/ul>\n<\/div>\n<p>&nbsp;<\/p>\n<h2 class=\"_04xlpA direction-ltr align-start para-style-body\"><span class=\"JsGRdQ\">Alte informa\u021bii<\/span><\/h2>\n<p class=\"_04xlpA direction-ltr align-start para-style-body\"><span class=\"JsGRdQ\">\u00cen fiecare an S\u0326coala Babel are disponibil un loc pentru copii cu nevoi speciale (diagnostic s\u0326i dosar CES realizat).<\/span><\/p>\n<p class=\"_04xlpA direction-ltr align-start para-style-body\"><span class=\"JsGRdQ\">Decizia privind ocuparea acestui singur loc o vom lua t\u0326in\u00e2nd cont de cum putem colabora cu tot\u0326i cei implicat\u0326i \u00een procesul de sust\u0326inere al copilului (pa\u0306rint\u0326i-terapeut\u0326i- personal de sprijin).<\/span><\/p>\n<p>[\/vc_column_text][vc_empty_space][vc_btn title=&#8221;\u00censcrieri Seara P\u0103rin\u021bilor 2026&#8243; color=&#8221;turquoise&#8221; link=&#8221;url:https%3A%2F%2Fdocs.google.com%2Fforms%2Fd%2Fe%2F1FAIpQLSffmdxOFv2Oy3CC8cGqxhQ-Sxiy0-Z_RLs3BmsfnWEqUv3sgw%2Fviewform%3Fusp%3Ddialog||target:%20_blank&#8221;][vc_empty_space][\/vc_column][\/vc_row][vc_row el_id=&#8221;contact&#8221;][vc_column][vc_column_text]<\/p>\n<p class=\"_04xlpA direction-ltr align-start para-style-body\"><span class=\"JsGRdQ\">Pentru comunicare online v\u0103 rug\u0103m s\u0103 folosi\u021bi adresa:<\/span><\/p>\n<p class=\"_04xlpA direction-ltr align-start para-style-body\"><strong><span class=\"JsGRdQ\">contact@scoalababel.ro<\/span><\/strong><\/p>\n<p>[\/vc_column_text][vc_empty_space][\/vc_column][\/vc_row]<\/p>\n","protected":false},"excerpt":{"rendered":"<p>[vc_row][vc_column][vc_column_text] \u00censcrieri \u00een clasa preg\u0103titoare an \u0219colar 2026\/2027 Care este procesul de \u00eenscriere, pe scurt? Seara P\u0103rin\u021bilor &#8211; 29 ianuarie 2026 \u00cent\u00e2lnire fa\u021b\u0103 \u00een fa\u021b\u0103 cu mama \u0219i tat\u0103l viitorului elev \u0219i reprezentan\u021bi ai \u0219colii Babel Perioada de deliberare Anun\u021barea listei provizorii cu elevii care continu\u0103 procesul de \u00eenscriere + lista de a\u0219teptare Ateliere p\u0103rinte-copil [&hellip;]<\/p>\n","protected":false},"author":1,"featured_media":0,"parent":1701,"menu_order":70,"comment_status":"closed","ping_status":"closed","template":"","meta":{"footnotes":""},"class_list":["post-3084","page","type-page","status-publish","hentry"],"yoast_head":"<!-- This site is optimized with the Yoast SEO plugin v27.5 - https:\/\/yoast.com\/product\/yoast-seo-wordpress\/ -->\n<title>\u00censcrieri \u00een clasa preg\u0103tioare \u0219i gimnaziu la Babel \u0218coal\u0103+Liceu<\/title>\n<meta name=\"description\" content=\"\u00censcrie copilul \u00een clasa preg\u0103titoare pentru anul \u0219colar 2024-2025 la Babel \u0218coal\u0103+Liceu. Vino la Seara P\u0103rin\u021bilor \u0219i urmeaz\u0103 procesul de \u00eenscriere.\" \/>\n<meta name=\"robots\" content=\"index, follow, max-snippet:-1, max-image-preview:large, max-video-preview:-1\" \/>\n<link rel=\"canonical\" href=\"https:\/\/www.scoalababel.ro\/en\/despre-scoala\/inscriere\/\" \/>\n<meta property=\"og:locale\" content=\"en_US\" \/>\n<meta property=\"og:locale:alternate\" content=\"ro_RO\" \/>\n<meta property=\"og:type\" content=\"article\" \/>\n<meta property=\"og:title\" content=\"\u00censcrieri la clasa preg\u0103titoare 2024-2025 - Seara P\u0103rin\u021bilor la Babel \u0218coal\u0103+Liceu\" \/>\n<meta property=\"og:description\" content=\"Vino la Seara P\u0103rin\u021bilor pentru a afla care este oferta educa\u021bional\u0103 a Babel \u0218coal\u0103+Liceu.\" \/>\n<meta property=\"og:url\" content=\"https:\/\/www.scoalababel.ro\/en\/despre-scoala\/inscriere\/\" \/>\n<meta property=\"og:site_name\" content=\"\u0218coala Babel\" \/>\n<meta property=\"article:publisher\" content=\"https:\/\/www.facebook.com\/scoalababel\/\" \/>\n<meta property=\"article:modified_time\" content=\"2025-12-15T14:09:40+00:00\" \/>\n<meta property=\"og:image\" content=\"https:\/\/www.scoalababel.ro\/wp-content\/uploads\/2023\/12\/Inscrieri-Clasa-Pregatitoare-Site.jpg\" \/>\n\t<meta property=\"og:image:width\" content=\"1280\" \/>\n\t<meta property=\"og:image:height\" content=\"623\" \/>\n\t<meta property=\"og:image:type\" content=\"image\/jpeg\" \/>\n<meta name=\"twitter:card\" content=\"summary_large_image\" \/>\n<meta name=\"twitter:label1\" content=\"Est. reading time\" \/>\n\t<meta name=\"twitter:data1\" content=\"4 minutes\" \/>\n<script type=\"application\/ld+json\" class=\"yoast-schema-graph\">{\"@context\":\"https:\\\/\\\/schema.org\",\"@graph\":[{\"@type\":\"WebPage\",\"@id\":\"https:\\\/\\\/www.scoalababel.ro\\\/despre-scoala\\\/inscriere\\\/\",\"url\":\"https:\\\/\\\/www.scoalababel.ro\\\/despre-scoala\\\/inscriere\\\/\",\"name\":\"\u00censcrieri \u00een clasa preg\u0103tioare \u0219i gimnaziu la Babel \u0218coal\u0103+Liceu\",\"isPartOf\":{\"@id\":\"https:\\\/\\\/www.scoalababel.ro\\\/#website\"},\"primaryImageOfPage\":{\"@id\":\"https:\\\/\\\/www.scoalababel.ro\\\/despre-scoala\\\/inscriere\\\/#primaryimage\"},\"image\":{\"@id\":\"https:\\\/\\\/www.scoalababel.ro\\\/despre-scoala\\\/inscriere\\\/#primaryimage\"},\"thumbnailUrl\":\"https:\\\/\\\/www.scoalababel.ro\\\/wp-content\\\/uploads\\\/2025\\\/12\\\/pregatitoare-2026-2027.jpg\",\"datePublished\":\"2019-09-09T18:28:39+00:00\",\"dateModified\":\"2025-12-15T14:09:40+00:00\",\"description\":\"\u00censcrie copilul \u00een clasa preg\u0103titoare pentru anul \u0219colar 2024-2025 la Babel \u0218coal\u0103+Liceu. Vino la Seara P\u0103rin\u021bilor \u0219i urmeaz\u0103 procesul de \u00eenscriere.\",\"breadcrumb\":{\"@id\":\"https:\\\/\\\/www.scoalababel.ro\\\/despre-scoala\\\/inscriere\\\/#breadcrumb\"},\"inLanguage\":\"en-US\",\"potentialAction\":[{\"@type\":\"ReadAction\",\"target\":[\"https:\\\/\\\/www.scoalababel.ro\\\/despre-scoala\\\/inscriere\\\/\"]}]},{\"@type\":\"ImageObject\",\"inLanguage\":\"en-US\",\"@id\":\"https:\\\/\\\/www.scoalababel.ro\\\/despre-scoala\\\/inscriere\\\/#primaryimage\",\"url\":\"https:\\\/\\\/www.scoalababel.ro\\\/wp-content\\\/uploads\\\/2025\\\/12\\\/pregatitoare-2026-2027.jpg\",\"contentUrl\":\"https:\\\/\\\/www.scoalababel.ro\\\/wp-content\\\/uploads\\\/2025\\\/12\\\/pregatitoare-2026-2027.jpg\"},{\"@type\":\"BreadcrumbList\",\"@id\":\"https:\\\/\\\/www.scoalababel.ro\\\/despre-scoala\\\/inscriere\\\/#breadcrumb\",\"itemListElement\":[{\"@type\":\"ListItem\",\"position\":1,\"name\":\"Home\",\"item\":\"https:\\\/\\\/www.scoalababel.ro\\\/\"},{\"@type\":\"ListItem\",\"position\":2,\"name\":\"Despre \u0219coal\u0103\",\"item\":\"https:\\\/\\\/www.scoalababel.ro\\\/despre-scoala\\\/\"},{\"@type\":\"ListItem\",\"position\":3,\"name\":\"\u00censcriere\"}]},{\"@type\":\"WebSite\",\"@id\":\"https:\\\/\\\/www.scoalababel.ro\\\/#website\",\"url\":\"https:\\\/\\\/www.scoalababel.ro\\\/\",\"name\":\"\u0218coala Babel\",\"description\":\"\u0218coala Babel\",\"potentialAction\":[{\"@type\":\"SearchAction\",\"target\":{\"@type\":\"EntryPoint\",\"urlTemplate\":\"https:\\\/\\\/www.scoalababel.ro\\\/?s={search_term_string}\"},\"query-input\":{\"@type\":\"PropertyValueSpecification\",\"valueRequired\":true,\"valueName\":\"search_term_string\"}}],\"inLanguage\":\"en-US\"}]}<\/script>\n<!-- \/ Yoast SEO plugin. -->","yoast_head_json":{"title":"\u00censcrieri \u00een clasa preg\u0103tioare \u0219i gimnaziu la Babel \u0218coal\u0103+Liceu","description":"\u00censcrie copilul \u00een clasa preg\u0103titoare pentru anul \u0219colar 2024-2025 la Babel \u0218coal\u0103+Liceu. Vino la Seara P\u0103rin\u021bilor \u0219i urmeaz\u0103 procesul de \u00eenscriere.","robots":{"index":"index","follow":"follow","max-snippet":"max-snippet:-1","max-image-preview":"max-image-preview:large","max-video-preview":"max-video-preview:-1"},"canonical":"https:\/\/www.scoalababel.ro\/en\/despre-scoala\/inscriere\/","og_locale":"en_US","og_type":"article","og_title":"[:ro]\u00censcrieri la clasa preg\u0103titoare 2024-2025 - Seara P\u0103rin\u021bilor la Babel \u0218coal\u0103+Liceu[:]","og_description":"[:ro]Vino la Seara P\u0103rin\u021bilor pentru a afla care este oferta educa\u021bional\u0103 a Babel \u0218coal\u0103+Liceu.[:]","og_url":"https:\/\/www.scoalababel.ro\/en\/despre-scoala\/inscriere\/","og_site_name":"\u0218coala Babel","article_publisher":"https:\/\/www.facebook.com\/scoalababel\/","article_modified_time":"2025-12-15T14:09:40+00:00","og_image":[{"width":1280,"height":623,"url":"https:\/\/www.scoalababel.ro\/wp-content\/uploads\/2023\/12\/Inscrieri-Clasa-Pregatitoare-Site.jpg","type":"image\/jpeg"}],"twitter_card":"summary_large_image","twitter_misc":{"Est. reading time":"4 minutes"},"schema":{"@context":"https:\/\/schema.org","@graph":[{"@type":"WebPage","@id":"https:\/\/www.scoalababel.ro\/despre-scoala\/inscriere\/","url":"https:\/\/www.scoalababel.ro\/despre-scoala\/inscriere\/","name":"\u00censcrieri \u00een clasa preg\u0103tioare \u0219i gimnaziu la Babel \u0218coal\u0103+Liceu","isPartOf":{"@id":"https:\/\/www.scoalababel.ro\/#website"},"primaryImageOfPage":{"@id":"https:\/\/www.scoalababel.ro\/despre-scoala\/inscriere\/#primaryimage"},"image":{"@id":"https:\/\/www.scoalababel.ro\/despre-scoala\/inscriere\/#primaryimage"},"thumbnailUrl":"https:\/\/www.scoalababel.ro\/wp-content\/uploads\/2025\/12\/pregatitoare-2026-2027.jpg","datePublished":"2019-09-09T18:28:39+00:00","dateModified":"2025-12-15T14:09:40+00:00","description":"\u00censcrie copilul \u00een clasa preg\u0103titoare pentru anul \u0219colar 2024-2025 la Babel \u0218coal\u0103+Liceu. Vino la Seara P\u0103rin\u021bilor \u0219i urmeaz\u0103 procesul de \u00eenscriere.","breadcrumb":{"@id":"https:\/\/www.scoalababel.ro\/despre-scoala\/inscriere\/#breadcrumb"},"inLanguage":"en-US","potentialAction":[{"@type":"ReadAction","target":["https:\/\/www.scoalababel.ro\/despre-scoala\/inscriere\/"]}]},{"@type":"ImageObject","inLanguage":"en-US","@id":"https:\/\/www.scoalababel.ro\/despre-scoala\/inscriere\/#primaryimage","url":"https:\/\/www.scoalababel.ro\/wp-content\/uploads\/2025\/12\/pregatitoare-2026-2027.jpg","contentUrl":"https:\/\/www.scoalababel.ro\/wp-content\/uploads\/2025\/12\/pregatitoare-2026-2027.jpg"},{"@type":"BreadcrumbList","@id":"https:\/\/www.scoalababel.ro\/despre-scoala\/inscriere\/#breadcrumb","itemListElement":[{"@type":"ListItem","position":1,"name":"Home","item":"https:\/\/www.scoalababel.ro\/"},{"@type":"ListItem","position":2,"name":"Despre \u0219coal\u0103","item":"https:\/\/www.scoalababel.ro\/despre-scoala\/"},{"@type":"ListItem","position":3,"name":"\u00censcriere"}]},{"@type":"WebSite","@id":"https:\/\/www.scoalababel.ro\/#website","url":"https:\/\/www.scoalababel.ro\/","name":"\u0218coala Babel","description":"\u0218coala Babel","potentialAction":[{"@type":"SearchAction","target":{"@type":"EntryPoint","urlTemplate":"https:\/\/www.scoalababel.ro\/?s={search_term_string}"},"query-input":{"@type":"PropertyValueSpecification","valueRequired":true,"valueName":"search_term_string"}}],"inLanguage":"en-US"}]}},"_links":{"self":[{"href":"https:\/\/www.scoalababel.ro\/en\/wp-json\/wp\/v2\/pages\/3084","targetHints":{"allow":["GET"]}}],"collection":[{"href":"https:\/\/www.scoalababel.ro\/en\/wp-json\/wp\/v2\/pages"}],"about":[{"href":"https:\/\/www.scoalababel.ro\/en\/wp-json\/wp\/v2\/types\/page"}],"author":[{"embeddable":true,"href":"https:\/\/www.scoalababel.ro\/en\/wp-json\/wp\/v2\/users\/1"}],"replies":[{"embeddable":true,"href":"https:\/\/www.scoalababel.ro\/en\/wp-json\/wp\/v2\/comments?post=3084"}],"version-history":[{"count":91,"href":"https:\/\/www.scoalababel.ro\/en\/wp-json\/wp\/v2\/pages\/3084\/revisions"}],"predecessor-version":[{"id":14636,"href":"https:\/\/www.scoalababel.ro\/en\/wp-json\/wp\/v2\/pages\/3084\/revisions\/14636"}],"up":[{"embeddable":true,"href":"https:\/\/www.scoalababel.ro\/en\/wp-json\/wp\/v2\/pages\/1701"}],"wp:attachment":[{"href":"https:\/\/www.scoalababel.ro\/en\/wp-json\/wp\/v2\/media?parent=3084"}],"curies":[{"name":"wp","href":"https:\/\/api.w.org\/{rel}","templated":true}]}}