{"id":3092,"date":"2019-09-09T18:31:25","date_gmt":"2019-09-09T18:31:25","guid":{"rendered":"http:\/\/www.scoalababel.ro\/?page_id=3092"},"modified":"2022-05-24T12:20:54","modified_gmt":"2022-05-24T12:20:54","slug":"parteneri-si-sponsori","status":"publish","type":"page","link":"https:\/\/www.scoalababel.ro\/en\/povestea-noastra\/parteneri-si-sponsori\/","title":{"rendered":"Parteneri \u0219i Sponsori"},"content":{"rendered":"<p>[vc_row][vc_column]<div class=\"cupid-heading  \" >\n                    <h2>Local Partners<\/h2><\/div>[vc_column_text css=&#8221;.vc_custom_1612344970008{margin-top: 20px !important;}&#8221;]<a href=\"https:\/\/www.facebook.com\/pages\/category\/Regional-Website\/Asocia%C8%9Bia-%C3%8Env%C4%83%C8%9B%C4%83torilor-B%C4%83n%C4%83%C8%9Beni-403267999689300\/\" target=\"_blank\" rel=\"noopener noreferrer\">Asocia\u021bia \u00cenv\u0103\u021b\u0103torilor B\u0103n\u0103\u021beni<\/a><br \/>\nConsulatul Onorific al Olandei<br \/>\n<a href=\"http:\/\/www.inedu.ro\/\" target=\"_blank\" rel=\"noopener noreferrer\">Asocia\u021bia Ini\u021biativa \u00een Educa\u021bie<\/a><br \/>\n<a href=\"https:\/\/www.plai.ro\/ambasada\/\" target=\"_blank\" rel=\"noopener noreferrer\">Centrul Cultural Ambasada<\/a><br \/>\n<a href=\"http:\/\/basca.tm.ro\/\" target=\"_blank\" rel=\"noopener noreferrer\">Teatrul Basca<\/a><br \/>\n<a href=\"https:\/\/www.facebook.com\/scoaladecirc.tm\/\" target=\"_blank\" rel=\"noopener noreferrer\">\u0218coala de circ<\/a><br \/>\n<a href=\"https:\/\/www.fundatiacomunitaratimisoara.ro\/\">Funda\u021bia Comunitar\u0103 Timi\u0219oara<\/a><br \/>\n<a href=\"https:\/\/ave-romania.ro\/\" target=\"_blank\" rel=\"noopener noreferrer\">Asocia\u021bia pentru Valori \u00een Educa\u021bie<\/a><br \/>\n<a href=\"https:\/\/www.intercultural.ro\/en\/home-page\/\" target=\"_blank\" rel=\"noopener noreferrer\">Institutul Intercultural Timi\u0219oara<\/a><br \/>\n<a href=\"https:\/\/berocc.com\/\" target=\"_blank\" rel=\"noopener noreferrer\">Camera de Comer\u021b a Belgiei<\/a>[\/vc_column_text][vc_separator css=&#8221;.vc_custom_1572198808473{margin-top: 20px !important;margin-bottom: 20px !important;}&#8221;]<div class=\"cupid-heading  \" >\n                    <h2>International partners<\/h2><\/div>[vc_column_text css=&#8221;.vc_custom_1601471205663{margin-top: 20px !important;}&#8221;]<a href=\"http:\/\/www.cego.be\" target=\"_blank\" rel=\"noopener noreferrer\">CEGO Leuven<\/a> (Centrul pentru \u00cenv\u0103\u021bare Experien\u021bial\u0103 al Universit\u0103\u021bii Regale din Leuven)<br \/>\n<a href=\"http:\/\/www.nvcineducation.org\" target=\"_blank\" rel=\"noopener noreferrer\">NVC in Education Network<\/a><br \/>\n<a href=\"http:\/\/www.tweemonds.nl\" target=\"_blank\" rel=\"noopener noreferrer\">Tweemonds Olanda<\/a><br \/>\n<a href=\"http:\/\/www.pennyvine.com\" target=\"_blank\" rel=\"noopener noreferrer\">Penny Vine<\/a>[\/vc_column_text][vc_separator css=&#8221;.vc_custom_1572198808473{margin-top: 20px !important;margin-bottom: 20px !important;}&#8221;]<div class=\"cupid-heading  \" >\n                    <h2>SEED Sponsors<\/h2><\/div>[vc_column_text css=&#8221;.vc_custom_1601471237937{margin-top: 20px !important;}&#8221;]<a href=\"https:\/\/www.unifiedpost.com\/\" target=\"_blank\" rel=\"noopener noreferrer\">UnifiedPost<\/a>[\/vc_column_text][vc_separator css=&#8221;.vc_custom_1572198808473{margin-top: 20px !important;margin-bottom: 20px !important;}&#8221;]<div class=\"cupid-heading  \" >\n                    <h2>Strategic development Sponsors<\/h2><\/div>[vc_separator css=&#8221;.vc_custom_1572198808473{margin-top: 20px !important;margin-bottom: 20px !important;}&#8221;][vc_column_text css=&#8221;.vc_custom_1610710626189{margin-top: 20px !important;}&#8221;]<a href=\"https:\/\/www.eta2u.ro\/\" target=\"_blank\" rel=\"noopener noreferrer\">Eta 2U<\/a><br \/>\n<a href=\"https:\/\/www.intel.com\/content\/www\/us\/en\/jobs\/locations\/romania.html\" target=\"_blank\" rel=\"noopener noreferrer\">Intel<\/a><br \/>\n<a href=\"https:\/\/www.mewi.ro\/\" target=\"_blank\" rel=\"noopener noreferrer\">Mewi<\/a><br \/>\n<a href=\"http:\/\/blinkstudio.ro\/\" target=\"_blank\" rel=\"noopener noreferrer\">Blink Studio<\/a><br \/>\n<a href=\"https:\/\/www.lasting.ro\/\" target=\"_blank\" rel=\"noopener noreferrer\">Lasting Group<\/a><br \/>\n<a href=\"https:\/\/www.decathlon.ro\/\">Decathlon<\/a><br \/>\n<a href=\"https:\/\/www.librarulcupapion.ro\/\" target=\"_blank\" rel=\"noopener noreferrer\">Librarul cu papion<\/a>[\/vc_column_text][\/vc_column][\/vc_row]<\/p>\n","protected":false},"excerpt":{"rendered":"<p>[vc_row][vc_column][vc_column_text css=&#8221;.vc_custom_1612344970008{margin-top: 20px !important;}&#8221;]Asocia\u021bia \u00cenv\u0103\u021b\u0103torilor B\u0103n\u0103\u021beni Consulatul Onorific al Olandei Asocia\u021bia Ini\u021biativa \u00een Educa\u021bie Centrul Cultural Ambasada Teatrul Basca \u0218coala de circ Funda\u021bia Comunitar\u0103 Timi\u0219oara Asocia\u021bia pentru Valori \u00een Educa\u021bie Institutul Intercultural Timi\u0219oara Camera de Comer\u021b a Belgiei[\/vc_column_text][vc_separator css=&#8221;.vc_custom_1572198808473{margin-top: 20px !important;margin-bottom: 20px !important;}&#8221;][vc_column_text css=&#8221;.vc_custom_1601471205663{margin-top: 20px !important;}&#8221;]CEGO Leuven (Centrul pentru \u00cenv\u0103\u021bare Experien\u021bial\u0103 al Universit\u0103\u021bii Regale din [&hellip;]<\/p>\n","protected":false},"author":1,"featured_media":0,"parent":1654,"menu_order":60,"comment_status":"closed","ping_status":"closed","template":"","meta":{"footnotes":""},"class_list":["post-3092","page","type-page","status-publish","hentry"],"yoast_head":"<!-- This site is optimized with the Yoast SEO plugin v27.5 - https:\/\/yoast.com\/product\/yoast-seo-wordpress\/ -->\n<title>Parteneri \u0219i Sponsori - \u0218coala Babel<\/title>\n<meta name=\"robots\" content=\"index, follow, max-snippet:-1, max-image-preview:large, max-video-preview:-1\" \/>\n<link rel=\"canonical\" href=\"https:\/\/www.scoalababel.ro\/en\/povestea-noastra\/parteneri-si-sponsori\/\" \/>\n<meta property=\"og:locale\" content=\"en_US\" \/>\n<meta property=\"og:locale:alternate\" content=\"ro_RO\" \/>\n<meta property=\"og:type\" content=\"article\" \/>\n<meta property=\"og:title\" content=\"Parteneri \u0219i Sponsori - \u0218coala Babel\" \/>\n<meta property=\"og:description\" content=\"[vc_row][vc_column][vc_column_text css=&#8221;.vc_custom_1612344970008{margin-top: 20px !important;}&#8221;]Asocia\u021bia \u00cenv\u0103\u021b\u0103torilor B\u0103n\u0103\u021beni Consulatul Onorific al Olandei Asocia\u021bia Ini\u021biativa \u00een Educa\u021bie Centrul Cultural Ambasada Teatrul Basca \u0218coala de circ Funda\u021bia Comunitar\u0103 Timi\u0219oara Asocia\u021bia pentru Valori \u00een Educa\u021bie Institutul Intercultural Timi\u0219oara Camera de Comer\u021b a Belgiei[\/vc_column_text][vc_separator css=&#8221;.vc_custom_1572198808473{margin-top: 20px !important;margin-bottom: 20px !important;}&#8221;][vc_column_text css=&#8221;.vc_custom_1601471205663{margin-top: 20px !important;}&#8221;]CEGO Leuven (Centrul pentru \u00cenv\u0103\u021bare Experien\u021bial\u0103 al Universit\u0103\u021bii Regale din [&hellip;]\" \/>\n<meta property=\"og:url\" content=\"https:\/\/www.scoalababel.ro\/en\/povestea-noastra\/parteneri-si-sponsori\/\" \/>\n<meta property=\"og:site_name\" content=\"\u0218coala Babel\" \/>\n<meta property=\"article:publisher\" content=\"https:\/\/www.facebook.com\/scoalababel\/\" \/>\n<meta property=\"article:modified_time\" content=\"2022-05-24T12:20:54+00:00\" \/>\n<meta name=\"twitter:card\" content=\"summary_large_image\" \/>\n<meta name=\"twitter:label1\" content=\"Est. reading time\" \/>\n\t<meta name=\"twitter:data1\" content=\"1 minute\" \/>\n<script type=\"application\/ld+json\" class=\"yoast-schema-graph\">{\"@context\":\"https:\\\/\\\/schema.org\",\"@graph\":[{\"@type\":\"WebPage\",\"@id\":\"https:\\\/\\\/www.scoalababel.ro\\\/povestea-noastra\\\/parteneri-si-sponsori\\\/\",\"url\":\"https:\\\/\\\/www.scoalababel.ro\\\/povestea-noastra\\\/parteneri-si-sponsori\\\/\",\"name\":\"Parteneri \u0219i Sponsori - \u0218coala Babel\",\"isPartOf\":{\"@id\":\"https:\\\/\\\/www.scoalababel.ro\\\/#website\"},\"datePublished\":\"2019-09-09T18:31:25+00:00\",\"dateModified\":\"2022-05-24T12:20:54+00:00\",\"breadcrumb\":{\"@id\":\"https:\\\/\\\/www.scoalababel.ro\\\/povestea-noastra\\\/parteneri-si-sponsori\\\/#breadcrumb\"},\"inLanguage\":\"en-US\",\"potentialAction\":[{\"@type\":\"ReadAction\",\"target\":[\"https:\\\/\\\/www.scoalababel.ro\\\/povestea-noastra\\\/parteneri-si-sponsori\\\/\"]}]},{\"@type\":\"BreadcrumbList\",\"@id\":\"https:\\\/\\\/www.scoalababel.ro\\\/povestea-noastra\\\/parteneri-si-sponsori\\\/#breadcrumb\",\"itemListElement\":[{\"@type\":\"ListItem\",\"position\":1,\"name\":\"Home\",\"item\":\"https:\\\/\\\/www.scoalababel.ro\\\/\"},{\"@type\":\"ListItem\",\"position\":2,\"name\":\"Povestea noastr\u0103\",\"item\":\"https:\\\/\\\/www.scoalababel.ro\\\/povestea-noastra\\\/\"},{\"@type\":\"ListItem\",\"position\":3,\"name\":\"Parteneri \u0219i Sponsori\"}]},{\"@type\":\"WebSite\",\"@id\":\"https:\\\/\\\/www.scoalababel.ro\\\/#website\",\"url\":\"https:\\\/\\\/www.scoalababel.ro\\\/\",\"name\":\"\u0218coala Babel\",\"description\":\"\u0218coala Babel\",\"potentialAction\":[{\"@type\":\"SearchAction\",\"target\":{\"@type\":\"EntryPoint\",\"urlTemplate\":\"https:\\\/\\\/www.scoalababel.ro\\\/?s={search_term_string}\"},\"query-input\":{\"@type\":\"PropertyValueSpecification\",\"valueRequired\":true,\"valueName\":\"search_term_string\"}}],\"inLanguage\":\"en-US\"}]}<\/script>\n<!-- \/ Yoast SEO plugin. -->","yoast_head_json":{"title":"Parteneri \u0219i Sponsori - \u0218coala Babel","robots":{"index":"index","follow":"follow","max-snippet":"max-snippet:-1","max-image-preview":"max-image-preview:large","max-video-preview":"max-video-preview:-1"},"canonical":"https:\/\/www.scoalababel.ro\/en\/povestea-noastra\/parteneri-si-sponsori\/","og_locale":"en_US","og_type":"article","og_title":"Parteneri \u0219i Sponsori - \u0218coala Babel","og_description":"[vc_row][vc_column][vc_column_text css=&#8221;.vc_custom_1612344970008{margin-top: 20px !important;}&#8221;]Asocia\u021bia \u00cenv\u0103\u021b\u0103torilor B\u0103n\u0103\u021beni Consulatul Onorific al Olandei Asocia\u021bia Ini\u021biativa \u00een Educa\u021bie Centrul Cultural Ambasada Teatrul Basca \u0218coala de circ Funda\u021bia Comunitar\u0103 Timi\u0219oara Asocia\u021bia pentru Valori \u00een Educa\u021bie Institutul Intercultural Timi\u0219oara Camera de Comer\u021b a Belgiei[\/vc_column_text][vc_separator css=&#8221;.vc_custom_1572198808473{margin-top: 20px !important;margin-bottom: 20px !important;}&#8221;][vc_column_text css=&#8221;.vc_custom_1601471205663{margin-top: 20px !important;}&#8221;]CEGO Leuven (Centrul pentru \u00cenv\u0103\u021bare Experien\u021bial\u0103 al Universit\u0103\u021bii Regale din [&hellip;]","og_url":"https:\/\/www.scoalababel.ro\/en\/povestea-noastra\/parteneri-si-sponsori\/","og_site_name":"\u0218coala Babel","article_publisher":"https:\/\/www.facebook.com\/scoalababel\/","article_modified_time":"2022-05-24T12:20:54+00:00","twitter_card":"summary_large_image","twitter_misc":{"Est. reading time":"1 minute"},"schema":{"@context":"https:\/\/schema.org","@graph":[{"@type":"WebPage","@id":"https:\/\/www.scoalababel.ro\/povestea-noastra\/parteneri-si-sponsori\/","url":"https:\/\/www.scoalababel.ro\/povestea-noastra\/parteneri-si-sponsori\/","name":"Parteneri \u0219i Sponsori - \u0218coala Babel","isPartOf":{"@id":"https:\/\/www.scoalababel.ro\/#website"},"datePublished":"2019-09-09T18:31:25+00:00","dateModified":"2022-05-24T12:20:54+00:00","breadcrumb":{"@id":"https:\/\/www.scoalababel.ro\/povestea-noastra\/parteneri-si-sponsori\/#breadcrumb"},"inLanguage":"en-US","potentialAction":[{"@type":"ReadAction","target":["https:\/\/www.scoalababel.ro\/povestea-noastra\/parteneri-si-sponsori\/"]}]},{"@type":"BreadcrumbList","@id":"https:\/\/www.scoalababel.ro\/povestea-noastra\/parteneri-si-sponsori\/#breadcrumb","itemListElement":[{"@type":"ListItem","position":1,"name":"Home","item":"https:\/\/www.scoalababel.ro\/"},{"@type":"ListItem","position":2,"name":"Povestea noastr\u0103","item":"https:\/\/www.scoalababel.ro\/povestea-noastra\/"},{"@type":"ListItem","position":3,"name":"Parteneri \u0219i Sponsori"}]},{"@type":"WebSite","@id":"https:\/\/www.scoalababel.ro\/#website","url":"https:\/\/www.scoalababel.ro\/","name":"\u0218coala Babel","description":"\u0218coala Babel","potentialAction":[{"@type":"SearchAction","target":{"@type":"EntryPoint","urlTemplate":"https:\/\/www.scoalababel.ro\/?s={search_term_string}"},"query-input":{"@type":"PropertyValueSpecification","valueRequired":true,"valueName":"search_term_string"}}],"inLanguage":"en-US"}]}},"_links":{"self":[{"href":"https:\/\/www.scoalababel.ro\/en\/wp-json\/wp\/v2\/pages\/3092","targetHints":{"allow":["GET"]}}],"collection":[{"href":"https:\/\/www.scoalababel.ro\/en\/wp-json\/wp\/v2\/pages"}],"about":[{"href":"https:\/\/www.scoalababel.ro\/en\/wp-json\/wp\/v2\/types\/page"}],"author":[{"embeddable":true,"href":"https:\/\/www.scoalababel.ro\/en\/wp-json\/wp\/v2\/users\/1"}],"replies":[{"embeddable":true,"href":"https:\/\/www.scoalababel.ro\/en\/wp-json\/wp\/v2\/comments?post=3092"}],"version-history":[{"count":16,"href":"https:\/\/www.scoalababel.ro\/en\/wp-json\/wp\/v2\/pages\/3092\/revisions"}],"predecessor-version":[{"id":4859,"href":"https:\/\/www.scoalababel.ro\/en\/wp-json\/wp\/v2\/pages\/3092\/revisions\/4859"}],"up":[{"embeddable":true,"href":"https:\/\/www.scoalababel.ro\/en\/wp-json\/wp\/v2\/pages\/1654"}],"wp:attachment":[{"href":"https:\/\/www.scoalababel.ro\/en\/wp-json\/wp\/v2\/media?parent=3092"}],"curies":[{"name":"wp","href":"https:\/\/api.w.org\/{rel}","templated":true}]}}