{"id":3104,"date":"2019-09-09T18:37:09","date_gmt":"2019-09-09T18:37:09","guid":{"rendered":"http:\/\/www.scoalababel.ro\/?page_id=3104"},"modified":"2023-09-19T06:51:04","modified_gmt":"2023-09-19T06:51:04","slug":"cursuri-pentru-copii","status":"publish","type":"page","link":"https:\/\/www.scoalababel.ro\/en\/join-learning\/cursuri-pentru-copii\/","title":{"rendered":"Courses for kids"},"content":{"rendered":"<p>[vc_row][vc_column width=&#8221;1\/2&#8243;][vc_column_text]<\/p>\n<h4>English Makers<\/h4>\n<p>Engleza cu vorbitor nativ (Jay Thorne), prin proiecte creative \u0219i conversa\u021bie.<\/p>\n<p><strong>V\u00e2rsta:<\/strong> 8-9 ani, 10-13 ani<\/p>\n<p><strong>Orar:<\/strong><br \/>\nLuni, 16:30-18:30 (8-9 ani)<br \/>\nMarti, 16:30-18:30 (10-13 ani)<br \/>\nJoi, 16:30-18:30 (8-9 ani)<\/p>\n<p><strong>Cost:<\/strong> 275 Ron\/4 \u0219edin\u021be<\/p>\n<p>Fiecare copil va avea ocazia s\u0103 dea glas propriei imagina\u021bii, s\u0103 confec\u021bioneze, s\u0103 me\u0219tereasc\u0103, s\u0103 experimenteze.<\/p>\n<p>Zicala \u201cnu \u0219tii ce po\u021bi s\u0103 faci p\u00e2n\u0103 c\u00e2nd nu \u00eencerci\u201d e cheie \u00een toate activit\u0103\u021bile desf\u0103\u0219urate \u00een MakerSpace, fie c\u0103 e vorba de crafting, construit, multimedia, design sau alte proiecte creative.<\/p>\n<p>Programul se desf\u0103\u0219oar\u0103 integral \u00een limba englez\u0103 \u0219i este coordonat de c\u0103tre Jay Thorne. Vorbitor nativ de limba englez\u0103, cet\u0103\u021bean britanic, Jay are o experien\u021b\u0103 de peste 18 ani \u00een domeniul educa\u021biei. Copiii apreciaz\u0103 deschiderea lui, calmul \u0219i sim\u021bul umorului. Cu fiecare sesiune ei \u00ee\u0219i dezvolt\u0103 vocabularul, \u00ee\u0219i exerseaz\u0103 pronun\u021bia \u0219i \u00eenva\u021b\u0103 numeroase expresii prin implicare creativ\u0103.<\/p>\n<p>Pentru toate aceste motive \u0219i multe altele, English Makers e unul dintre cele mai \u00eendr\u0103gite \u0219i longevive programe ale \u0218colii Babel.[\/vc_column_text][vc_btn title=&#8221;Completeaz\u0103 formularul de \u00eenscriere&#8221; color=&#8221;info&#8221; align=&#8221;center&#8221; link=&#8221;url:https%3A%2F%2Fforms.gle%2FWwumsb6HtYnmHUNA6||target:%20_blank&#8221; css=&#8221;.vc_custom_1568194488074{padding-top: 40px !important;padding-bottom: 40px !important;}&#8221;][\/vc_column][vc_column width=&#8221;1\/2&#8243;][vc_single_image image=&#8221;4365&#8243; img_size=&#8221;large&#8221; alignment=&#8221;center&#8221;][\/vc_column][\/vc_row]<\/p>\n","protected":false},"excerpt":{"rendered":"<p>[vc_row][vc_column width=&#8221;1\/2&#8243;][vc_column_text] English Makers Engleza cu vorbitor nativ (Jay Thorne), prin proiecte creative \u0219i conversa\u021bie. V\u00e2rsta: 8-9 ani, 10-13 ani Orar: Luni, 16:30-18:30 (8-9 ani) Marti, 16:30-18:30 (10-13 ani) Joi, 16:30-18:30 (8-9 ani) Cost: 275 Ron\/4 \u0219edin\u021be Fiecare copil va avea ocazia s\u0103 dea glas propriei imagina\u021bii, s\u0103 confec\u021bioneze, s\u0103 me\u0219tereasc\u0103, s\u0103 experimenteze. Zicala \u201cnu [&hellip;]<\/p>\n","protected":false},"author":1,"featured_media":0,"parent":3062,"menu_order":10,"comment_status":"closed","ping_status":"closed","template":"","meta":{"footnotes":""},"class_list":["post-3104","page","type-page","status-publish","hentry"],"yoast_head":"<!-- This site is optimized with the Yoast SEO plugin v27.4 - https:\/\/yoast.com\/product\/yoast-seo-wordpress\/ -->\n<title>Courses for kids - \u0218coala Babel - Timi\u0219oara \u0219i Dumbr\u0103vi\u021ba<\/title>\n<meta name=\"description\" content=\"Cursuri pentru copii la \u0218coala Babel, potrivite pentru orice elev din Timi\u0219oara care dore\u0219te s\u0103 se bucure de beneficiile \u00eenv\u0103\u021b\u0103rii experien\u021biale.\" \/>\n<meta name=\"robots\" content=\"index, follow, max-snippet:-1, max-image-preview:large, max-video-preview:-1\" \/>\n<link rel=\"canonical\" href=\"https:\/\/www.scoalababel.ro\/en\/join-learning\/cursuri-pentru-copii\/\" \/>\n<meta property=\"og:locale\" content=\"en_US\" \/>\n<meta property=\"og:locale:alternate\" content=\"ro_RO\" \/>\n<meta property=\"og:type\" content=\"article\" \/>\n<meta property=\"og:title\" content=\"Cursuri pentru copii - \u0218coala Babel - Timi\u0219oara\" \/>\n<meta property=\"og:description\" content=\"Cursuri pentru copii organizate la \u0218coala Babel, potrivite pentru orice elev care dore\u0219te s\u0103 se bucure de beneficiile \u00eenv\u0103\u021b\u0103rii experien\u021biale \u0219i s\u0103-\u0219i descopere talente noi.\" \/>\n<meta property=\"og:url\" content=\"https:\/\/www.scoalababel.ro\/en\/join-learning\/cursuri-pentru-copii\/\" \/>\n<meta property=\"og:site_name\" content=\"\u0218coala Babel\" \/>\n<meta property=\"article:publisher\" content=\"https:\/\/www.facebook.com\/scoalababel\/\" \/>\n<meta property=\"article:modified_time\" content=\"2023-09-19T06:51:04+00:00\" \/>\n<meta property=\"og:image\" content=\"https:\/\/www.scoalababel.ro\/wp-content\/uploads\/2023\/01\/Cursuri-pentru-Copii-Babel-Dumbra\u0306vit\u0326a.png\" \/>\n\t<meta property=\"og:image:width\" content=\"1080\" \/>\n\t<meta property=\"og:image:height\" content=\"1080\" \/>\n\t<meta property=\"og:image:type\" content=\"image\/png\" \/>\n<meta name=\"twitter:card\" content=\"summary_large_image\" \/>\n<meta name=\"twitter:label1\" content=\"Est. reading time\" \/>\n\t<meta name=\"twitter:data1\" content=\"1 minute\" \/>\n<script type=\"application\/ld+json\" class=\"yoast-schema-graph\">{\"@context\":\"https:\\\/\\\/schema.org\",\"@graph\":[{\"@type\":\"WebPage\",\"@id\":\"https:\\\/\\\/www.scoalababel.ro\\\/join-learning\\\/cursuri-pentru-copii\\\/\",\"url\":\"https:\\\/\\\/www.scoalababel.ro\\\/join-learning\\\/cursuri-pentru-copii\\\/\",\"name\":\"Courses for kids - \u0218coala Babel - Timi\u0219oara \u0219i Dumbr\u0103vi\u021ba\",\"isPartOf\":{\"@id\":\"https:\\\/\\\/www.scoalababel.ro\\\/#website\"},\"datePublished\":\"2019-09-09T18:37:09+00:00\",\"dateModified\":\"2023-09-19T06:51:04+00:00\",\"description\":\"Cursuri pentru copii la \u0218coala Babel, potrivite pentru orice elev din Timi\u0219oara care dore\u0219te s\u0103 se bucure de beneficiile \u00eenv\u0103\u021b\u0103rii experien\u021biale.\",\"breadcrumb\":{\"@id\":\"https:\\\/\\\/www.scoalababel.ro\\\/join-learning\\\/cursuri-pentru-copii\\\/#breadcrumb\"},\"inLanguage\":\"en-US\",\"potentialAction\":[{\"@type\":\"ReadAction\",\"target\":[\"https:\\\/\\\/www.scoalababel.ro\\\/join-learning\\\/cursuri-pentru-copii\\\/\"]}]},{\"@type\":\"BreadcrumbList\",\"@id\":\"https:\\\/\\\/www.scoalababel.ro\\\/join-learning\\\/cursuri-pentru-copii\\\/#breadcrumb\",\"itemListElement\":[{\"@type\":\"ListItem\",\"position\":1,\"name\":\"Home\",\"item\":\"https:\\\/\\\/www.scoalababel.ro\\\/\"},{\"@type\":\"ListItem\",\"position\":2,\"name\":\"Join Learning\",\"item\":\"https:\\\/\\\/www.scoalababel.ro\\\/join-learning\\\/\"},{\"@type\":\"ListItem\",\"position\":3,\"name\":\"Cursuri pentru copii\"}]},{\"@type\":\"WebSite\",\"@id\":\"https:\\\/\\\/www.scoalababel.ro\\\/#website\",\"url\":\"https:\\\/\\\/www.scoalababel.ro\\\/\",\"name\":\"\u0218coala Babel\",\"description\":\"\u0218coala Babel\",\"potentialAction\":[{\"@type\":\"SearchAction\",\"target\":{\"@type\":\"EntryPoint\",\"urlTemplate\":\"https:\\\/\\\/www.scoalababel.ro\\\/?s={search_term_string}\"},\"query-input\":{\"@type\":\"PropertyValueSpecification\",\"valueRequired\":true,\"valueName\":\"search_term_string\"}}],\"inLanguage\":\"en-US\"}]}<\/script>\n<!-- \/ Yoast SEO plugin. -->","yoast_head_json":{"title":"Courses for kids - \u0218coala Babel - Timi\u0219oara \u0219i Dumbr\u0103vi\u021ba","description":"Cursuri pentru copii la \u0218coala Babel, potrivite pentru orice elev din Timi\u0219oara care dore\u0219te s\u0103 se bucure de beneficiile \u00eenv\u0103\u021b\u0103rii experien\u021biale.","robots":{"index":"index","follow":"follow","max-snippet":"max-snippet:-1","max-image-preview":"max-image-preview:large","max-video-preview":"max-video-preview:-1"},"canonical":"https:\/\/www.scoalababel.ro\/en\/join-learning\/cursuri-pentru-copii\/","og_locale":"en_US","og_type":"article","og_title":"Cursuri pentru copii - \u0218coala Babel - Timi\u0219oara","og_description":"Cursuri pentru copii organizate la \u0218coala Babel, potrivite pentru orice elev care dore\u0219te s\u0103 se bucure de beneficiile \u00eenv\u0103\u021b\u0103rii experien\u021biale \u0219i s\u0103-\u0219i descopere talente noi.","og_url":"https:\/\/www.scoalababel.ro\/en\/join-learning\/cursuri-pentru-copii\/","og_site_name":"\u0218coala Babel","article_publisher":"https:\/\/www.facebook.com\/scoalababel\/","article_modified_time":"2023-09-19T06:51:04+00:00","og_image":[{"width":1080,"height":1080,"url":"https:\/\/www.scoalababel.ro\/wp-content\/uploads\/2023\/01\/Cursuri-pentru-Copii-Babel-Dumbra\u0306vit\u0326a.png","type":"image\/png"}],"twitter_card":"summary_large_image","twitter_misc":{"Est. reading time":"1 minute"},"schema":{"@context":"https:\/\/schema.org","@graph":[{"@type":"WebPage","@id":"https:\/\/www.scoalababel.ro\/join-learning\/cursuri-pentru-copii\/","url":"https:\/\/www.scoalababel.ro\/join-learning\/cursuri-pentru-copii\/","name":"Courses for kids - \u0218coala Babel - Timi\u0219oara \u0219i Dumbr\u0103vi\u021ba","isPartOf":{"@id":"https:\/\/www.scoalababel.ro\/#website"},"datePublished":"2019-09-09T18:37:09+00:00","dateModified":"2023-09-19T06:51:04+00:00","description":"Cursuri pentru copii la \u0218coala Babel, potrivite pentru orice elev din Timi\u0219oara care dore\u0219te s\u0103 se bucure de beneficiile \u00eenv\u0103\u021b\u0103rii experien\u021biale.","breadcrumb":{"@id":"https:\/\/www.scoalababel.ro\/join-learning\/cursuri-pentru-copii\/#breadcrumb"},"inLanguage":"en-US","potentialAction":[{"@type":"ReadAction","target":["https:\/\/www.scoalababel.ro\/join-learning\/cursuri-pentru-copii\/"]}]},{"@type":"BreadcrumbList","@id":"https:\/\/www.scoalababel.ro\/join-learning\/cursuri-pentru-copii\/#breadcrumb","itemListElement":[{"@type":"ListItem","position":1,"name":"Home","item":"https:\/\/www.scoalababel.ro\/"},{"@type":"ListItem","position":2,"name":"Join Learning","item":"https:\/\/www.scoalababel.ro\/join-learning\/"},{"@type":"ListItem","position":3,"name":"Cursuri pentru copii"}]},{"@type":"WebSite","@id":"https:\/\/www.scoalababel.ro\/#website","url":"https:\/\/www.scoalababel.ro\/","name":"\u0218coala Babel","description":"\u0218coala Babel","potentialAction":[{"@type":"SearchAction","target":{"@type":"EntryPoint","urlTemplate":"https:\/\/www.scoalababel.ro\/?s={search_term_string}"},"query-input":{"@type":"PropertyValueSpecification","valueRequired":true,"valueName":"search_term_string"}}],"inLanguage":"en-US"}]}},"_links":{"self":[{"href":"https:\/\/www.scoalababel.ro\/en\/wp-json\/wp\/v2\/pages\/3104","targetHints":{"allow":["GET"]}}],"collection":[{"href":"https:\/\/www.scoalababel.ro\/en\/wp-json\/wp\/v2\/pages"}],"about":[{"href":"https:\/\/www.scoalababel.ro\/en\/wp-json\/wp\/v2\/types\/page"}],"author":[{"embeddable":true,"href":"https:\/\/www.scoalababel.ro\/en\/wp-json\/wp\/v2\/users\/1"}],"replies":[{"embeddable":true,"href":"https:\/\/www.scoalababel.ro\/en\/wp-json\/wp\/v2\/comments?post=3104"}],"version-history":[{"count":69,"href":"https:\/\/www.scoalababel.ro\/en\/wp-json\/wp\/v2\/pages\/3104\/revisions"}],"predecessor-version":[{"id":5488,"href":"https:\/\/www.scoalababel.ro\/en\/wp-json\/wp\/v2\/pages\/3104\/revisions\/5488"}],"up":[{"embeddable":true,"href":"https:\/\/www.scoalababel.ro\/en\/wp-json\/wp\/v2\/pages\/3062"}],"wp:attachment":[{"href":"https:\/\/www.scoalababel.ro\/en\/wp-json\/wp\/v2\/media?parent=3104"}],"curies":[{"name":"wp","href":"https:\/\/api.w.org\/{rel}","templated":true}]}}