{"id":3106,"date":"2019-09-09T18:37:39","date_gmt":"2019-09-09T18:37:39","guid":{"rendered":"http:\/\/www.scoalababel.ro\/?page_id=3106"},"modified":"2021-11-12T08:48:45","modified_gmt":"2021-11-12T08:48:45","slug":"cursuri-pentru-tineri-si-adulti","status":"publish","type":"page","link":"https:\/\/www.scoalababel.ro\/en\/join-learning\/cursuri-pentru-tineri-si-adulti\/","title":{"rendered":"Courses for teenagers and adults"},"content":{"rendered":"<p>[vc_row][vc_column][vc_single_image image=&#8221;3452&#8243; img_size=&#8221;large&#8221;][\/vc_column][\/vc_row][vc_row][vc_column][vc_empty_space][\/vc_column][\/vc_row][vc_row][vc_column][vc_column_text]<\/p>\n<h4>Olandeza Express<\/h4>\n<p>\u00ce\u021bi plac limbile str\u0103ine? \u00ce\u021bi sur\u00e2de s\u0103 adaugi la CV-ul t\u0103u un element deosebit? Te invit\u0103m s\u0103 \u00eenve\u021bi <strong>limba olandez\u0103<\/strong> &#8211; un pa\u0219aport pentru o mul\u021bime de oportunit\u0103\u021bi!<br \/>\nVino \u00eentr-o c\u0103l\u0103torie lingvistic\u0103 pe durata unui an, pentru atingerea competen\u021belor la nivelul A2, nivel pe care po\u021bi s\u0103 \u00eel certifici prin examenele interna\u021bionale CnaVT (Uniunea pentru limba olandez\u0103).<\/p>\n<p><strong>V\u00e2rsta:<\/strong> de la 12 la 100 de ani<\/p>\n<p><strong>Orar:<\/strong><br \/>\nLuni, 17:00-19:00<\/p>\n<p>Cursul se desf\u0103\u0219oar\u0103 pe durata a 10 luni cu c\u00e2te o \u00eent\u00e2lnire\/s\u0103pt\u0103m\u00e2n\u0103, se adreseaz\u0103 tuturor celor interesa\u021bi cu v\u00e2rsta peste 12 ani.<\/p>\n<p>Sesiunile au loc \u00een fiecare zi de luni, \u00een intervalul orar 17:00 &#8211; 19:00, la \u0218coala Babel (Str. 1 Decembrie 1918 Nr. 93, Timi\u0219oara).[\/vc_column_text][\/vc_column][\/vc_row][vc_row][vc_column][vc_empty_space][\/vc_column][\/vc_row][vc_row][vc_column][vc_btn title=&#8221;Completeaz\u0103 formularul de \u00eenscriere&#8221; color=&#8221;success&#8221; align=&#8221;center&#8221; link=&#8221;url:https%3A%2F%2Fforms.gle%2FkiKXXveRw9Rtn1Wr9||&#8221;][\/vc_column][\/vc_row][vc_row][vc_column][vc_column_text]<strong>Cost<\/strong>:<br \/>\nElevi, studen\u021bi: 150 RON\/lun\u0103, respectiv 1.500 RON\/an<br \/>\nAdul\u021bi: 250 RON\/lun\u0103, respectiv 2.500 RON\/an<\/p>\n<p>*Plata se face lunar sau integral cel t\u00e2rziu \u00een s\u0103pt\u0103m\u00e2na precedent\u0103 \u00eenceperii cursului. Cursul se achit\u0103 pe baza proformei sau facturii, prin transfer bancar sau cash\/POS la secretariatul \u0219colii.<\/p>\n<p>Cursul este dedicat \u00eencep\u0103torilor \u0219i propune o abordare fresh, bazat\u0103 pe principiile \u00eenv\u0103\u021b\u0103rii prin experien\u021be. La finalul fiec\u0103rei s\u0103pt\u0103m\u00e2ni vei putea vedea rezultatele \u0219i progresul, \u00een condi\u021biile aloc\u0103rii a minim dou\u0103 ore pe s\u0103pt\u0103m\u00e2n\u0103 pentru exersare.<\/p>\n<p>Cursul va \u00eencepe din <strong>11 noiembrie (2019). <\/strong>Nr. minim de participan\u021bi: 7 persoane.[\/vc_column_text][\/vc_column][\/vc_row][vc_row][vc_column][vc_empty_space][\/vc_column][\/vc_row][vc_row][vc_column][vc_column_text]Cursul este facilitat de c\u0103tre<strong> Monica Diaconu &#8211; Membru fondator \u0218coala Babel, Profesor de limbi str\u0103ine.<\/strong>[\/vc_column_text][\/vc_column][\/vc_row][vc_row][vc_column][vc_empty_space][\/vc_column][\/vc_row][vc_row][vc_column][vc_single_image image=&#8221;3451&#8243; img_size=&#8221;medium&#8221; alignment=&#8221;center&#8221;][\/vc_column][\/vc_row][vc_row][vc_column][vc_empty_space][\/vc_column][\/vc_row][vc_row][vc_column][vc_column_text]<\/p>\n<blockquote><p><i><span style=\"font-weight: 400;\">&#8220;Predau limba olandez\u0103 din 2003 fiind pasionat\u0103 100% de ceea ce \u00eenseamn\u0103 cultura \u0219i modul de via\u021b\u0103 olandezo-flamand. Metoda de \u00eenv\u0103\u021bare a limbii olandeze &#8211; bazat\u0103 pe conversa\u021bie \u0219i ascultare, experimentare \u0219i mult\u0103 bucurie &#8211; a fost aplicat\u0103 \u0219i pentru studiul altori limbi str\u0103ine \u00een cadrul Babel Center, centru de limbi str\u0103ine pe care l-am co-creat \u0219i coordonat p\u00e2n\u0103 \u00een 2016. De\u0219i acum lucrez majoritatea timpului cu copiii, am decis s\u0103 continui \u00eemp\u0103rt\u0103\u0219irea bucuriei \u00eenv\u0103\u021b\u0103rii limbii olandeze cu to\u021bi cei ce doresc o provocare \u0219i deschiderea unor noi orizonturi. V\u0103 a\u0219tept cu drag din 11 noiembrie.\u201d <\/span><\/i><\/p><\/blockquote>\n<p>[\/vc_column_text][\/vc_column][\/vc_row][vc_row][vc_column][vc_btn title=&#8221;Completeaz\u0103 formularul de \u00eenscriere&#8221; color=&#8221;success&#8221; align=&#8221;center&#8221; link=&#8221;url:https%3A%2F%2Fforms.gle%2FkiKXXveRw9Rtn1Wr9||&#8221;][\/vc_column][\/vc_row]<\/p>\n","protected":false},"excerpt":{"rendered":"<p>[vc_row][vc_column][vc_single_image image=&#8221;3452&#8243; img_size=&#8221;large&#8221;][\/vc_column][\/vc_row][vc_row][vc_column][vc_empty_space][\/vc_column][\/vc_row][vc_row][vc_column][vc_column_text] Olandeza Express \u00ce\u021bi plac limbile str\u0103ine? \u00ce\u021bi sur\u00e2de s\u0103 adaugi la CV-ul t\u0103u un element deosebit? Te invit\u0103m s\u0103 \u00eenve\u021bi limba olandez\u0103 &#8211; un pa\u0219aport pentru o mul\u021bime de oportunit\u0103\u021bi! Vino \u00eentr-o c\u0103l\u0103torie lingvistic\u0103 pe durata unui an, pentru atingerea competen\u021belor la nivelul A2, nivel pe care po\u021bi s\u0103 \u00eel certifici prin [&hellip;]<\/p>\n","protected":false},"author":1,"featured_media":0,"parent":3062,"menu_order":20,"comment_status":"closed","ping_status":"closed","template":"","meta":{"footnotes":""},"class_list":["post-3106","page","type-page","status-publish","hentry"],"yoast_head":"<!-- This site is optimized with the Yoast SEO plugin v27.4 - https:\/\/yoast.com\/product\/yoast-seo-wordpress\/ -->\n<title>Courses for teenagers and adults - \u0218coala Babel<\/title>\n<meta name=\"robots\" content=\"index, follow, max-snippet:-1, max-image-preview:large, max-video-preview:-1\" \/>\n<link rel=\"canonical\" href=\"https:\/\/www.scoalababel.ro\/en\/join-learning\/cursuri-pentru-tineri-si-adulti\/\" \/>\n<meta property=\"og:locale\" content=\"en_US\" \/>\n<meta property=\"og:locale:alternate\" content=\"ro_RO\" \/>\n<meta property=\"og:type\" content=\"article\" \/>\n<meta property=\"og:title\" content=\"Courses for teenagers and adults - \u0218coala Babel\" \/>\n<meta property=\"og:description\" content=\"[vc_row][vc_column][vc_single_image image=&#8221;3452&#8243; img_size=&#8221;large&#8221;][\/vc_column][\/vc_row][vc_row][vc_column][vc_empty_space][\/vc_column][\/vc_row][vc_row][vc_column][vc_column_text] Olandeza Express \u00ce\u021bi plac limbile str\u0103ine? \u00ce\u021bi sur\u00e2de s\u0103 adaugi la CV-ul t\u0103u un element deosebit? Te invit\u0103m s\u0103 \u00eenve\u021bi limba olandez\u0103 &#8211; un pa\u0219aport pentru o mul\u021bime de oportunit\u0103\u021bi! Vino \u00eentr-o c\u0103l\u0103torie lingvistic\u0103 pe durata unui an, pentru atingerea competen\u021belor la nivelul A2, nivel pe care po\u021bi s\u0103 \u00eel certifici prin [&hellip;]\" \/>\n<meta property=\"og:url\" content=\"https:\/\/www.scoalababel.ro\/en\/join-learning\/cursuri-pentru-tineri-si-adulti\/\" \/>\n<meta property=\"og:site_name\" content=\"\u0218coala Babel\" \/>\n<meta property=\"article:publisher\" content=\"https:\/\/www.facebook.com\/scoalababel\/\" \/>\n<meta property=\"article:modified_time\" content=\"2021-11-12T08:48:45+00:00\" \/>\n<meta property=\"og:image\" content=\"https:\/\/www.scoalababel.ro\/wp-content\/uploads\/2021\/10\/poza-Anca-Uzun.jpg\" \/>\n\t<meta property=\"og:image:width\" content=\"1504\" \/>\n\t<meta property=\"og:image:height\" content=\"2015\" \/>\n\t<meta property=\"og:image:type\" content=\"image\/jpeg\" \/>\n<meta name=\"twitter:card\" content=\"summary_large_image\" \/>\n<meta name=\"twitter:label1\" content=\"Est. reading time\" \/>\n\t<meta name=\"twitter:data1\" content=\"3 minutes\" \/>\n<script type=\"application\/ld+json\" class=\"yoast-schema-graph\">{\"@context\":\"https:\\\/\\\/schema.org\",\"@graph\":[{\"@type\":\"WebPage\",\"@id\":\"https:\\\/\\\/www.scoalababel.ro\\\/join-learning\\\/cursuri-pentru-tineri-si-adulti\\\/\",\"url\":\"https:\\\/\\\/www.scoalababel.ro\\\/join-learning\\\/cursuri-pentru-tineri-si-adulti\\\/\",\"name\":\"Courses for teenagers and adults - \u0218coala Babel\",\"isPartOf\":{\"@id\":\"https:\\\/\\\/www.scoalababel.ro\\\/#website\"},\"datePublished\":\"2019-09-09T18:37:39+00:00\",\"dateModified\":\"2021-11-12T08:48:45+00:00\",\"breadcrumb\":{\"@id\":\"https:\\\/\\\/www.scoalababel.ro\\\/join-learning\\\/cursuri-pentru-tineri-si-adulti\\\/#breadcrumb\"},\"inLanguage\":\"en-US\",\"potentialAction\":[{\"@type\":\"ReadAction\",\"target\":[\"https:\\\/\\\/www.scoalababel.ro\\\/join-learning\\\/cursuri-pentru-tineri-si-adulti\\\/\"]}]},{\"@type\":\"BreadcrumbList\",\"@id\":\"https:\\\/\\\/www.scoalababel.ro\\\/join-learning\\\/cursuri-pentru-tineri-si-adulti\\\/#breadcrumb\",\"itemListElement\":[{\"@type\":\"ListItem\",\"position\":1,\"name\":\"Home\",\"item\":\"https:\\\/\\\/www.scoalababel.ro\\\/\"},{\"@type\":\"ListItem\",\"position\":2,\"name\":\"Join Learning\",\"item\":\"https:\\\/\\\/www.scoalababel.ro\\\/join-learning\\\/\"},{\"@type\":\"ListItem\",\"position\":3,\"name\":\"Cursuri pentru tineri \u0219i adul\u021bi\"}]},{\"@type\":\"WebSite\",\"@id\":\"https:\\\/\\\/www.scoalababel.ro\\\/#website\",\"url\":\"https:\\\/\\\/www.scoalababel.ro\\\/\",\"name\":\"\u0218coala Babel\",\"description\":\"\u0218coala Babel\",\"potentialAction\":[{\"@type\":\"SearchAction\",\"target\":{\"@type\":\"EntryPoint\",\"urlTemplate\":\"https:\\\/\\\/www.scoalababel.ro\\\/?s={search_term_string}\"},\"query-input\":{\"@type\":\"PropertyValueSpecification\",\"valueRequired\":true,\"valueName\":\"search_term_string\"}}],\"inLanguage\":\"en-US\"}]}<\/script>\n<!-- \/ Yoast SEO plugin. -->","yoast_head_json":{"title":"Courses for teenagers and adults - \u0218coala Babel","robots":{"index":"index","follow":"follow","max-snippet":"max-snippet:-1","max-image-preview":"max-image-preview:large","max-video-preview":"max-video-preview:-1"},"canonical":"https:\/\/www.scoalababel.ro\/en\/join-learning\/cursuri-pentru-tineri-si-adulti\/","og_locale":"en_US","og_type":"article","og_title":"Courses for teenagers and adults - \u0218coala Babel","og_description":"[vc_row][vc_column][vc_single_image image=&#8221;3452&#8243; img_size=&#8221;large&#8221;][\/vc_column][\/vc_row][vc_row][vc_column][vc_empty_space][\/vc_column][\/vc_row][vc_row][vc_column][vc_column_text] Olandeza Express \u00ce\u021bi plac limbile str\u0103ine? \u00ce\u021bi sur\u00e2de s\u0103 adaugi la CV-ul t\u0103u un element deosebit? Te invit\u0103m s\u0103 \u00eenve\u021bi limba olandez\u0103 &#8211; un pa\u0219aport pentru o mul\u021bime de oportunit\u0103\u021bi! Vino \u00eentr-o c\u0103l\u0103torie lingvistic\u0103 pe durata unui an, pentru atingerea competen\u021belor la nivelul A2, nivel pe care po\u021bi s\u0103 \u00eel certifici prin [&hellip;]","og_url":"https:\/\/www.scoalababel.ro\/en\/join-learning\/cursuri-pentru-tineri-si-adulti\/","og_site_name":"\u0218coala Babel","article_publisher":"https:\/\/www.facebook.com\/scoalababel\/","article_modified_time":"2021-11-12T08:48:45+00:00","og_image":[{"width":1504,"height":2015,"url":"https:\/\/www.scoalababel.ro\/wp-content\/uploads\/2021\/10\/poza-Anca-Uzun.jpg","type":"image\/jpeg"}],"twitter_card":"summary_large_image","twitter_misc":{"Est. reading time":"3 minutes"},"schema":{"@context":"https:\/\/schema.org","@graph":[{"@type":"WebPage","@id":"https:\/\/www.scoalababel.ro\/join-learning\/cursuri-pentru-tineri-si-adulti\/","url":"https:\/\/www.scoalababel.ro\/join-learning\/cursuri-pentru-tineri-si-adulti\/","name":"Courses for teenagers and adults - \u0218coala Babel","isPartOf":{"@id":"https:\/\/www.scoalababel.ro\/#website"},"datePublished":"2019-09-09T18:37:39+00:00","dateModified":"2021-11-12T08:48:45+00:00","breadcrumb":{"@id":"https:\/\/www.scoalababel.ro\/join-learning\/cursuri-pentru-tineri-si-adulti\/#breadcrumb"},"inLanguage":"en-US","potentialAction":[{"@type":"ReadAction","target":["https:\/\/www.scoalababel.ro\/join-learning\/cursuri-pentru-tineri-si-adulti\/"]}]},{"@type":"BreadcrumbList","@id":"https:\/\/www.scoalababel.ro\/join-learning\/cursuri-pentru-tineri-si-adulti\/#breadcrumb","itemListElement":[{"@type":"ListItem","position":1,"name":"Home","item":"https:\/\/www.scoalababel.ro\/"},{"@type":"ListItem","position":2,"name":"Join Learning","item":"https:\/\/www.scoalababel.ro\/join-learning\/"},{"@type":"ListItem","position":3,"name":"Cursuri pentru tineri \u0219i adul\u021bi"}]},{"@type":"WebSite","@id":"https:\/\/www.scoalababel.ro\/#website","url":"https:\/\/www.scoalababel.ro\/","name":"\u0218coala Babel","description":"\u0218coala Babel","potentialAction":[{"@type":"SearchAction","target":{"@type":"EntryPoint","urlTemplate":"https:\/\/www.scoalababel.ro\/?s={search_term_string}"},"query-input":{"@type":"PropertyValueSpecification","valueRequired":true,"valueName":"search_term_string"}}],"inLanguage":"en-US"}]}},"_links":{"self":[{"href":"https:\/\/www.scoalababel.ro\/en\/wp-json\/wp\/v2\/pages\/3106","targetHints":{"allow":["GET"]}}],"collection":[{"href":"https:\/\/www.scoalababel.ro\/en\/wp-json\/wp\/v2\/pages"}],"about":[{"href":"https:\/\/www.scoalababel.ro\/en\/wp-json\/wp\/v2\/types\/page"}],"author":[{"embeddable":true,"href":"https:\/\/www.scoalababel.ro\/en\/wp-json\/wp\/v2\/users\/1"}],"replies":[{"embeddable":true,"href":"https:\/\/www.scoalababel.ro\/en\/wp-json\/wp\/v2\/comments?post=3106"}],"version-history":[{"count":22,"href":"https:\/\/www.scoalababel.ro\/en\/wp-json\/wp\/v2\/pages\/3106\/revisions"}],"predecessor-version":[{"id":4513,"href":"https:\/\/www.scoalababel.ro\/en\/wp-json\/wp\/v2\/pages\/3106\/revisions\/4513"}],"up":[{"embeddable":true,"href":"https:\/\/www.scoalababel.ro\/en\/wp-json\/wp\/v2\/pages\/3062"}],"wp:attachment":[{"href":"https:\/\/www.scoalababel.ro\/en\/wp-json\/wp\/v2\/media?parent=3106"}],"curies":[{"name":"wp","href":"https:\/\/api.w.org\/{rel}","templated":true}]}}