{"id":4220,"date":"2021-05-05T12:13:20","date_gmt":"2021-05-05T12:13:20","guid":{"rendered":"https:\/\/www.scoalababel.ro\/?page_id=4220"},"modified":"2021-05-06T13:57:43","modified_gmt":"2021-05-06T13:57:43","slug":"atelier-cum-gasesti-puterile-din-fiecare-copil","status":"publish","type":"page","link":"https:\/\/www.scoalababel.ro\/en\/comunitate\/proiecte\/atelier-cum-gasesti-puterile-din-fiecare-copil\/","title":{"rendered":"Webinar: Cum g\u0103se\u0219ti puterile din fiecare copil?"},"content":{"rendered":"<p><img loading=\"lazy\" decoding=\"async\" class=\"aligncenter wp-image-4236 size-full\" src=\"https:\/\/www.scoalababel.ro\/wp-content\/uploads\/2021\/05\/Puterile2.png\" alt=\"\" width=\"2000\" height=\"760\" srcset=\"https:\/\/www.scoalababel.ro\/wp-content\/uploads\/2021\/05\/Puterile2.png 2000w, https:\/\/www.scoalababel.ro\/wp-content\/uploads\/2021\/05\/Puterile2-300x114.png 300w, https:\/\/www.scoalababel.ro\/wp-content\/uploads\/2021\/05\/Puterile2-768x292.png 768w, https:\/\/www.scoalababel.ro\/wp-content\/uploads\/2021\/05\/Puterile2-1024x389.png 1024w\" sizes=\"auto, (max-width: 2000px) 100vw, 2000px\" \/>\u00cen luna mai copiii se re\u00eentorc la \u0219coal\u0103 dup\u0103 o period\u0103 de cursuri online \u0219i dup\u0103 o vacan\u021b\u0103 de prim\u0103var\u0103 de o lun\u0103 de zile.<\/p>\n<p><strong>Cum \u00eei \u00eent\u00e2mpin\u0103m? Cum \u00eei privim? Spre ce ne concentr\u0103m aten\u021bia? Care este atitudinea noastr\u0103?<\/strong><\/p>\n<p>Cum ar fi s\u0103 alegem s\u0103-i privim prin \u201cochelari\u201d pozitivi \u0219i apreciativi? S\u0103 vedem ceea ce acum reu\u0219esc s\u0103 fac\u0103, cum au crescut, ce au \u00eenv\u0103\u021bat \u00eentre timp, care sunt competen\u021bele noi sau existente pe care le-au crescut \u00een aceast\u0103 perioad\u0103 de \u00eentrerupere a ritmului \u0219colar.<\/p>\n<p>\u00cenv\u0103\u021barea nu se opre\u0219te odat\u0103 cu \u0219coala sau cu trecerea \u00een mediul online, ea continu\u0103.<\/p>\n<p>\u021aine de noi ca odat\u0103 cu revenirea de acum la \u0219coal\u0103 s\u0103 c\u0103ut\u0103m puterile \u0219i talentele din fiecare copil.<\/p>\n<p>S\u0103-i vedem cum \u00eenfloresc.<\/p>\n<p>Te invit\u0103m la un webinar practic pe aceast\u0103 tem\u0103, facilitat de c\u0103tre <strong>Marieke Holvoet (CEGO, Belgia), <\/strong>cu tema: <strong>Cum g\u0103se\u0219ti puterile din fiecare copil?<\/strong><\/p>\n<p><img loading=\"lazy\" decoding=\"async\" class=\"size-medium wp-image-4221 alignleft\" src=\"https:\/\/www.scoalababel.ro\/wp-content\/uploads\/2021\/05\/mariekezondermondmasker-300x300.jpg\" alt=\"\" width=\"300\" height=\"300\" srcset=\"https:\/\/www.scoalababel.ro\/wp-content\/uploads\/2021\/05\/mariekezondermondmasker-300x300.jpg 300w, https:\/\/www.scoalababel.ro\/wp-content\/uploads\/2021\/05\/mariekezondermondmasker-150x150.jpg 150w, https:\/\/www.scoalababel.ro\/wp-content\/uploads\/2021\/05\/mariekezondermondmasker-768x767.jpg 768w, https:\/\/www.scoalababel.ro\/wp-content\/uploads\/2021\/05\/mariekezondermondmasker-1024x1022.jpg 1024w, https:\/\/www.scoalababel.ro\/wp-content\/uploads\/2021\/05\/mariekezondermondmasker-600x600.jpg 600w, https:\/\/www.scoalababel.ro\/wp-content\/uploads\/2021\/05\/mariekezondermondmasker-45x45.jpg 45w, https:\/\/www.scoalababel.ro\/wp-content\/uploads\/2021\/05\/mariekezondermondmasker.jpg 1598w\" sizes=\"auto, (max-width: 300px) 100vw, 300px\" \/><\/p>\n<p style=\"text-align: left;\"><strong>Marieke Holvoet<\/strong> a fost \u00eenv\u0103\u021b\u0103toare \u00een sistemul de \u00eenv\u0103\u021b\u0103m\u00e2nt belgian, iar \u00een prezent \u00eenva\u021b\u0103 \u0219i sprijin\u0103 \u0219colile \u0219i educatorii \u00een tranzi\u021bia lor de a oferi mai mult educa\u021bie experien\u021bial\u0103. Are leg\u0103turi str\u00e2nse \u0219i o experien\u021b\u0103 variat\u0103 cu diferite \u0219coli \u0219i institu\u021bii de training pentru dasc\u0103li.<\/p>\n<p>Atelierul va fi deschis de c\u0103tre <strong>Ludo Heylen<\/strong>, directorul CEGO \u2013 <a href=\"https:\/\/www.cego.be\/\" target=\"_blank\" rel=\"noopener noreferrer\">Centru de Formare \u00een Educa\u021bie Experien\u021bial\u0103<\/a>. Ludo va \u00eemp\u0103rt\u0103\u0219i cu noi viziunea CEGO care r\u0103spunde la \u00eentrebarea \u201cLa ce ne \u00eentoarcem la \u0219coal\u0103 dup\u0103 pandemie?\u201d.<\/p>\n<p>Apoi, Marieke va vorbi despre <strong>Arhipelagul Talentelor<\/strong>, o metod\u0103 practic\u0103 \u0219i un cadru ideal pentru a explora punctele forte ale fiec\u0103rui copil.<\/p>\n<p><strong>Pentru \u00eenscriere completeaz\u0103 formularul online<\/strong>: <a href=\"https:\/\/forms.gle\/rtZrpGyYFFooH3hT8\" target=\"_blank\" rel=\"noopener noreferrer\">https:\/\/forms.gle\/rtZrpGyYFFooH3hT8<\/a><\/p>\n<p>Webinarul are loc vineri, 14 mai, ora 16:00, folosind platforma Zoom. Va fi transmis live \u0219i pe pagina de Facebook a \u0218colii Babel.<\/p>\n<p>Durata evenimentului: 2h.<\/p>\n<p>Mai multe detalii despre <strong>Arhipelagul Talentelor<\/strong> g\u0103se\u0219ti aici: <a href=\"https:\/\/www.scoalababel.ro\/2021\/04\/19\/arhipelagul-talentelor\/\">https:\/\/www.scoalababel.ro\/2021\/04\/19\/arhipelagul-talentelor\/<\/a>.<\/p>\n<p><strong>Prin acest atelier vrem s\u0103 celebr\u0103m educa\u021bia \u00een luna mai.<\/strong> Chiar dac\u0103 nu vom organiza SEED anul acesta, a\u0219a cum ne-am fi dorit \u0219i ne-ar fi pl\u0103cut (datorit\u0103 restric\u021biilor pandemiei) , am dorit s\u0103 oferim comunit\u0103\u021bii educa\u021bionale un instrument de lucru valoros \u00een procesul de \u00eenv\u0103\u021bare.<\/p>\n<p>La \u0218coala Babel folosim deja de 2 ani de zile <strong>Arhipelagul Talentelor<\/strong> \u0219i ne bucur\u0103m de impactul pe care \u00eel vedem \u00een via\u021ba copiilor.<\/p>\n<p>Pentru a sus\u021bine desf\u0103\u0219urarea acestui atelier \u0219i a altor ini\u021biative similare \u00ee\u021bi propunem urm\u0103toarele dou\u0103 op\u021biuni, din care po\u021bi alege.<\/p>\n<p><strong>1.O dona\u021bie \u00een contul Asocia\u021biei P\u0103rin\u021bi \u00een Dialog, recomand\u0103m \u00eentre 50 \u0219i 100 lei.<\/strong><\/p>\n<p>Po\u021bi face un virament \u00een contul Asocia\u021biei P\u0103rin\u021bi \u00een Dialog, CIF: RO 3597418, Cont: RO74BTRLRONCRT0532752201, deschis la Banca Transilvania.<br \/>\nE important ca la sec\u021biunea \u201eDetalii\u201d s\u0103 men\u021bionezi: Dona\u021bie (doar at\u00e2t, aceasta este procedur\u0103 transmis\u0103 de la contabilitate).<\/p>\n<p><strong>2.Redirec\u021bionarea a 3,5% din impozitul anual prin completarea \u0219i depunerea formularului 230<\/strong><\/p>\n<p>Pute\u021bi s\u0103 \u00eel depune\u021bi personal (p\u00e2n\u0103 \u00een <strong>25 mai 2021<\/strong>): fizic la sediul ANAF sau \u00een spa\u021biul privat virtual ANAF dac\u0103 ave\u021bi \u0219i semn\u0103tura electronic\u0103.<\/p>\n<p>Sau putem s\u0103 \u00eel depunem noi \u00een numele vostru. \u00cen acest caz \u00eel printa\u021bi, semna\u021bi, scana\u021bi \u0219i ni-l trimite\u021bi pe adresa:\u00a0<a href=\"mailto:anna.matei@scoalababel.ro\">anna.matei@scoalababel.ro<\/a>\u00a0p\u00e2n\u0103 cel t\u00e2rziu \u00een <strong>20 mai 2021<\/strong>.<\/p>\n<p>Formularul 230 poate fi desc\u0103rcat de <a href=\"https:\/\/www.scoalababel.ro\/wp-content\/uploads\/2021\/05\/Formular-pag-1-pt-atelier-14-mai.pdf\" target=\"_blank\" rel=\"noopener noreferrer\">aici<\/a>.<\/p>\n<p><strong>Pentru \u00eenscriere la webinar completeaz\u0103 formularul online<\/strong>: <a href=\"https:\/\/forms.gle\/rtZrpGyYFFooH3hT8\" target=\"_blank\" rel=\"noopener noreferrer\">https:\/\/forms.gle\/rtZrpGyYFFooH3hT8<\/a><\/p>\n","protected":false},"excerpt":{"rendered":"<p>\u00cen luna mai copiii se re\u00eentorc la \u0219coal\u0103 dup\u0103 o period\u0103 de cursuri online \u0219i dup\u0103 o vacan\u021b\u0103 de prim\u0103var\u0103 de o lun\u0103 de zile. Cum \u00eei \u00eent\u00e2mpin\u0103m? Cum \u00eei privim? Spre ce ne concentr\u0103m aten\u021bia? Care este atitudinea noastr\u0103? Cum ar fi s\u0103 alegem s\u0103-i privim prin \u201cochelari\u201d pozitivi \u0219i apreciativi? S\u0103 vedem ceea [&hellip;]<\/p>\n","protected":false},"author":8,"featured_media":4236,"parent":2520,"menu_order":0,"comment_status":"closed","ping_status":"closed","template":"","meta":{"footnotes":""},"class_list":["post-4220","page","type-page","status-publish","has-post-thumbnail","hentry"],"yoast_head":"<!-- This site is optimized with the Yoast SEO plugin v27.5 - https:\/\/yoast.com\/product\/yoast-seo-wordpress\/ -->\n<title>Webinar: Cum g\u0103se\u0219ti puterile din fiecare copil? - \u0218coala Babel<\/title>\n<meta name=\"robots\" content=\"index, follow, max-snippet:-1, max-image-preview:large, max-video-preview:-1\" \/>\n<link rel=\"canonical\" href=\"https:\/\/www.scoalababel.ro\/en\/comunitate\/proiecte\/atelier-cum-gasesti-puterile-din-fiecare-copil\/\" \/>\n<meta property=\"og:locale\" content=\"en_US\" \/>\n<meta property=\"og:locale:alternate\" content=\"ro_RO\" \/>\n<meta property=\"og:type\" content=\"article\" \/>\n<meta property=\"og:title\" content=\"Webinar: Cum g\u0103se\u0219ti puterile din fiecare copil? - \u0218coala Babel\" \/>\n<meta property=\"og:description\" content=\"\u00cen luna mai copiii se re\u00eentorc la \u0219coal\u0103 dup\u0103 o period\u0103 de cursuri online \u0219i dup\u0103 o vacan\u021b\u0103 de prim\u0103var\u0103 de o lun\u0103 de zile. Cum \u00eei \u00eent\u00e2mpin\u0103m? Cum \u00eei privim? Spre ce ne concentr\u0103m aten\u021bia? Care este atitudinea noastr\u0103? Cum ar fi s\u0103 alegem s\u0103-i privim prin \u201cochelari\u201d pozitivi \u0219i apreciativi? S\u0103 vedem ceea [&hellip;]\" \/>\n<meta property=\"og:url\" content=\"https:\/\/www.scoalababel.ro\/en\/comunitate\/proiecte\/atelier-cum-gasesti-puterile-din-fiecare-copil\/\" \/>\n<meta property=\"og:site_name\" content=\"\u0218coala Babel\" \/>\n<meta property=\"article:publisher\" content=\"https:\/\/www.facebook.com\/scoalababel\/\" \/>\n<meta property=\"article:modified_time\" content=\"2021-05-06T13:57:43+00:00\" \/>\n<meta property=\"og:image\" content=\"https:\/\/www.scoalababel.ro\/wp-content\/uploads\/2021\/05\/Puterile2.png\" \/>\n\t<meta property=\"og:image:width\" content=\"2000\" \/>\n\t<meta property=\"og:image:height\" content=\"760\" \/>\n\t<meta property=\"og:image:type\" content=\"image\/png\" \/>\n<meta name=\"twitter:card\" content=\"summary_large_image\" \/>\n<meta name=\"twitter:label1\" content=\"Est. reading time\" \/>\n\t<meta name=\"twitter:data1\" content=\"3 minutes\" \/>\n<script type=\"application\/ld+json\" class=\"yoast-schema-graph\">{\"@context\":\"https:\\\/\\\/schema.org\",\"@graph\":[{\"@type\":\"WebPage\",\"@id\":\"https:\\\/\\\/www.scoalababel.ro\\\/comunitate\\\/proiecte\\\/atelier-cum-gasesti-puterile-din-fiecare-copil\\\/\",\"url\":\"https:\\\/\\\/www.scoalababel.ro\\\/comunitate\\\/proiecte\\\/atelier-cum-gasesti-puterile-din-fiecare-copil\\\/\",\"name\":\"Webinar: Cum g\u0103se\u0219ti puterile din fiecare copil? - \u0218coala Babel\",\"isPartOf\":{\"@id\":\"https:\\\/\\\/www.scoalababel.ro\\\/#website\"},\"primaryImageOfPage\":{\"@id\":\"https:\\\/\\\/www.scoalababel.ro\\\/comunitate\\\/proiecte\\\/atelier-cum-gasesti-puterile-din-fiecare-copil\\\/#primaryimage\"},\"image\":{\"@id\":\"https:\\\/\\\/www.scoalababel.ro\\\/comunitate\\\/proiecte\\\/atelier-cum-gasesti-puterile-din-fiecare-copil\\\/#primaryimage\"},\"thumbnailUrl\":\"https:\\\/\\\/www.scoalababel.ro\\\/wp-content\\\/uploads\\\/2021\\\/05\\\/Puterile2.png\",\"datePublished\":\"2021-05-05T12:13:20+00:00\",\"dateModified\":\"2021-05-06T13:57:43+00:00\",\"breadcrumb\":{\"@id\":\"https:\\\/\\\/www.scoalababel.ro\\\/comunitate\\\/proiecte\\\/atelier-cum-gasesti-puterile-din-fiecare-copil\\\/#breadcrumb\"},\"inLanguage\":\"en-US\",\"potentialAction\":[{\"@type\":\"ReadAction\",\"target\":[\"https:\\\/\\\/www.scoalababel.ro\\\/comunitate\\\/proiecte\\\/atelier-cum-gasesti-puterile-din-fiecare-copil\\\/\"]}]},{\"@type\":\"ImageObject\",\"inLanguage\":\"en-US\",\"@id\":\"https:\\\/\\\/www.scoalababel.ro\\\/comunitate\\\/proiecte\\\/atelier-cum-gasesti-puterile-din-fiecare-copil\\\/#primaryimage\",\"url\":\"https:\\\/\\\/www.scoalababel.ro\\\/wp-content\\\/uploads\\\/2021\\\/05\\\/Puterile2.png\",\"contentUrl\":\"https:\\\/\\\/www.scoalababel.ro\\\/wp-content\\\/uploads\\\/2021\\\/05\\\/Puterile2.png\",\"width\":2000,\"height\":760},{\"@type\":\"BreadcrumbList\",\"@id\":\"https:\\\/\\\/www.scoalababel.ro\\\/comunitate\\\/proiecte\\\/atelier-cum-gasesti-puterile-din-fiecare-copil\\\/#breadcrumb\",\"itemListElement\":[{\"@type\":\"ListItem\",\"position\":1,\"name\":\"Home\",\"item\":\"https:\\\/\\\/www.scoalababel.ro\\\/\"},{\"@type\":\"ListItem\",\"position\":2,\"name\":\"Comunitate\",\"item\":\"https:\\\/\\\/www.scoalababel.ro\\\/comunitate\\\/\"},{\"@type\":\"ListItem\",\"position\":3,\"name\":\"Proiecte\",\"item\":\"https:\\\/\\\/www.scoalababel.ro\\\/comunitate\\\/proiecte\\\/\"},{\"@type\":\"ListItem\",\"position\":4,\"name\":\"Webinar: Cum g\u0103se\u0219ti puterile din fiecare copil?\"}]},{\"@type\":\"WebSite\",\"@id\":\"https:\\\/\\\/www.scoalababel.ro\\\/#website\",\"url\":\"https:\\\/\\\/www.scoalababel.ro\\\/\",\"name\":\"\u0218coala Babel\",\"description\":\"\u0218coala Babel\",\"potentialAction\":[{\"@type\":\"SearchAction\",\"target\":{\"@type\":\"EntryPoint\",\"urlTemplate\":\"https:\\\/\\\/www.scoalababel.ro\\\/?s={search_term_string}\"},\"query-input\":{\"@type\":\"PropertyValueSpecification\",\"valueRequired\":true,\"valueName\":\"search_term_string\"}}],\"inLanguage\":\"en-US\"}]}<\/script>\n<!-- \/ Yoast SEO plugin. -->","yoast_head_json":{"title":"Webinar: Cum g\u0103se\u0219ti puterile din fiecare copil? - \u0218coala Babel","robots":{"index":"index","follow":"follow","max-snippet":"max-snippet:-1","max-image-preview":"max-image-preview:large","max-video-preview":"max-video-preview:-1"},"canonical":"https:\/\/www.scoalababel.ro\/en\/comunitate\/proiecte\/atelier-cum-gasesti-puterile-din-fiecare-copil\/","og_locale":"en_US","og_type":"article","og_title":"Webinar: Cum g\u0103se\u0219ti puterile din fiecare copil? - \u0218coala Babel","og_description":"\u00cen luna mai copiii se re\u00eentorc la \u0219coal\u0103 dup\u0103 o period\u0103 de cursuri online \u0219i dup\u0103 o vacan\u021b\u0103 de prim\u0103var\u0103 de o lun\u0103 de zile. Cum \u00eei \u00eent\u00e2mpin\u0103m? Cum \u00eei privim? Spre ce ne concentr\u0103m aten\u021bia? Care este atitudinea noastr\u0103? Cum ar fi s\u0103 alegem s\u0103-i privim prin \u201cochelari\u201d pozitivi \u0219i apreciativi? S\u0103 vedem ceea [&hellip;]","og_url":"https:\/\/www.scoalababel.ro\/en\/comunitate\/proiecte\/atelier-cum-gasesti-puterile-din-fiecare-copil\/","og_site_name":"\u0218coala Babel","article_publisher":"https:\/\/www.facebook.com\/scoalababel\/","article_modified_time":"2021-05-06T13:57:43+00:00","og_image":[{"width":2000,"height":760,"url":"https:\/\/www.scoalababel.ro\/wp-content\/uploads\/2021\/05\/Puterile2.png","type":"image\/png"}],"twitter_card":"summary_large_image","twitter_misc":{"Est. reading time":"3 minutes"},"schema":{"@context":"https:\/\/schema.org","@graph":[{"@type":"WebPage","@id":"https:\/\/www.scoalababel.ro\/comunitate\/proiecte\/atelier-cum-gasesti-puterile-din-fiecare-copil\/","url":"https:\/\/www.scoalababel.ro\/comunitate\/proiecte\/atelier-cum-gasesti-puterile-din-fiecare-copil\/","name":"Webinar: Cum g\u0103se\u0219ti puterile din fiecare copil? - \u0218coala Babel","isPartOf":{"@id":"https:\/\/www.scoalababel.ro\/#website"},"primaryImageOfPage":{"@id":"https:\/\/www.scoalababel.ro\/comunitate\/proiecte\/atelier-cum-gasesti-puterile-din-fiecare-copil\/#primaryimage"},"image":{"@id":"https:\/\/www.scoalababel.ro\/comunitate\/proiecte\/atelier-cum-gasesti-puterile-din-fiecare-copil\/#primaryimage"},"thumbnailUrl":"https:\/\/www.scoalababel.ro\/wp-content\/uploads\/2021\/05\/Puterile2.png","datePublished":"2021-05-05T12:13:20+00:00","dateModified":"2021-05-06T13:57:43+00:00","breadcrumb":{"@id":"https:\/\/www.scoalababel.ro\/comunitate\/proiecte\/atelier-cum-gasesti-puterile-din-fiecare-copil\/#breadcrumb"},"inLanguage":"en-US","potentialAction":[{"@type":"ReadAction","target":["https:\/\/www.scoalababel.ro\/comunitate\/proiecte\/atelier-cum-gasesti-puterile-din-fiecare-copil\/"]}]},{"@type":"ImageObject","inLanguage":"en-US","@id":"https:\/\/www.scoalababel.ro\/comunitate\/proiecte\/atelier-cum-gasesti-puterile-din-fiecare-copil\/#primaryimage","url":"https:\/\/www.scoalababel.ro\/wp-content\/uploads\/2021\/05\/Puterile2.png","contentUrl":"https:\/\/www.scoalababel.ro\/wp-content\/uploads\/2021\/05\/Puterile2.png","width":2000,"height":760},{"@type":"BreadcrumbList","@id":"https:\/\/www.scoalababel.ro\/comunitate\/proiecte\/atelier-cum-gasesti-puterile-din-fiecare-copil\/#breadcrumb","itemListElement":[{"@type":"ListItem","position":1,"name":"Home","item":"https:\/\/www.scoalababel.ro\/"},{"@type":"ListItem","position":2,"name":"Comunitate","item":"https:\/\/www.scoalababel.ro\/comunitate\/"},{"@type":"ListItem","position":3,"name":"Proiecte","item":"https:\/\/www.scoalababel.ro\/comunitate\/proiecte\/"},{"@type":"ListItem","position":4,"name":"Webinar: Cum g\u0103se\u0219ti puterile din fiecare copil?"}]},{"@type":"WebSite","@id":"https:\/\/www.scoalababel.ro\/#website","url":"https:\/\/www.scoalababel.ro\/","name":"\u0218coala Babel","description":"\u0218coala Babel","potentialAction":[{"@type":"SearchAction","target":{"@type":"EntryPoint","urlTemplate":"https:\/\/www.scoalababel.ro\/?s={search_term_string}"},"query-input":{"@type":"PropertyValueSpecification","valueRequired":true,"valueName":"search_term_string"}}],"inLanguage":"en-US"}]}},"_links":{"self":[{"href":"https:\/\/www.scoalababel.ro\/en\/wp-json\/wp\/v2\/pages\/4220","targetHints":{"allow":["GET"]}}],"collection":[{"href":"https:\/\/www.scoalababel.ro\/en\/wp-json\/wp\/v2\/pages"}],"about":[{"href":"https:\/\/www.scoalababel.ro\/en\/wp-json\/wp\/v2\/types\/page"}],"author":[{"embeddable":true,"href":"https:\/\/www.scoalababel.ro\/en\/wp-json\/wp\/v2\/users\/8"}],"replies":[{"embeddable":true,"href":"https:\/\/www.scoalababel.ro\/en\/wp-json\/wp\/v2\/comments?post=4220"}],"version-history":[{"count":16,"href":"https:\/\/www.scoalababel.ro\/en\/wp-json\/wp\/v2\/pages\/4220\/revisions"}],"predecessor-version":[{"id":4241,"href":"https:\/\/www.scoalababel.ro\/en\/wp-json\/wp\/v2\/pages\/4220\/revisions\/4241"}],"up":[{"embeddable":true,"href":"https:\/\/www.scoalababel.ro\/en\/wp-json\/wp\/v2\/pages\/2520"}],"wp:featuredmedia":[{"embeddable":true,"href":"https:\/\/www.scoalababel.ro\/en\/wp-json\/wp\/v2\/media\/4236"}],"wp:attachment":[{"href":"https:\/\/www.scoalababel.ro\/en\/wp-json\/wp\/v2\/media?parent=4220"}],"curies":[{"name":"wp","href":"https:\/\/api.w.org\/{rel}","templated":true}]}}