{"id":4269,"date":"2021-05-21T12:57:02","date_gmt":"2021-05-21T12:57:02","guid":{"rendered":"https:\/\/www.scoalababel.ro\/?page_id=4269"},"modified":"2021-10-07T11:43:53","modified_gmt":"2021-10-07T11:43:53","slug":"despre-asociatia-parinti-in-dialog","status":"publish","type":"page","link":"https:\/\/www.scoalababel.ro\/en\/povestea-noastra\/despre-asociatia-parinti-in-dialog\/","title":{"rendered":"Despre Asocia\u021bia P\u0103rin\u021bi \u00een Dialog"},"content":{"rendered":"<p>&nbsp;<\/p>\n<p dir=\"ltr\"><strong><img loading=\"lazy\" decoding=\"async\" class=\"alignnone size-full wp-image-4467\" src=\"https:\/\/www.scoalababel.ro\/wp-content\/uploads\/2021\/10\/despre-asociatia-parinti-in-dialog.jpg\" alt=\"\" width=\"2362\" height=\"1575\" srcset=\"https:\/\/www.scoalababel.ro\/wp-content\/uploads\/2021\/10\/despre-asociatia-parinti-in-dialog.jpg 2362w, https:\/\/www.scoalababel.ro\/wp-content\/uploads\/2021\/10\/despre-asociatia-parinti-in-dialog-300x200.jpg 300w, https:\/\/www.scoalababel.ro\/wp-content\/uploads\/2021\/10\/despre-asociatia-parinti-in-dialog-768x512.jpg 768w, https:\/\/www.scoalababel.ro\/wp-content\/uploads\/2021\/10\/despre-asociatia-parinti-in-dialog-1024x683.jpg 1024w\" sizes=\"auto, (max-width: 2362px) 100vw, 2362px\" \/><\/strong><\/p>\n<p dir=\"ltr\"><strong>Viziunea<br \/>\n<\/strong>Comunit\u0103\u021bi autentice, bazate pe compasiune \u0219i reciprocitate, ce \u00ee\u021bi sus\u021bin to\u021bi membrii s\u0103 \u00ee\u0219i dezvolte poten\u021bialul \u0219i s\u0103 \u00ee\u0219i descopere puterea de a \u00eembog\u0103\u021bi propria via\u021b\u0103, via\u021ba celor din jur \u0219i a planetei.<\/p>\n<div>\n<p><strong>Scopul<\/strong><br \/>\nCrearea de medii de \u00eenv\u0103\u021bare potrivite dezvolt\u0103rii poten\u021bialului fiec\u0103rui copil, asigurarea unui nivel maxim de educa\u021bie pentru fiecare elev, rezultat al promov\u0103rii dialogului \u00eentre p\u0103rin\u021bi, \u00eentre p\u0103rin\u021bi \u0219i copii \u0219i profesori, \u00eentre p\u0103rin\u021bi \u0219i autorit\u0103\u021bi.<\/p>\n<p><strong>Obiectivul<\/strong><br \/>\nCrearea contextelor educa\u021bionale formale sau non-formale \u00een care \u00eenv\u0103\u021barea s\u0103 aib\u0103 loc \u00eentr-un mod empatic \u0219i adaptat nevoilor individuale ale cursan\u021bilor asigur\u00e2nd \u00een acela\u0219i timp un nivel maxim de educa\u021bie al copiilor, av\u00e2nd ca baz\u0103 dialogul dintre profesori &#8211; p\u0103rin\u021bi &#8211; copii, precum \u0219i implicarea activ\u0103 \u0219i direct\u0103 a tuturor p\u0103r\u021bilor implicate \u00een procesul educa\u021bional \u0219i de dezvoltare personal\u0103 \u0219i profesional\u0103.<\/p>\n<p><strong>Proiectele Asocia\u021biei P\u0103rin\u021bi \u00een Dialog<\/strong><br \/>\n-\u0218coala Babel<br \/>\n-SEED (S\u0103pt\u0103m\u00e2na European\u0103 a Educa\u021biei Democratice)<br \/>\n-Profesorescu<br \/>\n-Join Learning<br \/>\n-Seara P\u0103rin\u021bilor<\/p>\n<\/div>\n","protected":false},"excerpt":{"rendered":"<p>&nbsp; Viziunea Comunit\u0103\u021bi autentice, bazate pe compasiune \u0219i reciprocitate, ce \u00ee\u021bi sus\u021bin to\u021bi membrii s\u0103 \u00ee\u0219i dezvolte poten\u021bialul \u0219i s\u0103 \u00ee\u0219i descopere puterea de a \u00eembog\u0103\u021bi propria via\u021b\u0103, via\u021ba celor din jur \u0219i a planetei. Scopul Crearea de medii de \u00eenv\u0103\u021bare potrivite dezvolt\u0103rii poten\u021bialului fiec\u0103rui copil, asigurarea unui nivel maxim de educa\u021bie pentru fiecare elev, [&hellip;]<\/p>\n","protected":false},"author":1,"featured_media":0,"parent":1654,"menu_order":80,"comment_status":"closed","ping_status":"closed","template":"","meta":{"footnotes":""},"class_list":["post-4269","page","type-page","status-publish","hentry"],"yoast_head":"<!-- This site is optimized with the Yoast SEO plugin v27.5 - https:\/\/yoast.com\/product\/yoast-seo-wordpress\/ -->\n<title>Despre Asocia\u021bia P\u0103rin\u021bi \u00een Dialog - \u0218coala Babel<\/title>\n<meta name=\"robots\" content=\"index, follow, max-snippet:-1, max-image-preview:large, max-video-preview:-1\" \/>\n<link rel=\"canonical\" href=\"https:\/\/www.scoalababel.ro\/en\/povestea-noastra\/despre-asociatia-parinti-in-dialog\/\" \/>\n<meta property=\"og:locale\" content=\"en_US\" \/>\n<meta property=\"og:locale:alternate\" content=\"ro_RO\" \/>\n<meta property=\"og:type\" content=\"article\" \/>\n<meta property=\"og:title\" content=\"Despre Asocia\u021bia P\u0103rin\u021bi \u00een Dialog - \u0218coala Babel\" \/>\n<meta property=\"og:description\" content=\"&nbsp; Viziunea Comunit\u0103\u021bi autentice, bazate pe compasiune \u0219i reciprocitate, ce \u00ee\u021bi sus\u021bin to\u021bi membrii s\u0103 \u00ee\u0219i dezvolte poten\u021bialul \u0219i s\u0103 \u00ee\u0219i descopere puterea de a \u00eembog\u0103\u021bi propria via\u021b\u0103, via\u021ba celor din jur \u0219i a planetei. Scopul Crearea de medii de \u00eenv\u0103\u021bare potrivite dezvolt\u0103rii poten\u021bialului fiec\u0103rui copil, asigurarea unui nivel maxim de educa\u021bie pentru fiecare elev, [&hellip;]\" \/>\n<meta property=\"og:url\" content=\"https:\/\/www.scoalababel.ro\/en\/povestea-noastra\/despre-asociatia-parinti-in-dialog\/\" \/>\n<meta property=\"og:site_name\" content=\"\u0218coala Babel\" \/>\n<meta property=\"article:publisher\" content=\"https:\/\/www.facebook.com\/scoalababel\/\" \/>\n<meta property=\"article:modified_time\" content=\"2021-10-07T11:43:53+00:00\" \/>\n<meta property=\"og:image\" content=\"https:\/\/www.scoalababel.ro\/wp-content\/uploads\/2021\/10\/despre-asociatia-parinti-in-dialog-1024x683.jpg\" \/>\n\t<meta property=\"og:image:width\" content=\"1024\" \/>\n\t<meta property=\"og:image:height\" content=\"683\" \/>\n\t<meta property=\"og:image:type\" content=\"image\/jpeg\" \/>\n<meta name=\"twitter:card\" content=\"summary_large_image\" \/>\n<meta name=\"twitter:label1\" content=\"Est. reading time\" \/>\n\t<meta name=\"twitter:data1\" content=\"1 minute\" \/>\n<script type=\"application\/ld+json\" class=\"yoast-schema-graph\">{\"@context\":\"https:\\\/\\\/schema.org\",\"@graph\":[{\"@type\":\"WebPage\",\"@id\":\"https:\\\/\\\/www.scoalababel.ro\\\/povestea-noastra\\\/despre-asociatia-parinti-in-dialog\\\/\",\"url\":\"https:\\\/\\\/www.scoalababel.ro\\\/povestea-noastra\\\/despre-asociatia-parinti-in-dialog\\\/\",\"name\":\"Despre Asocia\u021bia P\u0103rin\u021bi \u00een Dialog - \u0218coala Babel\",\"isPartOf\":{\"@id\":\"https:\\\/\\\/www.scoalababel.ro\\\/#website\"},\"primaryImageOfPage\":{\"@id\":\"https:\\\/\\\/www.scoalababel.ro\\\/povestea-noastra\\\/despre-asociatia-parinti-in-dialog\\\/#primaryimage\"},\"image\":{\"@id\":\"https:\\\/\\\/www.scoalababel.ro\\\/povestea-noastra\\\/despre-asociatia-parinti-in-dialog\\\/#primaryimage\"},\"thumbnailUrl\":\"https:\\\/\\\/www.scoalababel.ro\\\/wp-content\\\/uploads\\\/2021\\\/10\\\/despre-asociatia-parinti-in-dialog.jpg\",\"datePublished\":\"2021-05-21T12:57:02+00:00\",\"dateModified\":\"2021-10-07T11:43:53+00:00\",\"breadcrumb\":{\"@id\":\"https:\\\/\\\/www.scoalababel.ro\\\/povestea-noastra\\\/despre-asociatia-parinti-in-dialog\\\/#breadcrumb\"},\"inLanguage\":\"en-US\",\"potentialAction\":[{\"@type\":\"ReadAction\",\"target\":[\"https:\\\/\\\/www.scoalababel.ro\\\/povestea-noastra\\\/despre-asociatia-parinti-in-dialog\\\/\"]}]},{\"@type\":\"ImageObject\",\"inLanguage\":\"en-US\",\"@id\":\"https:\\\/\\\/www.scoalababel.ro\\\/povestea-noastra\\\/despre-asociatia-parinti-in-dialog\\\/#primaryimage\",\"url\":\"https:\\\/\\\/www.scoalababel.ro\\\/wp-content\\\/uploads\\\/2021\\\/10\\\/despre-asociatia-parinti-in-dialog.jpg\",\"contentUrl\":\"https:\\\/\\\/www.scoalababel.ro\\\/wp-content\\\/uploads\\\/2021\\\/10\\\/despre-asociatia-parinti-in-dialog.jpg\"},{\"@type\":\"BreadcrumbList\",\"@id\":\"https:\\\/\\\/www.scoalababel.ro\\\/povestea-noastra\\\/despre-asociatia-parinti-in-dialog\\\/#breadcrumb\",\"itemListElement\":[{\"@type\":\"ListItem\",\"position\":1,\"name\":\"Home\",\"item\":\"https:\\\/\\\/www.scoalababel.ro\\\/\"},{\"@type\":\"ListItem\",\"position\":2,\"name\":\"Povestea noastr\u0103\",\"item\":\"https:\\\/\\\/www.scoalababel.ro\\\/povestea-noastra\\\/\"},{\"@type\":\"ListItem\",\"position\":3,\"name\":\"Despre Asocia\u021bia P\u0103rin\u021bi \u00een Dialog\"}]},{\"@type\":\"WebSite\",\"@id\":\"https:\\\/\\\/www.scoalababel.ro\\\/#website\",\"url\":\"https:\\\/\\\/www.scoalababel.ro\\\/\",\"name\":\"\u0218coala Babel\",\"description\":\"\u0218coala Babel\",\"potentialAction\":[{\"@type\":\"SearchAction\",\"target\":{\"@type\":\"EntryPoint\",\"urlTemplate\":\"https:\\\/\\\/www.scoalababel.ro\\\/?s={search_term_string}\"},\"query-input\":{\"@type\":\"PropertyValueSpecification\",\"valueRequired\":true,\"valueName\":\"search_term_string\"}}],\"inLanguage\":\"en-US\"}]}<\/script>\n<!-- \/ Yoast SEO plugin. -->","yoast_head_json":{"title":"Despre Asocia\u021bia P\u0103rin\u021bi \u00een Dialog - \u0218coala Babel","robots":{"index":"index","follow":"follow","max-snippet":"max-snippet:-1","max-image-preview":"max-image-preview:large","max-video-preview":"max-video-preview:-1"},"canonical":"https:\/\/www.scoalababel.ro\/en\/povestea-noastra\/despre-asociatia-parinti-in-dialog\/","og_locale":"en_US","og_type":"article","og_title":"Despre Asocia\u021bia P\u0103rin\u021bi \u00een Dialog - \u0218coala Babel","og_description":"&nbsp; Viziunea Comunit\u0103\u021bi autentice, bazate pe compasiune \u0219i reciprocitate, ce \u00ee\u021bi sus\u021bin to\u021bi membrii s\u0103 \u00ee\u0219i dezvolte poten\u021bialul \u0219i s\u0103 \u00ee\u0219i descopere puterea de a \u00eembog\u0103\u021bi propria via\u021b\u0103, via\u021ba celor din jur \u0219i a planetei. Scopul Crearea de medii de \u00eenv\u0103\u021bare potrivite dezvolt\u0103rii poten\u021bialului fiec\u0103rui copil, asigurarea unui nivel maxim de educa\u021bie pentru fiecare elev, [&hellip;]","og_url":"https:\/\/www.scoalababel.ro\/en\/povestea-noastra\/despre-asociatia-parinti-in-dialog\/","og_site_name":"\u0218coala Babel","article_publisher":"https:\/\/www.facebook.com\/scoalababel\/","article_modified_time":"2021-10-07T11:43:53+00:00","og_image":[{"width":1024,"height":683,"url":"https:\/\/www.scoalababel.ro\/wp-content\/uploads\/2021\/10\/despre-asociatia-parinti-in-dialog-1024x683.jpg","type":"image\/jpeg"}],"twitter_card":"summary_large_image","twitter_misc":{"Est. reading time":"1 minute"},"schema":{"@context":"https:\/\/schema.org","@graph":[{"@type":"WebPage","@id":"https:\/\/www.scoalababel.ro\/povestea-noastra\/despre-asociatia-parinti-in-dialog\/","url":"https:\/\/www.scoalababel.ro\/povestea-noastra\/despre-asociatia-parinti-in-dialog\/","name":"Despre Asocia\u021bia P\u0103rin\u021bi \u00een Dialog - \u0218coala Babel","isPartOf":{"@id":"https:\/\/www.scoalababel.ro\/#website"},"primaryImageOfPage":{"@id":"https:\/\/www.scoalababel.ro\/povestea-noastra\/despre-asociatia-parinti-in-dialog\/#primaryimage"},"image":{"@id":"https:\/\/www.scoalababel.ro\/povestea-noastra\/despre-asociatia-parinti-in-dialog\/#primaryimage"},"thumbnailUrl":"https:\/\/www.scoalababel.ro\/wp-content\/uploads\/2021\/10\/despre-asociatia-parinti-in-dialog.jpg","datePublished":"2021-05-21T12:57:02+00:00","dateModified":"2021-10-07T11:43:53+00:00","breadcrumb":{"@id":"https:\/\/www.scoalababel.ro\/povestea-noastra\/despre-asociatia-parinti-in-dialog\/#breadcrumb"},"inLanguage":"en-US","potentialAction":[{"@type":"ReadAction","target":["https:\/\/www.scoalababel.ro\/povestea-noastra\/despre-asociatia-parinti-in-dialog\/"]}]},{"@type":"ImageObject","inLanguage":"en-US","@id":"https:\/\/www.scoalababel.ro\/povestea-noastra\/despre-asociatia-parinti-in-dialog\/#primaryimage","url":"https:\/\/www.scoalababel.ro\/wp-content\/uploads\/2021\/10\/despre-asociatia-parinti-in-dialog.jpg","contentUrl":"https:\/\/www.scoalababel.ro\/wp-content\/uploads\/2021\/10\/despre-asociatia-parinti-in-dialog.jpg"},{"@type":"BreadcrumbList","@id":"https:\/\/www.scoalababel.ro\/povestea-noastra\/despre-asociatia-parinti-in-dialog\/#breadcrumb","itemListElement":[{"@type":"ListItem","position":1,"name":"Home","item":"https:\/\/www.scoalababel.ro\/"},{"@type":"ListItem","position":2,"name":"Povestea noastr\u0103","item":"https:\/\/www.scoalababel.ro\/povestea-noastra\/"},{"@type":"ListItem","position":3,"name":"Despre Asocia\u021bia P\u0103rin\u021bi \u00een Dialog"}]},{"@type":"WebSite","@id":"https:\/\/www.scoalababel.ro\/#website","url":"https:\/\/www.scoalababel.ro\/","name":"\u0218coala Babel","description":"\u0218coala Babel","potentialAction":[{"@type":"SearchAction","target":{"@type":"EntryPoint","urlTemplate":"https:\/\/www.scoalababel.ro\/?s={search_term_string}"},"query-input":{"@type":"PropertyValueSpecification","valueRequired":true,"valueName":"search_term_string"}}],"inLanguage":"en-US"}]}},"_links":{"self":[{"href":"https:\/\/www.scoalababel.ro\/en\/wp-json\/wp\/v2\/pages\/4269","targetHints":{"allow":["GET"]}}],"collection":[{"href":"https:\/\/www.scoalababel.ro\/en\/wp-json\/wp\/v2\/pages"}],"about":[{"href":"https:\/\/www.scoalababel.ro\/en\/wp-json\/wp\/v2\/types\/page"}],"author":[{"embeddable":true,"href":"https:\/\/www.scoalababel.ro\/en\/wp-json\/wp\/v2\/users\/1"}],"replies":[{"embeddable":true,"href":"https:\/\/www.scoalababel.ro\/en\/wp-json\/wp\/v2\/comments?post=4269"}],"version-history":[{"count":8,"href":"https:\/\/www.scoalababel.ro\/en\/wp-json\/wp\/v2\/pages\/4269\/revisions"}],"predecessor-version":[{"id":4468,"href":"https:\/\/www.scoalababel.ro\/en\/wp-json\/wp\/v2\/pages\/4269\/revisions\/4468"}],"up":[{"embeddable":true,"href":"https:\/\/www.scoalababel.ro\/en\/wp-json\/wp\/v2\/pages\/1654"}],"wp:attachment":[{"href":"https:\/\/www.scoalababel.ro\/en\/wp-json\/wp\/v2\/media?parent=4269"}],"curies":[{"name":"wp","href":"https:\/\/api.w.org\/{rel}","templated":true}]}}