{"id":4500,"date":"2021-11-11T09:13:13","date_gmt":"2021-11-11T09:13:13","guid":{"rendered":"https:\/\/www.scoalababel.ro\/?page_id=4500"},"modified":"2021-11-15T07:42:21","modified_gmt":"2021-11-15T07:42:21","slug":"seara-parintilor-25-nov-2021","status":"publish","type":"page","link":"https:\/\/www.scoalababel.ro\/en\/comunitate\/ce-e-nou\/seara-parintilor-25-nov-2021\/","title":{"rendered":"Seara P\u0103rin\u021bilor, 25 nov 2021"},"content":{"rendered":"<p><img loading=\"lazy\" decoding=\"async\" class=\"alignnone size-full wp-image-4501\" src=\"https:\/\/www.scoalababel.ro\/wp-content\/uploads\/2021\/11\/Cover-FB.png\" alt=\"\" width=\"2000\" height=\"760\" srcset=\"https:\/\/www.scoalababel.ro\/wp-content\/uploads\/2021\/11\/Cover-FB.png 2000w, https:\/\/www.scoalababel.ro\/wp-content\/uploads\/2021\/11\/Cover-FB-300x114.png 300w, https:\/\/www.scoalababel.ro\/wp-content\/uploads\/2021\/11\/Cover-FB-768x292.png 768w, https:\/\/www.scoalababel.ro\/wp-content\/uploads\/2021\/11\/Cover-FB-1024x389.png 1024w\" sizes=\"auto, (max-width: 2000px) 100vw, 2000px\" \/><\/p>\n<p>Drag\u0103 p\u0103rinte,<\/p>\n<p>\u00cencep \u00eenscrierile la \u0218coala Babel pentru anul \u0219colar 2022-2023.<\/p>\n<p>Primul eveniment, parte din procesul de \u00eenscriere, este Seara P\u0103rin\u021bilor, 25 noiembrie, ora 18:00. Evenimentul va avea loc online, folosind platforma Zoom.<\/p>\n<p>\u00censcrie-te aici: <a href=\"https:\/\/forms.gle\/eZGBn5hnddZ5K7YG9\" target=\"_blank\" rel=\"noopener noreferrer\">https:\/\/forms.gle\/eZGBn5hnddZ5K7YG9<\/a>.<\/p>\n<p>\u00cen cadrul \u00eent\u00e2lnirii, vei afla informa\u021bii despre:<br \/>\n\u2022 \u00eenscrierile pentru anul \u0219colar 2022-2023;<br \/>\n\u2022 viziunea \u0219colii;<br \/>\n\u2022 metodele folosite.<\/p>\n<div class=\"o9v6fnle cxmmr5t8 oygrvhab hcukyx3x c1et5uql\">Pentru anul \u0219colar 2022-2023 sunt:<br \/>\n\u2022 36 de locuri pentru clasa preg\u0103titoare;<br \/>\n\u2022 10 locuri pentru clasa a V-a.<\/div>\n<div><\/div>\n<div class=\"o9v6fnle cxmmr5t8 oygrvhab hcukyx3x c1et5uql\">\n<p>Pentru celelalte clase vom \u0219tii num\u0103rul de locuri disponibile la \u00eenceputul lunii mai.<\/p>\n<\/div>\n<div><\/div>\n<p>Particip\u0103 la eveniment pentru a afla mai multe detalii despre oferta educa\u021bional\u0103.<\/p>\n<p>Pentru a-\u021bi face o prim\u0103 impresie despre \u0218coala Babel \u0219i a ob\u021bine deja r\u0103spunsul la unele \u00eentreb\u0103ri po\u021bi consulta site-ul nostru <a href=\"http:\/\/www.scoalababel.ro\" target=\"_blank\" rel=\"noopener noreferrer\">www.scoalababel.ro<\/a>, \u00een special pagina de &#8220;\u00centreb\u0103ri frecvente&#8221;: <a href=\"https:\/\/www.scoalababel.ro\/contact\/intrebari-frecvente\/\" target=\"_blank\" rel=\"noopener noreferrer\">https:\/\/www.scoalababel.ro\/contact\/intrebari-frecvente\/<\/a>.<\/p>\n<p>De asemenea \u00ee\u021bi recomand\u0103m s\u0103 parcurgi bro\u0219ura <a href=\"https:\/\/www.scoalababel.ro\/wp-content\/uploads\/2020\/10\/Brosura-E-Scoala-Babel-potrivita-pentru-mine.pdf\" target=\"_blank\" rel=\"noopener noreferrer\">\u201cE \u0218coala Babel potrivit\u0103 pentru mine?\u201d<\/a><\/p>\n<p>Participarea la eveniment nu este posibil\u0103 f\u0103r\u0103 completarea formularului: <a href=\"https:\/\/forms.gle\/eZGBn5hnddZ5K7YG9\" target=\"_blank\" rel=\"noopener noreferrer\">https:\/\/forms.gle\/eZGBn5hnddZ5K7YG9<\/a>.<\/p>\n<p>Participarea la evenimentul &#8220;Seara P\u0103rin\u021bilor&#8221; este o etap\u0103 important\u0103 \u00een cadrul procesul de \u00eenscriere la \u0218coala Babel.<\/p>\n<p>Pentru alte \u00eentreb\u0103ri sau informa\u021bii legate de eveniment ne po\u021bi contacta la adresa: contact@scoalababel.ro. Facem apel la \u00een\u021belegerea, discern\u0103m\u00e2ntul \u0219i r\u0103bdarea ta, \u00eentruc\u00e2t volumul de mesaje \u0219i solicit\u0103ri care vin spre noi este unul mare.<\/p>\n<p>&nbsp;<\/p>\n","protected":false},"excerpt":{"rendered":"<p>Drag\u0103 p\u0103rinte, \u00cencep \u00eenscrierile la \u0218coala Babel pentru anul \u0219colar 2022-2023. Primul eveniment, parte din procesul de \u00eenscriere, este Seara P\u0103rin\u021bilor, 25 noiembrie, ora 18:00. Evenimentul va avea loc online, folosind platforma Zoom. \u00censcrie-te aici: https:\/\/forms.gle\/eZGBn5hnddZ5K7YG9. \u00cen cadrul \u00eent\u00e2lnirii, vei afla informa\u021bii despre: \u2022 \u00eenscrierile pentru anul \u0219colar 2022-2023; \u2022 viziunea \u0219colii; \u2022 metodele folosite. [&hellip;]<\/p>\n","protected":false},"author":8,"featured_media":0,"parent":3100,"menu_order":0,"comment_status":"closed","ping_status":"closed","template":"","meta":{"footnotes":""},"class_list":["post-4500","page","type-page","status-publish","hentry"],"yoast_head":"<!-- This site is optimized with the Yoast SEO plugin v27.5 - https:\/\/yoast.com\/product\/yoast-seo-wordpress\/ -->\n<title>Seara P\u0103rin\u021bilor, 25 nov 2021 - \u0218coala Babel<\/title>\n<meta name=\"robots\" content=\"index, follow, max-snippet:-1, max-image-preview:large, max-video-preview:-1\" \/>\n<link rel=\"canonical\" href=\"https:\/\/www.scoalababel.ro\/en\/comunitate\/ce-e-nou\/seara-parintilor-25-nov-2021\/\" \/>\n<meta property=\"og:locale\" content=\"en_US\" \/>\n<meta property=\"og:locale:alternate\" content=\"ro_RO\" \/>\n<meta property=\"og:type\" content=\"article\" \/>\n<meta property=\"og:title\" content=\"Seara P\u0103rin\u021bilor, 25 nov 2021 - \u0218coala Babel\" \/>\n<meta property=\"og:description\" content=\"Drag\u0103 p\u0103rinte, \u00cencep \u00eenscrierile la \u0218coala Babel pentru anul \u0219colar 2022-2023. Primul eveniment, parte din procesul de \u00eenscriere, este Seara P\u0103rin\u021bilor, 25 noiembrie, ora 18:00. Evenimentul va avea loc online, folosind platforma Zoom. \u00censcrie-te aici: https:\/\/forms.gle\/eZGBn5hnddZ5K7YG9. \u00cen cadrul \u00eent\u00e2lnirii, vei afla informa\u021bii despre: \u2022 \u00eenscrierile pentru anul \u0219colar 2022-2023; \u2022 viziunea \u0219colii; \u2022 metodele folosite. [&hellip;]\" \/>\n<meta property=\"og:url\" content=\"https:\/\/www.scoalababel.ro\/en\/comunitate\/ce-e-nou\/seara-parintilor-25-nov-2021\/\" \/>\n<meta property=\"og:site_name\" content=\"\u0218coala Babel\" \/>\n<meta property=\"article:publisher\" content=\"https:\/\/www.facebook.com\/scoalababel\/\" \/>\n<meta property=\"article:modified_time\" content=\"2021-11-15T07:42:21+00:00\" \/>\n<meta property=\"og:image\" content=\"https:\/\/www.scoalababel.ro\/wp-content\/uploads\/2021\/11\/Cover-FB.png\" \/>\n\t<meta property=\"og:image:width\" content=\"2000\" \/>\n\t<meta property=\"og:image:height\" content=\"760\" \/>\n\t<meta property=\"og:image:type\" content=\"image\/png\" \/>\n<meta name=\"twitter:card\" content=\"summary_large_image\" \/>\n<meta name=\"twitter:label1\" content=\"Est. reading time\" \/>\n\t<meta name=\"twitter:data1\" content=\"1 minute\" \/>\n<script type=\"application\/ld+json\" class=\"yoast-schema-graph\">{\"@context\":\"https:\\\/\\\/schema.org\",\"@graph\":[{\"@type\":\"WebPage\",\"@id\":\"https:\\\/\\\/www.scoalababel.ro\\\/comunitate\\\/ce-e-nou\\\/seara-parintilor-25-nov-2021\\\/\",\"url\":\"https:\\\/\\\/www.scoalababel.ro\\\/comunitate\\\/ce-e-nou\\\/seara-parintilor-25-nov-2021\\\/\",\"name\":\"Seara P\u0103rin\u021bilor, 25 nov 2021 - \u0218coala Babel\",\"isPartOf\":{\"@id\":\"https:\\\/\\\/www.scoalababel.ro\\\/#website\"},\"primaryImageOfPage\":{\"@id\":\"https:\\\/\\\/www.scoalababel.ro\\\/comunitate\\\/ce-e-nou\\\/seara-parintilor-25-nov-2021\\\/#primaryimage\"},\"image\":{\"@id\":\"https:\\\/\\\/www.scoalababel.ro\\\/comunitate\\\/ce-e-nou\\\/seara-parintilor-25-nov-2021\\\/#primaryimage\"},\"thumbnailUrl\":\"https:\\\/\\\/www.scoalababel.ro\\\/wp-content\\\/uploads\\\/2021\\\/11\\\/Cover-FB.png\",\"datePublished\":\"2021-11-11T09:13:13+00:00\",\"dateModified\":\"2021-11-15T07:42:21+00:00\",\"breadcrumb\":{\"@id\":\"https:\\\/\\\/www.scoalababel.ro\\\/comunitate\\\/ce-e-nou\\\/seara-parintilor-25-nov-2021\\\/#breadcrumb\"},\"inLanguage\":\"en-US\",\"potentialAction\":[{\"@type\":\"ReadAction\",\"target\":[\"https:\\\/\\\/www.scoalababel.ro\\\/comunitate\\\/ce-e-nou\\\/seara-parintilor-25-nov-2021\\\/\"]}]},{\"@type\":\"ImageObject\",\"inLanguage\":\"en-US\",\"@id\":\"https:\\\/\\\/www.scoalababel.ro\\\/comunitate\\\/ce-e-nou\\\/seara-parintilor-25-nov-2021\\\/#primaryimage\",\"url\":\"https:\\\/\\\/www.scoalababel.ro\\\/wp-content\\\/uploads\\\/2021\\\/11\\\/Cover-FB.png\",\"contentUrl\":\"https:\\\/\\\/www.scoalababel.ro\\\/wp-content\\\/uploads\\\/2021\\\/11\\\/Cover-FB.png\"},{\"@type\":\"BreadcrumbList\",\"@id\":\"https:\\\/\\\/www.scoalababel.ro\\\/comunitate\\\/ce-e-nou\\\/seara-parintilor-25-nov-2021\\\/#breadcrumb\",\"itemListElement\":[{\"@type\":\"ListItem\",\"position\":1,\"name\":\"Home\",\"item\":\"https:\\\/\\\/www.scoalababel.ro\\\/\"},{\"@type\":\"ListItem\",\"position\":2,\"name\":\"Comunitate\",\"item\":\"https:\\\/\\\/www.scoalababel.ro\\\/comunitate\\\/\"},{\"@type\":\"ListItem\",\"position\":3,\"name\":\"Ce e nou?\",\"item\":\"https:\\\/\\\/www.scoalababel.ro\\\/?page_id=3100\"},{\"@type\":\"ListItem\",\"position\":4,\"name\":\"Seara P\u0103rin\u021bilor, 25 nov 2021\"}]},{\"@type\":\"WebSite\",\"@id\":\"https:\\\/\\\/www.scoalababel.ro\\\/#website\",\"url\":\"https:\\\/\\\/www.scoalababel.ro\\\/\",\"name\":\"\u0218coala Babel\",\"description\":\"\u0218coala Babel\",\"potentialAction\":[{\"@type\":\"SearchAction\",\"target\":{\"@type\":\"EntryPoint\",\"urlTemplate\":\"https:\\\/\\\/www.scoalababel.ro\\\/?s={search_term_string}\"},\"query-input\":{\"@type\":\"PropertyValueSpecification\",\"valueRequired\":true,\"valueName\":\"search_term_string\"}}],\"inLanguage\":\"en-US\"}]}<\/script>\n<!-- \/ Yoast SEO plugin. -->","yoast_head_json":{"title":"Seara P\u0103rin\u021bilor, 25 nov 2021 - \u0218coala Babel","robots":{"index":"index","follow":"follow","max-snippet":"max-snippet:-1","max-image-preview":"max-image-preview:large","max-video-preview":"max-video-preview:-1"},"canonical":"https:\/\/www.scoalababel.ro\/en\/comunitate\/ce-e-nou\/seara-parintilor-25-nov-2021\/","og_locale":"en_US","og_type":"article","og_title":"Seara P\u0103rin\u021bilor, 25 nov 2021 - \u0218coala Babel","og_description":"Drag\u0103 p\u0103rinte, \u00cencep \u00eenscrierile la \u0218coala Babel pentru anul \u0219colar 2022-2023. Primul eveniment, parte din procesul de \u00eenscriere, este Seara P\u0103rin\u021bilor, 25 noiembrie, ora 18:00. Evenimentul va avea loc online, folosind platforma Zoom. \u00censcrie-te aici: https:\/\/forms.gle\/eZGBn5hnddZ5K7YG9. \u00cen cadrul \u00eent\u00e2lnirii, vei afla informa\u021bii despre: \u2022 \u00eenscrierile pentru anul \u0219colar 2022-2023; \u2022 viziunea \u0219colii; \u2022 metodele folosite. [&hellip;]","og_url":"https:\/\/www.scoalababel.ro\/en\/comunitate\/ce-e-nou\/seara-parintilor-25-nov-2021\/","og_site_name":"\u0218coala Babel","article_publisher":"https:\/\/www.facebook.com\/scoalababel\/","article_modified_time":"2021-11-15T07:42:21+00:00","og_image":[{"width":2000,"height":760,"url":"https:\/\/www.scoalababel.ro\/wp-content\/uploads\/2021\/11\/Cover-FB.png","type":"image\/png"}],"twitter_card":"summary_large_image","twitter_misc":{"Est. reading time":"1 minute"},"schema":{"@context":"https:\/\/schema.org","@graph":[{"@type":"WebPage","@id":"https:\/\/www.scoalababel.ro\/comunitate\/ce-e-nou\/seara-parintilor-25-nov-2021\/","url":"https:\/\/www.scoalababel.ro\/comunitate\/ce-e-nou\/seara-parintilor-25-nov-2021\/","name":"Seara P\u0103rin\u021bilor, 25 nov 2021 - \u0218coala Babel","isPartOf":{"@id":"https:\/\/www.scoalababel.ro\/#website"},"primaryImageOfPage":{"@id":"https:\/\/www.scoalababel.ro\/comunitate\/ce-e-nou\/seara-parintilor-25-nov-2021\/#primaryimage"},"image":{"@id":"https:\/\/www.scoalababel.ro\/comunitate\/ce-e-nou\/seara-parintilor-25-nov-2021\/#primaryimage"},"thumbnailUrl":"https:\/\/www.scoalababel.ro\/wp-content\/uploads\/2021\/11\/Cover-FB.png","datePublished":"2021-11-11T09:13:13+00:00","dateModified":"2021-11-15T07:42:21+00:00","breadcrumb":{"@id":"https:\/\/www.scoalababel.ro\/comunitate\/ce-e-nou\/seara-parintilor-25-nov-2021\/#breadcrumb"},"inLanguage":"en-US","potentialAction":[{"@type":"ReadAction","target":["https:\/\/www.scoalababel.ro\/comunitate\/ce-e-nou\/seara-parintilor-25-nov-2021\/"]}]},{"@type":"ImageObject","inLanguage":"en-US","@id":"https:\/\/www.scoalababel.ro\/comunitate\/ce-e-nou\/seara-parintilor-25-nov-2021\/#primaryimage","url":"https:\/\/www.scoalababel.ro\/wp-content\/uploads\/2021\/11\/Cover-FB.png","contentUrl":"https:\/\/www.scoalababel.ro\/wp-content\/uploads\/2021\/11\/Cover-FB.png"},{"@type":"BreadcrumbList","@id":"https:\/\/www.scoalababel.ro\/comunitate\/ce-e-nou\/seara-parintilor-25-nov-2021\/#breadcrumb","itemListElement":[{"@type":"ListItem","position":1,"name":"Home","item":"https:\/\/www.scoalababel.ro\/"},{"@type":"ListItem","position":2,"name":"Comunitate","item":"https:\/\/www.scoalababel.ro\/comunitate\/"},{"@type":"ListItem","position":3,"name":"Ce e nou?","item":"https:\/\/www.scoalababel.ro\/?page_id=3100"},{"@type":"ListItem","position":4,"name":"Seara P\u0103rin\u021bilor, 25 nov 2021"}]},{"@type":"WebSite","@id":"https:\/\/www.scoalababel.ro\/#website","url":"https:\/\/www.scoalababel.ro\/","name":"\u0218coala Babel","description":"\u0218coala Babel","potentialAction":[{"@type":"SearchAction","target":{"@type":"EntryPoint","urlTemplate":"https:\/\/www.scoalababel.ro\/?s={search_term_string}"},"query-input":{"@type":"PropertyValueSpecification","valueRequired":true,"valueName":"search_term_string"}}],"inLanguage":"en-US"}]}},"_links":{"self":[{"href":"https:\/\/www.scoalababel.ro\/en\/wp-json\/wp\/v2\/pages\/4500","targetHints":{"allow":["GET"]}}],"collection":[{"href":"https:\/\/www.scoalababel.ro\/en\/wp-json\/wp\/v2\/pages"}],"about":[{"href":"https:\/\/www.scoalababel.ro\/en\/wp-json\/wp\/v2\/types\/page"}],"author":[{"embeddable":true,"href":"https:\/\/www.scoalababel.ro\/en\/wp-json\/wp\/v2\/users\/8"}],"replies":[{"embeddable":true,"href":"https:\/\/www.scoalababel.ro\/en\/wp-json\/wp\/v2\/comments?post=4500"}],"version-history":[{"count":10,"href":"https:\/\/www.scoalababel.ro\/en\/wp-json\/wp\/v2\/pages\/4500\/revisions"}],"predecessor-version":[{"id":4515,"href":"https:\/\/www.scoalababel.ro\/en\/wp-json\/wp\/v2\/pages\/4500\/revisions\/4515"}],"up":[{"embeddable":true,"href":"https:\/\/www.scoalababel.ro\/en\/wp-json\/wp\/v2\/pages\/3100"}],"wp:attachment":[{"href":"https:\/\/www.scoalababel.ro\/en\/wp-json\/wp\/v2\/media?parent=4500"}],"curies":[{"name":"wp","href":"https:\/\/api.w.org\/{rel}","templated":true}]}}