{"id":4676,"date":"2022-02-14T14:41:55","date_gmt":"2022-02-14T14:41:55","guid":{"rendered":"https:\/\/www.scoalababel.ro\/?page_id=4676"},"modified":"2022-02-21T12:44:40","modified_gmt":"2022-02-21T12:44:40","slug":"invatarea-experientiala-la-dimensiune-europeana","status":"publish","type":"page","link":"https:\/\/www.scoalababel.ro\/en\/invatarea-experientiala-la-dimensiune-europeana\/","title":{"rendered":"\u00cenv\u0103\u021barea Experien\u021bial\u0103 la dimensiune european\u0103"},"content":{"rendered":"<p><strong><img loading=\"lazy\" decoding=\"async\" class=\"alignnone wp-image-4677 size-large\" src=\"https:\/\/www.scoalababel.ro\/wp-content\/uploads\/2022\/02\/foto-proiect-1024x498.jpg\" alt=\"\" width=\"1024\" height=\"498\" srcset=\"https:\/\/www.scoalababel.ro\/wp-content\/uploads\/2022\/02\/foto-proiect-1024x498.jpg 1024w, https:\/\/www.scoalababel.ro\/wp-content\/uploads\/2022\/02\/foto-proiect-300x146.jpg 300w, https:\/\/www.scoalababel.ro\/wp-content\/uploads\/2022\/02\/foto-proiect-768x373.jpg 768w, https:\/\/www.scoalababel.ro\/wp-content\/uploads\/2022\/02\/foto-proiect.jpg 1317w\" sizes=\"auto, (max-width: 1024px) 100vw, 1024px\" \/><\/strong><\/p>\n<p><strong>\u00cenv\u0103\u021bare Experien\u021bial\u0103 la dimensiune european\u0103<\/strong> a fost un proiect cu impact extrem de important pentru \u0218coala Babel aduc\u00e2nd o consolidare a expertizei la nivel de echip\u0103, oportunit\u0103\u021bi noi pentru parteneriate cu \u0219coli din Belgia \u0219i Olanda, cu centrele de formare a profesorilor din aceste \u021b\u0103ri.\u00a0 La un alt nivel, prin Centrul Rom\u00e2n pentru Educa\u021bie Experien\u021bial\u0103, observ\u0103m o deschidere foarte mare la nivel de comunitate local\u0103, na\u021bional\u0103 \u0219i interna\u021bional\u0103 pentru a putea contribui \u00eentr-un mod sustenabil la schimbarea \u00een educa\u021bie \u00een Rom\u00e2nia.<\/p>\n<p>\u00cen cadrul prime mobilit\u0103\u021bi, realizat\u0103 \u00een perioada <strong>29.08.2021 &#8211; 04.09.2021<\/strong>, 6 profesori din echipa \u0219colii au beneficiat de formarea &#8220;<strong>Train the Trainer on Experiential Education<\/strong>&#8220;, realizat\u0103 de c\u0103tre <strong>CEGO &#8211; Centrul de \u00cenv\u0103\u021bare Experien\u021bial\u0103 al Universit\u0103\u021bii din Leuven<\/strong>.<\/p>\n<p>La cea de-a doua mobilitate, <strong>17.10.2021 &#8211; 23.10.2021<\/strong>, 8 membri ai echipei \u0218colii Babel au participat la formarea &#8220;<strong>Experiential based learning<\/strong>&#8221; sus\u021binut\u0103 de c\u0103tre <strong>Tweemonds &#8211; Centrul pentru stare de bine \u0219i implicare \u00een educa\u021bie din Olanda<\/strong>.<\/p>\n<p><img loading=\"lazy\" decoding=\"async\" class=\"wp-image-4678 size-full aligncenter\" src=\"https:\/\/www.scoalababel.ro\/wp-content\/uploads\/2022\/02\/foto-din-Belgia-1-1.jpg\" alt=\"\" width=\"756\" height=\"368\" srcset=\"https:\/\/www.scoalababel.ro\/wp-content\/uploads\/2022\/02\/foto-din-Belgia-1-1.jpg 756w, https:\/\/www.scoalababel.ro\/wp-content\/uploads\/2022\/02\/foto-din-Belgia-1-1-300x146.jpg 300w\" sizes=\"auto, (max-width: 756px) 100vw, 756px\" \/><\/p>\n<p>Te invit\u0103m s\u0103 descoperi, citind articolul nostru de pe blog, <a href=\"https:\/\/www.scoalababel.ro\/2022\/02\/11\/i%cc%82nva%cc%86t%cc%a6are-experient%cc%a6iala%cc%86-la-dimensiune-europeana%cc%86\/\" target=\"_blank\" rel=\"noopener noreferrer\">c\u00e2t de multe am \u00eenv\u0103\u021bat prin experien\u021ba acestui proiect<\/a>.<\/p>\n<p>\u00cen pagina &#8220;<a href=\"https:\/\/www.scoalababel.ro\/comunitate\/resurse-educationale\/\" target=\"_blank\" rel=\"noopener noreferrer\">Resurse educa\u021bionale<\/a>&#8221; g\u0103se\u0219ti fi\u0219e cu activit\u0103\u021bi din <a href=\"https:\/\/www.scoalababel.ro\/2021\/04\/19\/arhipelagul-talentelor\/\" target=\"_blank\" rel=\"noopener noreferrer\">Arhipelagul Talentelor<\/a>, pe care le po\u021bi folosi la clas\u0103.<\/p>\n<p><strong>\u00cen 11 decembrie 2021 am lansat Centrul Rom\u00e2n pentru \u00cenv\u0103\u021bare Experien\u021bial\u0103<\/strong>, al\u0103turi de comunitatea \u0218colii Babel \u0219i partenerii no\u0219tri. Ne-a onorat prezen\u021ba domnului Primar Dominic Fritz, a domnilor Consuli ai Olandei \u0219i Spaniei, dl. Marius Popa \u0219i dl Jose Miguel Vi\u00f1als Ari\u00f1o, a domnului Rector al Universit\u0103\u021bii Politehnica Timi\u0219oara, dl Florin Dr\u0103gan \u0219i a domnului Prorector al Universit\u0103\u021bii de Vest, dl Madalin Bunoiu, a domnilor Consilieri Locali Razvan Stana \u0219i Dan Diaconu.<\/p>\n<p><img loading=\"lazy\" decoding=\"async\" class=\"size-full wp-image-4687 aligncenter\" src=\"https:\/\/www.scoalababel.ro\/wp-content\/uploads\/2022\/02\/11-dec-2021.jpg\" alt=\"\" width=\"750\" height=\"500\" srcset=\"https:\/\/www.scoalababel.ro\/wp-content\/uploads\/2022\/02\/11-dec-2021.jpg 750w, https:\/\/www.scoalababel.ro\/wp-content\/uploads\/2022\/02\/11-dec-2021-300x200.jpg 300w\" sizes=\"auto, (max-width: 750px) 100vw, 750px\" \/><\/p>\n<p>R\u0103m\u00e2i conectat la subiectul \u00cenv\u0103\u021b\u0103rii Experien\u021biale urm\u0103rind pagina de facebook dedicat\u0103: <a href=\"https:\/\/www.facebook.com\/invatareexperientialaromania\" target=\"_blank\" rel=\"noopener noreferrer\">https:\/\/www.facebook.com\/invatareexperientialaromania<\/a>.<\/p>\n<p><strong>\u00cenv\u0103\u021bare Experien\u021bial\u0103 la dimensiune european\u0103 <\/strong>este un proiect finan\u021bat prin programul Erasmus + al Uniunii Europene, prin Agen\u021bia Na\u021bional\u0103 din Rom\u00e2nia (ANPCDEFP) \u00een cadrul KA1, Mobilitatea persoanelor \u00een scopul \u00eenv\u0103\u021b\u0103rii \u2013 Educa\u021bie \u0219colar\u0103 , proiect cu num\u0103rul \u2013 2020-1-RO01-KA101-079260.<\/p>\n<p><img loading=\"lazy\" decoding=\"async\" class=\"wp-image-4646 size-medium alignnone\" src=\"https:\/\/www.scoalababel.ro\/wp-content\/uploads\/2022\/02\/logo-Erasmus-300x86.png\" alt=\"\" width=\"300\" height=\"86\" srcset=\"https:\/\/www.scoalababel.ro\/wp-content\/uploads\/2022\/02\/logo-Erasmus-300x86.png 300w, https:\/\/www.scoalababel.ro\/wp-content\/uploads\/2022\/02\/logo-Erasmus-768x219.png 768w, https:\/\/www.scoalababel.ro\/wp-content\/uploads\/2022\/02\/logo-Erasmus-1024x292.png 1024w\" sizes=\"auto, (max-width: 300px) 100vw, 300px\" \/> <img loading=\"lazy\" decoding=\"async\" class=\"alignnone wp-image-4635 \" src=\"https:\/\/www.scoalababel.ro\/wp-content\/uploads\/2022\/02\/Cego-300x141.png\" alt=\"\" width=\"181\" height=\"85\" srcset=\"https:\/\/www.scoalababel.ro\/wp-content\/uploads\/2022\/02\/Cego-300x141.png 300w, https:\/\/www.scoalababel.ro\/wp-content\/uploads\/2022\/02\/Cego.png 327w\" sizes=\"auto, (max-width: 181px) 100vw, 181px\" \/> <img loading=\"lazy\" decoding=\"async\" class=\"alignnone size-full wp-image-4647\" src=\"https:\/\/www.scoalababel.ro\/wp-content\/uploads\/2022\/02\/Logo_tweemonds267x34.png\" alt=\"\" width=\"267\" height=\"34\" \/><\/p>\n","protected":false},"excerpt":{"rendered":"<p>\u00cenv\u0103\u021bare Experien\u021bial\u0103 la dimensiune european\u0103 a fost un proiect cu impact extrem de important pentru \u0218coala Babel aduc\u00e2nd o consolidare a expertizei la nivel de echip\u0103, oportunit\u0103\u021bi noi pentru parteneriate cu \u0219coli din Belgia \u0219i Olanda, cu centrele de formare a profesorilor din aceste \u021b\u0103ri.\u00a0 La un alt nivel, prin Centrul Rom\u00e2n pentru Educa\u021bie Experien\u021bial\u0103, [&hellip;]<\/p>\n","protected":false},"author":8,"featured_media":4677,"parent":0,"menu_order":0,"comment_status":"closed","ping_status":"closed","template":"","meta":{"footnotes":""},"class_list":["post-4676","page","type-page","status-publish","has-post-thumbnail","hentry"],"yoast_head":"<!-- This site is optimized with the Yoast SEO plugin v27.4 - https:\/\/yoast.com\/product\/yoast-seo-wordpress\/ -->\n<title>\u00cenv\u0103\u021barea Experien\u021bial\u0103 la dimensiune european\u0103 - \u0218coala Babel<\/title>\n<meta name=\"robots\" content=\"index, follow, max-snippet:-1, max-image-preview:large, max-video-preview:-1\" \/>\n<link rel=\"canonical\" href=\"https:\/\/www.scoalababel.ro\/en\/invatarea-experientiala-la-dimensiune-europeana\/\" \/>\n<meta property=\"og:locale\" content=\"en_US\" \/>\n<meta property=\"og:locale:alternate\" content=\"ro_RO\" \/>\n<meta property=\"og:type\" content=\"article\" \/>\n<meta property=\"og:title\" content=\"\u00cenv\u0103\u021barea Experien\u021bial\u0103 la dimensiune european\u0103 - \u0218coala Babel\" \/>\n<meta property=\"og:description\" content=\"\u00cenv\u0103\u021bare Experien\u021bial\u0103 la dimensiune european\u0103 a fost un proiect cu impact extrem de important pentru \u0218coala Babel aduc\u00e2nd o consolidare a expertizei la nivel de echip\u0103, oportunit\u0103\u021bi noi pentru parteneriate cu \u0219coli din Belgia \u0219i Olanda, cu centrele de formare a profesorilor din aceste \u021b\u0103ri.\u00a0 La un alt nivel, prin Centrul Rom\u00e2n pentru Educa\u021bie Experien\u021bial\u0103, [&hellip;]\" \/>\n<meta property=\"og:url\" content=\"https:\/\/www.scoalababel.ro\/en\/invatarea-experientiala-la-dimensiune-europeana\/\" \/>\n<meta property=\"og:site_name\" content=\"\u0218coala Babel\" \/>\n<meta property=\"article:publisher\" content=\"https:\/\/www.facebook.com\/scoalababel\/\" \/>\n<meta property=\"article:modified_time\" content=\"2022-02-21T12:44:40+00:00\" \/>\n<meta property=\"og:image\" content=\"https:\/\/www.scoalababel.ro\/wp-content\/uploads\/2022\/02\/foto-proiect.jpg\" \/>\n\t<meta property=\"og:image:width\" content=\"1317\" \/>\n\t<meta property=\"og:image:height\" content=\"640\" \/>\n\t<meta property=\"og:image:type\" content=\"image\/jpeg\" \/>\n<meta name=\"twitter:card\" content=\"summary_large_image\" \/>\n<meta name=\"twitter:label1\" content=\"Est. reading time\" \/>\n\t<meta name=\"twitter:data1\" content=\"2 minutes\" \/>\n<script type=\"application\/ld+json\" class=\"yoast-schema-graph\">{\"@context\":\"https:\\\/\\\/schema.org\",\"@graph\":[{\"@type\":\"WebPage\",\"@id\":\"https:\\\/\\\/www.scoalababel.ro\\\/invatarea-experientiala-la-dimensiune-europeana\\\/\",\"url\":\"https:\\\/\\\/www.scoalababel.ro\\\/invatarea-experientiala-la-dimensiune-europeana\\\/\",\"name\":\"\u00cenv\u0103\u021barea Experien\u021bial\u0103 la dimensiune european\u0103 - \u0218coala Babel\",\"isPartOf\":{\"@id\":\"https:\\\/\\\/www.scoalababel.ro\\\/#website\"},\"primaryImageOfPage\":{\"@id\":\"https:\\\/\\\/www.scoalababel.ro\\\/invatarea-experientiala-la-dimensiune-europeana\\\/#primaryimage\"},\"image\":{\"@id\":\"https:\\\/\\\/www.scoalababel.ro\\\/invatarea-experientiala-la-dimensiune-europeana\\\/#primaryimage\"},\"thumbnailUrl\":\"https:\\\/\\\/www.scoalababel.ro\\\/wp-content\\\/uploads\\\/2022\\\/02\\\/foto-proiect.jpg\",\"datePublished\":\"2022-02-14T14:41:55+00:00\",\"dateModified\":\"2022-02-21T12:44:40+00:00\",\"breadcrumb\":{\"@id\":\"https:\\\/\\\/www.scoalababel.ro\\\/invatarea-experientiala-la-dimensiune-europeana\\\/#breadcrumb\"},\"inLanguage\":\"en-US\",\"potentialAction\":[{\"@type\":\"ReadAction\",\"target\":[\"https:\\\/\\\/www.scoalababel.ro\\\/invatarea-experientiala-la-dimensiune-europeana\\\/\"]}]},{\"@type\":\"ImageObject\",\"inLanguage\":\"en-US\",\"@id\":\"https:\\\/\\\/www.scoalababel.ro\\\/invatarea-experientiala-la-dimensiune-europeana\\\/#primaryimage\",\"url\":\"https:\\\/\\\/www.scoalababel.ro\\\/wp-content\\\/uploads\\\/2022\\\/02\\\/foto-proiect.jpg\",\"contentUrl\":\"https:\\\/\\\/www.scoalababel.ro\\\/wp-content\\\/uploads\\\/2022\\\/02\\\/foto-proiect.jpg\",\"width\":1317,\"height\":640},{\"@type\":\"BreadcrumbList\",\"@id\":\"https:\\\/\\\/www.scoalababel.ro\\\/invatarea-experientiala-la-dimensiune-europeana\\\/#breadcrumb\",\"itemListElement\":[{\"@type\":\"ListItem\",\"position\":1,\"name\":\"Home\",\"item\":\"https:\\\/\\\/www.scoalababel.ro\\\/\"},{\"@type\":\"ListItem\",\"position\":2,\"name\":\"\u00cenv\u0103\u021barea Experien\u021bial\u0103 la dimensiune european\u0103\"}]},{\"@type\":\"WebSite\",\"@id\":\"https:\\\/\\\/www.scoalababel.ro\\\/#website\",\"url\":\"https:\\\/\\\/www.scoalababel.ro\\\/\",\"name\":\"\u0218coala Babel\",\"description\":\"\u0218coala Babel\",\"potentialAction\":[{\"@type\":\"SearchAction\",\"target\":{\"@type\":\"EntryPoint\",\"urlTemplate\":\"https:\\\/\\\/www.scoalababel.ro\\\/?s={search_term_string}\"},\"query-input\":{\"@type\":\"PropertyValueSpecification\",\"valueRequired\":true,\"valueName\":\"search_term_string\"}}],\"inLanguage\":\"en-US\"}]}<\/script>\n<!-- \/ Yoast SEO plugin. -->","yoast_head_json":{"title":"\u00cenv\u0103\u021barea Experien\u021bial\u0103 la dimensiune european\u0103 - \u0218coala Babel","robots":{"index":"index","follow":"follow","max-snippet":"max-snippet:-1","max-image-preview":"max-image-preview:large","max-video-preview":"max-video-preview:-1"},"canonical":"https:\/\/www.scoalababel.ro\/en\/invatarea-experientiala-la-dimensiune-europeana\/","og_locale":"en_US","og_type":"article","og_title":"\u00cenv\u0103\u021barea Experien\u021bial\u0103 la dimensiune european\u0103 - \u0218coala Babel","og_description":"\u00cenv\u0103\u021bare Experien\u021bial\u0103 la dimensiune european\u0103 a fost un proiect cu impact extrem de important pentru \u0218coala Babel aduc\u00e2nd o consolidare a expertizei la nivel de echip\u0103, oportunit\u0103\u021bi noi pentru parteneriate cu \u0219coli din Belgia \u0219i Olanda, cu centrele de formare a profesorilor din aceste \u021b\u0103ri.\u00a0 La un alt nivel, prin Centrul Rom\u00e2n pentru Educa\u021bie Experien\u021bial\u0103, [&hellip;]","og_url":"https:\/\/www.scoalababel.ro\/en\/invatarea-experientiala-la-dimensiune-europeana\/","og_site_name":"\u0218coala Babel","article_publisher":"https:\/\/www.facebook.com\/scoalababel\/","article_modified_time":"2022-02-21T12:44:40+00:00","og_image":[{"width":1317,"height":640,"url":"https:\/\/www.scoalababel.ro\/wp-content\/uploads\/2022\/02\/foto-proiect.jpg","type":"image\/jpeg"}],"twitter_card":"summary_large_image","twitter_misc":{"Est. reading time":"2 minutes"},"schema":{"@context":"https:\/\/schema.org","@graph":[{"@type":"WebPage","@id":"https:\/\/www.scoalababel.ro\/invatarea-experientiala-la-dimensiune-europeana\/","url":"https:\/\/www.scoalababel.ro\/invatarea-experientiala-la-dimensiune-europeana\/","name":"\u00cenv\u0103\u021barea Experien\u021bial\u0103 la dimensiune european\u0103 - \u0218coala Babel","isPartOf":{"@id":"https:\/\/www.scoalababel.ro\/#website"},"primaryImageOfPage":{"@id":"https:\/\/www.scoalababel.ro\/invatarea-experientiala-la-dimensiune-europeana\/#primaryimage"},"image":{"@id":"https:\/\/www.scoalababel.ro\/invatarea-experientiala-la-dimensiune-europeana\/#primaryimage"},"thumbnailUrl":"https:\/\/www.scoalababel.ro\/wp-content\/uploads\/2022\/02\/foto-proiect.jpg","datePublished":"2022-02-14T14:41:55+00:00","dateModified":"2022-02-21T12:44:40+00:00","breadcrumb":{"@id":"https:\/\/www.scoalababel.ro\/invatarea-experientiala-la-dimensiune-europeana\/#breadcrumb"},"inLanguage":"en-US","potentialAction":[{"@type":"ReadAction","target":["https:\/\/www.scoalababel.ro\/invatarea-experientiala-la-dimensiune-europeana\/"]}]},{"@type":"ImageObject","inLanguage":"en-US","@id":"https:\/\/www.scoalababel.ro\/invatarea-experientiala-la-dimensiune-europeana\/#primaryimage","url":"https:\/\/www.scoalababel.ro\/wp-content\/uploads\/2022\/02\/foto-proiect.jpg","contentUrl":"https:\/\/www.scoalababel.ro\/wp-content\/uploads\/2022\/02\/foto-proiect.jpg","width":1317,"height":640},{"@type":"BreadcrumbList","@id":"https:\/\/www.scoalababel.ro\/invatarea-experientiala-la-dimensiune-europeana\/#breadcrumb","itemListElement":[{"@type":"ListItem","position":1,"name":"Home","item":"https:\/\/www.scoalababel.ro\/"},{"@type":"ListItem","position":2,"name":"\u00cenv\u0103\u021barea Experien\u021bial\u0103 la dimensiune european\u0103"}]},{"@type":"WebSite","@id":"https:\/\/www.scoalababel.ro\/#website","url":"https:\/\/www.scoalababel.ro\/","name":"\u0218coala Babel","description":"\u0218coala Babel","potentialAction":[{"@type":"SearchAction","target":{"@type":"EntryPoint","urlTemplate":"https:\/\/www.scoalababel.ro\/?s={search_term_string}"},"query-input":{"@type":"PropertyValueSpecification","valueRequired":true,"valueName":"search_term_string"}}],"inLanguage":"en-US"}]}},"_links":{"self":[{"href":"https:\/\/www.scoalababel.ro\/en\/wp-json\/wp\/v2\/pages\/4676","targetHints":{"allow":["GET"]}}],"collection":[{"href":"https:\/\/www.scoalababel.ro\/en\/wp-json\/wp\/v2\/pages"}],"about":[{"href":"https:\/\/www.scoalababel.ro\/en\/wp-json\/wp\/v2\/types\/page"}],"author":[{"embeddable":true,"href":"https:\/\/www.scoalababel.ro\/en\/wp-json\/wp\/v2\/users\/8"}],"replies":[{"embeddable":true,"href":"https:\/\/www.scoalababel.ro\/en\/wp-json\/wp\/v2\/comments?post=4676"}],"version-history":[{"count":7,"href":"https:\/\/www.scoalababel.ro\/en\/wp-json\/wp\/v2\/pages\/4676\/revisions"}],"predecessor-version":[{"id":4689,"href":"https:\/\/www.scoalababel.ro\/en\/wp-json\/wp\/v2\/pages\/4676\/revisions\/4689"}],"wp:featuredmedia":[{"embeddable":true,"href":"https:\/\/www.scoalababel.ro\/en\/wp-json\/wp\/v2\/media\/4677"}],"wp:attachment":[{"href":"https:\/\/www.scoalababel.ro\/en\/wp-json\/wp\/v2\/media?parent=4676"}],"curies":[{"name":"wp","href":"https:\/\/api.w.org\/{rel}","templated":true}]}}