{"id":4750,"date":"2022-04-19T08:47:28","date_gmt":"2022-04-19T08:47:28","guid":{"rendered":"https:\/\/www.scoalababel.ro\/?page_id=4750"},"modified":"2022-04-27T11:58:09","modified_gmt":"2022-04-27T11:58:09","slug":"ne-marim-echipa","status":"publish","type":"page","link":"https:\/\/www.scoalababel.ro\/en\/ne-marim-echipa\/","title":{"rendered":"Ne m\u0103rim echipa"},"content":{"rendered":"<div><img loading=\"lazy\" decoding=\"async\" class=\"aligncenter wp-image-4751 size-full\" src=\"https:\/\/www.scoalababel.ro\/wp-content\/uploads\/2022\/04\/imagine-recrutare.png\" alt=\"\" width=\"1289\" height=\"623\" srcset=\"https:\/\/www.scoalababel.ro\/wp-content\/uploads\/2022\/04\/imagine-recrutare.png 1289w, https:\/\/www.scoalababel.ro\/wp-content\/uploads\/2022\/04\/imagine-recrutare-300x145.png 300w, https:\/\/www.scoalababel.ro\/wp-content\/uploads\/2022\/04\/imagine-recrutare-768x371.png 768w, https:\/\/www.scoalababel.ro\/wp-content\/uploads\/2022\/04\/imagine-recrutare-1024x495.png 1024w\" sizes=\"auto, (max-width: 1289px) 100vw, 1289px\" \/><\/div>\n<div>\n<p>\u0218i visul t\u0103u de a face educa\u021bie cu sens \u0219i bucurie poate deveni realitate! Al\u0103tur\u0103-te echipei Babel \u00een noul an \u0219colar!<\/p>\n<p>\u00cen <strong>2022-2023<\/strong> ne m\u0103rim echipa cu:<\/p>\n<ul>\n<li><strong>2 \u00eenv\u0103\u021b\u0103toare<\/strong><\/li>\n<li><strong>2 facilitatori afterschool<\/strong><\/li>\n<\/ul>\n<p><strong>CV-urile se pot trimite la\u00a0contact@scoalababel.ro\u00a0p\u00e2n\u0103 \u00een data de 1 mai 2022.<\/strong><\/p>\n<p>Suntem o echip\u0103 deschis\u0103 ce pune pre\u021b pe \u00eenv\u0103\u021bare \u0219i stare de bine, o echip\u0103 ce ofer\u0103 multe ini\u021biative de cre\u0219tere.<\/p>\n<p><span style=\"font-weight: 400;\"><strong>C\u00e2teva dintre oportunit\u0103\u021bile de formare<\/strong>:<\/span><\/p>\n<p><span style=\"font-weight: 400;\">-grup de lucru de comunicare non-violent\u0103<\/span><\/p>\n<p><span style=\"font-weight: 400;\">-ateliere \u0219i traininguri de formare \u00een \u00cenv\u0103\u021barea Experien\u021bial\u0103 \u0219i \u00cenv\u0103\u021barea \u0218tiin\u021belor bazat\u0103 pe Investiga\u021bie<\/span><\/p>\n<p><span style=\"font-weight: 400;\">-form\u0103ri \u0219i vizite \u00een \u0219coli din alte \u021b\u0103ri prin programul Erasmus +<\/span><\/p>\n<\/div>\n<div>\n<p><b><img loading=\"lazy\" decoding=\"async\" class=\"aligncenter wp-image-4777 size-large\" src=\"https:\/\/www.scoalababel.ro\/wp-content\/uploads\/2022\/04\/8-1024x1024.jpg\" alt=\"\" width=\"1024\" height=\"1024\" srcset=\"https:\/\/www.scoalababel.ro\/wp-content\/uploads\/2022\/04\/8-1024x1024.jpg 1024w, https:\/\/www.scoalababel.ro\/wp-content\/uploads\/2022\/04\/8-150x150.jpg 150w, https:\/\/www.scoalababel.ro\/wp-content\/uploads\/2022\/04\/8-300x300.jpg 300w, https:\/\/www.scoalababel.ro\/wp-content\/uploads\/2022\/04\/8-768x768.jpg 768w, https:\/\/www.scoalababel.ro\/wp-content\/uploads\/2022\/04\/8-600x600.jpg 600w, https:\/\/www.scoalababel.ro\/wp-content\/uploads\/2022\/04\/8-45x45.jpg 45w, https:\/\/www.scoalababel.ro\/wp-content\/uploads\/2022\/04\/8.jpg 1080w\" sizes=\"auto, (max-width: 1024px) 100vw, 1024px\" \/><\/b><\/p>\n<p><b>\u00cenv\u0103\u021b\u0103toare la \u0218coala Babel<\/b><\/p>\n<p><span style=\"font-weight: 400;\">Dac\u0103 \u00ee\u021bi place s\u0103 lucrezi cu copiii, ar\u0103t\u00e2nd respect pentru ritmul \u0219i capabilit\u0103\u021bile fiec\u0103ruia<\/span><\/p>\n<p><span style=\"font-weight: 400;\">Dac\u0103 crezi c\u0103 starea de bine \u0219i implicarea copiilor stau la baza \u00eenv\u0103\u021b\u0103rii cu drag<\/span><\/p>\n<p><span style=\"font-weight: 400;\">Dac\u0103 vezi poten\u021bialul natural al fiec\u0103rui copil \u0219i \u00ee\u021bi place s\u0103 g\u0103se\u0219ti metode inovative prin care s\u0103-l pui \u00een valoare<\/span><\/p>\n<p><span style=\"font-weight: 400;\">Dac\u0103 \u00ee\u021bi place s\u0103 lucrezi \u00een parteneriat cu colegii \u0219i p\u0103rin\u021bii pentru a crea cel mai bun mediu de dezvoltare pentru copii<\/span><\/p>\n<p><span style=\"font-weight: 400;\">Dac\u0103 e\u0219ti curios \/ curioas\u0103 s\u0103 \u00eenve\u021bi concepte inovative de abordare a educa\u021biei<\/span><\/p>\n<p><b>Te invit\u0103m s\u0103 te al\u0103turi echipei Babel \u00een rolul de \u00eenv\u0103\u021b\u0103tor \/ \u00eenv\u0103\u021b\u0103toare.<\/b><\/p>\n<p><span style=\"font-weight: 400;\">Responsabilit\u0103\u021bile tale vor fi:<\/span><\/p>\n<ul>\n<li style=\"font-weight: 400;\" aria-level=\"1\"><span style=\"font-weight: 400;\">Proiectarea \u0219i realizarea activit\u0103\u021bilor didactice curriculare<\/span><\/li>\n<li style=\"font-weight: 400;\" aria-level=\"1\"><span style=\"font-weight: 400;\">Evaluarea st\u0103rii de bine \u0219i implicarea copiilor, \u00eempreun\u0103 cu rezultatele \u00eenv\u0103\u021b\u0103rii\u00a0<\/span><\/li>\n<li style=\"font-weight: 400;\" aria-level=\"1\"><span style=\"font-weight: 400;\">Managementul clasei de elevi<\/span><\/li>\n<li style=\"font-weight: 400;\" aria-level=\"1\"><span style=\"font-weight: 400;\">Comunicarea cu comunitatea de p\u0103rin\u021bi privind dezvoltarea copiilor sau organizarea diverselor evenimente la clasa.<\/span><\/li>\n<li style=\"font-weight: 400;\" aria-level=\"1\"><span style=\"font-weight: 400;\">Implicarea \u00een procesul continuu de dezvoltare propus de echipa \u0218colii Babel<\/span><\/li>\n<\/ul>\n<p><span style=\"font-weight: 400;\">\u00cen anul \u0219colar 2022-2023, ne m\u0103rim echipa cu <\/span><b>2 \u00eenv\u0103\u021b\u0103toare<\/b><span style=\"font-weight: 400;\">.<\/span><\/p>\n<p><span style=\"font-weight: 400;\">CV-urile se pot trimite la <\/span><span style=\"font-weight: 400;\">contact@scoalababel.ro<\/span><span style=\"font-weight: 400;\"> p\u00e2n\u0103 \u00een data de <\/span><b>1 mai 2022<\/b><span style=\"font-weight: 400;\">.<\/span><\/p>\n<p><b><img loading=\"lazy\" decoding=\"async\" class=\"aligncenter wp-image-4778 size-large\" src=\"https:\/\/www.scoalababel.ro\/wp-content\/uploads\/2022\/04\/9-1024x1024.jpg\" alt=\"\" width=\"1024\" height=\"1024\" srcset=\"https:\/\/www.scoalababel.ro\/wp-content\/uploads\/2022\/04\/9-1024x1024.jpg 1024w, https:\/\/www.scoalababel.ro\/wp-content\/uploads\/2022\/04\/9-150x150.jpg 150w, https:\/\/www.scoalababel.ro\/wp-content\/uploads\/2022\/04\/9-300x300.jpg 300w, https:\/\/www.scoalababel.ro\/wp-content\/uploads\/2022\/04\/9-768x768.jpg 768w, https:\/\/www.scoalababel.ro\/wp-content\/uploads\/2022\/04\/9-600x600.jpg 600w, https:\/\/www.scoalababel.ro\/wp-content\/uploads\/2022\/04\/9-45x45.jpg 45w, https:\/\/www.scoalababel.ro\/wp-content\/uploads\/2022\/04\/9.jpg 1080w\" sizes=\"auto, (max-width: 1024px) 100vw, 1024px\" \/><\/b><\/p>\n<p><b>Facititator after-school la \u0218coala Babel<\/b><\/p>\n<p><span style=\"font-weight: 400;\">Dac\u0103 ai o \u00eenclina\u021bie natural\u0103 de a te juca cu copiii, ar\u0103t\u00e2nd empatie \u0219i respect pentru ritmul \u0219i capabilit\u0103\u021bile fiec\u0103ruia<\/span><\/p>\n<p><span style=\"font-weight: 400;\">Dac\u0103 vezi poten\u021bialul natural al fiec\u0103rui copil \u0219i \u00ee\u021bi place s\u0103 g\u0103se\u0219ti metode inovative prin care s\u0103-l pui \u00een valoare\u00a0<\/span><\/p>\n<p><span style=\"font-weight: 400;\">Dac\u0103 \u0219ti s\u0103 te faci ascultat \/ ascultat\u0103 de un grup de copii folosind puterea conect\u0103rii cu ei<\/span><\/p>\n<p><b>Te invit\u0103m s\u0103 te al\u0103turi echipei Babel \u00een rolul de facilitator afterschool.<\/b><\/p>\n<p><span style=\"font-weight: 400;\">Responsabilit\u0103\u021bile tale vor fi:<\/span><\/p>\n<ul>\n<li style=\"font-weight: 400;\" aria-level=\"1\"><span style=\"font-weight: 400;\">Asigurarea educa\u0163iei non-formale \u015fi informale a elevilor \u0219colii Babel \u00eenscri\u0219i la programul de afterschool;\u00a0<\/span><\/li>\n<li style=\"font-weight: 400;\" aria-level=\"1\"><span style=\"font-weight: 400;\">Oferirea de sprijin la clasele primare;\u00a0<\/span><\/li>\n<li style=\"font-weight: 400;\" aria-level=\"1\"><span style=\"font-weight: 400;\">Planificarea \u015fi realizarea de activit\u0103\u0163i \u00een vederea dezvolt\u0103rii armonioase a elevilor.<\/span><\/li>\n<\/ul>\n<p><span style=\"font-weight: 400;\">\u00cen anul \u0219colar 2022-2023, ne m\u0103rim echipa cu <\/span><b>2 facilitatori after-school.<\/b><\/p>\n<p><span style=\"font-weight: 400;\">CV-urile se pot trimite la <\/span><span style=\"font-weight: 400;\">contact@scoalababel.ro<\/span><span style=\"font-weight: 400;\"> p\u00e2n\u0103 \u00een data de <\/span><b>1 mai 2022<\/b><span style=\"font-weight: 400;\">.<\/span><\/p>\n<\/div>\n","protected":false},"excerpt":{"rendered":"<p>\u0218i visul t\u0103u de a face educa\u021bie cu sens \u0219i bucurie poate deveni realitate! Al\u0103tur\u0103-te echipei Babel \u00een noul an \u0219colar! \u00cen 2022-2023 ne m\u0103rim echipa cu: 2 \u00eenv\u0103\u021b\u0103toare 2 facilitatori afterschool CV-urile se pot trimite la\u00a0contact@scoalababel.ro\u00a0p\u00e2n\u0103 \u00een data de 1 mai 2022. Suntem o echip\u0103 deschis\u0103 ce pune pre\u021b pe \u00eenv\u0103\u021bare \u0219i stare de [&hellip;]<\/p>\n","protected":false},"author":8,"featured_media":0,"parent":0,"menu_order":0,"comment_status":"closed","ping_status":"closed","template":"","meta":{"footnotes":""},"class_list":["post-4750","page","type-page","status-publish","hentry"],"yoast_head":"<!-- This site is optimized with the Yoast SEO plugin v27.4 - https:\/\/yoast.com\/product\/yoast-seo-wordpress\/ -->\n<title>Ne m\u0103rim echipa - \u0218coala Babel<\/title>\n<meta name=\"robots\" content=\"index, follow, max-snippet:-1, max-image-preview:large, max-video-preview:-1\" \/>\n<link rel=\"canonical\" href=\"https:\/\/www.scoalababel.ro\/en\/ne-marim-echipa\/\" \/>\n<meta property=\"og:locale\" content=\"en_US\" \/>\n<meta property=\"og:locale:alternate\" content=\"ro_RO\" \/>\n<meta property=\"og:type\" content=\"article\" \/>\n<meta property=\"og:title\" content=\"Ne m\u0103rim echipa - \u0218coala Babel\" \/>\n<meta property=\"og:description\" content=\"\u0218i visul t\u0103u de a face educa\u021bie cu sens \u0219i bucurie poate deveni realitate! Al\u0103tur\u0103-te echipei Babel \u00een noul an \u0219colar! \u00cen 2022-2023 ne m\u0103rim echipa cu: 2 \u00eenv\u0103\u021b\u0103toare 2 facilitatori afterschool CV-urile se pot trimite la\u00a0contact@scoalababel.ro\u00a0p\u00e2n\u0103 \u00een data de 1 mai 2022. Suntem o echip\u0103 deschis\u0103 ce pune pre\u021b pe \u00eenv\u0103\u021bare \u0219i stare de [&hellip;]\" \/>\n<meta property=\"og:url\" content=\"https:\/\/www.scoalababel.ro\/en\/ne-marim-echipa\/\" \/>\n<meta property=\"og:site_name\" content=\"\u0218coala Babel\" \/>\n<meta property=\"article:publisher\" content=\"https:\/\/www.facebook.com\/scoalababel\/\" \/>\n<meta property=\"article:modified_time\" content=\"2022-04-27T11:58:09+00:00\" \/>\n<meta property=\"og:image\" content=\"https:\/\/www.scoalababel.ro\/wp-content\/uploads\/2022\/04\/imagine-recrutare.png\" \/>\n\t<meta property=\"og:image:width\" content=\"1289\" \/>\n\t<meta property=\"og:image:height\" content=\"623\" \/>\n\t<meta property=\"og:image:type\" content=\"image\/png\" \/>\n<meta name=\"twitter:card\" content=\"summary_large_image\" \/>\n<meta name=\"twitter:label1\" content=\"Est. reading time\" \/>\n\t<meta name=\"twitter:data1\" content=\"2 minutes\" \/>\n<script type=\"application\/ld+json\" class=\"yoast-schema-graph\">{\"@context\":\"https:\\\/\\\/schema.org\",\"@graph\":[{\"@type\":\"WebPage\",\"@id\":\"https:\\\/\\\/www.scoalababel.ro\\\/ne-marim-echipa\\\/\",\"url\":\"https:\\\/\\\/www.scoalababel.ro\\\/ne-marim-echipa\\\/\",\"name\":\"Ne m\u0103rim echipa - \u0218coala Babel\",\"isPartOf\":{\"@id\":\"https:\\\/\\\/www.scoalababel.ro\\\/#website\"},\"primaryImageOfPage\":{\"@id\":\"https:\\\/\\\/www.scoalababel.ro\\\/ne-marim-echipa\\\/#primaryimage\"},\"image\":{\"@id\":\"https:\\\/\\\/www.scoalababel.ro\\\/ne-marim-echipa\\\/#primaryimage\"},\"thumbnailUrl\":\"https:\\\/\\\/www.scoalababel.ro\\\/wp-content\\\/uploads\\\/2022\\\/04\\\/imagine-recrutare.png\",\"datePublished\":\"2022-04-19T08:47:28+00:00\",\"dateModified\":\"2022-04-27T11:58:09+00:00\",\"breadcrumb\":{\"@id\":\"https:\\\/\\\/www.scoalababel.ro\\\/ne-marim-echipa\\\/#breadcrumb\"},\"inLanguage\":\"en-US\",\"potentialAction\":[{\"@type\":\"ReadAction\",\"target\":[\"https:\\\/\\\/www.scoalababel.ro\\\/ne-marim-echipa\\\/\"]}]},{\"@type\":\"ImageObject\",\"inLanguage\":\"en-US\",\"@id\":\"https:\\\/\\\/www.scoalababel.ro\\\/ne-marim-echipa\\\/#primaryimage\",\"url\":\"https:\\\/\\\/www.scoalababel.ro\\\/wp-content\\\/uploads\\\/2022\\\/04\\\/imagine-recrutare.png\",\"contentUrl\":\"https:\\\/\\\/www.scoalababel.ro\\\/wp-content\\\/uploads\\\/2022\\\/04\\\/imagine-recrutare.png\"},{\"@type\":\"BreadcrumbList\",\"@id\":\"https:\\\/\\\/www.scoalababel.ro\\\/ne-marim-echipa\\\/#breadcrumb\",\"itemListElement\":[{\"@type\":\"ListItem\",\"position\":1,\"name\":\"Home\",\"item\":\"https:\\\/\\\/www.scoalababel.ro\\\/\"},{\"@type\":\"ListItem\",\"position\":2,\"name\":\"Ne m\u0103rim echipa\"}]},{\"@type\":\"WebSite\",\"@id\":\"https:\\\/\\\/www.scoalababel.ro\\\/#website\",\"url\":\"https:\\\/\\\/www.scoalababel.ro\\\/\",\"name\":\"\u0218coala Babel\",\"description\":\"\u0218coala Babel\",\"potentialAction\":[{\"@type\":\"SearchAction\",\"target\":{\"@type\":\"EntryPoint\",\"urlTemplate\":\"https:\\\/\\\/www.scoalababel.ro\\\/?s={search_term_string}\"},\"query-input\":{\"@type\":\"PropertyValueSpecification\",\"valueRequired\":true,\"valueName\":\"search_term_string\"}}],\"inLanguage\":\"en-US\"}]}<\/script>\n<!-- \/ Yoast SEO plugin. -->","yoast_head_json":{"title":"Ne m\u0103rim echipa - \u0218coala Babel","robots":{"index":"index","follow":"follow","max-snippet":"max-snippet:-1","max-image-preview":"max-image-preview:large","max-video-preview":"max-video-preview:-1"},"canonical":"https:\/\/www.scoalababel.ro\/en\/ne-marim-echipa\/","og_locale":"en_US","og_type":"article","og_title":"Ne m\u0103rim echipa - \u0218coala Babel","og_description":"\u0218i visul t\u0103u de a face educa\u021bie cu sens \u0219i bucurie poate deveni realitate! Al\u0103tur\u0103-te echipei Babel \u00een noul an \u0219colar! \u00cen 2022-2023 ne m\u0103rim echipa cu: 2 \u00eenv\u0103\u021b\u0103toare 2 facilitatori afterschool CV-urile se pot trimite la\u00a0contact@scoalababel.ro\u00a0p\u00e2n\u0103 \u00een data de 1 mai 2022. Suntem o echip\u0103 deschis\u0103 ce pune pre\u021b pe \u00eenv\u0103\u021bare \u0219i stare de [&hellip;]","og_url":"https:\/\/www.scoalababel.ro\/en\/ne-marim-echipa\/","og_site_name":"\u0218coala Babel","article_publisher":"https:\/\/www.facebook.com\/scoalababel\/","article_modified_time":"2022-04-27T11:58:09+00:00","og_image":[{"width":1289,"height":623,"url":"https:\/\/www.scoalababel.ro\/wp-content\/uploads\/2022\/04\/imagine-recrutare.png","type":"image\/png"}],"twitter_card":"summary_large_image","twitter_misc":{"Est. reading time":"2 minutes"},"schema":{"@context":"https:\/\/schema.org","@graph":[{"@type":"WebPage","@id":"https:\/\/www.scoalababel.ro\/ne-marim-echipa\/","url":"https:\/\/www.scoalababel.ro\/ne-marim-echipa\/","name":"Ne m\u0103rim echipa - \u0218coala Babel","isPartOf":{"@id":"https:\/\/www.scoalababel.ro\/#website"},"primaryImageOfPage":{"@id":"https:\/\/www.scoalababel.ro\/ne-marim-echipa\/#primaryimage"},"image":{"@id":"https:\/\/www.scoalababel.ro\/ne-marim-echipa\/#primaryimage"},"thumbnailUrl":"https:\/\/www.scoalababel.ro\/wp-content\/uploads\/2022\/04\/imagine-recrutare.png","datePublished":"2022-04-19T08:47:28+00:00","dateModified":"2022-04-27T11:58:09+00:00","breadcrumb":{"@id":"https:\/\/www.scoalababel.ro\/ne-marim-echipa\/#breadcrumb"},"inLanguage":"en-US","potentialAction":[{"@type":"ReadAction","target":["https:\/\/www.scoalababel.ro\/ne-marim-echipa\/"]}]},{"@type":"ImageObject","inLanguage":"en-US","@id":"https:\/\/www.scoalababel.ro\/ne-marim-echipa\/#primaryimage","url":"https:\/\/www.scoalababel.ro\/wp-content\/uploads\/2022\/04\/imagine-recrutare.png","contentUrl":"https:\/\/www.scoalababel.ro\/wp-content\/uploads\/2022\/04\/imagine-recrutare.png"},{"@type":"BreadcrumbList","@id":"https:\/\/www.scoalababel.ro\/ne-marim-echipa\/#breadcrumb","itemListElement":[{"@type":"ListItem","position":1,"name":"Home","item":"https:\/\/www.scoalababel.ro\/"},{"@type":"ListItem","position":2,"name":"Ne m\u0103rim echipa"}]},{"@type":"WebSite","@id":"https:\/\/www.scoalababel.ro\/#website","url":"https:\/\/www.scoalababel.ro\/","name":"\u0218coala Babel","description":"\u0218coala Babel","potentialAction":[{"@type":"SearchAction","target":{"@type":"EntryPoint","urlTemplate":"https:\/\/www.scoalababel.ro\/?s={search_term_string}"},"query-input":{"@type":"PropertyValueSpecification","valueRequired":true,"valueName":"search_term_string"}}],"inLanguage":"en-US"}]}},"_links":{"self":[{"href":"https:\/\/www.scoalababel.ro\/en\/wp-json\/wp\/v2\/pages\/4750","targetHints":{"allow":["GET"]}}],"collection":[{"href":"https:\/\/www.scoalababel.ro\/en\/wp-json\/wp\/v2\/pages"}],"about":[{"href":"https:\/\/www.scoalababel.ro\/en\/wp-json\/wp\/v2\/types\/page"}],"author":[{"embeddable":true,"href":"https:\/\/www.scoalababel.ro\/en\/wp-json\/wp\/v2\/users\/8"}],"replies":[{"embeddable":true,"href":"https:\/\/www.scoalababel.ro\/en\/wp-json\/wp\/v2\/comments?post=4750"}],"version-history":[{"count":4,"href":"https:\/\/www.scoalababel.ro\/en\/wp-json\/wp\/v2\/pages\/4750\/revisions"}],"predecessor-version":[{"id":4779,"href":"https:\/\/www.scoalababel.ro\/en\/wp-json\/wp\/v2\/pages\/4750\/revisions\/4779"}],"wp:attachment":[{"href":"https:\/\/www.scoalababel.ro\/en\/wp-json\/wp\/v2\/media?parent=4750"}],"curies":[{"name":"wp","href":"https:\/\/api.w.org\/{rel}","templated":true}]}}