{"id":4945,"date":"2022-06-08T09:59:08","date_gmt":"2022-06-08T09:59:08","guid":{"rendered":"https:\/\/www.scoalababel.ro\/?page_id=4945"},"modified":"2022-07-08T08:57:58","modified_gmt":"2022-07-08T08:57:58","slug":"summer-fun-2022","status":"publish","type":"page","link":"https:\/\/www.scoalababel.ro\/en\/summer-fun-2022\/","title":{"rendered":"Summer Fun 2022"},"content":{"rendered":"<p>[vc_row][vc_column][vc_column_text]<img loading=\"lazy\" decoding=\"async\" class=\"aligncenter wp-image-4960 size-full\" src=\"https:\/\/www.scoalababel.ro\/wp-content\/uploads\/2022\/07\/Cover.png\" alt=\"\" width=\"1640\" height=\"924\" srcset=\"https:\/\/www.scoalababel.ro\/wp-content\/uploads\/2022\/07\/Cover.png 1640w, https:\/\/www.scoalababel.ro\/wp-content\/uploads\/2022\/07\/Cover-300x169.png 300w, https:\/\/www.scoalababel.ro\/wp-content\/uploads\/2022\/07\/Cover-768x433.png 768w, https:\/\/www.scoalababel.ro\/wp-content\/uploads\/2022\/07\/Cover-1024x577.png 1024w\" sizes=\"auto, (max-width: 1640px) 100vw, 1640px\" \/><br \/>\nPreg\u0103ti\u021bi de var\u0103?<\/p>\n<p>D\u0103m tonul \u00eenv\u0103\u021b\u0103rii prin joac\u0103 la \u0218coala de var\u0103 Babel \u0219i anul acesta.<\/p>\n<p>Pentru a \u00eencuraja copii s\u0103 vorbeasc\u0103 limba englez\u0103 \u0219i \u00een vacan\u021b\u0103 o avem al\u0103turi de noi pe <strong>Maria Cooper, vorbitor nativ<\/strong>. Maria va organiza <strong>2-3 ateliere \u00een limba englez\u0103, \u00een fiecare s\u0103pt\u0103m\u00e2n\u0103, incluse \u00een programul \u0218colii de var\u0103<\/strong>. Atelierele se vor baza pe conversa\u021bie, joac\u0103 \u0219i activit\u0103\u021bi de arts&#038;crafts.<\/p>\n<p><img loading=\"lazy\" decoding=\"async\" class=\"aligncenter wp-image-4996 size-full\" src=\"https:\/\/www.scoalababel.ro\/wp-content\/uploads\/2022\/07\/Ateliere-MC-pt-site.png\" alt=\"\" width=\"1640\" height=\"924\" srcset=\"https:\/\/www.scoalababel.ro\/wp-content\/uploads\/2022\/07\/Ateliere-MC-pt-site.png 1640w, https:\/\/www.scoalababel.ro\/wp-content\/uploads\/2022\/07\/Ateliere-MC-pt-site-300x169.png 300w, https:\/\/www.scoalababel.ro\/wp-content\/uploads\/2022\/07\/Ateliere-MC-pt-site-768x433.png 768w, https:\/\/www.scoalababel.ro\/wp-content\/uploads\/2022\/07\/Ateliere-MC-pt-site-1024x577.png 1024w\" sizes=\"auto, (max-width: 1640px) 100vw, 1640px\" \/>[\/vc_column_text][vc_empty_space][vc_btn title=&#8221;Completeaz\u0103 formularul de \u00eenscriere&#8221; color=&#8221;turquoise&#8221; align=&#8221;center&#8221; link=&#8221;url:https%3A%2F%2Fforms.gle%2FUXmJq1tBCZDokv2f8||target:%20_blank&#8221;][vc_column_text]<b><img loading=\"lazy\" decoding=\"async\" class=\"aligncenter wp-image-4961 size-full\" src=\"https:\/\/www.scoalababel.ro\/wp-content\/uploads\/2022\/07\/saptamanile-tematice.png\" alt=\"\" width=\"1640\" height=\"924\" srcset=\"https:\/\/www.scoalababel.ro\/wp-content\/uploads\/2022\/07\/saptamanile-tematice.png 1640w, https:\/\/www.scoalababel.ro\/wp-content\/uploads\/2022\/07\/saptamanile-tematice-300x169.png 300w, https:\/\/www.scoalababel.ro\/wp-content\/uploads\/2022\/07\/saptamanile-tematice-768x433.png 768w, https:\/\/www.scoalababel.ro\/wp-content\/uploads\/2022\/07\/saptamanile-tematice-1024x577.png 1024w\" sizes=\"auto, (max-width: 1640px) 100vw, 1640px\" \/><\/b><\/p>\n<ul>\n<li aria-level=\"1\"><b>Bun venit vacan\u021b\u0103!<\/b><\/li>\n<\/ul>\n<p><span style=\"font-weight: 400;\">Mult\u0103 joac\u0103, relaxare, b\u0103taie cu ap\u0103 sau citit la umbr\u0103, ie\u0219iri \u00een parc sau la \u0219trand, toate pentru a intra \u00een atmosfera de vacan\u021b\u0103!<\/span><\/p>\n<ul>\n<li style=\"font-weight: 400;\" aria-level=\"1\"><b>Dezvoltare motric\u0103 prin dans<\/b><\/li>\n<\/ul>\n<p><span style=\"font-weight: 400;\">Dansuri moderne (street dance, vogue, \u0219.a.) prin care copiii \u00ee\u0219i dezvolt\u0103 motricitatea, aten\u021bia \u0219i flexibilitatea.\u00a0<\/span><\/p>\n<p><span style=\"font-weight: 400;\">Prin dans po\u021bi s\u0103 te exprimi f\u0103r\u0103 a fi nevoie de cuvinte, c\u00e2nd \u00ee\u021bi este dificil s\u0103 spui ceea ce g\u00e2nde\u0219ti \u00een cuvinte po\u021bi l\u0103sa corpul s\u0103 fac\u0103 asta \u00een locul t\u0103u, l\u0103s\u00e2ndu-te purtat de muzic\u0103.<\/span><\/p>\n<ul>\n<li style=\"font-weight: 400;\" aria-level=\"1\"><b>C\u0103l\u0103torie culinar\u0103<\/b><\/li>\n<\/ul>\n<p><span style=\"font-weight: 400;\">\u00cempreun\u0103 vom \u00eenv\u0103\u021ba s\u0103 preg\u0103tim o mas\u0103 delicioas\u0103 pentru familie. De la aperitive la ceva dulce, de la buc\u0103t\u0103rie tradi\u021bional\u0103 la c\u00e2te un fel mai sofisticat, copiii vor avea ocazia s\u0103 \u00ee\u0219i exerseze creativitatea \u0219i perseveren\u021ba \u00een buc\u0103t\u0103rie, \u0219i de ce nu, s\u0103 v\u0103 surprind\u0103 cu o cin\u0103 \u00een familie. \ud83d\ude42<\/span><\/p>\n<ul>\n<li style=\"font-weight: 400;\" aria-level=\"1\"><b>S\u0103pt\u0103m\u00e2na meseriilor<\/b><\/li>\n<\/ul>\n<p><span style=\"font-weight: 400;\">&#8211; jocuri \u0219i activit\u0103\u021bi legate de diverse meserii<\/span><\/p>\n<p><span style=\"font-weight: 400;\">&#8211; vizite la: cabinet medical veterinar, service auto, ser\u0103, pompieri, judec\u0103torie, cofet\u0103rie, \u0219.a.<\/span><\/p>\n<p><span style=\"font-weight: 400;\">&#8211; jocuri de rol \u00een care exers\u0103m diverse meserii\u00a0<\/span><\/p>\n<ul>\n<li style=\"font-weight: 400;\" aria-level=\"1\"><b>S\u0103pt\u0103m\u00e2na mediului \u0219i a ecologiei<\/b><\/li>\n<\/ul>\n<p><span style=\"font-weight: 400;\">&#8211; descoperim curiozit\u0103\u021bi despre via\u021ba plantelor \u0219i a animalelor<\/span><\/p>\n<p><span style=\"font-weight: 400;\">&#8211; experimente despre natur\u0103<\/span><\/p>\n<p><span style=\"font-weight: 400;\">&#8211; \u00eenv\u0103\u021b\u0103m s\u0103 recicl\u0103m<\/span><\/p>\n<p><span style=\"font-weight: 400;\">&#8211; activit\u0103\u021bi de cur\u0103\u021bare a mediului\u00a0<\/span><\/p>\n<p><span style=\"font-weight: 400;\">&#8211; vizit\u0103 la Aquapic\u00a0<\/span><\/p>\n<ul>\n<li style=\"font-weight: 400;\" aria-level=\"1\"><b>S\u0103pt\u0103m\u00e2na mass-media<\/b><\/li>\n<\/ul>\n<p><span style=\"font-weight: 400;\">&#8211; culegem informa\u021bii despre evenimente care au loc \u00een Timi\u0219oara<\/span><\/p>\n<p><span style=\"font-weight: 400;\">&#8211; lu\u0103m interviuri\u00a0<\/span><\/p>\n<p><span style=\"font-weight: 400;\">&#8211; preg\u0103tim \u0219tiri<\/span><\/p>\n<p><span style=\"font-weight: 400;\">&#8211; film\u0103m emisiuni<\/span><\/p>\n<p><span style=\"font-weight: 400;\">&#8211; vizit\u0103m radio-ul local sau o televiziunea local\u0103<\/span><\/p>\n<ul>\n<li style=\"font-weight: 400;\" aria-level=\"1\"><b>S\u0103pt\u0103m\u00e2na sporturilor<\/b><\/li>\n<\/ul>\n<p><span style=\"font-weight: 400;\">&#8211; descoperim sportivi celebri<\/span><\/p>\n<p><span style=\"font-weight: 400;\">&#8211; facem jocuri pe echipe\u00a0<\/span><\/p>\n<p><span style=\"font-weight: 400;\">&#8211; vizit\u0103m cluburi\/baze sportive sau s\u0103li de fitness<\/span><\/p>\n<p><img loading=\"lazy\" decoding=\"async\" class=\"aligncenter wp-image-4962 size-full\" src=\"https:\/\/www.scoalababel.ro\/wp-content\/uploads\/2022\/07\/Programul.png\" alt=\"\" width=\"1640\" height=\"924\" srcset=\"https:\/\/www.scoalababel.ro\/wp-content\/uploads\/2022\/07\/Programul.png 1640w, https:\/\/www.scoalababel.ro\/wp-content\/uploads\/2022\/07\/Programul-300x169.png 300w, https:\/\/www.scoalababel.ro\/wp-content\/uploads\/2022\/07\/Programul-768x433.png 768w, https:\/\/www.scoalababel.ro\/wp-content\/uploads\/2022\/07\/Programul-1024x577.png 1024w\" sizes=\"auto, (max-width: 1640px) 100vw, 1640px\" \/><\/p>\n<p>Am creat \u0219i dou\u0103 oferte dedicate fra\u021bilor \u0219i prietenilor pentru c\u0103 distrac\u021bia e mereu mai frumoas\u0103 \u00eempreun\u0103.<\/p>\n<p><img loading=\"lazy\" decoding=\"async\" class=\"aligncenter wp-image-4963 size-full\" src=\"https:\/\/www.scoalababel.ro\/wp-content\/uploads\/2022\/07\/Tarife.png\" alt=\"\" width=\"1640\" height=\"924\" srcset=\"https:\/\/www.scoalababel.ro\/wp-content\/uploads\/2022\/07\/Tarife.png 1640w, https:\/\/www.scoalababel.ro\/wp-content\/uploads\/2022\/07\/Tarife-300x169.png 300w, https:\/\/www.scoalababel.ro\/wp-content\/uploads\/2022\/07\/Tarife-768x433.png 768w, https:\/\/www.scoalababel.ro\/wp-content\/uploads\/2022\/07\/Tarife-1024x577.png 1024w\" sizes=\"auto, (max-width: 1640px) 100vw, 1640px\" \/>[\/vc_column_text][vc_empty_space][\/vc_column][\/vc_row][vc_row][vc_column][vc_btn title=&#8221;Completeaz\u0103 formularul de \u00eenscriere&#8221; color=&#8221;turquoise&#8221; align=&#8221;center&#8221; link=&#8221;url:https%3A%2F%2Fforms.gle%2FUXmJq1tBCZDokv2f8||target:%20_blank&#8221;][\/vc_column][\/vc_row]<\/p>\n","protected":false},"excerpt":{"rendered":"<p>[vc_row][vc_column][vc_column_text] Preg\u0103ti\u021bi de var\u0103? D\u0103m tonul \u00eenv\u0103\u021b\u0103rii prin joac\u0103 la \u0218coala de var\u0103 Babel \u0219i anul acesta. Pentru a \u00eencuraja copii s\u0103 vorbeasc\u0103 limba englez\u0103 \u0219i \u00een vacan\u021b\u0103 o avem al\u0103turi de noi pe Maria Cooper, vorbitor nativ. Maria va organiza 2-3 ateliere \u00een limba englez\u0103, \u00een fiecare s\u0103pt\u0103m\u00e2n\u0103, incluse \u00een programul \u0218colii de var\u0103. [&hellip;]<\/p>\n","protected":false},"author":8,"featured_media":0,"parent":0,"menu_order":0,"comment_status":"closed","ping_status":"closed","template":"","meta":{"footnotes":""},"class_list":["post-4945","page","type-page","status-publish","hentry"],"yoast_head":"<!-- This site is optimized with the Yoast SEO plugin v27.5 - https:\/\/yoast.com\/product\/yoast-seo-wordpress\/ -->\n<title>Summer Fun 2022 - \u0218coala Babel<\/title>\n<meta name=\"robots\" content=\"index, follow, max-snippet:-1, max-image-preview:large, max-video-preview:-1\" \/>\n<link rel=\"canonical\" href=\"https:\/\/www.scoalababel.ro\/en\/summer-fun-2022\/\" \/>\n<meta property=\"og:locale\" content=\"en_US\" \/>\n<meta property=\"og:locale:alternate\" content=\"ro_RO\" \/>\n<meta property=\"og:type\" content=\"article\" \/>\n<meta property=\"og:title\" content=\"Summer Fun 2022 - \u0218coala Babel\" \/>\n<meta property=\"og:description\" content=\"[vc_row][vc_column][vc_column_text] Preg\u0103ti\u021bi de var\u0103? D\u0103m tonul \u00eenv\u0103\u021b\u0103rii prin joac\u0103 la \u0218coala de var\u0103 Babel \u0219i anul acesta. Pentru a \u00eencuraja copii s\u0103 vorbeasc\u0103 limba englez\u0103 \u0219i \u00een vacan\u021b\u0103 o avem al\u0103turi de noi pe Maria Cooper, vorbitor nativ. Maria va organiza 2-3 ateliere \u00een limba englez\u0103, \u00een fiecare s\u0103pt\u0103m\u00e2n\u0103, incluse \u00een programul \u0218colii de var\u0103. [&hellip;]\" \/>\n<meta property=\"og:url\" content=\"https:\/\/www.scoalababel.ro\/en\/summer-fun-2022\/\" \/>\n<meta property=\"og:site_name\" content=\"\u0218coala Babel\" \/>\n<meta property=\"article:publisher\" content=\"https:\/\/www.facebook.com\/scoalababel\/\" \/>\n<meta property=\"article:modified_time\" content=\"2022-07-08T08:57:58+00:00\" \/>\n<meta property=\"og:image\" content=\"https:\/\/www.scoalababel.ro\/wp-content\/uploads\/2022\/07\/Cover-1024x577.png\" \/>\n\t<meta property=\"og:image:width\" content=\"1024\" \/>\n\t<meta property=\"og:image:height\" content=\"577\" \/>\n\t<meta property=\"og:image:type\" content=\"image\/png\" \/>\n<meta name=\"twitter:card\" content=\"summary_large_image\" \/>\n<meta name=\"twitter:label1\" content=\"Est. reading time\" \/>\n\t<meta name=\"twitter:data1\" content=\"2 minutes\" \/>\n<script type=\"application\/ld+json\" class=\"yoast-schema-graph\">{\"@context\":\"https:\\\/\\\/schema.org\",\"@graph\":[{\"@type\":\"WebPage\",\"@id\":\"https:\\\/\\\/www.scoalababel.ro\\\/summer-fun-2022\\\/\",\"url\":\"https:\\\/\\\/www.scoalababel.ro\\\/summer-fun-2022\\\/\",\"name\":\"Summer Fun 2022 - \u0218coala Babel\",\"isPartOf\":{\"@id\":\"https:\\\/\\\/www.scoalababel.ro\\\/#website\"},\"primaryImageOfPage\":{\"@id\":\"https:\\\/\\\/www.scoalababel.ro\\\/summer-fun-2022\\\/#primaryimage\"},\"image\":{\"@id\":\"https:\\\/\\\/www.scoalababel.ro\\\/summer-fun-2022\\\/#primaryimage\"},\"thumbnailUrl\":\"https:\\\/\\\/www.scoalababel.ro\\\/wp-content\\\/uploads\\\/2022\\\/07\\\/Cover.png\",\"datePublished\":\"2022-06-08T09:59:08+00:00\",\"dateModified\":\"2022-07-08T08:57:58+00:00\",\"breadcrumb\":{\"@id\":\"https:\\\/\\\/www.scoalababel.ro\\\/summer-fun-2022\\\/#breadcrumb\"},\"inLanguage\":\"en-US\",\"potentialAction\":[{\"@type\":\"ReadAction\",\"target\":[\"https:\\\/\\\/www.scoalababel.ro\\\/summer-fun-2022\\\/\"]}]},{\"@type\":\"ImageObject\",\"inLanguage\":\"en-US\",\"@id\":\"https:\\\/\\\/www.scoalababel.ro\\\/summer-fun-2022\\\/#primaryimage\",\"url\":\"https:\\\/\\\/www.scoalababel.ro\\\/wp-content\\\/uploads\\\/2022\\\/07\\\/Cover.png\",\"contentUrl\":\"https:\\\/\\\/www.scoalababel.ro\\\/wp-content\\\/uploads\\\/2022\\\/07\\\/Cover.png\"},{\"@type\":\"BreadcrumbList\",\"@id\":\"https:\\\/\\\/www.scoalababel.ro\\\/summer-fun-2022\\\/#breadcrumb\",\"itemListElement\":[{\"@type\":\"ListItem\",\"position\":1,\"name\":\"Home\",\"item\":\"https:\\\/\\\/www.scoalababel.ro\\\/\"},{\"@type\":\"ListItem\",\"position\":2,\"name\":\"Summer Fun 2022\"}]},{\"@type\":\"WebSite\",\"@id\":\"https:\\\/\\\/www.scoalababel.ro\\\/#website\",\"url\":\"https:\\\/\\\/www.scoalababel.ro\\\/\",\"name\":\"\u0218coala Babel\",\"description\":\"\u0218coala Babel\",\"potentialAction\":[{\"@type\":\"SearchAction\",\"target\":{\"@type\":\"EntryPoint\",\"urlTemplate\":\"https:\\\/\\\/www.scoalababel.ro\\\/?s={search_term_string}\"},\"query-input\":{\"@type\":\"PropertyValueSpecification\",\"valueRequired\":true,\"valueName\":\"search_term_string\"}}],\"inLanguage\":\"en-US\"}]}<\/script>\n<!-- \/ Yoast SEO plugin. -->","yoast_head_json":{"title":"Summer Fun 2022 - \u0218coala Babel","robots":{"index":"index","follow":"follow","max-snippet":"max-snippet:-1","max-image-preview":"max-image-preview:large","max-video-preview":"max-video-preview:-1"},"canonical":"https:\/\/www.scoalababel.ro\/en\/summer-fun-2022\/","og_locale":"en_US","og_type":"article","og_title":"Summer Fun 2022 - \u0218coala Babel","og_description":"[vc_row][vc_column][vc_column_text] Preg\u0103ti\u021bi de var\u0103? D\u0103m tonul \u00eenv\u0103\u021b\u0103rii prin joac\u0103 la \u0218coala de var\u0103 Babel \u0219i anul acesta. Pentru a \u00eencuraja copii s\u0103 vorbeasc\u0103 limba englez\u0103 \u0219i \u00een vacan\u021b\u0103 o avem al\u0103turi de noi pe Maria Cooper, vorbitor nativ. Maria va organiza 2-3 ateliere \u00een limba englez\u0103, \u00een fiecare s\u0103pt\u0103m\u00e2n\u0103, incluse \u00een programul \u0218colii de var\u0103. [&hellip;]","og_url":"https:\/\/www.scoalababel.ro\/en\/summer-fun-2022\/","og_site_name":"\u0218coala Babel","article_publisher":"https:\/\/www.facebook.com\/scoalababel\/","article_modified_time":"2022-07-08T08:57:58+00:00","og_image":[{"width":1024,"height":577,"url":"https:\/\/www.scoalababel.ro\/wp-content\/uploads\/2022\/07\/Cover-1024x577.png","type":"image\/png"}],"twitter_card":"summary_large_image","twitter_misc":{"Est. reading time":"2 minutes"},"schema":{"@context":"https:\/\/schema.org","@graph":[{"@type":"WebPage","@id":"https:\/\/www.scoalababel.ro\/summer-fun-2022\/","url":"https:\/\/www.scoalababel.ro\/summer-fun-2022\/","name":"Summer Fun 2022 - \u0218coala Babel","isPartOf":{"@id":"https:\/\/www.scoalababel.ro\/#website"},"primaryImageOfPage":{"@id":"https:\/\/www.scoalababel.ro\/summer-fun-2022\/#primaryimage"},"image":{"@id":"https:\/\/www.scoalababel.ro\/summer-fun-2022\/#primaryimage"},"thumbnailUrl":"https:\/\/www.scoalababel.ro\/wp-content\/uploads\/2022\/07\/Cover.png","datePublished":"2022-06-08T09:59:08+00:00","dateModified":"2022-07-08T08:57:58+00:00","breadcrumb":{"@id":"https:\/\/www.scoalababel.ro\/summer-fun-2022\/#breadcrumb"},"inLanguage":"en-US","potentialAction":[{"@type":"ReadAction","target":["https:\/\/www.scoalababel.ro\/summer-fun-2022\/"]}]},{"@type":"ImageObject","inLanguage":"en-US","@id":"https:\/\/www.scoalababel.ro\/summer-fun-2022\/#primaryimage","url":"https:\/\/www.scoalababel.ro\/wp-content\/uploads\/2022\/07\/Cover.png","contentUrl":"https:\/\/www.scoalababel.ro\/wp-content\/uploads\/2022\/07\/Cover.png"},{"@type":"BreadcrumbList","@id":"https:\/\/www.scoalababel.ro\/summer-fun-2022\/#breadcrumb","itemListElement":[{"@type":"ListItem","position":1,"name":"Home","item":"https:\/\/www.scoalababel.ro\/"},{"@type":"ListItem","position":2,"name":"Summer Fun 2022"}]},{"@type":"WebSite","@id":"https:\/\/www.scoalababel.ro\/#website","url":"https:\/\/www.scoalababel.ro\/","name":"\u0218coala Babel","description":"\u0218coala Babel","potentialAction":[{"@type":"SearchAction","target":{"@type":"EntryPoint","urlTemplate":"https:\/\/www.scoalababel.ro\/?s={search_term_string}"},"query-input":{"@type":"PropertyValueSpecification","valueRequired":true,"valueName":"search_term_string"}}],"inLanguage":"en-US"}]}},"_links":{"self":[{"href":"https:\/\/www.scoalababel.ro\/en\/wp-json\/wp\/v2\/pages\/4945","targetHints":{"allow":["GET"]}}],"collection":[{"href":"https:\/\/www.scoalababel.ro\/en\/wp-json\/wp\/v2\/pages"}],"about":[{"href":"https:\/\/www.scoalababel.ro\/en\/wp-json\/wp\/v2\/types\/page"}],"author":[{"embeddable":true,"href":"https:\/\/www.scoalababel.ro\/en\/wp-json\/wp\/v2\/users\/8"}],"replies":[{"embeddable":true,"href":"https:\/\/www.scoalababel.ro\/en\/wp-json\/wp\/v2\/comments?post=4945"}],"version-history":[{"count":8,"href":"https:\/\/www.scoalababel.ro\/en\/wp-json\/wp\/v2\/pages\/4945\/revisions"}],"predecessor-version":[{"id":4997,"href":"https:\/\/www.scoalababel.ro\/en\/wp-json\/wp\/v2\/pages\/4945\/revisions\/4997"}],"wp:attachment":[{"href":"https:\/\/www.scoalababel.ro\/en\/wp-json\/wp\/v2\/media?parent=4945"}],"curies":[{"name":"wp","href":"https:\/\/api.w.org\/{rel}","templated":true}]}}