{"id":4965,"date":"2022-07-06T11:33:05","date_gmt":"2022-07-06T11:33:05","guid":{"rendered":"https:\/\/www.scoalababel.ro\/?page_id=4965"},"modified":"2022-07-07T07:26:23","modified_gmt":"2022-07-07T07:26:23","slug":"erasmus","status":"publish","type":"page","link":"https:\/\/www.scoalababel.ro\/en\/erasmus\/","title":{"rendered":"Erasmus +"},"content":{"rendered":"<p>Suntem recunosc\u0103tori s\u0103 \u00eenv\u0103\u021b\u0103m \u0219i s\u0103 co-cre\u0103m al\u0103turi de alte organiza\u021bii \u0219i \u0219coli din Europa (\u0219i nu numai) cu sprijinul programului Erasmus +.<\/p>\n<p><a href=\"https:\/\/www.erasmusplus.ro\/\" target=\"_blank\" rel=\"noopener noreferrer\">Erasmus+<\/a>\u00a0este programul Uniunii Europene \u00een domeniile educa\u021bie, formare profesional\u0103, tineret \u0219i sport.<\/p>\n<p>Descoper\u0103 cele mai recente proiecte ale noastre fina\u021bate prin programul Erasmus +.<\/p>\n<p><strong>Comunicarea nonviolent\u0103: un nou limbaj al p\u0103cii pentru \u0219colile din Europa<\/strong><\/p>\n<p>Ne-am propus s\u0103 cataliz\u0103m o schimbare \u00een societate, dinspre o cultur\u0103 centrat\u0103 \u00een jurul ierarhiei \u0219i competi\u021biei, spre o cultur\u0103 incluziv\u0103 \u00een care fiecare este acceptat \u0219i recunoscut pentru talentele cu care contribuie la o lume mai bun\u0103. Prin proiectul A New Language of Peace for Schools in Europe to\u021bi cei implica\u021bi, profesori \u0219i elevi, sunt \u00eencuraja\u021bi s\u0103 fie cet\u0103\u021beni activi \u00een \u0219colile \u0219i comunit\u0103\u021bile lor, av\u00e2nd abilit\u0103\u021bile de a se exprima clar \u0219i onest, de a asculta empatic \u0219i de a rezolva conflictele \u00eentr-un mod nonviolent.<\/p>\n<p>Partenerii no\u0219tri: <span style=\"font-weight: 400;\"><a href=\"https:\/\/www.backafriskola.se\/\" target=\"_blank\" rel=\"noopener noreferrer\"><strong>Backa Friskola<\/strong><\/a> (Suedia), <a href=\"https:\/\/kartalyavuzselimortaokulu.meb.k12.tr\/\" target=\"_blank\" rel=\"noopener noreferrer\"><strong>Yavuz Selim Ortaokulu<\/strong> <\/a>(Turcia) \u0219i <a href=\"https:\/\/come2life.nl\/\" target=\"_blank\" rel=\"noopener noreferrer\"><strong>LIFE! School<\/strong> <\/a>(Olanda).\u00a0<\/span><\/p>\n<p><img loading=\"lazy\" decoding=\"async\" class=\"aligncenter wp-image-4968 size-full\" src=\"https:\/\/www.scoalababel.ro\/wp-content\/uploads\/2022\/07\/Erasmus-2.png\" alt=\"\" width=\"2000\" height=\"1600\" srcset=\"https:\/\/www.scoalababel.ro\/wp-content\/uploads\/2022\/07\/Erasmus-2.png 2000w, https:\/\/www.scoalababel.ro\/wp-content\/uploads\/2022\/07\/Erasmus-2-300x240.png 300w, https:\/\/www.scoalababel.ro\/wp-content\/uploads\/2022\/07\/Erasmus-2-768x614.png 768w, https:\/\/www.scoalababel.ro\/wp-content\/uploads\/2022\/07\/Erasmus-2-1024x819.png 1024w\" sizes=\"auto, (max-width: 2000px) 100vw, 2000px\" \/><a href=\"https:\/\/www.scoalababel.ro\/un-nou-limbaj-al-pacii-pentru-scolile-din-europa\/\" target=\"_blank\" rel=\"noopener noreferrer\">Cite\u0219te despre mobilit\u0103\u021bile profesorilor \u0219i ale copiilor \u0219i experien\u021ba multicultural\u0103 \u0219i de \u00eenv\u0103\u021bare tr\u0103it\u0103.<\/a><\/p>\n<p><strong>\u00cenv\u0103\u021bare Experien\u021bial\u0103 la dimensiune european\u0103<\/strong><\/p>\n<p>Acest proiect ne-a adus contactul direct cu o altfel de lume educa\u021bional\u0103, o lume \u00een care se depun eforturi mari pentru inova\u021bie \u00een sprijinul dezvolt\u0103rii fiec\u0103rui copil. V\u0103z\u00e2nd transpuse \u00een realitate principiile \u0219i metodele \u00cenv\u0103\u021b\u0103rii Experien\u021biale, am v\u0103zut ce e posibil, ce e provocator, ce poate func\u021biona \u00een mediul nostru educa\u021bional, ce putem da mai departe \u0219colilor din Rom\u00e2nia.<\/p>\n<p>Partenerii no\u0219tri au fost: <a href=\"https:\/\/www.cego.be\/\" target=\"_blank\" rel=\"noopener noreferrer\"><strong>CEGO<\/strong><\/a> \u2013 Centrul de \u00cenv\u0103\u021bare Experien\u021bial\u0103 al Universit\u0103\u021bii din Leuven (Belgia) \u0219i<a href=\"https:\/\/tweemonds.nl\/\" target=\"_blank\" rel=\"noopener noreferrer\"><strong> Tweemonds<\/strong><\/a> \u2013 Centrul pentru stare de bine \u0219i implicare \u00een educa\u021bie (Olanda).<a href=\"https:\/\/www.scoalababel.ro\/invatarea-experientiala-la-dimensiune-europeana\/\" target=\"_blank\" rel=\"noopener noreferrer\"><img loading=\"lazy\" decoding=\"async\" class=\"aligncenter wp-image-4967 size-full\" src=\"https:\/\/www.scoalababel.ro\/wp-content\/uploads\/2022\/07\/Erasmus-1.png\" alt=\"\" width=\"2000\" height=\"1600\" srcset=\"https:\/\/www.scoalababel.ro\/wp-content\/uploads\/2022\/07\/Erasmus-1.png 2000w, https:\/\/www.scoalababel.ro\/wp-content\/uploads\/2022\/07\/Erasmus-1-300x240.png 300w, https:\/\/www.scoalababel.ro\/wp-content\/uploads\/2022\/07\/Erasmus-1-768x614.png 768w, https:\/\/www.scoalababel.ro\/wp-content\/uploads\/2022\/07\/Erasmus-1-1024x819.png 1024w\" sizes=\"auto, (max-width: 2000px) 100vw, 2000px\" \/><\/a><\/p>\n<p><a href=\"https:\/\/www.scoalababel.ro\/invatarea-experientiala-la-dimensiune-europeana\/\" target=\"_blank\" rel=\"noopener noreferrer\">Vezi detalii \u0219i exemple de resurse educa\u021bionale utile pentru dasc\u0103li<\/a>.<\/p>\n<p><img loading=\"lazy\" decoding=\"async\" class=\"alignnone size-medium wp-image-4646\" src=\"https:\/\/www.scoalababel.ro\/wp-content\/uploads\/2022\/02\/logo-Erasmus-300x86.png\" alt=\"\" width=\"300\" height=\"86\" srcset=\"https:\/\/www.scoalababel.ro\/wp-content\/uploads\/2022\/02\/logo-Erasmus-300x86.png 300w, https:\/\/www.scoalababel.ro\/wp-content\/uploads\/2022\/02\/logo-Erasmus-768x219.png 768w, https:\/\/www.scoalababel.ro\/wp-content\/uploads\/2022\/02\/logo-Erasmus-1024x292.png 1024w\" sizes=\"auto, (max-width: 300px) 100vw, 300px\" \/><\/p>\n","protected":false},"excerpt":{"rendered":"<p>Suntem recunosc\u0103tori s\u0103 \u00eenv\u0103\u021b\u0103m \u0219i s\u0103 co-cre\u0103m al\u0103turi de alte organiza\u021bii \u0219i \u0219coli din Europa (\u0219i nu numai) cu sprijinul programului Erasmus +. Erasmus+\u00a0este programul Uniunii Europene \u00een domeniile educa\u021bie, formare profesional\u0103, tineret \u0219i sport. Descoper\u0103 cele mai recente proiecte ale noastre fina\u021bate prin programul Erasmus +. Comunicarea nonviolent\u0103: un nou limbaj al p\u0103cii pentru [&hellip;]<\/p>\n","protected":false},"author":8,"featured_media":0,"parent":0,"menu_order":0,"comment_status":"closed","ping_status":"closed","template":"","meta":{"footnotes":""},"class_list":["post-4965","page","type-page","status-publish","hentry"],"yoast_head":"<!-- This site is optimized with the Yoast SEO plugin v27.6 - https:\/\/yoast.com\/product\/yoast-seo-wordpress\/ -->\n<title>Erasmus + - \u0218coala Babel<\/title>\n<meta name=\"robots\" content=\"index, follow, max-snippet:-1, max-image-preview:large, max-video-preview:-1\" \/>\n<link rel=\"canonical\" href=\"https:\/\/www.scoalababel.ro\/en\/erasmus\/\" \/>\n<meta property=\"og:locale\" content=\"en_US\" \/>\n<meta property=\"og:locale:alternate\" content=\"ro_RO\" \/>\n<meta property=\"og:type\" content=\"article\" \/>\n<meta property=\"og:title\" content=\"Erasmus + - \u0218coala Babel\" \/>\n<meta property=\"og:description\" content=\"Suntem recunosc\u0103tori s\u0103 \u00eenv\u0103\u021b\u0103m \u0219i s\u0103 co-cre\u0103m al\u0103turi de alte organiza\u021bii \u0219i \u0219coli din Europa (\u0219i nu numai) cu sprijinul programului Erasmus +. Erasmus+\u00a0este programul Uniunii Europene \u00een domeniile educa\u021bie, formare profesional\u0103, tineret \u0219i sport. Descoper\u0103 cele mai recente proiecte ale noastre fina\u021bate prin programul Erasmus +. Comunicarea nonviolent\u0103: un nou limbaj al p\u0103cii pentru [&hellip;]\" \/>\n<meta property=\"og:url\" content=\"https:\/\/www.scoalababel.ro\/en\/erasmus\/\" \/>\n<meta property=\"og:site_name\" content=\"\u0218coala Babel\" \/>\n<meta property=\"article:publisher\" content=\"https:\/\/www.facebook.com\/scoalababel\/\" \/>\n<meta property=\"article:modified_time\" content=\"2022-07-07T07:26:23+00:00\" \/>\n<meta property=\"og:image\" content=\"https:\/\/www.scoalababel.ro\/wp-content\/uploads\/2022\/07\/Erasmus-2-1024x819.png\" \/>\n\t<meta property=\"og:image:width\" content=\"1024\" \/>\n\t<meta property=\"og:image:height\" content=\"819\" \/>\n\t<meta property=\"og:image:type\" content=\"image\/png\" \/>\n<meta name=\"twitter:card\" content=\"summary_large_image\" \/>\n<meta name=\"twitter:label1\" content=\"Est. reading time\" \/>\n\t<meta name=\"twitter:data1\" content=\"2 minutes\" \/>\n<script type=\"application\/ld+json\" class=\"yoast-schema-graph\">{\"@context\":\"https:\\\/\\\/schema.org\",\"@graph\":[{\"@type\":\"WebPage\",\"@id\":\"https:\\\/\\\/www.scoalababel.ro\\\/erasmus\\\/\",\"url\":\"https:\\\/\\\/www.scoalababel.ro\\\/erasmus\\\/\",\"name\":\"Erasmus + - \u0218coala Babel\",\"isPartOf\":{\"@id\":\"https:\\\/\\\/www.scoalababel.ro\\\/#website\"},\"primaryImageOfPage\":{\"@id\":\"https:\\\/\\\/www.scoalababel.ro\\\/erasmus\\\/#primaryimage\"},\"image\":{\"@id\":\"https:\\\/\\\/www.scoalababel.ro\\\/erasmus\\\/#primaryimage\"},\"thumbnailUrl\":\"https:\\\/\\\/www.scoalababel.ro\\\/wp-content\\\/uploads\\\/2022\\\/07\\\/Erasmus-2.png\",\"datePublished\":\"2022-07-06T11:33:05+00:00\",\"dateModified\":\"2022-07-07T07:26:23+00:00\",\"breadcrumb\":{\"@id\":\"https:\\\/\\\/www.scoalababel.ro\\\/erasmus\\\/#breadcrumb\"},\"inLanguage\":\"en-US\",\"potentialAction\":[{\"@type\":\"ReadAction\",\"target\":[\"https:\\\/\\\/www.scoalababel.ro\\\/erasmus\\\/\"]}]},{\"@type\":\"ImageObject\",\"inLanguage\":\"en-US\",\"@id\":\"https:\\\/\\\/www.scoalababel.ro\\\/erasmus\\\/#primaryimage\",\"url\":\"https:\\\/\\\/www.scoalababel.ro\\\/wp-content\\\/uploads\\\/2022\\\/07\\\/Erasmus-2.png\",\"contentUrl\":\"https:\\\/\\\/www.scoalababel.ro\\\/wp-content\\\/uploads\\\/2022\\\/07\\\/Erasmus-2.png\"},{\"@type\":\"BreadcrumbList\",\"@id\":\"https:\\\/\\\/www.scoalababel.ro\\\/erasmus\\\/#breadcrumb\",\"itemListElement\":[{\"@type\":\"ListItem\",\"position\":1,\"name\":\"Home\",\"item\":\"https:\\\/\\\/www.scoalababel.ro\\\/\"},{\"@type\":\"ListItem\",\"position\":2,\"name\":\"Erasmus +\"}]},{\"@type\":\"WebSite\",\"@id\":\"https:\\\/\\\/www.scoalababel.ro\\\/#website\",\"url\":\"https:\\\/\\\/www.scoalababel.ro\\\/\",\"name\":\"\u0218coala Babel\",\"description\":\"\u0218coala Babel\",\"potentialAction\":[{\"@type\":\"SearchAction\",\"target\":{\"@type\":\"EntryPoint\",\"urlTemplate\":\"https:\\\/\\\/www.scoalababel.ro\\\/?s={search_term_string}\"},\"query-input\":{\"@type\":\"PropertyValueSpecification\",\"valueRequired\":true,\"valueName\":\"search_term_string\"}}],\"inLanguage\":\"en-US\"}]}<\/script>\n<!-- \/ Yoast SEO plugin. -->","yoast_head_json":{"title":"Erasmus + - \u0218coala Babel","robots":{"index":"index","follow":"follow","max-snippet":"max-snippet:-1","max-image-preview":"max-image-preview:large","max-video-preview":"max-video-preview:-1"},"canonical":"https:\/\/www.scoalababel.ro\/en\/erasmus\/","og_locale":"en_US","og_type":"article","og_title":"Erasmus + - \u0218coala Babel","og_description":"Suntem recunosc\u0103tori s\u0103 \u00eenv\u0103\u021b\u0103m \u0219i s\u0103 co-cre\u0103m al\u0103turi de alte organiza\u021bii \u0219i \u0219coli din Europa (\u0219i nu numai) cu sprijinul programului Erasmus +. Erasmus+\u00a0este programul Uniunii Europene \u00een domeniile educa\u021bie, formare profesional\u0103, tineret \u0219i sport. Descoper\u0103 cele mai recente proiecte ale noastre fina\u021bate prin programul Erasmus +. Comunicarea nonviolent\u0103: un nou limbaj al p\u0103cii pentru [&hellip;]","og_url":"https:\/\/www.scoalababel.ro\/en\/erasmus\/","og_site_name":"\u0218coala Babel","article_publisher":"https:\/\/www.facebook.com\/scoalababel\/","article_modified_time":"2022-07-07T07:26:23+00:00","og_image":[{"width":1024,"height":819,"url":"https:\/\/www.scoalababel.ro\/wp-content\/uploads\/2022\/07\/Erasmus-2-1024x819.png","type":"image\/png"}],"twitter_card":"summary_large_image","twitter_misc":{"Est. reading time":"2 minutes"},"schema":{"@context":"https:\/\/schema.org","@graph":[{"@type":"WebPage","@id":"https:\/\/www.scoalababel.ro\/erasmus\/","url":"https:\/\/www.scoalababel.ro\/erasmus\/","name":"Erasmus + - \u0218coala Babel","isPartOf":{"@id":"https:\/\/www.scoalababel.ro\/#website"},"primaryImageOfPage":{"@id":"https:\/\/www.scoalababel.ro\/erasmus\/#primaryimage"},"image":{"@id":"https:\/\/www.scoalababel.ro\/erasmus\/#primaryimage"},"thumbnailUrl":"https:\/\/www.scoalababel.ro\/wp-content\/uploads\/2022\/07\/Erasmus-2.png","datePublished":"2022-07-06T11:33:05+00:00","dateModified":"2022-07-07T07:26:23+00:00","breadcrumb":{"@id":"https:\/\/www.scoalababel.ro\/erasmus\/#breadcrumb"},"inLanguage":"en-US","potentialAction":[{"@type":"ReadAction","target":["https:\/\/www.scoalababel.ro\/erasmus\/"]}]},{"@type":"ImageObject","inLanguage":"en-US","@id":"https:\/\/www.scoalababel.ro\/erasmus\/#primaryimage","url":"https:\/\/www.scoalababel.ro\/wp-content\/uploads\/2022\/07\/Erasmus-2.png","contentUrl":"https:\/\/www.scoalababel.ro\/wp-content\/uploads\/2022\/07\/Erasmus-2.png"},{"@type":"BreadcrumbList","@id":"https:\/\/www.scoalababel.ro\/erasmus\/#breadcrumb","itemListElement":[{"@type":"ListItem","position":1,"name":"Home","item":"https:\/\/www.scoalababel.ro\/"},{"@type":"ListItem","position":2,"name":"Erasmus +"}]},{"@type":"WebSite","@id":"https:\/\/www.scoalababel.ro\/#website","url":"https:\/\/www.scoalababel.ro\/","name":"\u0218coala Babel","description":"\u0218coala Babel","potentialAction":[{"@type":"SearchAction","target":{"@type":"EntryPoint","urlTemplate":"https:\/\/www.scoalababel.ro\/?s={search_term_string}"},"query-input":{"@type":"PropertyValueSpecification","valueRequired":true,"valueName":"search_term_string"}}],"inLanguage":"en-US"}]}},"_links":{"self":[{"href":"https:\/\/www.scoalababel.ro\/en\/wp-json\/wp\/v2\/pages\/4965","targetHints":{"allow":["GET"]}}],"collection":[{"href":"https:\/\/www.scoalababel.ro\/en\/wp-json\/wp\/v2\/pages"}],"about":[{"href":"https:\/\/www.scoalababel.ro\/en\/wp-json\/wp\/v2\/types\/page"}],"author":[{"embeddable":true,"href":"https:\/\/www.scoalababel.ro\/en\/wp-json\/wp\/v2\/users\/8"}],"replies":[{"embeddable":true,"href":"https:\/\/www.scoalababel.ro\/en\/wp-json\/wp\/v2\/comments?post=4965"}],"version-history":[{"count":7,"href":"https:\/\/www.scoalababel.ro\/en\/wp-json\/wp\/v2\/pages\/4965\/revisions"}],"predecessor-version":[{"id":4972,"href":"https:\/\/www.scoalababel.ro\/en\/wp-json\/wp\/v2\/pages\/4965\/revisions\/4972"}],"wp:attachment":[{"href":"https:\/\/www.scoalababel.ro\/en\/wp-json\/wp\/v2\/media?parent=4965"}],"curies":[{"name":"wp","href":"https:\/\/api.w.org\/{rel}","templated":true}]}}