{"id":4973,"date":"2022-07-07T07:16:54","date_gmt":"2022-07-07T07:16:54","guid":{"rendered":"https:\/\/www.scoalababel.ro\/?page_id=4973"},"modified":"2022-07-07T08:57:58","modified_gmt":"2022-07-07T08:57:58","slug":"un-nou-limbaj-al-pacii-pentru-scolile-din-europa","status":"publish","type":"page","link":"https:\/\/www.scoalababel.ro\/en\/un-nou-limbaj-al-pacii-pentru-scolile-din-europa\/","title":{"rendered":"Un nou limbaj al p\u0103cii pentru \u0219colile din Europa"},"content":{"rendered":"<p>\u00cen perioada 15-17 noiembrie 2019, reprezentan\u021bii celor 4 \u0219coli implicate ini\u021bial \u00een proiect, LIFE! School (Olanda), Yavuz Selim School (Turcia), Backa Fiskola (Suedia) \u0219i \u0219coala noastr\u0103, s-au \u00eent\u00e2lnit \u00een Istanbul pentru a g\u0103si\u00a0 r\u0103spunsul la \u00eentrebarea \u201cCum vrem s\u0103 \u00eenv\u0103\u021b\u0103m \u00eempreun\u0103 \u00een cadrul proiectului A New Language of Peace in Schools? Cum ne putem sprijini reciproc?\u201d. \u00cent\u00e2lnirea a adus un schimb benefic de idei \u0219i o prim\u0103 conectare cu cultura Turciei.<\/p>\n<p>Primele mobilit\u0103\u021bi din proiect au fost cele ale profesorilor:<\/p>\n<ul>\n<li>4 profesori din echipa \u0218colii Babel au fost \u00een Suedia \u00een perioada 19 ianuarie &#8211; 25 ianuarie 2020, pentru formare \u0219i schimb de experien\u021b\u0103 vizit\u00e2nd \u0219coala Backa Fiskola \u0219i asist\u00e2nd la ore.<\/li>\n<li>8 profesori, de la LIFE! School (Olanda) \u0219i Yavuz Selim School (Turcia), au fost primi\u021bi \u00een perioada 20 februarie &#8211; 27 februarie la Timi\u0219oara, de c\u0103tre \u0218coala Babel pentru o formare intensiv\u0103. A fost al\u0103turi de noi \u0219i fondatoarea network-ului european NVCED &#8211; Marianne Gothlin, persoana ce a inspirat \u0218coala Babel cu povestea \u0219colii fondate de ea \u00een Suedia.<\/li>\n<\/ul>\n<p>&nbsp;<\/p>\n<p><img loading=\"lazy\" decoding=\"async\" class=\"aligncenter wp-image-4975 size-full\" src=\"https:\/\/www.scoalababel.ro\/wp-content\/uploads\/2022\/07\/Erasmus-NVC-1.png\" alt=\"\" width=\"2000\" height=\"1600\" srcset=\"https:\/\/www.scoalababel.ro\/wp-content\/uploads\/2022\/07\/Erasmus-NVC-1.png 2000w, https:\/\/www.scoalababel.ro\/wp-content\/uploads\/2022\/07\/Erasmus-NVC-1-300x240.png 300w, https:\/\/www.scoalababel.ro\/wp-content\/uploads\/2022\/07\/Erasmus-NVC-1-768x614.png 768w, https:\/\/www.scoalababel.ro\/wp-content\/uploads\/2022\/07\/Erasmus-NVC-1-1024x819.png 1024w\" sizes=\"auto, (max-width: 2000px) 100vw, 2000px\" \/>Am celebrat aceast\u0103 etap\u0103 de \u00eenv\u0103\u021bare printr-un eveniment \u00een 22 februarie la care am prezentat instrumente ale Comunic\u0103rii Nonviolente \u00een \u0219coli unui grup de 30 de \u00eenv\u0103\u021b\u0103tori \u0219i profesori din sistemul de \u00eenv\u0103\u021b\u0103m\u00e2nt public.<\/p>\n<p><span style=\"font-weight: 400;\">Apoi au avut loc vizitele copiilor. <\/span><\/p>\n<p><img loading=\"lazy\" decoding=\"async\" class=\"aligncenter wp-image-4976 size-full\" src=\"https:\/\/www.scoalababel.ro\/wp-content\/uploads\/2022\/07\/Erasmus-NVC-Turcia-.png\" alt=\"\" width=\"2000\" height=\"1600\" srcset=\"https:\/\/www.scoalababel.ro\/wp-content\/uploads\/2022\/07\/Erasmus-NVC-Turcia-.png 2000w, https:\/\/www.scoalababel.ro\/wp-content\/uploads\/2022\/07\/Erasmus-NVC-Turcia--300x240.png 300w, https:\/\/www.scoalababel.ro\/wp-content\/uploads\/2022\/07\/Erasmus-NVC-Turcia--768x614.png 768w, https:\/\/www.scoalababel.ro\/wp-content\/uploads\/2022\/07\/Erasmus-NVC-Turcia--1024x819.png 1024w\" sizes=\"auto, (max-width: 2000px) 100vw, 2000px\" \/><\/p>\n<p><span style=\"font-weight: 400;\">Prima deplasare a fost \u00een Turcia, \u00een perioada 27 martie &#8211; 2 aprilie, la \u0218coala <\/span><span style=\"font-weight: 400;\">Yavuz Selim Ortaokulu, <\/span><span style=\"font-weight: 400;\">unde un grup de 8 copii de la noi din \u0219coal\u0103 al\u0103turi de grupul de copii din Olanda au explorat istoria bogat\u0103 a ora\u0219ului, au vizitat \u0219coala, au interac\u021bionat prin joac\u0103 cu elevii \u0219i profesorii \u0219colii gazd\u0103, au descoperit diferen\u021be \u0219i asem\u0103n\u0103ri, au fost provoca\u021bi s\u0103-\u0219i extind\u0103 orizonturile.\u00a0<\/span><\/p>\n<p><img loading=\"lazy\" decoding=\"async\" class=\"aligncenter wp-image-4977 size-full\" src=\"https:\/\/www.scoalababel.ro\/wp-content\/uploads\/2022\/07\/Erasmus-NVC-Romania.png\" alt=\"\" width=\"2000\" height=\"1600\" srcset=\"https:\/\/www.scoalababel.ro\/wp-content\/uploads\/2022\/07\/Erasmus-NVC-Romania.png 2000w, https:\/\/www.scoalababel.ro\/wp-content\/uploads\/2022\/07\/Erasmus-NVC-Romania-300x240.png 300w, https:\/\/www.scoalababel.ro\/wp-content\/uploads\/2022\/07\/Erasmus-NVC-Romania-768x614.png 768w, https:\/\/www.scoalababel.ro\/wp-content\/uploads\/2022\/07\/Erasmus-NVC-Romania-1024x819.png 1024w\" sizes=\"auto, (max-width: 2000px) 100vw, 2000px\" \/><\/p>\n<p><span style=\"font-weight: 400;\">A venit r\u00e2ndul \u0218colii Babel s\u0103 primeasc\u0103 \u00een vizit\u0103 13 copii, participan\u021bi la proiect, din Olanda \u0219i Turcia. Pentru organizarea vizitei elevii \u0219colii Babel, implica\u021bi \u00een proiect, au format o echip\u0103 cu responsabilit\u0103\u021bi bine definite \u0219i au planificat programul \u00een cadrul Insulei Ini\u021biative din Arhipelagul Talentelor. Schimbul de experien\u021b\u0103 a avut loc \u00een perioada 5 &#8211; 11 iunie \u0219i a folosit Storytellingul (Arta Povestirii) pentru a \u00eencuraja \u00eenv\u0103\u021barea intercultural\u0103.\u00a0<\/span><\/p>\n<p><img loading=\"lazy\" decoding=\"async\" class=\"aligncenter wp-image-4978 size-full\" src=\"https:\/\/www.scoalababel.ro\/wp-content\/uploads\/2022\/07\/Erasmus-NVC-Olanda.png\" alt=\"\" width=\"2000\" height=\"1600\" srcset=\"https:\/\/www.scoalababel.ro\/wp-content\/uploads\/2022\/07\/Erasmus-NVC-Olanda.png 2000w, https:\/\/www.scoalababel.ro\/wp-content\/uploads\/2022\/07\/Erasmus-NVC-Olanda-300x240.png 300w, https:\/\/www.scoalababel.ro\/wp-content\/uploads\/2022\/07\/Erasmus-NVC-Olanda-768x614.png 768w, https:\/\/www.scoalababel.ro\/wp-content\/uploads\/2022\/07\/Erasmus-NVC-Olanda-1024x819.png 1024w\" sizes=\"auto, (max-width: 2000px) 100vw, 2000px\" \/><\/p>\n<p><span style=\"font-weight: 400;\">A urmat schimbul de experien\u021b\u0103 din Olanda, \u00een perioada 26 iunie &#8211; 2 iulie, 9 elevi ai \u0218colii Babel au avut ocazia de a vizita \u0219i a experimenta via\u021ba \u0218colii Democratice LIFE! din Amsterdam. <\/span><span style=\"font-weight: 400;\">Cercurile sociocratice, medierea conflictelor, luare de decizii \u00eempreun\u0103, g\u0103titul \u0219i m\u00e2ncatul \u00eempreun\u0103, grija pentru to\u021bi, alegerile la tot pasul &#8211; sunt doar c\u00e2teva dintre ingredientele experien\u021bei olandeze.\u00a0<\/span><\/p>\n<p><span style=\"font-weight: 400;\">Pe scurt, proiectul <\/span><span style=\"font-weight: 400;\">A New Language of Peace in Schools a \u00eensemnat pentru noi: <\/span><span style=\"font-weight: 400;\">copii \u0219i profesori tr\u0103ind valori \u00een care credem &#8211; compasiunea, colaborarea, \u00een\u021belegerea reciproc\u0103, respectul pentru diferen\u021be &#8211; \u0219i \u00eenv\u0103\u021b\u00e2nd cum putem duce mai departe aceste valori \u00een via\u021ba \u0219colilor \u0219i a comunit\u0103\u021bilor.<\/span><\/p>\n<p>Acest proiect este finan\u021bat prin programul<a href=\"https:\/\/erasmus-plus.ec.europa.eu\/\" target=\"_blank\" rel=\"noopener noreferrer\"> Erasmus +<\/a> al Uniunii Europene, prin Agen\u021bia Na\u021bional\u0103 din Rom\u00e2nia (<a href=\"https:\/\/www.anpcdefp.ro\/\" target=\"_blank\" rel=\"noopener noreferrer\">ANPCDEFP<\/a>) \u00een cadrul Ac\u021biunii cheie 2, PARTENERIATE STRATEGICE PENTRU SUS\u021aINEREA SCHIMBULUI DE BUNE PRACTICI: PROIECTE DE SCHIMB INTER\u0218COLAR , proiect cu num\u0103rul \u2013 2019-1-NL01-KA229-060496_4.<\/p>\n<p><img loading=\"lazy\" decoding=\"async\" class=\"alignnone size-medium wp-image-4646\" src=\"https:\/\/www.scoalababel.ro\/wp-content\/uploads\/2022\/02\/logo-Erasmus-300x86.png\" alt=\"\" width=\"300\" height=\"86\" srcset=\"https:\/\/www.scoalababel.ro\/wp-content\/uploads\/2022\/02\/logo-Erasmus-300x86.png 300w, https:\/\/www.scoalababel.ro\/wp-content\/uploads\/2022\/02\/logo-Erasmus-768x219.png 768w, https:\/\/www.scoalababel.ro\/wp-content\/uploads\/2022\/02\/logo-Erasmus-1024x292.png 1024w\" sizes=\"auto, (max-width: 300px) 100vw, 300px\" \/><\/p>\n","protected":false},"excerpt":{"rendered":"<p>\u00cen perioada 15-17 noiembrie 2019, reprezentan\u021bii celor 4 \u0219coli implicate ini\u021bial \u00een proiect, LIFE! School (Olanda), Yavuz Selim School (Turcia), Backa Fiskola (Suedia) \u0219i \u0219coala noastr\u0103, s-au \u00eent\u00e2lnit \u00een Istanbul pentru a g\u0103si\u00a0 r\u0103spunsul la \u00eentrebarea \u201cCum vrem s\u0103 \u00eenv\u0103\u021b\u0103m \u00eempreun\u0103 \u00een cadrul proiectului A New Language of Peace in Schools? Cum ne putem sprijini [&hellip;]<\/p>\n","protected":false},"author":8,"featured_media":0,"parent":0,"menu_order":0,"comment_status":"closed","ping_status":"closed","template":"","meta":{"footnotes":""},"class_list":["post-4973","page","type-page","status-publish","hentry"],"yoast_head":"<!-- This site is optimized with the Yoast SEO plugin v27.4 - https:\/\/yoast.com\/product\/yoast-seo-wordpress\/ -->\n<title>Un nou limbaj al p\u0103cii pentru \u0219colile din Europa - \u0218coala Babel<\/title>\n<meta name=\"robots\" content=\"index, follow, max-snippet:-1, max-image-preview:large, max-video-preview:-1\" \/>\n<link rel=\"canonical\" href=\"https:\/\/www.scoalababel.ro\/en\/un-nou-limbaj-al-pacii-pentru-scolile-din-europa\/\" \/>\n<meta property=\"og:locale\" content=\"en_US\" \/>\n<meta property=\"og:locale:alternate\" content=\"ro_RO\" \/>\n<meta property=\"og:type\" content=\"article\" \/>\n<meta property=\"og:title\" content=\"Un nou limbaj al p\u0103cii pentru \u0219colile din Europa - \u0218coala Babel\" \/>\n<meta property=\"og:description\" content=\"\u00cen perioada 15-17 noiembrie 2019, reprezentan\u021bii celor 4 \u0219coli implicate ini\u021bial \u00een proiect, LIFE! School (Olanda), Yavuz Selim School (Turcia), Backa Fiskola (Suedia) \u0219i \u0219coala noastr\u0103, s-au \u00eent\u00e2lnit \u00een Istanbul pentru a g\u0103si\u00a0 r\u0103spunsul la \u00eentrebarea \u201cCum vrem s\u0103 \u00eenv\u0103\u021b\u0103m \u00eempreun\u0103 \u00een cadrul proiectului A New Language of Peace in Schools? Cum ne putem sprijini [&hellip;]\" \/>\n<meta property=\"og:url\" content=\"https:\/\/www.scoalababel.ro\/en\/un-nou-limbaj-al-pacii-pentru-scolile-din-europa\/\" \/>\n<meta property=\"og:site_name\" content=\"\u0218coala Babel\" \/>\n<meta property=\"article:publisher\" content=\"https:\/\/www.facebook.com\/scoalababel\/\" \/>\n<meta property=\"article:modified_time\" content=\"2022-07-07T08:57:58+00:00\" \/>\n<meta property=\"og:image\" content=\"https:\/\/www.scoalababel.ro\/wp-content\/uploads\/2022\/07\/Erasmus-NVC-1-1024x819.png\" \/>\n\t<meta property=\"og:image:width\" content=\"1024\" \/>\n\t<meta property=\"og:image:height\" content=\"819\" \/>\n\t<meta property=\"og:image:type\" content=\"image\/png\" \/>\n<meta name=\"twitter:card\" content=\"summary_large_image\" \/>\n<meta name=\"twitter:label1\" content=\"Est. reading time\" \/>\n\t<meta name=\"twitter:data1\" content=\"3 minutes\" \/>\n<script type=\"application\/ld+json\" class=\"yoast-schema-graph\">{\"@context\":\"https:\\\/\\\/schema.org\",\"@graph\":[{\"@type\":\"WebPage\",\"@id\":\"https:\\\/\\\/www.scoalababel.ro\\\/un-nou-limbaj-al-pacii-pentru-scolile-din-europa\\\/\",\"url\":\"https:\\\/\\\/www.scoalababel.ro\\\/un-nou-limbaj-al-pacii-pentru-scolile-din-europa\\\/\",\"name\":\"Un nou limbaj al p\u0103cii pentru \u0219colile din Europa - \u0218coala Babel\",\"isPartOf\":{\"@id\":\"https:\\\/\\\/www.scoalababel.ro\\\/#website\"},\"primaryImageOfPage\":{\"@id\":\"https:\\\/\\\/www.scoalababel.ro\\\/un-nou-limbaj-al-pacii-pentru-scolile-din-europa\\\/#primaryimage\"},\"image\":{\"@id\":\"https:\\\/\\\/www.scoalababel.ro\\\/un-nou-limbaj-al-pacii-pentru-scolile-din-europa\\\/#primaryimage\"},\"thumbnailUrl\":\"https:\\\/\\\/www.scoalababel.ro\\\/wp-content\\\/uploads\\\/2022\\\/07\\\/Erasmus-NVC-1.png\",\"datePublished\":\"2022-07-07T07:16:54+00:00\",\"dateModified\":\"2022-07-07T08:57:58+00:00\",\"breadcrumb\":{\"@id\":\"https:\\\/\\\/www.scoalababel.ro\\\/un-nou-limbaj-al-pacii-pentru-scolile-din-europa\\\/#breadcrumb\"},\"inLanguage\":\"en-US\",\"potentialAction\":[{\"@type\":\"ReadAction\",\"target\":[\"https:\\\/\\\/www.scoalababel.ro\\\/un-nou-limbaj-al-pacii-pentru-scolile-din-europa\\\/\"]}]},{\"@type\":\"ImageObject\",\"inLanguage\":\"en-US\",\"@id\":\"https:\\\/\\\/www.scoalababel.ro\\\/un-nou-limbaj-al-pacii-pentru-scolile-din-europa\\\/#primaryimage\",\"url\":\"https:\\\/\\\/www.scoalababel.ro\\\/wp-content\\\/uploads\\\/2022\\\/07\\\/Erasmus-NVC-1.png\",\"contentUrl\":\"https:\\\/\\\/www.scoalababel.ro\\\/wp-content\\\/uploads\\\/2022\\\/07\\\/Erasmus-NVC-1.png\"},{\"@type\":\"BreadcrumbList\",\"@id\":\"https:\\\/\\\/www.scoalababel.ro\\\/un-nou-limbaj-al-pacii-pentru-scolile-din-europa\\\/#breadcrumb\",\"itemListElement\":[{\"@type\":\"ListItem\",\"position\":1,\"name\":\"Home\",\"item\":\"https:\\\/\\\/www.scoalababel.ro\\\/\"},{\"@type\":\"ListItem\",\"position\":2,\"name\":\"Un nou limbaj al p\u0103cii pentru \u0219colile din Europa\"}]},{\"@type\":\"WebSite\",\"@id\":\"https:\\\/\\\/www.scoalababel.ro\\\/#website\",\"url\":\"https:\\\/\\\/www.scoalababel.ro\\\/\",\"name\":\"\u0218coala Babel\",\"description\":\"\u0218coala Babel\",\"potentialAction\":[{\"@type\":\"SearchAction\",\"target\":{\"@type\":\"EntryPoint\",\"urlTemplate\":\"https:\\\/\\\/www.scoalababel.ro\\\/?s={search_term_string}\"},\"query-input\":{\"@type\":\"PropertyValueSpecification\",\"valueRequired\":true,\"valueName\":\"search_term_string\"}}],\"inLanguage\":\"en-US\"}]}<\/script>\n<!-- \/ Yoast SEO plugin. -->","yoast_head_json":{"title":"Un nou limbaj al p\u0103cii pentru \u0219colile din Europa - \u0218coala Babel","robots":{"index":"index","follow":"follow","max-snippet":"max-snippet:-1","max-image-preview":"max-image-preview:large","max-video-preview":"max-video-preview:-1"},"canonical":"https:\/\/www.scoalababel.ro\/en\/un-nou-limbaj-al-pacii-pentru-scolile-din-europa\/","og_locale":"en_US","og_type":"article","og_title":"Un nou limbaj al p\u0103cii pentru \u0219colile din Europa - \u0218coala Babel","og_description":"\u00cen perioada 15-17 noiembrie 2019, reprezentan\u021bii celor 4 \u0219coli implicate ini\u021bial \u00een proiect, LIFE! School (Olanda), Yavuz Selim School (Turcia), Backa Fiskola (Suedia) \u0219i \u0219coala noastr\u0103, s-au \u00eent\u00e2lnit \u00een Istanbul pentru a g\u0103si\u00a0 r\u0103spunsul la \u00eentrebarea \u201cCum vrem s\u0103 \u00eenv\u0103\u021b\u0103m \u00eempreun\u0103 \u00een cadrul proiectului A New Language of Peace in Schools? Cum ne putem sprijini [&hellip;]","og_url":"https:\/\/www.scoalababel.ro\/en\/un-nou-limbaj-al-pacii-pentru-scolile-din-europa\/","og_site_name":"\u0218coala Babel","article_publisher":"https:\/\/www.facebook.com\/scoalababel\/","article_modified_time":"2022-07-07T08:57:58+00:00","og_image":[{"width":1024,"height":819,"url":"https:\/\/www.scoalababel.ro\/wp-content\/uploads\/2022\/07\/Erasmus-NVC-1-1024x819.png","type":"image\/png"}],"twitter_card":"summary_large_image","twitter_misc":{"Est. reading time":"3 minutes"},"schema":{"@context":"https:\/\/schema.org","@graph":[{"@type":"WebPage","@id":"https:\/\/www.scoalababel.ro\/un-nou-limbaj-al-pacii-pentru-scolile-din-europa\/","url":"https:\/\/www.scoalababel.ro\/un-nou-limbaj-al-pacii-pentru-scolile-din-europa\/","name":"Un nou limbaj al p\u0103cii pentru \u0219colile din Europa - \u0218coala Babel","isPartOf":{"@id":"https:\/\/www.scoalababel.ro\/#website"},"primaryImageOfPage":{"@id":"https:\/\/www.scoalababel.ro\/un-nou-limbaj-al-pacii-pentru-scolile-din-europa\/#primaryimage"},"image":{"@id":"https:\/\/www.scoalababel.ro\/un-nou-limbaj-al-pacii-pentru-scolile-din-europa\/#primaryimage"},"thumbnailUrl":"https:\/\/www.scoalababel.ro\/wp-content\/uploads\/2022\/07\/Erasmus-NVC-1.png","datePublished":"2022-07-07T07:16:54+00:00","dateModified":"2022-07-07T08:57:58+00:00","breadcrumb":{"@id":"https:\/\/www.scoalababel.ro\/un-nou-limbaj-al-pacii-pentru-scolile-din-europa\/#breadcrumb"},"inLanguage":"en-US","potentialAction":[{"@type":"ReadAction","target":["https:\/\/www.scoalababel.ro\/un-nou-limbaj-al-pacii-pentru-scolile-din-europa\/"]}]},{"@type":"ImageObject","inLanguage":"en-US","@id":"https:\/\/www.scoalababel.ro\/un-nou-limbaj-al-pacii-pentru-scolile-din-europa\/#primaryimage","url":"https:\/\/www.scoalababel.ro\/wp-content\/uploads\/2022\/07\/Erasmus-NVC-1.png","contentUrl":"https:\/\/www.scoalababel.ro\/wp-content\/uploads\/2022\/07\/Erasmus-NVC-1.png"},{"@type":"BreadcrumbList","@id":"https:\/\/www.scoalababel.ro\/un-nou-limbaj-al-pacii-pentru-scolile-din-europa\/#breadcrumb","itemListElement":[{"@type":"ListItem","position":1,"name":"Home","item":"https:\/\/www.scoalababel.ro\/"},{"@type":"ListItem","position":2,"name":"Un nou limbaj al p\u0103cii pentru \u0219colile din Europa"}]},{"@type":"WebSite","@id":"https:\/\/www.scoalababel.ro\/#website","url":"https:\/\/www.scoalababel.ro\/","name":"\u0218coala Babel","description":"\u0218coala Babel","potentialAction":[{"@type":"SearchAction","target":{"@type":"EntryPoint","urlTemplate":"https:\/\/www.scoalababel.ro\/?s={search_term_string}"},"query-input":{"@type":"PropertyValueSpecification","valueRequired":true,"valueName":"search_term_string"}}],"inLanguage":"en-US"}]}},"_links":{"self":[{"href":"https:\/\/www.scoalababel.ro\/en\/wp-json\/wp\/v2\/pages\/4973","targetHints":{"allow":["GET"]}}],"collection":[{"href":"https:\/\/www.scoalababel.ro\/en\/wp-json\/wp\/v2\/pages"}],"about":[{"href":"https:\/\/www.scoalababel.ro\/en\/wp-json\/wp\/v2\/types\/page"}],"author":[{"embeddable":true,"href":"https:\/\/www.scoalababel.ro\/en\/wp-json\/wp\/v2\/users\/8"}],"replies":[{"embeddable":true,"href":"https:\/\/www.scoalababel.ro\/en\/wp-json\/wp\/v2\/comments?post=4973"}],"version-history":[{"count":7,"href":"https:\/\/www.scoalababel.ro\/en\/wp-json\/wp\/v2\/pages\/4973\/revisions"}],"predecessor-version":[{"id":4992,"href":"https:\/\/www.scoalababel.ro\/en\/wp-json\/wp\/v2\/pages\/4973\/revisions\/4992"}],"wp:attachment":[{"href":"https:\/\/www.scoalababel.ro\/en\/wp-json\/wp\/v2\/media?parent=4973"}],"curies":[{"name":"wp","href":"https:\/\/api.w.org\/{rel}","templated":true}]}}