{"id":5916,"date":"2024-10-11T12:52:14","date_gmt":"2024-10-11T12:52:14","guid":{"rendered":"https:\/\/www.scoalababel.ro\/?page_id=5916"},"modified":"2024-10-15T15:02:18","modified_gmt":"2024-10-15T15:02:18","slug":"acreditare-erasmus-plus","status":"publish","type":"page","link":"https:\/\/www.scoalababel.ro\/en\/acreditare-erasmus-plus\/","title":{"rendered":"Programul de mobilitate Erasmus+ Acreditare Babel \u0218coal\u0103+Liceu"},"content":{"rendered":"<h1>Programul de mobilitate Erasmus+ Acreditare Babel \u0218coal\u0103+Liceu<\/h1>\n<p>&nbsp;<\/p>\n<h2>Olanda 2023<\/h2>\n<blockquote class=\"wp-embedded-content\" data-secret=\"vE5Zi2HH1R\"><p><a href=\"https:\/\/www.scoalababel.ro\/2023\/12\/05\/experiente-educative-in-olanda-mobilitate-erasmus-pentru-profesorii-steam\/\">Experien\u021be Educative \u00een Olanda: Mobilitate Erasmus pentru Profesorii STEAM<\/a><\/p><\/blockquote>\n<p><iframe loading=\"lazy\" class=\"wp-embedded-content\" sandbox=\"allow-scripts\" security=\"restricted\" style=\"position: absolute; visibility: hidden;\" title=\"&#8222;Experien\u021be Educative \u00een Olanda: Mobilitate Erasmus pentru Profesorii STEAM&#8221; &#8211; \u0218coala Babel\" src=\"https:\/\/www.scoalababel.ro\/2023\/12\/05\/experiente-educative-in-olanda-mobilitate-erasmus-pentru-profesorii-steam\/embed\/#?secret=tlfzgPweo8#?secret=vE5Zi2HH1R\" data-secret=\"vE5Zi2HH1R\" width=\"500\" height=\"282\" frameborder=\"0\" marginwidth=\"0\" marginheight=\"0\" scrolling=\"no\"><\/iframe><\/p>\n<blockquote class=\"wp-embedded-content\" data-secret=\"vV8g10lPiy\"><p><a href=\"https:\/\/www.scoalababel.ro\/2023\/12\/11\/descoperiri-in-invatare-exercitii-de-autonomie-si-implicare-in-scolile-vizitate-prin-programul-de-mobilitate-erasmus\/\">Descoperiri \u00een \u00eenv\u0103\u021bare: exerci\u021bii de autonomie \u0219i implicare \u00een \u0219colile vizitate prin programul de mobilitate Erasmus+<\/a><\/p><\/blockquote>\n<p><iframe loading=\"lazy\" class=\"wp-embedded-content\" sandbox=\"allow-scripts\" security=\"restricted\" style=\"position: absolute; visibility: hidden;\" title=\"&#8222;Descoperiri \u00een \u00eenv\u0103\u021bare: exerci\u021bii de autonomie \u0219i implicare \u00een \u0219colile vizitate prin programul de mobilitate Erasmus+&#8221; &#8211; \u0218coala Babel\" src=\"https:\/\/www.scoalababel.ro\/2023\/12\/11\/descoperiri-in-invatare-exercitii-de-autonomie-si-implicare-in-scolile-vizitate-prin-programul-de-mobilitate-erasmus\/embed\/#?secret=hyxcFwRpBc#?secret=vV8g10lPiy\" data-secret=\"vV8g10lPiy\" width=\"500\" height=\"282\" frameborder=\"0\" marginwidth=\"0\" marginheight=\"0\" scrolling=\"no\"><\/iframe><\/p>\n<h3>Rom\u00e2nia 2023<\/h3>\n<blockquote class=\"wp-embedded-content\" data-secret=\"blnFxxDyMG\"><p><a href=\"https:\/\/www.scoalababel.ro\/2023\/08\/24\/imbunatatirea-implicarii-si-starii-de-bine-a-elevilor-prin-invatare-experientiala-si-predare-colaborativa\/\">\u00cembun\u0103t\u0103\u021birea implic\u0103rii \u0219i st\u0103rii de bine a elevilor prin \u00eenv\u0103\u021bare experien\u021bial\u0103 \u0219i predare colaborativ\u0103<\/a><\/p><\/blockquote>\n<p><iframe loading=\"lazy\" class=\"wp-embedded-content\" sandbox=\"allow-scripts\" security=\"restricted\" style=\"position: absolute; visibility: hidden;\" title=\"&#8222;\u00cembun\u0103t\u0103\u021birea implic\u0103rii \u0219i st\u0103rii de bine a elevilor prin \u00eenv\u0103\u021bare experien\u021bial\u0103 \u0219i predare colaborativ\u0103&#8221; &#8211; \u0218coala Babel\" src=\"https:\/\/www.scoalababel.ro\/2023\/08\/24\/imbunatatirea-implicarii-si-starii-de-bine-a-elevilor-prin-invatare-experientiala-si-predare-colaborativa\/embed\/#?secret=6PqGu8BLCZ#?secret=blnFxxDyMG\" data-secret=\"blnFxxDyMG\" width=\"500\" height=\"282\" frameborder=\"0\" marginwidth=\"0\" marginheight=\"0\" scrolling=\"no\"><\/iframe><\/p>\n<p>&nbsp;<\/p>\n<h2>Belgia 2023<\/h2>\n<blockquote class=\"wp-embedded-content\" data-secret=\"zAVIPoEP8U\"><p><a href=\"https:\/\/www.scoalababel.ro\/2023\/12\/01\/scolile-din-belgia-prima-deplasare-din-proiectul-babel-scoala-acreditata-erasmus\/\">Belgia &#8211; prima deplasare din proiectul Babel: \u0218coal\u0103 Acreditat\u0103 Erasmus+<\/a><\/p><\/blockquote>\n<p><iframe loading=\"lazy\" class=\"wp-embedded-content\" sandbox=\"allow-scripts\" security=\"restricted\" style=\"position: absolute; visibility: hidden;\" title=\"&#8222;Belgia &#8211; prima deplasare din proiectul Babel: \u0218coal\u0103 Acreditat\u0103 Erasmus+&#8221; &#8211; \u0218coala Babel\" src=\"https:\/\/www.scoalababel.ro\/2023\/12\/01\/scolile-din-belgia-prima-deplasare-din-proiectul-babel-scoala-acreditata-erasmus\/embed\/#?secret=qxkzXpAPCl#?secret=zAVIPoEP8U\" data-secret=\"zAVIPoEP8U\" width=\"500\" height=\"282\" frameborder=\"0\" marginwidth=\"0\" marginheight=\"0\" scrolling=\"no\"><\/iframe><\/p>\n<h2>Viena 2024<\/h2>\n<blockquote class=\"wp-embedded-content\" data-secret=\"kzwRazwhSW\"><p><a href=\"https:\/\/www.scoalababel.ro\/2024\/05\/30\/vizita-elevilor-de-la-babel-la-piaristengymnasium-din-viena\/\">Vizita elevilor de la Babel la Piaristengymnasium din Viena<\/a><\/p><\/blockquote>\n<p><iframe loading=\"lazy\" class=\"wp-embedded-content\" sandbox=\"allow-scripts\" security=\"restricted\" style=\"position: absolute; visibility: hidden;\" title=\"&#8222;Vizita elevilor de la Babel la Piaristengymnasium din Viena&#8221; &#8211; \u0218coala Babel\" src=\"https:\/\/www.scoalababel.ro\/2024\/05\/30\/vizita-elevilor-de-la-babel-la-piaristengymnasium-din-viena\/embed\/#?secret=zwFmw1r85E#?secret=kzwRazwhSW\" data-secret=\"kzwRazwhSW\" width=\"500\" height=\"282\" frameborder=\"0\" marginwidth=\"0\" marginheight=\"0\" scrolling=\"no\"><\/iframe><\/p>\n<h2>Belgia 2024<\/h2>\n<blockquote class=\"wp-embedded-content\" data-secret=\"RSwBgIl8my\"><p><a href=\"https:\/\/www.scoalababel.ro\/2024\/07\/03\/mobilitatea-de-grup-a-elevilor-babel-in-belgia-perioada-10-14-iunie-2024\/\">Mobilitatea de grup a elevilor de la Babel \u00een Belgia perioada 10-14 Iunie 2024<\/a><\/p><\/blockquote>\n<p><iframe loading=\"lazy\" class=\"wp-embedded-content\" sandbox=\"allow-scripts\" security=\"restricted\" style=\"position: absolute; visibility: hidden;\" title=\"&#8222;Mobilitatea de grup a elevilor de la Babel \u00een Belgia perioada 10-14 Iunie 2024&#8221; &#8211; \u0218coala Babel\" src=\"https:\/\/www.scoalababel.ro\/2024\/07\/03\/mobilitatea-de-grup-a-elevilor-babel-in-belgia-perioada-10-14-iunie-2024\/embed\/#?secret=D8pR5DWqxI#?secret=RSwBgIl8my\" data-secret=\"RSwBgIl8my\" width=\"500\" height=\"282\" frameborder=\"0\" marginwidth=\"0\" marginheight=\"0\" scrolling=\"no\"><\/iframe><\/p>\n<p>&nbsp;<\/p>\n<p>&nbsp;<\/p>\n","protected":false},"excerpt":{"rendered":"<p>Programul de mobilitate Erasmus+ Acreditare Babel \u0218coal\u0103+Liceu &nbsp; Olanda 2023 Experien\u021be Educative \u00een Olanda: Mobilitate Erasmus pentru Profesorii STEAM Descoperiri \u00een \u00eenv\u0103\u021bare: exerci\u021bii de autonomie \u0219i implicare \u00een \u0219colile vizitate prin programul de mobilitate Erasmus+ Rom\u00e2nia 2023 \u00cembun\u0103t\u0103\u021birea implic\u0103rii \u0219i st\u0103rii de bine a elevilor prin \u00eenv\u0103\u021bare experien\u021bial\u0103 \u0219i predare colaborativ\u0103 &nbsp; Belgia 2023 Belgia [&hellip;]<\/p>\n","protected":false},"author":8,"featured_media":0,"parent":0,"menu_order":0,"comment_status":"closed","ping_status":"closed","template":"","meta":{"footnotes":""},"class_list":["post-5916","page","type-page","status-publish","hentry"],"yoast_head":"<!-- This site is optimized with the Yoast SEO plugin v27.5 - https:\/\/yoast.com\/product\/yoast-seo-wordpress\/ -->\n<title>Programul de mobilitate Erasmus+ Acreditare Babel \u0218coal\u0103+Liceu - \u0218coala Babel<\/title>\n<meta name=\"robots\" content=\"index, follow, max-snippet:-1, max-image-preview:large, max-video-preview:-1\" \/>\n<link rel=\"canonical\" href=\"https:\/\/www.scoalababel.ro\/en\/acreditare-erasmus-plus\/\" \/>\n<meta property=\"og:locale\" content=\"en_US\" \/>\n<meta property=\"og:locale:alternate\" content=\"ro_RO\" \/>\n<meta property=\"og:type\" content=\"article\" \/>\n<meta property=\"og:title\" content=\"Programul de mobilitate Erasmus+ Acreditare Babel \u0218coal\u0103+Liceu - \u0218coala Babel\" \/>\n<meta property=\"og:description\" content=\"Programul de mobilitate Erasmus+ Acreditare Babel \u0218coal\u0103+Liceu &nbsp; Olanda 2023 Experien\u021be Educative \u00een Olanda: Mobilitate Erasmus pentru Profesorii STEAM Descoperiri \u00een \u00eenv\u0103\u021bare: exerci\u021bii de autonomie \u0219i implicare \u00een \u0219colile vizitate prin programul de mobilitate Erasmus+ Rom\u00e2nia 2023 \u00cembun\u0103t\u0103\u021birea implic\u0103rii \u0219i st\u0103rii de bine a elevilor prin \u00eenv\u0103\u021bare experien\u021bial\u0103 \u0219i predare colaborativ\u0103 &nbsp; Belgia 2023 Belgia [&hellip;]\" \/>\n<meta property=\"og:url\" content=\"https:\/\/www.scoalababel.ro\/en\/acreditare-erasmus-plus\/\" \/>\n<meta property=\"og:site_name\" content=\"\u0218coala Babel\" \/>\n<meta property=\"article:publisher\" content=\"https:\/\/www.facebook.com\/scoalababel\/\" \/>\n<meta property=\"article:modified_time\" content=\"2024-10-15T15:02:18+00:00\" \/>\n<meta name=\"twitter:card\" content=\"summary_large_image\" \/>\n<script type=\"application\/ld+json\" class=\"yoast-schema-graph\">{\"@context\":\"https:\\\/\\\/schema.org\",\"@graph\":[{\"@type\":\"WebPage\",\"@id\":\"https:\\\/\\\/www.scoalababel.ro\\\/acreditare-erasmus-plus\\\/\",\"url\":\"https:\\\/\\\/www.scoalababel.ro\\\/acreditare-erasmus-plus\\\/\",\"name\":\"Programul de mobilitate Erasmus+ Acreditare Babel \u0218coal\u0103+Liceu - \u0218coala Babel\",\"isPartOf\":{\"@id\":\"https:\\\/\\\/www.scoalababel.ro\\\/#website\"},\"datePublished\":\"2024-10-11T12:52:14+00:00\",\"dateModified\":\"2024-10-15T15:02:18+00:00\",\"breadcrumb\":{\"@id\":\"https:\\\/\\\/www.scoalababel.ro\\\/acreditare-erasmus-plus\\\/#breadcrumb\"},\"inLanguage\":\"en-US\",\"potentialAction\":[{\"@type\":\"ReadAction\",\"target\":[\"https:\\\/\\\/www.scoalababel.ro\\\/acreditare-erasmus-plus\\\/\"]}]},{\"@type\":\"BreadcrumbList\",\"@id\":\"https:\\\/\\\/www.scoalababel.ro\\\/acreditare-erasmus-plus\\\/#breadcrumb\",\"itemListElement\":[{\"@type\":\"ListItem\",\"position\":1,\"name\":\"Home\",\"item\":\"https:\\\/\\\/www.scoalababel.ro\\\/\"},{\"@type\":\"ListItem\",\"position\":2,\"name\":\"Programul de mobilitate Erasmus+ Acreditare Babel \u0218coal\u0103+Liceu\"}]},{\"@type\":\"WebSite\",\"@id\":\"https:\\\/\\\/www.scoalababel.ro\\\/#website\",\"url\":\"https:\\\/\\\/www.scoalababel.ro\\\/\",\"name\":\"\u0218coala Babel\",\"description\":\"\u0218coala Babel\",\"potentialAction\":[{\"@type\":\"SearchAction\",\"target\":{\"@type\":\"EntryPoint\",\"urlTemplate\":\"https:\\\/\\\/www.scoalababel.ro\\\/?s={search_term_string}\"},\"query-input\":{\"@type\":\"PropertyValueSpecification\",\"valueRequired\":true,\"valueName\":\"search_term_string\"}}],\"inLanguage\":\"en-US\"}]}<\/script>\n<!-- \/ Yoast SEO plugin. -->","yoast_head_json":{"title":"Programul de mobilitate Erasmus+ Acreditare Babel \u0218coal\u0103+Liceu - \u0218coala Babel","robots":{"index":"index","follow":"follow","max-snippet":"max-snippet:-1","max-image-preview":"max-image-preview:large","max-video-preview":"max-video-preview:-1"},"canonical":"https:\/\/www.scoalababel.ro\/en\/acreditare-erasmus-plus\/","og_locale":"en_US","og_type":"article","og_title":"Programul de mobilitate Erasmus+ Acreditare Babel \u0218coal\u0103+Liceu - \u0218coala Babel","og_description":"Programul de mobilitate Erasmus+ Acreditare Babel \u0218coal\u0103+Liceu &nbsp; Olanda 2023 Experien\u021be Educative \u00een Olanda: Mobilitate Erasmus pentru Profesorii STEAM Descoperiri \u00een \u00eenv\u0103\u021bare: exerci\u021bii de autonomie \u0219i implicare \u00een \u0219colile vizitate prin programul de mobilitate Erasmus+ Rom\u00e2nia 2023 \u00cembun\u0103t\u0103\u021birea implic\u0103rii \u0219i st\u0103rii de bine a elevilor prin \u00eenv\u0103\u021bare experien\u021bial\u0103 \u0219i predare colaborativ\u0103 &nbsp; Belgia 2023 Belgia [&hellip;]","og_url":"https:\/\/www.scoalababel.ro\/en\/acreditare-erasmus-plus\/","og_site_name":"\u0218coala Babel","article_publisher":"https:\/\/www.facebook.com\/scoalababel\/","article_modified_time":"2024-10-15T15:02:18+00:00","twitter_card":"summary_large_image","schema":{"@context":"https:\/\/schema.org","@graph":[{"@type":"WebPage","@id":"https:\/\/www.scoalababel.ro\/acreditare-erasmus-plus\/","url":"https:\/\/www.scoalababel.ro\/acreditare-erasmus-plus\/","name":"Programul de mobilitate Erasmus+ Acreditare Babel \u0218coal\u0103+Liceu - \u0218coala Babel","isPartOf":{"@id":"https:\/\/www.scoalababel.ro\/#website"},"datePublished":"2024-10-11T12:52:14+00:00","dateModified":"2024-10-15T15:02:18+00:00","breadcrumb":{"@id":"https:\/\/www.scoalababel.ro\/acreditare-erasmus-plus\/#breadcrumb"},"inLanguage":"en-US","potentialAction":[{"@type":"ReadAction","target":["https:\/\/www.scoalababel.ro\/acreditare-erasmus-plus\/"]}]},{"@type":"BreadcrumbList","@id":"https:\/\/www.scoalababel.ro\/acreditare-erasmus-plus\/#breadcrumb","itemListElement":[{"@type":"ListItem","position":1,"name":"Home","item":"https:\/\/www.scoalababel.ro\/"},{"@type":"ListItem","position":2,"name":"Programul de mobilitate Erasmus+ Acreditare Babel \u0218coal\u0103+Liceu"}]},{"@type":"WebSite","@id":"https:\/\/www.scoalababel.ro\/#website","url":"https:\/\/www.scoalababel.ro\/","name":"\u0218coala Babel","description":"\u0218coala Babel","potentialAction":[{"@type":"SearchAction","target":{"@type":"EntryPoint","urlTemplate":"https:\/\/www.scoalababel.ro\/?s={search_term_string}"},"query-input":{"@type":"PropertyValueSpecification","valueRequired":true,"valueName":"search_term_string"}}],"inLanguage":"en-US"}]}},"_links":{"self":[{"href":"https:\/\/www.scoalababel.ro\/en\/wp-json\/wp\/v2\/pages\/5916","targetHints":{"allow":["GET"]}}],"collection":[{"href":"https:\/\/www.scoalababel.ro\/en\/wp-json\/wp\/v2\/pages"}],"about":[{"href":"https:\/\/www.scoalababel.ro\/en\/wp-json\/wp\/v2\/types\/page"}],"author":[{"embeddable":true,"href":"https:\/\/www.scoalababel.ro\/en\/wp-json\/wp\/v2\/users\/8"}],"replies":[{"embeddable":true,"href":"https:\/\/www.scoalababel.ro\/en\/wp-json\/wp\/v2\/comments?post=5916"}],"version-history":[{"count":14,"href":"https:\/\/www.scoalababel.ro\/en\/wp-json\/wp\/v2\/pages\/5916\/revisions"}],"predecessor-version":[{"id":5993,"href":"https:\/\/www.scoalababel.ro\/en\/wp-json\/wp\/v2\/pages\/5916\/revisions\/5993"}],"wp:attachment":[{"href":"https:\/\/www.scoalababel.ro\/en\/wp-json\/wp\/v2\/media?parent=5916"}],"curies":[{"name":"wp","href":"https:\/\/api.w.org\/{rel}","templated":true}]}}