{"id":854,"date":"2015-03-09T12:18:34","date_gmt":"2015-03-09T12:18:34","guid":{"rendered":"http:\/\/themes.g5plus.net\/cupid\/?page_id=854"},"modified":"2024-02-08T15:20:24","modified_gmt":"2024-02-08T15:20:24","slug":"intrebari-frecvente","status":"publish","type":"page","link":"https:\/\/www.scoalababel.ro\/en\/contact\/intrebari-frecvente\/","title":{"rendered":"FAQ"},"content":{"rendered":"<p>[vc_row][vc_column][vc_tta_accordion][vc_tta_section title=&#8221;How can my child join your school?&#8221; tab_id=&#8221;1568972683469-38826bcd-7663&#8243; el_class=&#8221;faq-title&#8221;][vc_column_text]<\/p>\n<div>\n<p><b>The profile of the parent whose child develops in harmony at Babel School<\/b><br \/>\n<span style=\"font-weight: 400;\">-is aware of the essential role that the family plays in the development of the child (the parent connects to the child\u2019s experience, listens to him\/her, accepts the child unconditionally, respects the child\u2019s needs)<\/span><br \/>\n<span style=\"font-weight: 400;\">-is willing to accept and discuss with the child the whole spectrum of emotions, his\/hers and the child\u2019s\u00a0<\/span><br \/>\n<span style=\"font-weight: 400;\">-is involved in a personal development and learning process<\/span><br \/>\n<span style=\"font-weight: 400;\">-makes every effort to maintain a collaborative relationship with the school, searching for solutions together with the school<\/span><br \/>\n<span style=\"font-weight: 400;\">-takes on a relationship of co-responsibility together with the academic team in order to support the well-being and the involvement of the child at school, seeing beyond the formal roles (client &#8211; supplier &#8211; product) <\/span><\/p>\n<\/div>\n<p><span style=\"font-weight: 400;\">You can read more about the admission process <\/span><a href=\"https:\/\/www.scoalababel.ro\/en\/despre-scoala\/inscriere\/\" target=\"_blank\" rel=\"noopener noreferrer\"><span style=\"font-weight: 400;\">here<\/span><\/a><span style=\"font-weight: 400;\">.<\/span><\/p>\n<p><span style=\"font-weight: 400;\">For more information you can also contact us at <\/span><a href=\"mailto:contact@scoalababel.ro\"><span style=\"font-weight: 400;\">contact@scoalababel.ro<\/span><\/a><span style=\"font-weight: 400;\">.<\/span>[\/vc_column_text][\/vc_tta_section][vc_tta_section title=&#8221;How much does it cost? &#8221; tab_id=&#8221;1568972683477-4b039198-0553&#8243; el_class=&#8221;faq-title&#8221;][vc_column_text]<strong>A) For the short program, 8:00 &#8211; 14:00 (it varies from class to class)<\/strong><br \/>\n<span style=\"font-weight: 400;\">Primary: 345 Euro\/month, for 10 months (at BNR\u2019s exchange rate)<\/span><br \/>\n<span style=\"font-weight: 400;\">Secondary: 395 Euro\/month, for 10 months (at BNR\u2019s exchange rate)<\/span><br \/>\n<span style=\"font-weight: 400;\">There is a 15% discount for brothers.<\/span><br \/>\n<span style=\"font-weight: 400;\">The meal is not included in this amount, there\u2019s a separate fee of 400 RON\/month. The meal is optional.\u00a0<\/span><\/p>\n<p><strong>B) For the After-school program, 13:00 &#8211; 18:00 (just for Babel School students)<\/strong><br \/>\n<span style=\"font-weight: 400;\">225 Euro\/month, for 10 months (at BNR\u2019s exchange rate)<\/span><br \/>\n<span style=\"font-weight: 400;\">There is a 25% discount for brothers.<\/span><br \/>\n<span style=\"font-weight: 400;\">The price includes the lunch and supervision of the children (including activities and games guided by the facilitator).<\/span><br \/>\n<span style=\"font-weight: 400;\">Participation at the extracurricular courses, that take place during this time frame, is optional and has an extra cost (15-25 Euro\/month\/course depending on the course you choose).<\/span><\/p>\n<p><span style=\"font-weight: 400;\">For more information you can also contact us at <\/span><a href=\"mailto:contact@scoalababel.ro\"><span style=\"font-weight: 400;\">contact@scoalababel.ro<\/span><\/a><span style=\"font-weight: 400;\">.<\/span>[\/vc_column_text][\/vc_tta_section][vc_tta_section title=&#8221;Do you also have a high school level?&#8221; tab_id=&#8221;1568973118719-fa949908-0965&#8243; el_class=&#8221;faq-title&#8221;][vc_column_text]<span style=\"font-weight: 400;\">Babel School wants to offer continuity in education and to start a high school as well.<\/span><br \/>\n<span style=\"font-weight: 400;\">In 2016, we were authorized for Primary Cycle. In 2018, when we also moved into a new location, we were authorized for Secondary Cycle.<\/span><br \/>\n<span style=\"font-weight: 400;\">By the year 2022 we intend to authorize the high school, a bilingual profile (English-Romanian).\u00a0<\/span>[\/vc_column_text][\/vc_tta_section][vc_tta_section title=&#8221;How many classes do you have?&#8221; tab_id=&#8221;1568973128120-45c6ff19-6776&#8243; el_class=&#8221;faq-title&#8221;][vc_column_text]<span style=\"font-weight: 400;\">For 2021-2022 school year our school is prepared for grade 0 (two classes), 1st grade (two classes), 2nd grade (two classes), 3rd grade (two classes), 4th grade (one class), 5th grade (one class), 6th grade (one class), 7th grade (one class) and 8th grade (one class).<\/span><\/p>\n<p>[\/vc_column_text][\/vc_tta_section][vc_tta_section title=&#8221;How many students are there in one class?&#8221; tab_id=&#8221;1568973142796-bead38bc-7a97&#8243; el_class=&#8221;faq-title&#8221;][vc_column_text]<span style=\"font-weight: 400;\">A maximum of 18 students.\u00a0<\/span><br \/>\n<span style=\"font-weight: 400;\">In order to keep the learning process relevant for every child and to respect different learning rhythms, we want every unit (2 classes) to have a third person that can offer support and educational counseling. We\u2019ve already started this pilot approach in 2018, for grade 0.\u00a0 <\/span><\/p>\n<p>[\/vc_column_text][\/vc_tta_section][vc_tta_section title=&#8221;What is the curriculum?&#8221; tab_id=&#8221;1568973172762-4fb86c07-71d1&#8243; el_class=&#8221;faq-title&#8221;][vc_column_text]<span style=\"font-weight: 400;\">Babel Schools follows the national curriculum, extended with the curriculum that\u2019s left at the School\u2019s choice, with an emphasis on developing foreign language competences and environmental competence.\u00a0<\/span><\/p>\n<p><span style=\"font-weight: 400;\">Our methods are based on the principles of Experiential Learning and Noviolent Communication, both applied with successful results in the educational systems of Holland, Sweden and England.\u00a0<\/span><\/p>\n<p><span style=\"font-weight: 400;\">We create and nurture an environment rich in experiences, where children develop competences that prepare them for life in the local and global context. We want, through innovative methods, to help them participate with joy, courage and care to the world around them. <\/span>[\/vc_column_text][\/vc_tta_section][vc_tta_section title=&#8221;Do the students participate in the national evaluation?&#8221; tab_id=&#8221;1568973181710-f7aac7aa-6dc5&#8243; el_class=&#8221;faq-title&#8221;][vc_column_text]<span style=\"font-weight: 400;\">Yes, our students participate in the national evaluations for 2nd grade, 4th grade, 6th grade and 8th grade. <\/span>[\/vc_column_text][\/vc_tta_section][vc_tta_section title=&#8221;What facilities does the school offer?&#8221; tab_id=&#8221;1568973204477-a624c5df-92d0&#8243; el_class=&#8221;faq-title&#8221;][vc_column_text]<span style=\"font-weight: 400;\">Our school has classrooms (designed with furniture and materials that are age appropriate and also that facilitate individual and group work), a kitchen, a dining room, a gym and an outdoor sports area, a library, a MakerSpace, a playground area, a garden and relaxation area.<\/span>[\/vc_column_text][\/vc_tta_section][vc_tta_section title=&#8221;What kind of authorizations do you have?&#8221; tab_id=&#8221;1568973221555-76e7a2e9-ff8b&#8221; el_class=&#8221;faq-title&#8221;][vc_column_text]<span style=\"font-weight: 400;\">The School functions with all the necessary authorizations by ARACIP (Romanian Agency for Quality in Education), and by Health and Safety institutions.<\/span>[\/vc_column_text][\/vc_tta_section][vc_tta_section title=&#8221;What does Experiential Learning mean?&#8221; tab_id=&#8221;1568973230807-265f39dc-0a4f&#8221; el_class=&#8221;faq-title&#8221;][vc_column_text]<span style=\"font-weight: 400;\">Our learning program is designed in order to develop competences. Children learn step by step in order to be able to participate more in the world. Through practical experiences and project-based activities, they research, ask questions, apply what they have discovered and learn to be an active part of the world they live in. The role of the teacher is to create conditions for developing competences, to track the progress of every kid and to support the individual learning process through counselling.<\/span>[\/vc_column_text][\/vc_tta_section][vc_tta_section title=&#8221;Can I opt just for the short programm?&#8221; tab_id=&#8221;1568973264115-f8a4a310-59a2&#8243; el_class=&#8221;faq-title&#8221;][vc_column_text]<span style=\"font-weight: 400;\">Yes, if you want you have the option to choose just the short program.<\/span>[\/vc_column_text][\/vc_tta_section][vc_tta_section title=&#8221;Can I enroll my kid at your school if he\u2019s coming from a \u201ctraditional\u201d school system?&#8221; tab_id=&#8221;1568973286545-5807fe32-7be0&#8243; el_class=&#8221;faq-title&#8221;][vc_column_text]<span style=\"font-weight: 400;\">Yes, taking into consideration our admission procedure and if there are places that we still have available. <\/span>[\/vc_column_text][\/vc_tta_section][vc_tta_section title=&#8221;Where we\u2019ll the children practice sports?&#8221; tab_id=&#8221;1568973294744-53b05767-a15c&#8221; el_class=&#8221;faq-title&#8221;][vc_column_text]<span style=\"font-weight: 400;\">The gym class takes place in our courtyard, in the gym or in the nearby park.<\/span>[\/vc_column_text][\/vc_tta_section][vc_tta_section title=&#8221;How much time will the children spend outdoors?&#8221; tab_id=&#8221;1568973309758-cedaebcb-78c7&#8243; el_class=&#8221;faq-title&#8221;][vc_column_text]<span style=\"font-weight: 400;\">During the day they are activities scheduled to take place outside: motricity games or relaxing breaks that happen in the school\u2019s courtyard or in Karlsruhe Park. Also, Fridays are dedicated to going out in nature and to experiences that take place in a forest, a garden, a farm or in the city. <\/span>[\/vc_column_text][\/vc_tta_section][vc_tta_section title=&#8221;Do the students have homework?&#8221; tab_id=&#8221;1568973326193-7805490a-cfda&#8221; el_class=&#8221;faq-title&#8221;][vc_column_text]<span style=\"font-weight: 400;\">Children study based on learning contracts. The contracts are designed in such a way that, with a high level of involvement, children can practice the addressed competences exclusively during school hours. In case of low involvement or possible difficulties in exercising the competences, it is possible, to ask parents to offer support to the kids when they practice at home.\u00a0 <\/span>[\/vc_column_text][\/vc_tta_section][vc_tta_section title=&#8221;Is there going to be a uniform?&#8221; tab_id=&#8221;1568973336423-56f45308-07bb&#8221; el_class=&#8221;faq-title&#8221;][vc_column_text]<span style=\"font-weight: 400;\">No, our school doesn\u2019t intend to introduce a uniform.<\/span>[\/vc_column_text][\/vc_tta_section][vc_tta_section title=&#8221;What are the school\u2019s expectations regarding parents involvement?&#8221; tab_id=&#8221;1568973349867-7fd3708b-1d5c&#8221; el_class=&#8221;faq-title&#8221;][vc_column_text]<span style=\"font-weight: 400;\">We expect parents to answer our invitations to have respectful and honest dialogue regarding school (individual counseling meetings, feedback meetings) and also for them to reach out to our team in order to find solutions whenever there\u2019s a problem. We want to create space for a dialogue where every participant feels that he or she matters and is respected.\u00a0<\/span><\/p>\n<p><span style=\"font-weight: 400;\">Also, every family has a chance to create learning experiences for the whole community, during the after school program or as part of the extracurricular activities.<\/span>[\/vc_column_text][\/vc_tta_section][vc_tta_section title=&#8221;Are the studies recognized in other European countries?&#8221; tab_id=&#8221;1578296126627-5ba3796b-c343&#8243; el_class=&#8221;faq-title&#8221;][vc_column_text]<span style=\"font-weight: 400;\">Babel School, an authorized school, issues a transcript document like any other school in Romania. The document can then be translated, and normally, is valid in any European Country.\u00a0 <\/span>[\/vc_column_text][\/vc_tta_section][\/vc_tta_accordion][\/vc_column][\/vc_row]<\/p>\n","protected":false},"excerpt":{"rendered":"<p>[vc_row][vc_column][vc_tta_accordion][vc_tta_section title=&#8221;How can my child join your school?&#8221; tab_id=&#8221;1568972683469-38826bcd-7663&#8243; el_class=&#8221;faq-title&#8221;][vc_column_text] The profile of the parent whose child develops in harmony at Babel School -is aware of the essential role that the family plays in the development of the child (the parent connects to the child\u2019s experience, listens to him\/her, accepts the child unconditionally, respects the [&hellip;]<\/p>\n","protected":false},"author":1,"featured_media":0,"parent":3060,"menu_order":10,"comment_status":"closed","ping_status":"closed","template":"","meta":{"footnotes":""},"class_list":["post-854","page","type-page","status-publish","hentry"],"yoast_head":"<!-- This site is optimized with the Yoast SEO plugin v27.6 - https:\/\/yoast.com\/product\/yoast-seo-wordpress\/ -->\n<title>\u0218coala Primar\u0103 Babel, Timi\u0219oara - \u00centreb\u0103ri frecvente<\/title>\n<meta name=\"description\" content=\"\u00centreb\u0103ri frecvente. Cum \u00eemi \u00eenscriu copilul la \u0218coala Babel? C\u00e2te clase exist\u0103 \u0219i care sunt dot\u0103rile \u0219colii? Care sunt tarifele?\" \/>\n<meta name=\"robots\" content=\"index, follow, max-snippet:-1, max-image-preview:large, max-video-preview:-1\" \/>\n<link rel=\"canonical\" href=\"https:\/\/www.scoalababel.ro\/en\/contact\/intrebari-frecvente\/\" \/>\n<meta property=\"og:locale\" content=\"en_US\" \/>\n<meta property=\"og:locale:alternate\" content=\"ro_RO\" \/>\n<meta property=\"og:type\" content=\"article\" \/>\n<meta property=\"og:title\" content=\"\u0218coala Primar\u0103 Babel, Timi\u0219oara - \u00centreb\u0103ri frecvente\" \/>\n<meta property=\"og:description\" content=\"\u00centreb\u0103ri frecvente. Cum \u00eemi \u00eenscriu copilul la \u0218coala Babel? C\u00e2te clase exist\u0103 \u0219i care sunt dot\u0103rile \u0219colii? Care sunt tarifele?\" \/>\n<meta property=\"og:url\" content=\"https:\/\/www.scoalababel.ro\/en\/contact\/intrebari-frecvente\/\" \/>\n<meta property=\"og:site_name\" content=\"\u0218coala Babel\" \/>\n<meta property=\"article:publisher\" content=\"https:\/\/www.facebook.com\/scoalababel\/\" \/>\n<meta property=\"article:modified_time\" content=\"2024-02-08T15:20:24+00:00\" \/>\n<meta name=\"twitter:card\" content=\"summary_large_image\" \/>\n<meta name=\"twitter:label1\" content=\"Est. reading time\" \/>\n\t<meta name=\"twitter:data1\" content=\"8 minutes\" \/>\n<script type=\"application\/ld+json\" class=\"yoast-schema-graph\">{\"@context\":\"https:\\\/\\\/schema.org\",\"@graph\":[{\"@type\":\"WebPage\",\"@id\":\"https:\\\/\\\/www.scoalababel.ro\\\/contact\\\/intrebari-frecvente\\\/\",\"url\":\"https:\\\/\\\/www.scoalababel.ro\\\/contact\\\/intrebari-frecvente\\\/\",\"name\":\"\u0218coala Primar\u0103 Babel, Timi\u0219oara - \u00centreb\u0103ri frecvente\",\"isPartOf\":{\"@id\":\"https:\\\/\\\/www.scoalababel.ro\\\/#website\"},\"datePublished\":\"2015-03-09T12:18:34+00:00\",\"dateModified\":\"2024-02-08T15:20:24+00:00\",\"description\":\"\u00centreb\u0103ri frecvente. Cum \u00eemi \u00eenscriu copilul la \u0218coala Babel? C\u00e2te clase exist\u0103 \u0219i care sunt dot\u0103rile \u0219colii? Care sunt tarifele?\",\"breadcrumb\":{\"@id\":\"https:\\\/\\\/www.scoalababel.ro\\\/contact\\\/intrebari-frecvente\\\/#breadcrumb\"},\"inLanguage\":\"en-US\",\"potentialAction\":[{\"@type\":\"ReadAction\",\"target\":[\"https:\\\/\\\/www.scoalababel.ro\\\/contact\\\/intrebari-frecvente\\\/\"]}]},{\"@type\":\"BreadcrumbList\",\"@id\":\"https:\\\/\\\/www.scoalababel.ro\\\/contact\\\/intrebari-frecvente\\\/#breadcrumb\",\"itemListElement\":[{\"@type\":\"ListItem\",\"position\":1,\"name\":\"Home\",\"item\":\"https:\\\/\\\/www.scoalababel.ro\\\/\"},{\"@type\":\"ListItem\",\"position\":2,\"name\":\"Contact\",\"item\":\"https:\\\/\\\/www.scoalababel.ro\\\/contact\\\/\"},{\"@type\":\"ListItem\",\"position\":3,\"name\":\"\u00centreb\u0103ri frecvente\"}]},{\"@type\":\"WebSite\",\"@id\":\"https:\\\/\\\/www.scoalababel.ro\\\/#website\",\"url\":\"https:\\\/\\\/www.scoalababel.ro\\\/\",\"name\":\"\u0218coala Babel\",\"description\":\"\u0218coala Babel\",\"potentialAction\":[{\"@type\":\"SearchAction\",\"target\":{\"@type\":\"EntryPoint\",\"urlTemplate\":\"https:\\\/\\\/www.scoalababel.ro\\\/?s={search_term_string}\"},\"query-input\":{\"@type\":\"PropertyValueSpecification\",\"valueRequired\":true,\"valueName\":\"search_term_string\"}}],\"inLanguage\":\"en-US\"}]}<\/script>\n<!-- \/ Yoast SEO plugin. -->","yoast_head_json":{"title":"\u0218coala Primar\u0103 Babel, Timi\u0219oara - \u00centreb\u0103ri frecvente","description":"\u00centreb\u0103ri frecvente. Cum \u00eemi \u00eenscriu copilul la \u0218coala Babel? C\u00e2te clase exist\u0103 \u0219i care sunt dot\u0103rile \u0219colii? Care sunt tarifele?","robots":{"index":"index","follow":"follow","max-snippet":"max-snippet:-1","max-image-preview":"max-image-preview:large","max-video-preview":"max-video-preview:-1"},"canonical":"https:\/\/www.scoalababel.ro\/en\/contact\/intrebari-frecvente\/","og_locale":"en_US","og_type":"article","og_title":"\u0218coala Primar\u0103 Babel, Timi\u0219oara - \u00centreb\u0103ri frecvente","og_description":"\u00centreb\u0103ri frecvente. Cum \u00eemi \u00eenscriu copilul la \u0218coala Babel? C\u00e2te clase exist\u0103 \u0219i care sunt dot\u0103rile \u0219colii? Care sunt tarifele?","og_url":"https:\/\/www.scoalababel.ro\/en\/contact\/intrebari-frecvente\/","og_site_name":"\u0218coala Babel","article_publisher":"https:\/\/www.facebook.com\/scoalababel\/","article_modified_time":"2024-02-08T15:20:24+00:00","twitter_card":"summary_large_image","twitter_misc":{"Est. reading time":"8 minutes"},"schema":{"@context":"https:\/\/schema.org","@graph":[{"@type":"WebPage","@id":"https:\/\/www.scoalababel.ro\/contact\/intrebari-frecvente\/","url":"https:\/\/www.scoalababel.ro\/contact\/intrebari-frecvente\/","name":"\u0218coala Primar\u0103 Babel, Timi\u0219oara - \u00centreb\u0103ri frecvente","isPartOf":{"@id":"https:\/\/www.scoalababel.ro\/#website"},"datePublished":"2015-03-09T12:18:34+00:00","dateModified":"2024-02-08T15:20:24+00:00","description":"\u00centreb\u0103ri frecvente. Cum \u00eemi \u00eenscriu copilul la \u0218coala Babel? C\u00e2te clase exist\u0103 \u0219i care sunt dot\u0103rile \u0219colii? Care sunt tarifele?","breadcrumb":{"@id":"https:\/\/www.scoalababel.ro\/contact\/intrebari-frecvente\/#breadcrumb"},"inLanguage":"en-US","potentialAction":[{"@type":"ReadAction","target":["https:\/\/www.scoalababel.ro\/contact\/intrebari-frecvente\/"]}]},{"@type":"BreadcrumbList","@id":"https:\/\/www.scoalababel.ro\/contact\/intrebari-frecvente\/#breadcrumb","itemListElement":[{"@type":"ListItem","position":1,"name":"Home","item":"https:\/\/www.scoalababel.ro\/"},{"@type":"ListItem","position":2,"name":"Contact","item":"https:\/\/www.scoalababel.ro\/contact\/"},{"@type":"ListItem","position":3,"name":"\u00centreb\u0103ri frecvente"}]},{"@type":"WebSite","@id":"https:\/\/www.scoalababel.ro\/#website","url":"https:\/\/www.scoalababel.ro\/","name":"\u0218coala Babel","description":"\u0218coala Babel","potentialAction":[{"@type":"SearchAction","target":{"@type":"EntryPoint","urlTemplate":"https:\/\/www.scoalababel.ro\/?s={search_term_string}"},"query-input":{"@type":"PropertyValueSpecification","valueRequired":true,"valueName":"search_term_string"}}],"inLanguage":"en-US"}]}},"_links":{"self":[{"href":"https:\/\/www.scoalababel.ro\/en\/wp-json\/wp\/v2\/pages\/854","targetHints":{"allow":["GET"]}}],"collection":[{"href":"https:\/\/www.scoalababel.ro\/en\/wp-json\/wp\/v2\/pages"}],"about":[{"href":"https:\/\/www.scoalababel.ro\/en\/wp-json\/wp\/v2\/types\/page"}],"author":[{"embeddable":true,"href":"https:\/\/www.scoalababel.ro\/en\/wp-json\/wp\/v2\/users\/1"}],"replies":[{"embeddable":true,"href":"https:\/\/www.scoalababel.ro\/en\/wp-json\/wp\/v2\/comments?post=854"}],"version-history":[{"count":79,"href":"https:\/\/www.scoalababel.ro\/en\/wp-json\/wp\/v2\/pages\/854\/revisions"}],"predecessor-version":[{"id":5753,"href":"https:\/\/www.scoalababel.ro\/en\/wp-json\/wp\/v2\/pages\/854\/revisions\/5753"}],"up":[{"embeddable":true,"href":"https:\/\/www.scoalababel.ro\/en\/wp-json\/wp\/v2\/pages\/3060"}],"wp:attachment":[{"href":"https:\/\/www.scoalababel.ro\/en\/wp-json\/wp\/v2\/media?parent=854"}],"curies":[{"name":"wp","href":"https:\/\/api.w.org\/{rel}","templated":true}]}}